{"id":3941,"date":"2024-02-07T17:44:42","date_gmt":"2024-02-07T17:44:42","guid":{"rendered":""},"modified":"2025-11-07T15:51:22","modified_gmt":"2025-11-07T14:51:22","slug":"druckluftmotor-inox-16nm-0-300rpm","status":"publish","type":"product","link":"https:\/\/ptm-mechatronics.com\/hu\/product\/druckluftmotor-inox-16nm-0-300rpm\/","title":{"rendered":"INOX l\u00e9gmotor, 16Nm, 0-300rpm"},"content":{"rendered":"<p>A PTM l\u00e9gmotorok nagyon robusztus, tiszt\u00e1n mechanikus kialak\u00edt\u00e1suknak \u00e9s teljes\u00edtm\u00e9ny\u00fcknek k\u00f6sz\u00f6nhet\u0151en sz\u00e1mos alkalmaz\u00e1shoz alkalmasak. \u00c1ltal\u00e1ban rendszerek \u00e9s g\u00e9pek meghajt\u00e1s\u00e1ra, illetve forg\u00f3- \u00e9s leng\u0151mozg\u00e1sok l\u00e9trehoz\u00e1s\u00e1ra haszn\u00e1lhat\u00f3k. A PTM l\u00e9gmotorok a rendk\u00edv\u00fcl hat\u00e9kony radi\u00e1ldugatty\u00fas elven alapulnak: az alacsony leveg\u0151fogyaszt\u00e1s ellen\u00e9re a motorok nagyon magas hat\u00e1sfokot \u00e9s nagyon nagy nyomat\u00e9kot fejlesztenek. Ez teszi \u0151ket a lap\u00e1tmotorok modern, k\u00f6lts\u00e9gtakar\u00e9kos alternat\u00edv\u00e1j\u00e1v\u00e1. Az \u00f3ramutat\u00f3 j\u00e1r\u00e1s\u00e1val megegyez\u0151 \u00e9s ellent\u00e9tes ir\u00e1ny\u00fa forg\u00e1sban is m\u0171k\u00f6dtethet\u0151k, \u00e9s \u00e1ll\u00f3 helyzetben is terhelhet\u0151k. Kompakt m\u00e9ret\u00fcknek k\u00f6sz\u00f6nhet\u0151en szinte b\u00e1rmilyen alkalmaz\u00e1sba be\u00e9p\u00edthet\u0151k. Az INOX modell teljes robban\u00e1sv\u00e9delemmel rendelkezik az ATEX 1, 2, 21 \u00e9s 22 z\u00f3na sz\u00e1m\u00e1ra, \u00e9lelmiszer- \u00e9s gy\u00f3gyszeripari megfelel\u0151s\u00e9ggel, a DIN 14644 szerinti ISO1 tisztat\u00e9r oszt\u00e1ly\u00fa, \u00e9s az IP68 v\u00e9delmi oszt\u00e1ly szerint v\u00edz\u00e1ll\u00f3, valamint savakkal \u00e9s vegyszerekkel szemben is ellen\u00e1ll\u00f3.<\/p>","protected":false},"excerpt":{"rendered":"<p>INOX l\u00e9gmotor, Rendk\u00edv\u00fcl hat\u00e9kony \u00e9s nagy teljes\u00edtm\u00e9ny\u0171, a l\u00e9gmotor nagyon magas hat\u00e1sfokot \u00e9s nagyon nagy nyomat\u00e9kot \u00e9r el minim\u00e1lis leveg\u0151fogyaszt\u00e1s mellett. ATEX-tan\u00fas\u00edtv\u00e1ny, \u00e9lelmiszer- \u00e9s gy\u00f3gyszeripari megfelel\u0151s\u00e9g, ISO1 tisztat\u00e9roszt\u00e1ly DIN 14644 szerint, v\u00edzhatlan az IP68 v\u00e9delmi oszt\u00e1ly szerint, savakkal \u00e9s vegyszerekkel szemben ellen\u00e1ll\u00f3.<\/p>","protected":false},"featured_media":15382,"comment_status":"open","ping_status":"closed","template":"","meta":{"_acf_changed":false},"product_brand":[],"product_cat":[21],"product_tag":[],"class_list":{"0":"post-3941","1":"product","2":"type-product","3":"status-publish","4":"has-post-thumbnail","6":"product_cat-unkategorisiert","7":"product_shipping_class-karton-paketversand","8":"pa_antriebsart-pneumatisch","9":"pa_atex-zone-122122","10":"pa_dichtung-ptfe-fda-konform","11":"pa_drehmoment-16nm","12":"pa_drehzahl-0-300-1-min","13":"pa_durchmesser-159mm","14":"pa_ex-gas-ex-ii-2-g-ex-h-iic-t5-gb-x","15":"pa_ex-staub-ex-ii-2-d-ex-h-iiic-t100c-db-x","16":"pa_geraeuschpegel-75db","17":"pa_hoehe-52mm","18":"pa_labs-oel-und-silikonfrei","19":"pa_luftanschluesse-2xr1-8","20":"pa_material-gehaeuse-v4a-edelstahl-1-4404-elektropoliert","21":"pa_model-pmo-1800-inox","22":"pa_reinraumklassifizierung-iso1-nach-din14644","23":"pa_schutzart-ip68","24":"pa_steckverschraubung-2xschlauch-o8mm","25":"pa_versorgung-5-6bar","27":"first","28":"instock","29":"taxable","30":"shipping-taxable","31":"purchasable","32":"product-type-simple"},"bundled_by":["4346"],"bundle_stock_status":"instock","bundle_stock_quantity":null,"bundle_virtual":false,"bundle_layout":"","bundle_add_to_cart_form_location":"","bundle_editable_in_cart":false,"bundle_sold_individually_context":"","bundle_item_grouping":"","bundle_min_size":"","bundle_max_size":"","bundle_price":[],"bundled_items":[],"bundle_sell_ids":[],"exclude_global_add_ons":[],"addons":[],"acf":[],"_links":{"self":[{"href":"https:\/\/ptm-mechatronics.com\/hu\/wp-json\/wp\/v2\/product\/3941","targetHints":{"allow":["GET"]}}],"collection":[{"href":"https:\/\/ptm-mechatronics.com\/hu\/wp-json\/wp\/v2\/product"}],"about":[{"href":"https:\/\/ptm-mechatronics.com\/hu\/wp-json\/wp\/v2\/types\/product"}],"replies":[{"embeddable":true,"href":"https:\/\/ptm-mechatronics.com\/hu\/wp-json\/wp\/v2\/comments?post=3941"}],"wp:featuredmedia":[{"embeddable":true,"href":"https:\/\/ptm-mechatronics.com\/hu\/wp-json\/wp\/v2\/media\/15382"}],"wp:attachment":[{"href":"https:\/\/ptm-mechatronics.com\/hu\/wp-json\/wp\/v2\/media?parent=3941"}],"wp:term":[{"taxonomy":"product_brand","embeddable":true,"href":"https:\/\/ptm-mechatronics.com\/hu\/wp-json\/wp\/v2\/product_brand?post=3941"},{"taxonomy":"product_cat","embeddable":true,"href":"https:\/\/ptm-mechatronics.com\/hu\/wp-json\/wp\/v2\/product_cat?post=3941"},{"taxonomy":"product_tag","embeddable":true,"href":"https:\/\/ptm-mechatronics.com\/hu\/wp-json\/wp\/v2\/product_tag?post=3941"}],"curies":[{"name":"wp","href":"https:\/\/api.w.org\/{rel}","templated":true}]}}