{"id":3923,"date":"2024-02-07T17:44:41","date_gmt":"2024-02-07T17:44:41","guid":{"rendered":""},"modified":"2025-11-07T15:51:20","modified_gmt":"2025-11-07T14:51:20","slug":"druckluftmotor-ip68-8nm-0-300rpm","status":"publish","type":"product","link":"https:\/\/ptm-mechatronics.com\/hu\/product\/druckluftmotor-ip68-8nm-0-300rpm\/","title":{"rendered":"L\u00e9gmotor IP68, 8Nm, 0-300rpm"},"content":{"rendered":"<p>A PTM l\u00e9gmotorok nagyon robusztus, tiszt\u00e1n mechanikus kialak\u00edt\u00e1suknak \u00e9s teljes\u00edtm\u00e9ny\u00fcknek k\u00f6sz\u00f6nhet\u0151en sz\u00e1mos alkalmaz\u00e1shoz alkalmasak. \u00c1ltal\u00e1ban rendszerek \u00e9s g\u00e9pek meghajt\u00e1s\u00e1ra, illetve forg\u00f3- \u00e9s leng\u0151mozg\u00e1sok l\u00e9trehoz\u00e1s\u00e1ra haszn\u00e1lhat\u00f3k. A PTM l\u00e9gmotorok a rendk\u00edv\u00fcl hat\u00e9kony radi\u00e1ldugatty\u00fas elven alapulnak: az alacsony leveg\u0151fogyaszt\u00e1s ellen\u00e9re a motorok nagyon magas hat\u00e1sfokot \u00e9s nagyon nagy nyomat\u00e9kot fejlesztenek.  Ez teszi \u0151ket a lap\u00e1tmotorok modern, k\u00f6lts\u00e9gtakar\u00e9kos alternat\u00edv\u00e1j\u00e1v\u00e1. Az \u00f3ramutat\u00f3 j\u00e1r\u00e1s\u00e1val megegyez\u0151 \u00e9s ellent\u00e9tes ir\u00e1ny\u00fa forg\u00e1sban is m\u0171k\u00f6dtethet\u0151k, \u00e9s \u00e1ll\u00f3 helyzetben is terhelhet\u0151k. Kompakt m\u00e9ret\u00fcknek k\u00f6sz\u00f6nhet\u0151en szinte b\u00e1rmilyen alkalmaz\u00e1sba be\u00e9p\u00edthet\u0151k. Az IP68-as modell r\u00e1ad\u00e1sul teljesen v\u00edz\u00e1ll\u00f3, \u00edgy minden nedves k\u00f6rnyezetben, s\u0151t v\u00edz alatt is haszn\u00e1lhat\u00f3.<\/p>","protected":false},"excerpt":{"rendered":"<p>IP68-as l\u00e9gmotor, Rendk\u00edv\u00fcl hat\u00e9kony \u00e9s nagy teljes\u00edtm\u00e9ny\u0171, a l\u00e9gmotor nagyon magas hat\u00e1sfokot \u00e9s nagyon nagy nyomat\u00e9kot \u00e9r el minim\u00e1lis leveg\u0151fogyaszt\u00e1s mellett. V\u00edz\u00e1ll\u00f3 kialak\u00edt\u00e1s az IP68-as v\u00e9delmi oszt\u00e1lynak megfelel\u0151en, ez\u00e9rt nedves k\u00f6rnyezetben \u00e9s v\u00edz alatt is haszn\u00e1lhat\u00f3.<\/p>","protected":false},"featured_media":15313,"comment_status":"open","ping_status":"closed","template":"","meta":{"_acf_changed":false},"product_brand":[],"product_cat":[21],"product_tag":[],"class_list":{"0":"post-3923","1":"product","2":"type-product","3":"status-publish","4":"has-post-thumbnail","6":"product_cat-unkategorisiert","7":"product_shipping_class-karton-paketversand","8":"pa_antriebsart-pneumatisch","9":"pa_dichtung-ptfe","10":"pa_drehmoment-8nm","11":"pa_drehzahl-0-300-1-min","12":"pa_durchmesser-99mm","13":"pa_geraeuschpegel-75db","14":"pa_hoehe-52mm","15":"pa_labs-oel-und-silikonfrei","16":"pa_luftanschluesse-2xm6x075","17":"pa_material-gehaeuse-aluminium-eloxiert","18":"pa_model-pmo-900-ip67","19":"pa_schutzart-ip68","20":"pa_steckverschraubung-2xschlauch-o6mm","21":"pa_versorgung-5-6bar","23":"first","24":"instock","25":"taxable","26":"shipping-taxable","27":"purchasable","28":"product-type-simple"},"bundled_by":["4344"],"bundle_stock_status":"instock","bundle_stock_quantity":null,"bundle_virtual":false,"bundle_layout":"","bundle_add_to_cart_form_location":"","bundle_editable_in_cart":false,"bundle_sold_individually_context":"","bundle_item_grouping":"","bundle_min_size":"","bundle_max_size":"","bundle_price":[],"bundled_items":[],"bundle_sell_ids":[],"exclude_global_add_ons":[],"addons":[],"acf":[],"_links":{"self":[{"href":"https:\/\/ptm-mechatronics.com\/hu\/wp-json\/wp\/v2\/product\/3923","targetHints":{"allow":["GET"]}}],"collection":[{"href":"https:\/\/ptm-mechatronics.com\/hu\/wp-json\/wp\/v2\/product"}],"about":[{"href":"https:\/\/ptm-mechatronics.com\/hu\/wp-json\/wp\/v2\/types\/product"}],"replies":[{"embeddable":true,"href":"https:\/\/ptm-mechatronics.com\/hu\/wp-json\/wp\/v2\/comments?post=3923"}],"wp:featuredmedia":[{"embeddable":true,"href":"https:\/\/ptm-mechatronics.com\/hu\/wp-json\/wp\/v2\/media\/15313"}],"wp:attachment":[{"href":"https:\/\/ptm-mechatronics.com\/hu\/wp-json\/wp\/v2\/media?parent=3923"}],"wp:term":[{"taxonomy":"product_brand","embeddable":true,"href":"https:\/\/ptm-mechatronics.com\/hu\/wp-json\/wp\/v2\/product_brand?post=3923"},{"taxonomy":"product_cat","embeddable":true,"href":"https:\/\/ptm-mechatronics.com\/hu\/wp-json\/wp\/v2\/product_cat?post=3923"},{"taxonomy":"product_tag","embeddable":true,"href":"https:\/\/ptm-mechatronics.com\/hu\/wp-json\/wp\/v2\/product_tag?post=3923"}],"curies":[{"name":"wp","href":"https:\/\/api.w.org\/{rel}","templated":true}]}}