{"id":3727,"date":"2024-02-07T17:44:31","date_gmt":"2024-02-07T17:44:31","guid":{"rendered":""},"modified":"2025-11-07T15:50:55","modified_gmt":"2025-11-07T14:50:55","slug":"wendelruehrer-hygienic-design-abwaertsfoerdernd-fuer-handruehrer-eco-up","status":"publish","type":"product","link":"https:\/\/ptm-mechatronics.com\/hu\/product\/wendelruehrer-hygienic-design-abwaertsfoerdernd-fuer-handruehrer-eco-up\/","title":{"rendered":"Higi\u00e9nikus kialak\u00edt\u00e1s\u00fa, lefel\u00e9 t\u00e1pl\u00e1l\u00f3 spir\u00e1lis kever\u0151 az eco-Up k\u00e9zi kever\u0151h\u00f6z"},"content":{"rendered":"<p>A spir\u00e1lis kever\u0151 axi\u00e1lisan sz\u00e1ll\u00edt lamin\u00e1ris kever\u00e9si tulajdons\u00e1gokkal. A z\u00e1rt hegeszt\u00e9si varratokkal \u00e9s elektropol\u00edrozott fel\u00fcletekkel ell\u00e1tott higi\u00e9nikus kialak\u00edt\u00e1snak k\u00f6sz\u00f6nhet\u0151en ez a kever\u0151 \u00e9lelmiszer-biztons\u00e1gos \u00e9s higi\u00e9niailag kritikus k\u00f6rnyezetben is haszn\u00e1lhat\u00f3. A spir\u00e1lis kever\u0151 ide\u00e1lis a nagy viszkozit\u00e1s\u00fa anyagok homogeniz\u00e1l\u00e1s\u00e1hoz. Falra szerelt kever\u0151k\u00e9nt a spir\u00e1l kever\u0151 a h\u0151\u00e1tad\u00e1si folyamathoz is haszn\u00e1lhat\u00f3.<\/p>","protected":false},"excerpt":{"rendered":"<p>Higi\u00e9nikus kialak\u00edt\u00e1s\u00fa, 130 mm \u00e1tm\u00e9r\u0151j\u0171 spir\u00e1lis kever\u0151 kiv\u00e1l\u00f3 min\u0151s\u00e9g\u0171 V4A rozsdamentes ac\u00e9lb\u00f3l 1.4404 k\u00e9sz\u00fclt.<\/p>","protected":false},"featured_media":15334,"comment_status":"open","ping_status":"closed","template":"","meta":{"_acf_changed":false},"product_brand":[],"product_cat":[595,600,631],"product_tag":[],"class_list":{"0":"post-3727","1":"product","2":"type-product","3":"status-publish","4":"has-post-thumbnail","6":"product_cat-ruehrwerkstechnik","7":"product_cat-handruehrer","8":"product_cat-ruehrorgane","9":"product_shipping_class-karton-paketversand","10":"pa_aufnahme-fuer-ruehrorgan-m14-gewinde","11":"pa_blattanstellung-683","12":"pa_blattdicke-3mm","13":"pa_durchmesser-130mm","14":"pa_durchmesser-150mm","15":"pa_foerderrichtung-materialabwaertsfoerdernd-fuer-niedrigviskose-medien","16":"pa_laenge-600mm","17":"pa_material-v4a-edelstahl-1-4404","18":"pa_material-mischer-v4a-edelstahl-1-4571","19":"pa_material-ruehrwelle-v4a-edelstahl-1-4404","20":"pa_oberflaeche-elektropoliert","21":"pa_oberflaeche-glasperlengestrahlt","23":"first","24":"instock","25":"taxable","26":"shipping-taxable","27":"purchasable","28":"product-type-simple"},"bundled_by":[],"bundle_stock_status":"instock","bundle_stock_quantity":null,"bundle_virtual":false,"bundle_layout":"","bundle_add_to_cart_form_location":"","bundle_editable_in_cart":false,"bundle_sold_individually_context":"","bundle_item_grouping":"","bundle_min_size":"","bundle_max_size":"","bundle_price":[],"bundled_items":[],"bundle_sell_ids":[],"exclude_global_add_ons":[],"addons":[],"acf":[],"_links":{"self":[{"href":"https:\/\/ptm-mechatronics.com\/hu\/wp-json\/wp\/v2\/product\/3727","targetHints":{"allow":["GET"]}}],"collection":[{"href":"https:\/\/ptm-mechatronics.com\/hu\/wp-json\/wp\/v2\/product"}],"about":[{"href":"https:\/\/ptm-mechatronics.com\/hu\/wp-json\/wp\/v2\/types\/product"}],"replies":[{"embeddable":true,"href":"https:\/\/ptm-mechatronics.com\/hu\/wp-json\/wp\/v2\/comments?post=3727"}],"wp:featuredmedia":[{"embeddable":true,"href":"https:\/\/ptm-mechatronics.com\/hu\/wp-json\/wp\/v2\/media\/15334"}],"wp:attachment":[{"href":"https:\/\/ptm-mechatronics.com\/hu\/wp-json\/wp\/v2\/media?parent=3727"}],"wp:term":[{"taxonomy":"product_brand","embeddable":true,"href":"https:\/\/ptm-mechatronics.com\/hu\/wp-json\/wp\/v2\/product_brand?post=3727"},{"taxonomy":"product_cat","embeddable":true,"href":"https:\/\/ptm-mechatronics.com\/hu\/wp-json\/wp\/v2\/product_cat?post=3727"},{"taxonomy":"product_tag","embeddable":true,"href":"https:\/\/ptm-mechatronics.com\/hu\/wp-json\/wp\/v2\/product_tag?post=3727"}],"curies":[{"name":"wp","href":"https:\/\/api.w.org\/{rel}","templated":true}]}}