{"id":3712,"date":"2024-02-07T17:44:31","date_gmt":"2024-02-07T17:44:31","guid":{"rendered":""},"modified":"2025-11-07T15:50:55","modified_gmt":"2025-11-07T14:50:55","slug":"ruehrwelle-fuer-1000-liter-ibc-hightorque-mit-schnellwechselsystem-eco-quick","status":"publish","type":"product","link":"https:\/\/ptm-mechatronics.com\/hu\/product\/ruehrwelle-fuer-1000-liter-ibc-hightorque-mit-schnellwechselsystem-eco-quick\/","title":{"rendered":"1000 literes IBC HighTorque kever\u0151tengely eco-Quick gyorscser\u00e9l\u0151 rendszerrel"},"content":{"rendered":"<p>A kever\u0151tengelyek kiv\u00e1l\u00f3 min\u0151s\u00e9g\u0171 V4A rozsdamentes ac\u00e9lb\u00f3l 1.4404 k\u00e9sz\u00fclnek. A szabadalmaztatott eco-Quick gyorscser\u00e9l\u0151 rendszernek k\u00f6sz\u00f6nhet\u0151en a kever\u0151tengelyek egyetlen egyszer\u0171 l\u00e9p\u00e9sben, szersz\u00e1m n\u00e9lk\u00fcl felszerelhet\u0151k az integr\u00e1lt eco-Quick gyorscser\u00e9l\u0151 rendszerrel rendelkez\u0151 PTM meghajt\u00f3kra.<br \/>\nMinden meghajt\u00e1shoz megvan a megfelel\u0151 tengely\u00e1tm\u00e9r\u0151. K\u00e9rj\u00fck, gy\u0151z\u0151dj\u00f6n meg r\u00f3la, hogy a meghajt\u00f3j\u00e1nak megfelel\u0151 \u00e1tm\u00e9r\u0151t v\u00e1lasztotta ki. K\u00e9rj\u00fck, vegye figyelembe, hogy az eco-Quick kever\u0151tengelyek csak eco-Quick meghajt\u00e1sokkal kombin\u00e1lhat\u00f3k. Ha b\u00e1rmilyen k\u00e9rd\u00e9se van, k\u00e9rj\u00fck, forduljon a PTM \u00fcgyf\u00e9lszolg\u00e1latunkhoz.<\/p>","protected":false},"excerpt":{"rendered":"<p>A kever\u0151tengely kiv\u00e1l\u00f3 min\u0151s\u00e9g\u0171 V4A rozsdamentes ac\u00e9lb\u00f3l 1.4404, szabadalmaztatott eco-Quick gyorscser\u00e9l\u0151 rendszerrel a PTM meghajt\u00e1sokhoz; \u00e1tm\u00e9r\u0151je \u230030mm \u00e9s hossza 793mm a fed\u00e9l fels\u0151 sz\u00e9l\u00e9t\u0151l sz\u00e1m\u00edtva.<\/p>","protected":false},"featured_media":15365,"comment_status":"open","ping_status":"closed","template":"","meta":{"_acf_changed":false},"product_brand":[],"product_cat":[595,651],"product_tag":[],"class_list":{"0":"post-3712","1":"product","2":"type-product","3":"status-publish","4":"has-post-thumbnail","6":"product_cat-ruehrwerkstechnik","7":"product_cat-ruehrwellen","8":"product_shipping_class-karton-paketversand","9":"pa_durchmesser-30mm","10":"pa_laenge-ab-deckeloberkante-793mm","11":"pa_material-v4a-edelstahl-1-4404","12":"pa_patentnummer-20-2020-107-557","14":"first","15":"instock","16":"taxable","17":"shipping-taxable","18":"purchasable","19":"product-type-simple"},"bundled_by":["4330"],"bundle_stock_status":"instock","bundle_stock_quantity":null,"bundle_virtual":false,"bundle_layout":"","bundle_add_to_cart_form_location":"","bundle_editable_in_cart":false,"bundle_sold_individually_context":"","bundle_item_grouping":"","bundle_min_size":"","bundle_max_size":"","bundle_price":[],"bundled_items":[],"bundle_sell_ids":[],"exclude_global_add_ons":[],"addons":[],"acf":[],"_links":{"self":[{"href":"https:\/\/ptm-mechatronics.com\/hu\/wp-json\/wp\/v2\/product\/3712","targetHints":{"allow":["GET"]}}],"collection":[{"href":"https:\/\/ptm-mechatronics.com\/hu\/wp-json\/wp\/v2\/product"}],"about":[{"href":"https:\/\/ptm-mechatronics.com\/hu\/wp-json\/wp\/v2\/types\/product"}],"replies":[{"embeddable":true,"href":"https:\/\/ptm-mechatronics.com\/hu\/wp-json\/wp\/v2\/comments?post=3712"}],"wp:featuredmedia":[{"embeddable":true,"href":"https:\/\/ptm-mechatronics.com\/hu\/wp-json\/wp\/v2\/media\/15365"}],"wp:attachment":[{"href":"https:\/\/ptm-mechatronics.com\/hu\/wp-json\/wp\/v2\/media?parent=3712"}],"wp:term":[{"taxonomy":"product_brand","embeddable":true,"href":"https:\/\/ptm-mechatronics.com\/hu\/wp-json\/wp\/v2\/product_brand?post=3712"},{"taxonomy":"product_cat","embeddable":true,"href":"https:\/\/ptm-mechatronics.com\/hu\/wp-json\/wp\/v2\/product_cat?post=3712"},{"taxonomy":"product_tag","embeddable":true,"href":"https:\/\/ptm-mechatronics.com\/hu\/wp-json\/wp\/v2\/product_tag?post=3712"}],"curies":[{"name":"wp","href":"https:\/\/api.w.org\/{rel}","templated":true}]}}