{"id":3499,"date":"2024-02-07T17:44:22","date_gmt":"2024-02-07T17:44:22","guid":{"rendered":""},"modified":"2025-11-07T15:50:53","modified_gmt":"2025-11-07T14:50:53","slug":"becherruehrorgan-eco-cup-500mm-v4a-klappbar-schiebenabe-25mm","status":"publish","type":"product","link":"https:\/\/ptm-mechatronics.com\/hu\/product\/becherruehrorgan-eco-cup-500mm-v4a-klappbar-schiebenabe-25mm\/","title":{"rendered":"Cs\u00e9szekever\u0151 eco-Cup 500mm V4A csukl\u00f3s, 25mm-es cs\u00fasz\u00f3nab\u00e1val"},"content":{"rendered":"<p>A v\u00f6d\u00f6rkever\u0151k hat\u00e9kony, de k\u00edm\u00e9letes kever\u00e9st biztos\u00edtanak minim\u00e1lis ny\u00edr\u00e1ssal, m\u00e9g alacsony fordulatsz\u00e1mon is. Alacsony fordulatsz\u00e1m\u00fa kever\u0151berendez\u00e9sekk\u00e9nt ez\u00e9rt ide\u00e1lisak az \u00e9rz\u00e9keny kever\u00e9kekhez. Lamin\u00e1ris \u00e1raml\u00e1st hoznak l\u00e9tre axi\u00e1lis sz\u00e1ll\u00edt\u00f3 viselked\u00e9ssel.<\/p>","protected":false},"excerpt":{"rendered":"<p>500 mm \u00e1tm\u00e9r\u0151j\u0171, kiv\u00e1l\u00f3 min\u0151s\u00e9g\u0171 V4A rozsdamentes ac\u00e9lb\u00f3l k\u00e9sz\u00fclt 1.4404 kever\u0151poh\u00e1r 500 mm \u00e1tm\u00e9r\u0151vel.<\/p>","protected":false},"featured_media":15358,"comment_status":"open","ping_status":"closed","template":"","meta":{"_acf_changed":false},"product_brand":[],"product_cat":[631,595,614],"product_tag":[],"class_list":{"0":"post-3499","1":"product","2":"type-product","3":"status-publish","4":"has-post-thumbnail","6":"product_cat-ruehrorgane","7":"product_cat-ruehrwerkstechnik","8":"product_cat-containerruehrwerke","9":"product_shipping_class-karton-paketversand","10":"pa_behaeltervolumen-ibc","11":"pa_durchmesser-500mm","12":"pa_material-v4a-edelstahl-1-4404","13":"pa_oeffnung-dn160-und-dn225","14":"pa_schiebenabe-25mm","16":"first","17":"instock","18":"taxable","19":"shipping-taxable","20":"purchasable","21":"product-type-simple"},"bundled_by":["4330"],"bundle_stock_status":"instock","bundle_stock_quantity":null,"bundle_virtual":false,"bundle_layout":"","bundle_add_to_cart_form_location":"","bundle_editable_in_cart":false,"bundle_sold_individually_context":"","bundle_item_grouping":"","bundle_min_size":"","bundle_max_size":"","bundle_price":[],"bundled_items":[],"bundle_sell_ids":[],"exclude_global_add_ons":[],"addons":[],"acf":[],"_links":{"self":[{"href":"https:\/\/ptm-mechatronics.com\/hu\/wp-json\/wp\/v2\/product\/3499","targetHints":{"allow":["GET"]}}],"collection":[{"href":"https:\/\/ptm-mechatronics.com\/hu\/wp-json\/wp\/v2\/product"}],"about":[{"href":"https:\/\/ptm-mechatronics.com\/hu\/wp-json\/wp\/v2\/types\/product"}],"replies":[{"embeddable":true,"href":"https:\/\/ptm-mechatronics.com\/hu\/wp-json\/wp\/v2\/comments?post=3499"}],"wp:featuredmedia":[{"embeddable":true,"href":"https:\/\/ptm-mechatronics.com\/hu\/wp-json\/wp\/v2\/media\/15358"}],"wp:attachment":[{"href":"https:\/\/ptm-mechatronics.com\/hu\/wp-json\/wp\/v2\/media?parent=3499"}],"wp:term":[{"taxonomy":"product_brand","embeddable":true,"href":"https:\/\/ptm-mechatronics.com\/hu\/wp-json\/wp\/v2\/product_brand?post=3499"},{"taxonomy":"product_cat","embeddable":true,"href":"https:\/\/ptm-mechatronics.com\/hu\/wp-json\/wp\/v2\/product_cat?post=3499"},{"taxonomy":"product_tag","embeddable":true,"href":"https:\/\/ptm-mechatronics.com\/hu\/wp-json\/wp\/v2\/product_tag?post=3499"}],"curies":[{"name":"wp","href":"https:\/\/api.w.org\/{rel}","templated":true}]}}