{"id":3411,"date":"2024-02-07T17:44:21","date_gmt":"2024-02-07T17:44:21","guid":{"rendered":""},"modified":"2025-11-07T15:50:44","modified_gmt":"2025-11-07T14:50:44","slug":"ruehrwerk-fuer-60-liter-spundfass-antrieb-atex-zone-1","status":"publish","type":"product","link":"https:\/\/ptm-mechatronics.com\/hu\/product\/ruehrwerk-fuer-60-liter-spundfass-antrieb-atex-zone-1\/","title":{"rendered":"Kever\u0151 60 literes hord\u00f3hoz - ATEX 1 z\u00f3n\u00e1s meghajt\u00e1s"},"content":{"rendered":"<h1 data-start=\"224\" data-end=\"307\"><span style=\"font-size: 75%;\">Pneumatikus kever\u0151berendez\u00e9s hord\u00f3khoz - ATEX-tan\u00fas\u00edtv\u00e1ny, robusztus, rugalmas, azonnal haszn\u00e1latra k\u00e9sz<\/span><\/h1>\n<p data-start=\"309\" data-end=\"686\">A nagy teljes\u00edtm\u00e9ny\u0171, pneumatikus kever\u0151 a bung-dobokhoz ide\u00e1lis a k\u00f6zegek sz\u00e9les sk\u00e1l\u00e1j\u00e1nak megb\u00edzhat\u00f3 kever\u00e9s\u00e9hez - az alacsony viszkozit\u00e1st\u00f3l a magas viszkozit\u00e1sig. A kiv\u00e1l\u00f3 min\u0151s\u00e9g\u0171 V4A rozsdamentes ac\u00e9lb\u00f3l (1.4404) k\u00e9sz\u00fclt \u00e1ll\u00edthat\u00f3 keresztr\u00fad k\u00fcl\u00f6n\u00f6sen robusztus, \u00e9s rugalmasan igaz\u00edthat\u00f3 a 378 \u00e9s 613 mm k\u00f6z\u00f6tti tart\u00e1ly\u00e1tm\u00e9r\u0151h\u00f6z. A rendszer k\u00e9t gyorskiold\u00f3 bilincs seg\u00edts\u00e9g\u00e9vel biztons\u00e1gosan r\u00f6gz\u00edthet\u0151.<\/p>\n<p data-start=\"688\" data-end=\"996\">A DIN 6643 - G3\/4 szerinti szell\u0151z\u0151ny\u00edl\u00e1s szabadon hozz\u00e1f\u00e9rhet\u0151 marad. A mell\u00e9kelt csukl\u00f3s, ferde lap\u00e1tos kever\u0151nek k\u00f6sz\u00f6nhet\u0151en a kever\u0151 ide\u00e1lis a 2\u2033-os hord\u00f3ny\u00edl\u00e1sokhoz. Egy hozz\u00e1 ill\u0151 rozsdamentes ac\u00e9l kever\u0151tengely tartozik a sz\u00e1ll\u00edt\u00e1si terjedelemhez - a rendszer teh\u00e1t azonnal haszn\u00e1latra k\u00e9sz.<\/p>\n<p data-start=\"688\" data-end=\"996\">Megjegyz\u00e9s: A dugatty\u00fahord\u00f3k nem szabv\u00e1nyosak. K\u00e9rj\u00fck, gondosan ellen\u0151rizze a hord\u00f3 m\u00e9reteit \u00e9s m\u00e9lys\u00e9g\u00e9t. Bizonyos esetekben sz\u00fcks\u00e9g lehet a kever\u0151tengely kiigaz\u00edt\u00e1s\u00e1ra. Sz\u00edvesen adunk \u00d6nnek szem\u00e9lyesen tan\u00e1csot.<\/p>\n<p data-start=\"1202\" data-end=\"1247\">Sz\u00e1ll\u00edt\u00e1si terjedelem dob \u00e9s t\u00f6ml\u0151 n\u00e9lk\u00fcl.<\/p>","protected":false},"excerpt":{"rendered":"<p>Pneumatikus kever\u0151 V4A keresztgerend\u00e1val, azonnal haszn\u00e1latra k\u00e9sz, rugalmasan \u00e1ll\u00edthat\u00f3 \u00e9s ide\u00e1lis 2\u2033-os hord\u00f3ny\u00edl\u00e1sokhoz.<\/p>","protected":false},"featured_media":15347,"comment_status":"open","ping_status":"closed","template":"","meta":{"_acf_changed":false},"product_brand":[],"product_cat":[603,595],"product_tag":[],"class_list":{"0":"post-3411","1":"product","2":"type-product","3":"status-publish","4":"has-post-thumbnail","6":"product_cat-fassruehrwerke","7":"product_cat-ruehrwerkstechnik","8":"product_shipping_class-karton-paketversand","9":"pa_antriebsart-pneumatisch","10":"pa_atex-zone-122122","11":"pa_behaeltervolumen-60-liter","12":"pa_dichtung-ptfe","13":"pa_drehmoment-8nm","14":"pa_drehzahl-0-300-1-min","15":"pa_durchmesser-ruehrwelle-20mm","16":"pa_ex-gas-ex-ii-2-g-ex-h-iic-t5-gb-x","17":"pa_ex-staub-ex-ii-2-d-ex-h-iiic-t100c-db-x","18":"pa_geeignete-fassdurchmesser-fuer-60-bis-200-liter-spundfaesser","19":"pa_geraeuschpegel-75db","20":"pa_labs-oel-und-silikonfrei","21":"pa_laenge-ruehrwelle-ca-545mm-ab-deckeloberkante","22":"pa_material-gehaeuse-aluminium-eloxiert","23":"pa_material-traverse-v4a-edelstahl-1-4404","24":"pa_mittlerer-luftverbrauch-50l-min","25":"pa_ruehrorgan-klapp-schraegblattmischer-d150mm","26":"pa_schutzart-ip67","27":"pa_steckverschraubung-abluft-schlauch-o10mm","28":"pa_steckverschraubung-zuluft-schlauch-o6mm","29":"pa_traversenspannweite-zwischen-378-und-613mm-einstellbar","30":"pa_typ-traversenruehrwerk","31":"pa_typ-spundfassruehrwerk","32":"pa_versorgung-5-6bar","34":"first","35":"instock","36":"taxable","37":"shipping-taxable","38":"purchasable","39":"product-type-simple"},"bundled_by":[],"bundle_stock_status":"instock","bundle_stock_quantity":null,"bundle_virtual":false,"bundle_layout":"","bundle_add_to_cart_form_location":"","bundle_editable_in_cart":false,"bundle_sold_individually_context":"","bundle_item_grouping":"","bundle_min_size":"","bundle_max_size":"","bundle_price":[],"bundled_items":[],"bundle_sell_ids":[],"exclude_global_add_ons":[],"addons":[],"acf":[],"_links":{"self":[{"href":"https:\/\/ptm-mechatronics.com\/hu\/wp-json\/wp\/v2\/product\/3411","targetHints":{"allow":["GET"]}}],"collection":[{"href":"https:\/\/ptm-mechatronics.com\/hu\/wp-json\/wp\/v2\/product"}],"about":[{"href":"https:\/\/ptm-mechatronics.com\/hu\/wp-json\/wp\/v2\/types\/product"}],"replies":[{"embeddable":true,"href":"https:\/\/ptm-mechatronics.com\/hu\/wp-json\/wp\/v2\/comments?post=3411"}],"wp:featuredmedia":[{"embeddable":true,"href":"https:\/\/ptm-mechatronics.com\/hu\/wp-json\/wp\/v2\/media\/15347"}],"wp:attachment":[{"href":"https:\/\/ptm-mechatronics.com\/hu\/wp-json\/wp\/v2\/media?parent=3411"}],"wp:term":[{"taxonomy":"product_brand","embeddable":true,"href":"https:\/\/ptm-mechatronics.com\/hu\/wp-json\/wp\/v2\/product_brand?post=3411"},{"taxonomy":"product_cat","embeddable":true,"href":"https:\/\/ptm-mechatronics.com\/hu\/wp-json\/wp\/v2\/product_cat?post=3411"},{"taxonomy":"product_tag","embeddable":true,"href":"https:\/\/ptm-mechatronics.com\/hu\/wp-json\/wp\/v2\/product_tag?post=3411"}],"curies":[{"name":"wp","href":"https:\/\/api.w.org\/{rel}","templated":true}]}}