{"id":3401,"date":"2024-02-07T17:44:21","date_gmt":"2024-02-07T17:44:21","guid":{"rendered":""},"modified":"2025-11-07T15:50:42","modified_gmt":"2025-11-07T14:50:42","slug":"ringoesen-fuer-traverse-und-deckel","status":"publish","type":"product","link":"https:\/\/ptm-mechatronics.com\/hu\/product\/ringoesen-fuer-traverse-und-deckel\/","title":{"rendered":"Ny\u00edl\u00e1sz\u00e1r\u00f3k a keresztr\u00fadhoz \u00e9s a fed\u00e9lhez"},"content":{"rendered":"<p>A n\u00e9gy praktikus emel\u0151szem lehet\u0151v\u00e9 teszi a gerend\u00e1k\/fedelek k\u00e9nyelmes \u00e9s biztons\u00e1gos emel\u00e9s\u00e9t targonc\u00e1val vagy daruval.<\/p>","protected":false},"excerpt":{"rendered":"<p>Szemcsavarok a traverz\/fed\u00e9l targonc\u00e1val vagy daruval t\u00f6rt\u00e9n\u0151 emel\u00e9s\u00e9hez \u00e9s lerak\u00e1s\u00e1hoz.<\/p>","protected":false},"featured_media":15346,"comment_status":"open","ping_status":"closed","template":"","meta":{"_acf_changed":false},"product_brand":[],"product_cat":[614,594,595],"product_tag":[],"class_list":{"0":"post-3401","1":"product","2":"type-product","3":"status-publish","4":"has-post-thumbnail","6":"product_cat-containerruehrwerke","7":"product_cat-zubehoer","8":"product_cat-ruehrwerkstechnik","9":"product_shipping_class-karton-paketversand","10":"pa_anzahl-vier-stueck","11":"pa_din-580va","12":"pa_gewinde-m12","13":"pa_material-v4a-edelstahl-1-4404","15":"first","16":"instock","17":"taxable","18":"shipping-taxable","19":"purchasable","20":"product-type-simple"},"bundled_by":[],"bundle_stock_status":"instock","bundle_stock_quantity":null,"bundle_virtual":false,"bundle_layout":"","bundle_add_to_cart_form_location":"","bundle_editable_in_cart":false,"bundle_sold_individually_context":"","bundle_item_grouping":"","bundle_min_size":"","bundle_max_size":"","bundle_price":[],"bundled_items":[],"bundle_sell_ids":[],"exclude_global_add_ons":[],"addons":[],"acf":[],"_links":{"self":[{"href":"https:\/\/ptm-mechatronics.com\/hu\/wp-json\/wp\/v2\/product\/3401","targetHints":{"allow":["GET"]}}],"collection":[{"href":"https:\/\/ptm-mechatronics.com\/hu\/wp-json\/wp\/v2\/product"}],"about":[{"href":"https:\/\/ptm-mechatronics.com\/hu\/wp-json\/wp\/v2\/types\/product"}],"replies":[{"embeddable":true,"href":"https:\/\/ptm-mechatronics.com\/hu\/wp-json\/wp\/v2\/comments?post=3401"}],"wp:featuredmedia":[{"embeddable":true,"href":"https:\/\/ptm-mechatronics.com\/hu\/wp-json\/wp\/v2\/media\/15346"}],"wp:attachment":[{"href":"https:\/\/ptm-mechatronics.com\/hu\/wp-json\/wp\/v2\/media?parent=3401"}],"wp:term":[{"taxonomy":"product_brand","embeddable":true,"href":"https:\/\/ptm-mechatronics.com\/hu\/wp-json\/wp\/v2\/product_brand?post=3401"},{"taxonomy":"product_cat","embeddable":true,"href":"https:\/\/ptm-mechatronics.com\/hu\/wp-json\/wp\/v2\/product_cat?post=3401"},{"taxonomy":"product_tag","embeddable":true,"href":"https:\/\/ptm-mechatronics.com\/hu\/wp-json\/wp\/v2\/product_tag?post=3401"}],"curies":[{"name":"wp","href":"https:\/\/api.w.org\/{rel}","templated":true}]}}