{"id":3399,"date":"2024-02-07T17:44:21","date_gmt":"2024-02-07T17:44:21","guid":{"rendered":""},"modified":"2025-11-07T15:50:42","modified_gmt":"2025-11-07T14:50:42","slug":"staplerlaschen-fuer-ibc-traverse","status":"publish","type":"product","link":"https:\/\/ptm-mechatronics.com\/hu\/product\/staplerlaschen-fuer-ibc-traverse\/","title":{"rendered":"Targoncakapocs az IBC \u00e1thalad\u00e1s\u00e1hoz"},"content":{"rendered":"<p>A n\u00e9gy praktikus targoncakapoccsal k\u00e9nyelmesen \u00e9s biztons\u00e1gosan sz\u00e1ll\u00edthatja az IBC-khez val\u00f3 traverz kever\u0151t targonc\u00e1val. A f\u00fclk\u00e9knek az emel\u0151gerend\u00e1hoz val\u00f3 r\u00f6gz\u00edt\u00e9s\u00e9hez sz\u00fcks\u00e9ges megfelel\u0151 csavaranyagot a sz\u00e1ll\u00edt\u00e1si terjedelem tartalmazza.<\/p>\n<p>Sz\u00e1ll\u00edt\u00e1si terjedelem: 4 rakod\u00f3konzol, csavaros anyaggal egy\u00fctt.<\/p>","protected":false},"excerpt":{"rendered":"<p>Targoncakapocs az IBC traverz kever\u0151k sz\u00e1ll\u00edt\u00e1s\u00e1hoz<\/p>","protected":false},"featured_media":15344,"comment_status":"open","ping_status":"closed","template":"","meta":{"_acf_changed":false},"product_brand":[],"product_cat":[594,595,614],"product_tag":[],"class_list":{"0":"post-3399","1":"product","2":"type-product","3":"status-publish","4":"has-post-thumbnail","6":"product_cat-zubehoer","7":"product_cat-ruehrwerkstechnik","8":"product_cat-containerruehrwerke","9":"product_shipping_class-karton-paketversand","10":"pa_anzahl-vier-stueck","11":"pa_material-v4a-edelstahl-1-4404","13":"first","14":"instock","15":"taxable","16":"shipping-taxable","17":"purchasable","18":"product-type-simple"},"bundled_by":[],"bundle_stock_status":"instock","bundle_stock_quantity":null,"bundle_virtual":false,"bundle_layout":"","bundle_add_to_cart_form_location":"","bundle_editable_in_cart":false,"bundle_sold_individually_context":"","bundle_item_grouping":"","bundle_min_size":"","bundle_max_size":"","bundle_price":[],"bundled_items":[],"bundle_sell_ids":[],"exclude_global_add_ons":[],"addons":[],"acf":[],"_links":{"self":[{"href":"https:\/\/ptm-mechatronics.com\/hu\/wp-json\/wp\/v2\/product\/3399","targetHints":{"allow":["GET"]}}],"collection":[{"href":"https:\/\/ptm-mechatronics.com\/hu\/wp-json\/wp\/v2\/product"}],"about":[{"href":"https:\/\/ptm-mechatronics.com\/hu\/wp-json\/wp\/v2\/types\/product"}],"replies":[{"embeddable":true,"href":"https:\/\/ptm-mechatronics.com\/hu\/wp-json\/wp\/v2\/comments?post=3399"}],"wp:featuredmedia":[{"embeddable":true,"href":"https:\/\/ptm-mechatronics.com\/hu\/wp-json\/wp\/v2\/media\/15344"}],"wp:attachment":[{"href":"https:\/\/ptm-mechatronics.com\/hu\/wp-json\/wp\/v2\/media?parent=3399"}],"wp:term":[{"taxonomy":"product_brand","embeddable":true,"href":"https:\/\/ptm-mechatronics.com\/hu\/wp-json\/wp\/v2\/product_brand?post=3399"},{"taxonomy":"product_cat","embeddable":true,"href":"https:\/\/ptm-mechatronics.com\/hu\/wp-json\/wp\/v2\/product_cat?post=3399"},{"taxonomy":"product_tag","embeddable":true,"href":"https:\/\/ptm-mechatronics.com\/hu\/wp-json\/wp\/v2\/product_tag?post=3399"}],"curies":[{"name":"wp","href":"https:\/\/api.w.org\/{rel}","templated":true}]}}