{"id":3392,"date":"2024-02-07T17:44:21","date_gmt":"2024-02-07T17:44:21","guid":{"rendered":""},"modified":"2025-11-07T15:50:41","modified_gmt":"2025-11-07T14:50:41","slug":"deckelruehrwerk-fuer-ibc-container-ibc-light-antrieb-atex-zone-1","status":"publish","type":"product","link":"https:\/\/ptm-mechatronics.com\/hu\/product\/deckelruehrwerk-fuer-ibc-container-ibc-light-antrieb-atex-zone-1\/","title":{"rendered":"Fed\u00e9lkever\u0151 IBC \u00e9s kont\u00e9ner IBC light - ATEX z\u00f3na 0\/1 meghajt\u00e1s"},"content":{"rendered":"<p>A nagy teljes\u00edtm\u00e9ny\u0171, pneumatikus fedeles kever\u0151 IBC light IBC-khez \u00e9s kont\u00e9nerekhez k\u00f6nnyen r\u00e1csavarozhat\u00f3 a kont\u00e9ner ny\u00edl\u00e1s\u00e1ra a csavaros fed\u00e9llel. A mind\u00f6ssze 10,5 kg s\u00faly\u00fa, k\u00f6nny\u0171 kever\u0151g\u00e9pet egyetlen szem\u00e9ly is k\u00e9pes kezelni. A kever\u0151m\u0171vet haszn\u00e1latra k\u00e9szen, megfelel\u0151 kever\u0151tengellyel \u00e9s hozz\u00e1 ill\u0151 csukl\u00f3s kever\u0151elemmel sz\u00e1ll\u00edtjuk.<\/p>\n<p>Megjegyz\u00e9s: Az IBC-k sajnos nem szabv\u00e1nyos\u00edtottak. K\u00e9rj\u00fck, gondosan ellen\u0151rizze a m\u00e9reteket. B\u00e1rmikor felveheti vel\u00fcnk a kapcsolatot, sz\u00edvesen adunk tan\u00e1csot.<\/p>\n<p>Sz\u00e1ll\u00edt\u00e1si terjedelem kont\u00e9ner n\u00e9lk\u00fcl<\/p>","protected":false},"excerpt":{"rendered":"<p>Er\u0151teljes, extra k\u00f6nny\u0171 IBC fedeles kever\u0151, mind\u00f6ssze 10,5 kg \u00f6sszt\u00f6meggel, a poh\u00e1r kever\u0151vel egy\u00fctt.<\/p>","protected":false},"featured_media":15342,"comment_status":"open","ping_status":"closed","template":"","meta":{"_acf_changed":false},"product_brand":[],"product_cat":[595,614],"product_tag":[],"class_list":{"0":"post-3392","1":"product","2":"type-product","3":"status-publish","4":"has-post-thumbnail","6":"product_cat-ruehrwerkstechnik","7":"product_cat-containerruehrwerke","8":"product_shipping_class-karton-paketversand","9":"pa_antriebsart-pneumatisch","10":"pa_atex-zone-0-1","11":"pa_behaeltervolumen-ibc","12":"pa_dichtung-ptfe","13":"pa_drehmoment-16nm","14":"pa_drehzahl-0-300-1-min","15":"pa_durchmesser-ruehrwelle-25mm","16":"pa_ex-gas-ex-ii-1-2-g-ex-h-iic-t5-ga-gb","17":"pa_ex-staub-ex-ii-1-2-d-ex-h-iiic-t100c-da-db","18":"pa_geeignete-ibc-groessen-600-1200-liter","19":"pa_geraeuschpegel-75db","20":"pa_labs-oel-und-silikonfrei","21":"pa_laenge-ruehrwelle-ca-795mm-ab-deckeloberkante","22":"pa_material-gehaeuse-aluminium-eloxiert","23":"pa_mittlerer-luftverbrauch-100l-min","24":"pa_oeffnung-dn160-und-dn225","25":"pa_ruehrorgan-becherruehrorgan-eco-cup-500mm","26":"pa_schutzart-ip67","27":"pa_steckverschraubung-abluft-schlauch-o12mm","28":"pa_steckverschraubung-zuluft-schlauch-o8mm","29":"pa_typ-deckelruehrwerk","30":"pa_versorgung-5-6bar","32":"first","33":"instock","34":"taxable","35":"shipping-taxable","36":"purchasable","37":"product-type-simple"},"bundled_by":[],"bundle_stock_status":"instock","bundle_stock_quantity":null,"bundle_virtual":false,"bundle_layout":"","bundle_add_to_cart_form_location":"","bundle_editable_in_cart":false,"bundle_sold_individually_context":"","bundle_item_grouping":"","bundle_min_size":"","bundle_max_size":"","bundle_price":[],"bundled_items":[],"bundle_sell_ids":[],"exclude_global_add_ons":[],"addons":[],"acf":[],"_links":{"self":[{"href":"https:\/\/ptm-mechatronics.com\/hu\/wp-json\/wp\/v2\/product\/3392","targetHints":{"allow":["GET"]}}],"collection":[{"href":"https:\/\/ptm-mechatronics.com\/hu\/wp-json\/wp\/v2\/product"}],"about":[{"href":"https:\/\/ptm-mechatronics.com\/hu\/wp-json\/wp\/v2\/types\/product"}],"replies":[{"embeddable":true,"href":"https:\/\/ptm-mechatronics.com\/hu\/wp-json\/wp\/v2\/comments?post=3392"}],"wp:featuredmedia":[{"embeddable":true,"href":"https:\/\/ptm-mechatronics.com\/hu\/wp-json\/wp\/v2\/media\/15342"}],"wp:attachment":[{"href":"https:\/\/ptm-mechatronics.com\/hu\/wp-json\/wp\/v2\/media?parent=3392"}],"wp:term":[{"taxonomy":"product_brand","embeddable":true,"href":"https:\/\/ptm-mechatronics.com\/hu\/wp-json\/wp\/v2\/product_brand?post=3392"},{"taxonomy":"product_cat","embeddable":true,"href":"https:\/\/ptm-mechatronics.com\/hu\/wp-json\/wp\/v2\/product_cat?post=3392"},{"taxonomy":"product_tag","embeddable":true,"href":"https:\/\/ptm-mechatronics.com\/hu\/wp-json\/wp\/v2\/product_tag?post=3392"}],"curies":[{"name":"wp","href":"https:\/\/api.w.org\/{rel}","templated":true}]}}