{"id":3320,"date":"2024-02-07T17:44:20","date_gmt":"2024-02-07T17:44:20","guid":{"rendered":""},"modified":"2026-02-03T10:32:16","modified_gmt":"2026-02-03T09:32:16","slug":"anschlussset-fuer-handruehrer-eco-up","status":"publish","type":"product","link":"https:\/\/ptm-mechatronics.com\/hu\/product\/anschlussset-fuer-handruehrer-eco-up\/","title":{"rendered":"Csatlakoz\u00f3 k\u00e9szlet eco-Up k\u00e9zi mixerhez"},"content":{"rendered":"<p>A csatlakoz\u00f3szett a r\u00f6gz\u00edt\u0151konzollal egy\u00fctt egy t\u00e1pleveg\u0151t\u00f6ml\u0151b\u0151l, egy karbantart\u00f3 egys\u00e9gb\u0151l \u00e9s egy f\u00f6ldel\u0151 k\u00e1belb\u0151l \u00e1ll. Ez lehet\u0151v\u00e9 teszi az eco-Up k\u00e9tkezes kever\u0151 gyors, biztons\u00e1gos \u00e9s egyszer\u0171 csatlakoztat\u00e1s\u00e1t.<\/p>","protected":false},"excerpt":{"rendered":"<p>Praktikus csatlakoz\u00f3k\u00e9szlet az eco-Up k\u00e9zi mixer egyszer\u0171 \u00e9s biztons\u00e1gos csatlakoztat\u00e1s\u00e1hoz<\/p>","protected":false},"featured_media":15338,"comment_status":"open","ping_status":"closed","template":"","meta":{"_acf_changed":false},"product_brand":[],"product_cat":[600,595],"product_tag":[],"class_list":{"0":"post-3320","1":"product","2":"type-product","3":"status-publish","4":"has-post-thumbnail","6":"product_cat-handruehrer","7":"product_cat-ruehrwerkstechnik","8":"product_shipping_class-karton-paketversand","9":"pa_atex-elektrisch-leitfaehig","10":"pa_pneumatikanschluss-schnellkupplung-g1-4-nw7-2","11":"pa_schlauchlaenge-5m","13":"first","14":"instock","15":"taxable","16":"shipping-taxable","17":"purchasable","18":"product-type-simple"},"bundled_by":[],"bundle_stock_status":"instock","bundle_stock_quantity":null,"bundle_virtual":false,"bundle_layout":"","bundle_add_to_cart_form_location":"","bundle_editable_in_cart":false,"bundle_sold_individually_context":"","bundle_item_grouping":"","bundle_min_size":"","bundle_max_size":"","bundle_price":[],"bundled_items":[],"bundle_sell_ids":[],"exclude_global_add_ons":[],"addons":[],"acf":[],"_links":{"self":[{"href":"https:\/\/ptm-mechatronics.com\/hu\/wp-json\/wp\/v2\/product\/3320","targetHints":{"allow":["GET"]}}],"collection":[{"href":"https:\/\/ptm-mechatronics.com\/hu\/wp-json\/wp\/v2\/product"}],"about":[{"href":"https:\/\/ptm-mechatronics.com\/hu\/wp-json\/wp\/v2\/types\/product"}],"replies":[{"embeddable":true,"href":"https:\/\/ptm-mechatronics.com\/hu\/wp-json\/wp\/v2\/comments?post=3320"}],"wp:featuredmedia":[{"embeddable":true,"href":"https:\/\/ptm-mechatronics.com\/hu\/wp-json\/wp\/v2\/media\/15338"}],"wp:attachment":[{"href":"https:\/\/ptm-mechatronics.com\/hu\/wp-json\/wp\/v2\/media?parent=3320"}],"wp:term":[{"taxonomy":"product_brand","embeddable":true,"href":"https:\/\/ptm-mechatronics.com\/hu\/wp-json\/wp\/v2\/product_brand?post=3320"},{"taxonomy":"product_cat","embeddable":true,"href":"https:\/\/ptm-mechatronics.com\/hu\/wp-json\/wp\/v2\/product_cat?post=3320"},{"taxonomy":"product_tag","embeddable":true,"href":"https:\/\/ptm-mechatronics.com\/hu\/wp-json\/wp\/v2\/product_tag?post=3320"}],"curies":[{"name":"wp","href":"https:\/\/api.w.org\/{rel}","templated":true}]}}