{"id":3316,"date":"2024-02-07T17:44:20","date_gmt":"2024-02-07T17:44:20","guid":{"rendered":""},"modified":"2025-11-07T15:50:34","modified_gmt":"2025-11-07T14:50:34","slug":"wendelruehrer-aufwaertsfoerdernd-fuer-handruehrer-eco-up","status":"publish","type":"product","link":"https:\/\/ptm-mechatronics.com\/hu\/product\/wendelruehrer-aufwaertsfoerdernd-fuer-handruehrer-eco-up\/","title":{"rendered":"Felfel\u00e9 t\u00e1pl\u00e1l\u00f3 spir\u00e1los kever\u0151 az eco-Up k\u00e9zi kever\u0151h\u00f6z"},"content":{"rendered":"<p>A spir\u00e1lis kever\u0151 kiv\u00e1l\u00f3 min\u0151s\u00e9g\u0171 V4A rozsdamentes 1.4301 ac\u00e9lb\u00f3l k\u00e9sz\u00fcl, \u00e9s elektropol\u00edrozott fel\u00fclettel rendelkezik. Lamin\u00e1ris kever\u00e9si tulajdons\u00e1gokkal, tengelyir\u00e1nyban sz\u00e1ll\u00edt, \u00e9s ide\u00e1lis a nagy viszkozit\u00e1s\u00fa anyagok homogeniz\u00e1l\u00e1s\u00e1hoz. A spir\u00e1lkever\u0151 falra szerelt kever\u0151k\u00e9nt a h\u0151\u00e1tad\u00e1si folyamathoz is haszn\u00e1lhat\u00f3.<\/p>","protected":false},"excerpt":{"rendered":"<p>130 mm \u00e1tm\u00e9r\u0151j\u0171, kiv\u00e1l\u00f3 min\u0151s\u00e9g\u0171 V4A 1.4301 rozsdamentes ac\u00e9lb\u00f3l k\u00e9sz\u00fclt spir\u00e1lis kever\u0151berendez\u00e9s.<\/p>","protected":false},"featured_media":15335,"comment_status":"open","ping_status":"closed","template":"","meta":{"_acf_changed":false},"product_brand":[],"product_cat":[600,631,595],"product_tag":[2738,2739,2740,2741,2742,2743,2744,2733,2736,2737],"class_list":{"0":"post-3316","1":"product","2":"type-product","3":"status-publish","4":"has-post-thumbnail","6":"product_cat-handruehrer","7":"product_cat-ruehrorgane","8":"product_cat-ruehrwerkstechnik","9":"product_tag-ruehrwerk-hochviskos","10":"product_tag-ruehrtechnik-waermeuebertragung","11":"product_tag-edelstahl-ruehrwerkzeug","12":"product_tag-ruehrorgan-homogenisieren","13":"product_tag-wandgaengiges-ruehrorgan","14":"product_tag-ruehrwerk-v4a","15":"product_tag-ruehrorgan-laminar","16":"product_tag-mischtechnik-industrie","17":"product_tag-wendelruehrorgan","18":"product_tag-ruehrorgan-edelstahl","19":"product_shipping_class-karton-paketversand","20":"pa_aufnahme-fuer-ruehrorgan-m14-gewinde","21":"pa_durchmesser-130mm","22":"pa_foerderrichtung-materialaufwaertsfoerdernd-fuer-hoeherviskose-medien","23":"pa_laenge-600mm","24":"pa_material-v4a-edelstahl-1-4301","25":"pa_oberflaeche-elektropoliert","27":"first","28":"instock","29":"taxable","30":"shipping-taxable","31":"purchasable","32":"product-type-simple"},"bundled_by":[],"bundle_stock_status":"instock","bundle_stock_quantity":null,"bundle_virtual":false,"bundle_layout":"","bundle_add_to_cart_form_location":"","bundle_editable_in_cart":false,"bundle_sold_individually_context":"","bundle_item_grouping":"","bundle_min_size":"","bundle_max_size":"","bundle_price":[],"bundled_items":[],"bundle_sell_ids":[],"exclude_global_add_ons":[],"addons":[],"acf":[],"_links":{"self":[{"href":"https:\/\/ptm-mechatronics.com\/hu\/wp-json\/wp\/v2\/product\/3316","targetHints":{"allow":["GET"]}}],"collection":[{"href":"https:\/\/ptm-mechatronics.com\/hu\/wp-json\/wp\/v2\/product"}],"about":[{"href":"https:\/\/ptm-mechatronics.com\/hu\/wp-json\/wp\/v2\/types\/product"}],"replies":[{"embeddable":true,"href":"https:\/\/ptm-mechatronics.com\/hu\/wp-json\/wp\/v2\/comments?post=3316"}],"wp:featuredmedia":[{"embeddable":true,"href":"https:\/\/ptm-mechatronics.com\/hu\/wp-json\/wp\/v2\/media\/15335"}],"wp:attachment":[{"href":"https:\/\/ptm-mechatronics.com\/hu\/wp-json\/wp\/v2\/media?parent=3316"}],"wp:term":[{"taxonomy":"product_brand","embeddable":true,"href":"https:\/\/ptm-mechatronics.com\/hu\/wp-json\/wp\/v2\/product_brand?post=3316"},{"taxonomy":"product_cat","embeddable":true,"href":"https:\/\/ptm-mechatronics.com\/hu\/wp-json\/wp\/v2\/product_cat?post=3316"},{"taxonomy":"product_tag","embeddable":true,"href":"https:\/\/ptm-mechatronics.com\/hu\/wp-json\/wp\/v2\/product_tag?post=3316"}],"curies":[{"name":"wp","href":"https:\/\/api.w.org\/{rel}","templated":true}]}}