{"id":3276,"date":"2024-02-07T17:44:19","date_gmt":"2024-02-07T17:44:19","guid":{"rendered":""},"modified":"2025-11-07T15:50:32","modified_gmt":"2025-11-07T14:50:32","slug":"propeller-75mm-ptfe-ex-mit-ruehrwelle","status":"publish","type":"product","link":"https:\/\/ptm-mechatronics.com\/hu\/product\/propeller-75mm-ptfe-ex-mit-ruehrwelle\/","title":{"rendered":"75 mm-es, PTFE EX l\u00e9gcsavar kever\u0151tengellyel"},"content":{"rendered":"<p>A PTFE EX propeller egy nagy sebess\u00e9g\u0171 axi\u00e1lis kever\u0151. Sz\u00e1ll\u00edt\u00f3 tulajdons\u00e1gai miatt el\u0151szeretettel haszn\u00e1lj\u00e1k homogeniz\u00e1l\u00e1shoz \u00e9s szuszpend\u00e1l\u00e1shoz.<\/p>","protected":false},"excerpt":{"rendered":"<p>PTFE EX 75 mm \u00e1tm\u00e9r\u0151j\u0171 l\u00e9gcsavar kever\u0151tengellyel, 75 mm \u00e1tm\u00e9r\u0151j\u0171 PTFE EX kever\u0151tengellyel<\/p>","protected":false},"featured_media":15330,"comment_status":"open","ping_status":"closed","template":"","meta":{"_acf_changed":false},"product_brand":[],"product_cat":[596,595],"product_tag":[],"class_list":{"0":"post-3276","1":"product","2":"type-product","3":"status-publish","4":"has-post-thumbnail","6":"product_cat-laborruehrer","7":"product_cat-ruehrwerkstechnik","8":"product_shipping_class-karton-paketversand","9":"pa_durchmesser-75mm","10":"pa_fluegelhoehe-18mm","11":"pa_fluegelstaerke-3mm","12":"pa_material-ex-ptfe-leitfaehig-1-000kohm","13":"pa_ruehrwellendurchmesser-8mm-mit-spannfutterabsatz-6mm","14":"pa_ruehrwellenlaenge-350mm","16":"first","17":"instock","18":"taxable","19":"shipping-taxable","20":"purchasable","21":"product-type-simple"},"bundled_by":[],"bundle_stock_status":"instock","bundle_stock_quantity":null,"bundle_virtual":false,"bundle_layout":"","bundle_add_to_cart_form_location":"","bundle_editable_in_cart":false,"bundle_sold_individually_context":"","bundle_item_grouping":"","bundle_min_size":"","bundle_max_size":"","bundle_price":[],"bundled_items":[],"bundle_sell_ids":[],"exclude_global_add_ons":[],"addons":[],"acf":[],"_links":{"self":[{"href":"https:\/\/ptm-mechatronics.com\/hu\/wp-json\/wp\/v2\/product\/3276","targetHints":{"allow":["GET"]}}],"collection":[{"href":"https:\/\/ptm-mechatronics.com\/hu\/wp-json\/wp\/v2\/product"}],"about":[{"href":"https:\/\/ptm-mechatronics.com\/hu\/wp-json\/wp\/v2\/types\/product"}],"replies":[{"embeddable":true,"href":"https:\/\/ptm-mechatronics.com\/hu\/wp-json\/wp\/v2\/comments?post=3276"}],"wp:featuredmedia":[{"embeddable":true,"href":"https:\/\/ptm-mechatronics.com\/hu\/wp-json\/wp\/v2\/media\/15330"}],"wp:attachment":[{"href":"https:\/\/ptm-mechatronics.com\/hu\/wp-json\/wp\/v2\/media?parent=3276"}],"wp:term":[{"taxonomy":"product_brand","embeddable":true,"href":"https:\/\/ptm-mechatronics.com\/hu\/wp-json\/wp\/v2\/product_brand?post=3276"},{"taxonomy":"product_cat","embeddable":true,"href":"https:\/\/ptm-mechatronics.com\/hu\/wp-json\/wp\/v2\/product_cat?post=3276"},{"taxonomy":"product_tag","embeddable":true,"href":"https:\/\/ptm-mechatronics.com\/hu\/wp-json\/wp\/v2\/product_tag?post=3276"}],"curies":[{"name":"wp","href":"https:\/\/api.w.org\/{rel}","templated":true}]}}