{"id":3267,"date":"2024-02-07T17:44:19","date_gmt":"2024-02-07T17:44:19","guid":{"rendered":""},"modified":"2026-03-09T10:39:06","modified_gmt":"2026-03-09T09:39:06","slug":"stativ-fuer-laborruehrer-280x280mm","status":"publish","type":"product","link":"https:\/\/ptm-mechatronics.com\/hu\/product\/stativ-fuer-laborruehrer-280x280mm\/","title":{"rendered":"\u00c1llv\u00e1ny laborat\u00f3riumi kever\u0151h\u00f6z 280x280mm"},"content":{"rendered":"<p>A praktikus \u00e1llv\u00e1ny stabil \u00e9s gyors r\u00f6gz\u00edt\u00e9si lehet\u0151s\u00e9get biztos\u00edt laborat\u00f3riumi kever\u0151k \u00e9s m\u00e1s laborat\u00f3riumi berendez\u00e9sek sz\u00e1m\u00e1ra. A berendez\u00e9s k\u00e9t csavaros r\u00f6gz\u00edt\u0151elem seg\u00edts\u00e9g\u00e9vel rugalmasan r\u00f6gz\u00edthet\u0151 az \u00e1llv\u00e1nyhoz, \u00edgy az alkalmaz\u00e1s gyorsan \u00e9s megb\u00edzhat\u00f3an haszn\u00e1lhat\u00f3.<\/p>\n<p>Az eco-Lab \u00e9s eco-Lab INOX laborat\u00f3riumi kever\u0151ink a be\u00e9p\u00edtett r\u00f6gz\u00edt\u0151 r\u00fadnak k\u00f6sz\u00f6nhet\u0151en k\u00f6zvetlen\u00fcl \u00e9s egyszer\u0171en felszerelhet\u0151k az \u00e1llv\u00e1nyra. Ez biztons\u00e1gos elhelyez\u00e9st \u00e9s k\u00e9nyelmes kezel\u00e9st tesz lehet\u0151v\u00e9 a laborat\u00f3riumi alkalmaz\u00e1sok sz\u00e9les sk\u00e1l\u00e1j\u00e1hoz.<\/p>","protected":false},"excerpt":{"rendered":"<p>Praktikus nagym\u00e9ret\u0171 \u00e1llv\u00e1ny legfeljebb 350 mm \u00e1tm\u00e9r\u0151j\u0171 ed\u00e9nyekhez, k\u00e9t csavaros r\u00f6gz\u00edt\u0151vel.<\/p>","protected":false},"featured_media":15328,"comment_status":"open","ping_status":"closed","template":"","meta":{"_acf_changed":false},"product_brand":[],"product_cat":[595,596],"product_tag":[],"class_list":{"0":"post-3267","1":"product","2":"type-product","3":"status-publish","4":"has-post-thumbnail","6":"product_cat-ruehrwerkstechnik","7":"product_cat-laborruehrer","8":"product_shipping_class-karton-paketversand","9":"pa_grundflaeche-280x280mm","10":"pa_hoehe-530mm","11":"pa_stabdurchmesser-12mm","13":"first","14":"instock","15":"taxable","16":"shipping-taxable","17":"purchasable","18":"product-type-simple"},"bundled_by":[],"bundle_stock_status":"instock","bundle_stock_quantity":null,"bundle_virtual":false,"bundle_layout":"","bundle_add_to_cart_form_location":"","bundle_editable_in_cart":false,"bundle_sold_individually_context":"","bundle_item_grouping":"","bundle_min_size":"","bundle_max_size":"","bundle_price":[],"bundled_items":[],"bundle_sell_ids":[],"exclude_global_add_ons":[],"addons":[],"acf":[],"_links":{"self":[{"href":"https:\/\/ptm-mechatronics.com\/hu\/wp-json\/wp\/v2\/product\/3267","targetHints":{"allow":["GET"]}}],"collection":[{"href":"https:\/\/ptm-mechatronics.com\/hu\/wp-json\/wp\/v2\/product"}],"about":[{"href":"https:\/\/ptm-mechatronics.com\/hu\/wp-json\/wp\/v2\/types\/product"}],"replies":[{"embeddable":true,"href":"https:\/\/ptm-mechatronics.com\/hu\/wp-json\/wp\/v2\/comments?post=3267"}],"wp:featuredmedia":[{"embeddable":true,"href":"https:\/\/ptm-mechatronics.com\/hu\/wp-json\/wp\/v2\/media\/15328"}],"wp:attachment":[{"href":"https:\/\/ptm-mechatronics.com\/hu\/wp-json\/wp\/v2\/media?parent=3267"}],"wp:term":[{"taxonomy":"product_brand","embeddable":true,"href":"https:\/\/ptm-mechatronics.com\/hu\/wp-json\/wp\/v2\/product_brand?post=3267"},{"taxonomy":"product_cat","embeddable":true,"href":"https:\/\/ptm-mechatronics.com\/hu\/wp-json\/wp\/v2\/product_cat?post=3267"},{"taxonomy":"product_tag","embeddable":true,"href":"https:\/\/ptm-mechatronics.com\/hu\/wp-json\/wp\/v2\/product_tag?post=3267"}],"curies":[{"name":"wp","href":"https:\/\/api.w.org\/{rel}","templated":true}]}}