{"id":3247,"date":"2024-02-07T17:44:19","date_gmt":"2024-02-07T17:44:19","guid":{"rendered":""},"modified":"2026-03-09T10:30:25","modified_gmt":"2026-03-09T09:30:25","slug":"laborruehrer-eco-lab-450-inox","status":"publish","type":"product","link":"https:\/\/ptm-mechatronics.com\/hu\/product\/laborruehrer-eco-lab-450-inox\/","title":{"rendered":"eco-Lab 450 INOX laborat\u00f3riumi kever\u0151g\u00e9p"},"content":{"rendered":"<p class=\"translation-block\" data-start=\"196\" data-end=\"555\">Az <strong data-start=\"200\" data-end=\"228\">laborat\u00f3riumi kever\u0151 eco-Lab INOX<\/strong> kiv\u00e1l\u00f3 min\u0151s\u00e9g\u0171 <strong data-start=\"251\" data-end=\"275\">V4A rozsdamentes ac\u00e9lb\u00f3l 1.4404<\/strong> k\u00e9sz\u00fclt, \u00e9s kiv\u00e9teles robusztuss\u00e1g\u00e1val, higi\u00e9ni\u00e1j\u00e1val \u00e9s teljes\u00edtm\u00e9ny\u00e9vel ny\u0171g\u00f6z le. A hat\u00e9kony <strong data-start=\"406\" data-end=\"428\">eco kever\u0151motorral<\/strong>, <strong data-start=\"430\" data-end=\"452\">gyorscsatlakoz\u00f3val<\/strong> \u00e9s <strong data-start=\"457\" data-end=\"472\">szerel\u0151r\u00faddal<\/strong> felszerelve az eco-Lab INOX k\u00f6nnyed\u00e9n be\u00e9p\u00edthet\u0151 a legk\u00fcl\u00f6nb\u00f6z\u0151bb alkalmaz\u00e1sokba.<\/p>\n<p class=\"translation-block\" data-start=\"557\" data-end=\"961\"><strong data-start=\"563\" data-end=\"583\">alacsony fordulatsz\u00e1m<\/strong> \u00e9s <strong data-start=\"601\" data-end=\"626\">nagyon nagy nyomat\u00e9k<\/strong> kombin\u00e1ci\u00f3ja lehet\u0151v\u00e9 teszi minden anyag megb\u00edzhat\u00f3 \u00e9s egyenletes kever\u00e9s\u00e9t - az alacsony viszkozit\u00e1s\u00fat\u00f3l a nagy viszkozit\u00e1s\u00fa k\u00f6zegekig. A <strong data-start=\"749\" data-end=\"783\">pol\u00edrozott rozsdamentes ac\u00e9lfel\u00fcleteknek<\/strong> \u00e9s a <strong data-start=\"788\" data-end=\"808\">l\u00e1gy \u00e9l\u0171 kialak\u00edt\u00e1snak<\/strong> (kev\u00e9s \u00e9l \u00e9s alulv\u00e1g\u00e1s) k\u00f6sz\u00f6nhet\u0151en az eco-Lab INOX kifejezetten <strong data-start=\"896\" data-end=\"910\">tisztas\u00e1gi helyis\u00e9gekben<\/strong> \u00e9s <strong data-start=\"915\" data-end=\"949\">higi\u00e9niailag \u00e9rz\u00e9keny ter\u00fcleteken<\/strong> t\u00f6rt\u00e9n\u0151 haszn\u00e1latra k\u00e9sz\u00fclt.<\/p>\n<p class=\"\" data-start=\"963\" data-end=\"994\">El\u0151ny\u00f6k egy pillant\u00e1sra:<\/p>\n<ul>\n<li data-start=\"997\" data-end=\"1033\">V4A rozsdamentes ac\u00e9lb\u00f3l k\u00e9sz\u00fclt 1.4404<\/li>\n<li data-start=\"997\" data-end=\"1033\">Magas higi\u00e9niai sz\u00ednvonal a tisztaterekben<\/li>\n<li data-start=\"997\" data-end=\"1033\">Alkalmas alacsony \u00e9s magas viszkozit\u00e1s\u00fa k\u00f6zegekhez<\/li>\n<li data-start=\"997\" data-end=\"1033\">Nagy nyomat\u00e9k alacsony fordulatsz\u00e1mon<\/li>\n<li data-start=\"997\" data-end=\"1033\">Gyors be\u00e9p\u00edt\u00e9s a szerel\u0151r\u00fadnak \u00e9s a gyorskiold\u00f3 tokm\u00e1nynak k\u00f6sz\u00f6nhet\u0151en<\/li>\n<li data-start=\"997\" data-end=\"1033\">Csiszolt, ellen\u00e1ll\u00f3 fel\u00fcletek<\/li>\n<li data-start=\"997\" data-end=\"1033\">Tart\u00f3s \u00e9s k\u00f6nnyen karbantarthat\u00f3<\/li>\n<\/ul>\n<p><span style=\"font-size: 75%;\">Sz\u00e1ll\u00edt\u00e1si terjedelem \u00e1llv\u00e1ny \u00e9s tart\u00e1ly n\u00e9lk\u00fcl<\/span><\/p>","protected":false},"excerpt":{"rendered":"<p>Kiv\u00e1l\u00f3 min\u0151s\u00e9g\u0171 V4A rozsdamentes ac\u00e9lb\u00f3l k\u00e9sz\u00fclt laborat\u00f3riumi kever\u0151 1.4404, nagy nyomat\u00e9kkal alacsony fordulatsz\u00e1mon, higi\u00e9nikus kialak\u00edt\u00e1ssal a tiszta helyis\u00e9gekben val\u00f3 megb\u00edzhat\u00f3 haszn\u00e1lathoz, alacsony \u00e9s magas viszkozit\u00e1s\u00fa anyagokhoz.<\/p>","protected":false},"featured_media":15323,"comment_status":"open","ping_status":"closed","template":"","meta":{"_acf_changed":false},"product_brand":[],"product_cat":[595,596],"product_tag":[2841,2842,2843,2834,2835,2836,2837,2838,2839,2840],"class_list":{"0":"post-3247","1":"product","2":"type-product","3":"status-publish","4":"has-post-thumbnail","6":"product_cat-ruehrwerkstechnik","7":"product_cat-laborruehrer","8":"product_tag-schnellspannfutter-ruehrwerk","9":"product_tag-laborruehrer-fuer-reinraum","10":"product_tag-hygienisches-ruehrwerk-edelstahl","11":"product_tag-laborruehrer-edelstahl","12":"product_tag-eco-lab-inox","13":"product_tag-ruehrwerk-v4a-edelstahl","14":"product_tag-laborruehrwerk-kaufen","15":"product_tag-hygieneruehrwerk-reinraum","16":"product_tag-ruehrwerk-fuer-hochviskose-substanzen","17":"product_tag-ruehrwerk-mit-hohem-drehmoment","18":"product_shipping_class-karton-paketversand","19":"pa_antriebsart-pneumatisch","20":"pa_atex-zone-122122","21":"pa_dichtung-ptfe-fda-konform","22":"pa_drehmoment-4nm","23":"pa_drehzahl-0-300-1-min","24":"pa_durchmesser-106mm","25":"pa_ex-gas-ex-ii-2-g-ex-h-iic-t5-gb-x","26":"pa_ex-staub-ex-ii-2-d-ex-h-iiic-t100c-db-x","27":"pa_geraeuschpegel-75db","28":"pa_labeling-lasergravur","29":"pa_labs-oel-und-silikonfrei","30":"pa_material-gehaeuse-v4a-edelstahl-1-4404-elektropoliert","31":"pa_mittlerer-luftverbrauch-25l-min","32":"pa_model-eco-lab-450-inox","33":"pa_montagestab-d12mm","34":"pa_reinraumklassifizierung-iso1-nach-din14644","35":"pa_schutzart-ip68","36":"pa_steckverschraubung-abluft-schlauch-o10mm","37":"pa_steckverschraubung-zuluft-schlauch-o6mm","38":"pa_versorgung-5-6bar","40":"first","41":"instock","42":"taxable","43":"shipping-taxable","44":"purchasable","45":"product-type-simple"},"bundled_by":[],"bundle_stock_status":"instock","bundle_stock_quantity":null,"bundle_virtual":false,"bundle_layout":"","bundle_add_to_cart_form_location":"","bundle_editable_in_cart":false,"bundle_sold_individually_context":"","bundle_item_grouping":"","bundle_min_size":"","bundle_max_size":"","bundle_price":[],"bundled_items":[],"bundle_sell_ids":[],"exclude_global_add_ons":[],"addons":[],"acf":[],"_links":{"self":[{"href":"https:\/\/ptm-mechatronics.com\/hu\/wp-json\/wp\/v2\/product\/3247","targetHints":{"allow":["GET"]}}],"collection":[{"href":"https:\/\/ptm-mechatronics.com\/hu\/wp-json\/wp\/v2\/product"}],"about":[{"href":"https:\/\/ptm-mechatronics.com\/hu\/wp-json\/wp\/v2\/types\/product"}],"replies":[{"embeddable":true,"href":"https:\/\/ptm-mechatronics.com\/hu\/wp-json\/wp\/v2\/comments?post=3247"}],"wp:featuredmedia":[{"embeddable":true,"href":"https:\/\/ptm-mechatronics.com\/hu\/wp-json\/wp\/v2\/media\/15323"}],"wp:attachment":[{"href":"https:\/\/ptm-mechatronics.com\/hu\/wp-json\/wp\/v2\/media?parent=3247"}],"wp:term":[{"taxonomy":"product_brand","embeddable":true,"href":"https:\/\/ptm-mechatronics.com\/hu\/wp-json\/wp\/v2\/product_brand?post=3247"},{"taxonomy":"product_cat","embeddable":true,"href":"https:\/\/ptm-mechatronics.com\/hu\/wp-json\/wp\/v2\/product_cat?post=3247"},{"taxonomy":"product_tag","embeddable":true,"href":"https:\/\/ptm-mechatronics.com\/hu\/wp-json\/wp\/v2\/product_tag?post=3247"}],"curies":[{"name":"wp","href":"https:\/\/api.w.org\/{rel}","templated":true}]}}