{"id":3204,"date":"2024-02-07T17:44:19","date_gmt":"2024-02-07T17:44:19","guid":{"rendered":""},"modified":"2025-11-07T15:50:24","modified_gmt":"2025-11-07T14:50:24","slug":"druckluftmotor-ferrit-free-4nm-0-300rpm","status":"publish","type":"product","link":"https:\/\/ptm-mechatronics.com\/hu\/product\/druckluftmotor-ferrit-free-4nm-0-300rpm\/","title":{"rendered":"L\u00e9gmotor ferritmentes, 4Nm, 0-300rpm"},"content":{"rendered":"<p data-start=\"173\" data-end=\"260\"><span class=\"_fadeIn_pfttw_8\">PTM <\/span><span class=\"_fadeIn_pfttw_8\">L\u00e9gmotorok - <\/span><span class=\"_fadeIn_pfttw_8\">er\u0151s, <\/span><span class=\"_fadeIn_pfttw_8\">hat\u00e9kony <\/span><span class=\"_fadeIn_pfttw_8\">\u00e9s <\/span><span class=\"_fadeIn_pfttw_8\">ferritmentes <\/span><span class=\"_fadeIn_pfttw_8\">a  oldalon. <\/span><span class=\"_fadeIn_pfttw_8\">\u00e9rz\u00e9keny <\/span><span class=\"_fadeIn_pfttw_8\">Alkalmaz\u00e1sok<\/span><\/p>\n<p data-start=\"262\" data-end=\"777\"><span class=\"_fadeIn_pfttw_8\">PTM <\/span><span class=\"_fadeIn_pfttw_8\">L\u00e9gmotorok<\/span> <span class=\"_fadeIn_pfttw_8\">a <\/span><span class=\"_fadeIn_pfttw_8\">h\u00e1la <\/span><span class=\"_fadeIn_pfttw_8\">a <\/span><span class=\"_fadeIn_pfttw_8\">k\u00fcl\u00f6n\u00f6sen a <\/span><span class=\"_fadeIn_pfttw_8\">robusztus, <\/span><span class=\"_fadeIn_pfttw_8\">tiszta <\/span><span class=\"_fadeIn_pfttw_8\">mechanikus <\/span><span class=\"_fadeIn_pfttw_8\">Szerkezet <\/span><span class=\"_fadeIn_pfttw_8\">\u00e9s <\/span><span class=\"_fadeIn_pfttw_8\">a <\/span><span class=\"_fadeIn_pfttw_8\">magas <\/span><span class=\"_fadeIn_pfttw_8\">Teljes\u00edtm\u00e9ny\u00e1tvitel <\/span><span class=\"_fadeIn_pfttw_8\">Sokoldal\u00fa <\/span><span class=\"_fadeIn_pfttw_8\">alkalmazhat\u00f3 - <\/span><span class=\"_fadeIn_pfttw_8\">a  honlapr\u00f3l <\/span><span class=\"_fadeIn_pfttw_8\">mint <\/span><span class=\"_fadeIn_pfttw_8\">Hajt\u00f3m\u0171 <\/span><span class=\"_fadeIn_pfttw_8\">a  oldalon. <\/span><span class=\"_fadeIn_pfttw_8\">G\u00e9pek <\/span><span class=\"_fadeIn_pfttw_8\">\u00e9s <\/span><span class=\"_fadeIn_pfttw_8\">Mell\u00e9kletek<\/span> <span class=\"_fadeIn_pfttw_8\">vagy <\/span><span class=\"_fadeIn_pfttw_8\">a <\/span><span class=\"_fadeIn_pfttw_8\">Gener\u00e1ci\u00f3 <\/span><span class=\"_fadeIn_pfttw_8\">a  c\u00edmr\u0151l <\/span><span class=\"_fadeIn_pfttw_8\">Rotary <\/span><span class=\"_fadeIn_pfttw_8\">\u00e9s <\/span><span class=\"_fadeIn_pfttw_8\">Forg\u00f3 mozg\u00e1sok<\/span><span class=\"_fadeIn_pfttw_8\">. <\/span><span class=\"_fadeIn_pfttw_8\">A k\u00f6vetkez\u0151k alapj\u00e1n <\/span><span class=\"_fadeIn_pfttw_8\">a  oldalon <\/span><span class=\"_fadeIn_pfttw_8\">a <\/span><span class=\"_fadeIn_pfttw_8\">hat\u00e9kony <\/span><span class=\"_fadeIn_pfttw_8\">Radi\u00e1lis dugatty\u00fa elv<\/span><span class=\"_fadeIn_pfttw_8\">, <\/span><span class=\"_fadeIn_pfttw_8\">aj\u00e1nlat <\/span><span class=\"_fadeIn_pfttw_8\">\u0151ket <\/span><span class=\"_fadeIn_pfttw_8\">a  c\u00edmen <\/span><span class=\"_fadeIn_pfttw_8\">als\u00f3 <\/span><span class=\"_fadeIn_pfttw_8\">Leveg\u0151fogyaszt\u00e1s<\/span> <span class=\"_fadeIn_pfttw_8\">egy <\/span><span class=\"_fadeIn_pfttw_8\">extr\u00e9m <\/span><span class=\"_fadeIn_pfttw_8\">magas <\/span><span class=\"_fadeIn_pfttw_8\">Hat\u00e9konys\u00e1g<\/span> <span class=\"_fadeIn_pfttw_8\">\u00e9s <\/span><span class=\"_fadeIn_pfttw_8\">egy <\/span><span class=\"_fadeIn_pfttw_8\">leny\u0171g\u00f6z\u0151 <\/span><span class=\"_fadeIn_pfttw_8\">Nyomat\u00e9k<\/span><span class=\"_fadeIn_pfttw_8\"> \u2013 <\/span><span class=\"_fadeIn_pfttw_8\">\u00e9s <\/span><span class=\"_fadeIn_pfttw_8\">hely <\/span><span class=\"_fadeIn_pfttw_8\">hogy <\/span><span class=\"_fadeIn_pfttw_8\">egy <\/span><span class=\"_fadeIn_pfttw_8\">modern, <\/span><span class=\"_fadeIn_pfttw_8\">k\u00f6lts\u00e9gtakar\u00e9kos <\/span><span class=\"_fadeIn_pfttw_8\">Alternat\u00edv <\/span><span class=\"_fadeIn_pfttw_8\">a <\/span><span class=\"_fadeIn_pfttw_8\">klasszikus <\/span><span class=\"_fadeIn_pfttw_8\">Vane motor <\/span><span class=\"_fadeIn_pfttw_8\">k\u00e9pviseli.<\/span><\/p>\n<p data-start=\"779\" data-end=\"965\"><span class=\"_fadeIn_pfttw_8\">A <\/span><span class=\"_fadeIn_pfttw_8\">Motorok <\/span><span class=\"_fadeIn_pfttw_8\">a <\/span><span class=\"_fadeIn_pfttw_8\">kompakt <\/span><span class=\"_fadeIn_pfttw_8\">\u00e9p\u00edtett<\/span><span class=\"_fadeIn_pfttw_8\">, <\/span><span class=\"_fadeIn_pfttw_8\">egyszer\u0171 <\/span><span class=\"_fadeIn_pfttw_8\">a  c\u00edmre. <\/span><span class=\"_fadeIn_pfttw_8\">integr\u00e1lni, <\/span><span class=\"_fadeIn_pfttw_8\">a  oldalon. <\/span><span class=\"_fadeIn_pfttw_8\">mindkett\u0151 <\/span><span class=\"_fadeIn_pfttw_8\">Forgat\u00e1si ir\u00e1nyok <\/span><span class=\"_fadeIn_pfttw_8\">alkalmazand\u00f3<\/span> <span class=\"_fadeIn_pfttw_8\">\u00e9s <\/span><span class=\"_fadeIn_pfttw_8\">a  c\u00edmen <\/span><span class=\"_fadeIn_pfttw_8\">Terhel\u00e9s <\/span><span class=\"_fadeIn_pfttw_8\">am\u00edg <\/span><span class=\"_fadeIn_pfttw_8\">a <\/span><span class=\"_fadeIn_pfttw_8\">Standstill <\/span><span class=\"_fadeIn_pfttw_8\">rugalmas - <\/span><span class=\"_fadeIn_pfttw_8\">ide\u00e1lis <\/span><span class=\"_fadeIn_pfttw_8\">a  oldalon. <\/span><span class=\"_fadeIn_pfttw_8\">dinamikus <\/span><span class=\"_fadeIn_pfttw_8\">Ipari folyamatok.<\/span><\/p>\n<p data-start=\"967\" data-end=\"1341\"><span class=\"_fadeIn_pfttw_8\">A  oldalon. <\/span><span class=\"_fadeIn_pfttw_8\">k\u00fcl\u00f6n\u00f6sen a <\/span><span class=\"_fadeIn_pfttw_8\">\u00e9rz\u00e9keny <\/span><span class=\"_fadeIn_pfttw_8\">Alkalmaz\u00e1si ter\u00fcletek <\/span><span class=\"_fadeIn_pfttw_8\">mint a <\/span><span class=\"_fadeIn_pfttw_8\">MRT-<\/span><span class=\"_fadeIn_pfttw_8\">K\u00f6rny\u00e9k<\/span><span class=\"_fadeIn_pfttw_8\">, <\/span><span class=\"_fadeIn_pfttw_8\">TESLA-<\/span><span class=\"_fadeIn_pfttw_8\">K\u00eds\u00e9rletek<\/span> <span class=\"_fadeIn_pfttw_8\">vagy <\/span><span class=\"_fadeIn_pfttw_8\">Nagyfrekvenci\u00e1s technol\u00f3gia<\/span> <span class=\"_fadeIn_pfttw_8\">a <\/span><span class=\"_fadeIn_pfttw_8\">a <\/span><span class=\"_fadeIn_pfttw_8\">Modell <\/span><span class=\"_fadeIn_pfttw_8\">ferrit <\/span><span class=\"_fadeIn_pfttw_8\">ingyenes<\/span> <span class=\"_fadeIn_pfttw_8\">rendelkez\u00e9sre \u00e1ll, <\/span><span class=\"_fadeIn_pfttw_8\">a <\/span><span class=\"_fadeIn_pfttw_8\">kiz\u00e1r\u00f3lag <\/span><span class=\"_fadeIn_pfttw_8\">a  c\u00edmr\u0151l <\/span><span class=\"_fadeIn_pfttw_8\">nem<\/span><span class=\"_fadeIn_pfttw_8\">m\u00e1gneses <\/span><span class=\"_fadeIn_pfttw_8\">Anyagok<\/span> <span class=\"_fadeIn_pfttw_8\">l\u00e9tezik. <\/span><span class=\"_fadeIn_pfttw_8\">Ez <\/span><span class=\"_fadeIn_pfttw_8\">megakad\u00e1lyozza a <\/span><span class=\"_fadeIn_pfttw_8\">\u00dczemzavarok <\/span><span class=\"_fadeIn_pfttw_8\">a  oldalon kereszt\u00fcl <\/span><span class=\"_fadeIn_pfttw_8\">M\u00e1gneses mez\u0151k <\/span><span class=\"_fadeIn_pfttw_8\">\u00e9s <\/span><span class=\"_fadeIn_pfttw_8\">a <\/span><span class=\"_fadeIn_pfttw_8\">ez\u00e9rt <\/span><span class=\"_fadeIn_pfttw_8\">predestin\u00e1lt <\/span><span class=\"_fadeIn_pfttw_8\">a  oldalon. <\/span><span class=\"_fadeIn_pfttw_8\">Alkalmaz\u00e1sok, <\/span><span class=\"_fadeIn_pfttw_8\">a  c\u00edmen <\/span><span class=\"_fadeIn_pfttw_8\">azok <\/span><span class=\"_fadeIn_pfttw_8\">elektrom\u00e1gneses <\/span><span class=\"_fadeIn_pfttw_8\">Kompatibilit\u00e1s <\/span><span class=\"_fadeIn_pfttw_8\">d\u00f6nt\u0151 <\/span><span class=\"_fadeIn_pfttw_8\">az.<\/span><\/p>\n<p data-start=\"1343\" data-end=\"1374\"><span class=\"_fadeIn_pfttw_8\">El\u0151ny\u00f6k <\/span><span class=\"_fadeIn_pfttw_8\">a  oldalon <\/span><span class=\"_fadeIn_pfttw_8\">egy <\/span><span class=\"_fadeIn_pfttw_8\">N\u00e9zet:<\/span><\/p>\n<ul>\n<li data-start=\"1343\" data-end=\"1374\"><span class=\"_fadeIn_pfttw_8\">Extreme <\/span><span class=\"_fadeIn_pfttw_8\">Er\u0151teljes <\/span><span class=\"_fadeIn_pfttw_8\">h\u00e1la <\/span><span class=\"_fadeIn_pfttw_8\">Radi\u00e1lis dugatty\u00fa elv<\/span><\/li>\n<li data-start=\"1343\" data-end=\"1374\"><span class=\"_fadeIn_pfttw_8\">Hat\u00e9konyabb <\/span><span class=\"_fadeIn_pfttw_8\">Leveg\u0151fogyaszt\u00e1s <\/span><span class=\"_fadeIn_pfttw_8\">a  c\u00edmen <\/span><span class=\"_fadeIn_pfttw_8\">magas <\/span><span class=\"_fadeIn_pfttw_8\">Nyomat\u00e9k<\/span><\/li>\n<li data-start=\"1343\" data-end=\"1374\"><span class=\"_fadeIn_pfttw_8\">Robusztus, <\/span><span class=\"_fadeIn_pfttw_8\">alacsony karbantart\u00e1si ig\u00e9ny\u0171 <\/span><span class=\"_fadeIn_pfttw_8\">Mechanika<\/span><\/li>\n<li data-start=\"1343\" data-end=\"1374\"><span class=\"_fadeIn_pfttw_8\">Ferritmentes <\/span><span class=\"_fadeIn_pfttw_8\">a  oldalon. <\/span><span class=\"_fadeIn_pfttw_8\">MRI &amp; <\/span><span class=\"_fadeIn_pfttw_8\">Nagyfrekvenci\u00e1s technol\u00f3gia<\/span><\/li>\n<li data-start=\"1343\" data-end=\"1374\"><span class=\"_fadeIn_pfttw_8\">Balra - <\/span><span class=\"_fadeIn_pfttw_8\">\u00e9s <\/span><span class=\"_fadeIn_pfttw_8\">Az \u00f3ramutat\u00f3 j\u00e1r\u00e1s\u00e1val megegyez\u0151 ir\u00e1ny\u00fa forg\u00e1s <\/span><span class=\"_fadeIn_pfttw_8\">lehets\u00e9ges<\/span><\/li>\n<li data-start=\"1343\" data-end=\"1374\"><span class=\"_fadeIn_pfttw_8\">Rugalmas <\/span><span class=\"_fadeIn_pfttw_8\">am\u00edg <\/span><span class=\"_fadeIn_pfttw_8\">a <\/span><span class=\"_fadeIn_pfttw_8\">Standstill<\/span><\/li>\n<li data-start=\"1343\" data-end=\"1374\"><span class=\"_fadeIn_pfttw_8\">Kompakt <\/span><span class=\"_fadeIn_pfttw_8\">\u00c9p\u00edt\u00e9si m\u00f3dszer <\/span><span class=\"_fadeIn_pfttw_8\">a  oldalon. <\/span><span class=\"_fadeIn_pfttw_8\">rugalmas <\/span><span class=\"_fadeIn_pfttw_8\">Integr\u00e1ci\u00f3<\/span><\/li>\n<li data-start=\"1343\" data-end=\"1374\"><span class=\"_fadeIn_pfttw_8\">Alternat\u00edv <\/span><span class=\"_fadeIn_pfttw_8\">a <\/span><span class=\"_fadeIn_pfttw_8\">Vane motor<\/span><\/li>\n<\/ul>","protected":false},"excerpt":{"rendered":"<p><span class=\"_fadeIn_pfttw_8\">S\u0171r\u00edtett leveg\u0151 motor <\/span><span class=\"_fadeIn_pfttw_8\">alap\u00fa <\/span><span class=\"_fadeIn_pfttw_8\">a  oldalon <\/span><span class=\"_fadeIn_pfttw_8\">a <\/span><span class=\"_fadeIn_pfttw_8\">hat\u00e9kony <\/span><span class=\"_fadeIn_pfttw_8\">Radi\u00e1lis dugatty\u00fa elv, <\/span><span class=\"_fadeIn_pfttw_8\">magas <\/span><span class=\"_fadeIn_pfttw_8\">Nyomat\u00e9k <\/span><span class=\"_fadeIn_pfttw_8\">a  c\u00edmen <\/span><span class=\"_fadeIn_pfttw_8\">als\u00f3 <\/span><span class=\"_fadeIn_pfttw_8\">Leveg\u0151fogyaszt\u00e1s, <\/span><span class=\"_fadeIn_pfttw_8\">kompakt, <\/span><span class=\"_fadeIn_pfttw_8\">robusztus <\/span><span class=\"_fadeIn_pfttw_8\">\u00e9s <\/span><span class=\"_fadeIn_pfttw_8\">opcion\u00e1lis <\/span><span class=\"_fadeIn_pfttw_8\">Ferritmentes - <\/span><span class=\"_fadeIn_pfttw_8\">ide\u00e1lis <\/span><span class=\"_fadeIn_pfttw_8\">a  oldalon. <\/span><span class=\"_fadeIn_pfttw_8\">ipari <\/span><span class=\"_fadeIn_pfttw_8\">Alkalmaz\u00e1sok <\/span><span class=\"_fadeIn_pfttw_8\">\u00e9s <\/span><span class=\"_fadeIn_pfttw_8\">\u00e9rz\u00e9keny <\/span><span class=\"_fadeIn_pfttw_8\">Alkalmaz\u00e1si ter\u00fcletek <\/span><span class=\"_fadeIn_pfttw_8\">mint a <\/span><span class=\"_fadeIn_pfttw_8\">MRI <\/span><span class=\"_fadeIn_pfttw_8\">vagy <\/span><span class=\"_fadeIn_pfttw_8\">Nagyfrekvenci\u00e1s technol\u00f3gia.<\/span><\/p>","protected":false},"featured_media":15316,"comment_status":"open","ping_status":"closed","template":"","meta":{"_acf_changed":false},"product_brand":[],"product_cat":[2035,428],"product_tag":[2878,2879,2870,2871,2872,2873,2874,2875,2876,2877],"class_list":{"0":"post-3204","1":"product","2":"type-product","3":"status-publish","4":"has-post-thumbnail","6":"product_cat-druckluftmotor-ferrit-free","7":"product_cat-antriebstechnik","8":"product_tag-kompakter-druckluftmotor","9":"product_tag-alternative-lamellenmotor","10":"product_tag-ptm-druckluftmotor","11":"product_tag-radialkolbenmotor-druckluft","12":"product_tag-ferritfreier-druckluftmotor","13":"product_tag-mrt-geeigneter-motor","14":"product_tag-nicht-magnetischer-antrieb","15":"product_tag-hochfrequenz-kompatibler-motor","16":"product_tag-druckluftmotor-drehmoment-stark","17":"product_tag-pneumatischer-antrieb-maschine","18":"product_shipping_class-karton-paketversand","19":"pa_antriebsart-pneumatisch","20":"pa_antriebswelle-messing-o14mm-mit-passfeder-5n9","21":"pa_dichtung-pom","22":"pa_drehmoment-4nm","23":"pa_drehzahl-0-300-1-min","24":"pa_durchmesser-99mm","25":"pa_geraeuschpegel-75db","26":"pa_hoehe-799","27":"pa_labs-oel-und-silikonfrei","28":"pa_luftanschluesse-2xm6x075","29":"pa_material-gehaeuse-aluminium-eloxiert","30":"pa_model-pmo-450-ff","31":"pa_schutzart-ip67","32":"pa_steckverschraubung-2xschlauch-o6mm","33":"pa_versorgung-5-6bar","35":"first","36":"instock","37":"taxable","38":"shipping-taxable","39":"purchasable","40":"product-type-simple"},"bundled_by":[],"bundle_stock_status":"instock","bundle_stock_quantity":null,"bundle_virtual":false,"bundle_layout":"","bundle_add_to_cart_form_location":"","bundle_editable_in_cart":false,"bundle_sold_individually_context":"","bundle_item_grouping":"","bundle_min_size":"","bundle_max_size":"","bundle_price":[],"bundled_items":[],"bundle_sell_ids":[],"exclude_global_add_ons":[],"addons":[],"acf":[],"_links":{"self":[{"href":"https:\/\/ptm-mechatronics.com\/hu\/wp-json\/wp\/v2\/product\/3204","targetHints":{"allow":["GET"]}}],"collection":[{"href":"https:\/\/ptm-mechatronics.com\/hu\/wp-json\/wp\/v2\/product"}],"about":[{"href":"https:\/\/ptm-mechatronics.com\/hu\/wp-json\/wp\/v2\/types\/product"}],"replies":[{"embeddable":true,"href":"https:\/\/ptm-mechatronics.com\/hu\/wp-json\/wp\/v2\/comments?post=3204"}],"wp:featuredmedia":[{"embeddable":true,"href":"https:\/\/ptm-mechatronics.com\/hu\/wp-json\/wp\/v2\/media\/15316"}],"wp:attachment":[{"href":"https:\/\/ptm-mechatronics.com\/hu\/wp-json\/wp\/v2\/media?parent=3204"}],"wp:term":[{"taxonomy":"product_brand","embeddable":true,"href":"https:\/\/ptm-mechatronics.com\/hu\/wp-json\/wp\/v2\/product_brand?post=3204"},{"taxonomy":"product_cat","embeddable":true,"href":"https:\/\/ptm-mechatronics.com\/hu\/wp-json\/wp\/v2\/product_cat?post=3204"},{"taxonomy":"product_tag","embeddable":true,"href":"https:\/\/ptm-mechatronics.com\/hu\/wp-json\/wp\/v2\/product_tag?post=3204"}],"curies":[{"name":"wp","href":"https:\/\/api.w.org\/{rel}","templated":true}]}}