{"id":15639,"date":"2025-11-21T09:23:17","date_gmt":"2025-11-21T08:23:17","guid":{"rendered":"https:\/\/ptm-mechatronics.com\/?post_type=product&#038;p=15639"},"modified":"2025-12-01T09:32:34","modified_gmt":"2025-12-01T08:32:34","slug":"pumpwerk-fuer-faesser-atex","status":"publish","type":"product","link":"https:\/\/ptm-mechatronics.com\/hu\/product\/pumpwerk-fuer-faesser-atex\/","title":{"rendered":"Szivatty\u00fa\u00e1llom\u00e1s hord\u00f3khoz, ATEX"},"content":{"rendered":"<h1 data-start=\"242\" data-end=\"330\"><span style=\"font-size: 75%;\"><strong data-start=\"242\" data-end=\"330\">Szivatty\u00fa\u00e1llom\u00e1s 1,000 mm dobokhoz<br \/>\n<\/strong><\/span><span style=\"font-size: 75%;\">- ATEX II 1\/2 G IIB T4, t\u00f6m\u00edt\u00e9s n\u00e9lk\u00fcli, axi\u00e1lis, rozsdamentes ac\u00e9l tengely<\/span><\/h1>\n<p>A szivatty\u00fa\u00e1llom\u00e1st kifejezetten robban\u00e1svesz\u00e9lyes k\u00f6rnyezetben val\u00f3 haszn\u00e1latra fejlesztett\u00e9k ki.<\/p>\n<p>ATEX II 1\/2 G IIB T4 tan\u00fas\u00edtv\u00e1nnyal megfelel a legmagasabb biztons\u00e1gi k\u00f6vetelm\u00e9nyeknek, \u00e9s ide\u00e1lisan alkalmas gy\u00fal\u00e9kony folyad\u00e9kok kezel\u00e9s\u00e9re. A h\u00e1z \u00e9s a tengely kiv\u00e1l\u00f3 min\u0151s\u00e9g\u0171 V2A rozsdamentes ac\u00e9lb\u00f3l (Niro) k\u00e9sz\u00fclt, amely maxim\u00e1lis ellen\u00e1ll\u00e1st \u00e9s higi\u00e9ni\u00e1t biztos\u00edt. A tengelyir\u00e1nyban sz\u00e1ll\u00edt\u00f3 \u00e9s t\u00f6m\u00edt\u00e9s n\u00e9lk\u00fcli kialak\u00edt\u00e1s biztos\u00edtja a k\u00f6vetkezetes k\u00f6zegsz\u00e1ll\u00edt\u00e1st minim\u00e1lis karbantart\u00e1s mellett - t\u00f6k\u00e9letes az old\u00f3szerekkel \u00e9s m\u00e1s vesz\u00e9lyes anyagokkal kapcsolatos ipari alkalmaz\u00e1sokhoz.<\/p>\n<p>Sz\u00e1ll\u00edt\u00e1si terjedelem motor n\u00e9lk\u00fcl<\/p>","protected":false},"excerpt":{"rendered":"<p>ATEX tan\u00fas\u00edtv\u00e1nnyal rendelkez\u0151 rozsdamentes ac\u00e9l szivatty\u00faegys\u00e9g, t\u00f6m\u00edt\u00e9s n\u00e9lk\u00fcli \u00e9s axi\u00e1lis sz\u00e1ll\u00edt\u00e1s - gy\u00fal\u00e9kony k\u00f6zegekhez \u00e9s robban\u00e1svesz\u00e9lyes z\u00f3n\u00e1khoz.<\/p>","protected":false},"featured_media":15708,"comment_status":"closed","ping_status":"closed","template":"","meta":{"_acf_changed":false},"product_brand":[],"product_cat":[3206,3224],"product_tag":[],"class_list":{"0":"post-15639","1":"product","2":"type-product","3":"status-publish","4":"has-post-thumbnail","6":"product_cat-pumpentechnik","7":"product_cat-fasspumpen","8":"product_shipping_class-karton-paketversand","9":"pa_laenge-1000mm","10":"pa_material-edelstahl","12":"first","13":"instock","14":"taxable","15":"shipping-taxable","16":"purchasable","17":"product-type-simple"},"bundled_by":[],"bundle_stock_status":"instock","bundle_stock_quantity":null,"bundle_virtual":false,"bundle_layout":"","bundle_add_to_cart_form_location":"","bundle_editable_in_cart":false,"bundle_sold_individually_context":"","bundle_item_grouping":"","bundle_min_size":"","bundle_max_size":"","bundle_price":[],"bundled_items":[],"bundle_sell_ids":[],"exclude_global_add_ons":[],"addons":[],"acf":[],"_links":{"self":[{"href":"https:\/\/ptm-mechatronics.com\/hu\/wp-json\/wp\/v2\/product\/15639","targetHints":{"allow":["GET"]}}],"collection":[{"href":"https:\/\/ptm-mechatronics.com\/hu\/wp-json\/wp\/v2\/product"}],"about":[{"href":"https:\/\/ptm-mechatronics.com\/hu\/wp-json\/wp\/v2\/types\/product"}],"replies":[{"embeddable":true,"href":"https:\/\/ptm-mechatronics.com\/hu\/wp-json\/wp\/v2\/comments?post=15639"}],"wp:featuredmedia":[{"embeddable":true,"href":"https:\/\/ptm-mechatronics.com\/hu\/wp-json\/wp\/v2\/media\/15708"}],"wp:attachment":[{"href":"https:\/\/ptm-mechatronics.com\/hu\/wp-json\/wp\/v2\/media?parent=15639"}],"wp:term":[{"taxonomy":"product_brand","embeddable":true,"href":"https:\/\/ptm-mechatronics.com\/hu\/wp-json\/wp\/v2\/product_brand?post=15639"},{"taxonomy":"product_cat","embeddable":true,"href":"https:\/\/ptm-mechatronics.com\/hu\/wp-json\/wp\/v2\/product_cat?post=15639"},{"taxonomy":"product_tag","embeddable":true,"href":"https:\/\/ptm-mechatronics.com\/hu\/wp-json\/wp\/v2\/product_tag?post=15639"}],"curies":[{"name":"wp","href":"https:\/\/api.w.org\/{rel}","templated":true}]}}