{"id":15638,"date":"2025-11-21T09:19:29","date_gmt":"2025-11-21T08:19:29","guid":{"rendered":"https:\/\/ptm-mechatronics.com\/?post_type=product&#038;p=15638"},"modified":"2025-12-01T09:27:19","modified_gmt":"2025-12-01T08:27:19","slug":"pumpwerk-fuer-faesser-oele-neutrale-fluessigkeiten","status":"publish","type":"product","link":"https:\/\/ptm-mechatronics.com\/hu\/product\/pumpwerk-fuer-faesser-oele-neutrale-fluessigkeiten\/","title":{"rendered":"Szivatty\u00fa\u00e1llom\u00e1s hord\u00f3khoz, olajokhoz\/semleges folyad\u00e9kokhoz"},"content":{"rendered":"<h1 data-start=\"242\" data-end=\"330\"><span style=\"font-size: 75%;\"><strong data-start=\"242\" data-end=\"330\">Szivatty\u00fa\u00e1llom\u00e1s 1,000 mm dobokhoz<br \/>\n<\/strong><\/span><span style=\"font-size: 75%;\">- t\u00f6m\u00edt\u00e9s n\u00e9lk\u00fcli, axi\u00e1lis, rozsdamentes ac\u00e9l tengely<\/span><\/h1>\n<p>A szivatty\u00fatelep robusztus \u00e9s alacsony karbantart\u00e1si ig\u00e9ny\u0171 megold\u00e1s olajok \u00e9s semleges folyad\u00e9kok szivatty\u00faz\u00e1s\u00e1ra.<\/p>\n<p>Kiv\u00e1l\u00f3 min\u0151s\u00e9g\u0171 alum\u00ednium h\u00e1za nagy mechanikai terhelhet\u0151s\u00e9get biztos\u00edt, m\u00edg a rozsdamentes ac\u00e9lb\u00f3l k\u00e9sz\u00fclt hajt\u00f3tengely megb\u00edzhat\u00f3 korr\u00f3zi\u00f3v\u00e9delmet ny\u00fajt. Az axi\u00e1lis szivatty\u00faz\u00e1si kialak\u00edt\u00e1s lehet\u0151v\u00e9 teszi a k\u00f6zeg egyenletes \u00e9s hat\u00e9kony szivatty\u00faz\u00e1s\u00e1t. A t\u00f6m\u00edt\u00e9s n\u00e9lk\u00fcli kialak\u00edt\u00e1snak k\u00f6sz\u00f6nhet\u0151en a szivatty\u00faegys\u00e9g gyakorlatilag karbantart\u00e1smentes - ide\u00e1lis hossz\u00fa t\u00e1v\u00fa haszn\u00e1latra a m\u0171helyekben, az iparban vagy a gy\u00e1rt\u00e1sban.<\/p>\n<p>A szivatty\u00faegys\u00e9g kompatibilis a PTM mechatronics olajokhoz \u00e9s semleges folyad\u00e9kokhoz val\u00f3 dobszivatty\u00farendszer\u00e9vel, \u00e9s lehet\u0151v\u00e9 teszi a gyors \u00e1t\u00e1ll\u00e1st k\u00fcl\u00f6nb\u00f6z\u0151 alkalmaz\u00e1sokhoz vagy k\u00f6zegekhez.<\/p>\n<p>Sz\u00e1ll\u00edt\u00e1si terjedelem motor n\u00e9lk\u00fcl<\/p>","protected":false},"excerpt":{"rendered":"<p>T\u00f6m\u00edt\u00e9s n\u00e9lk\u00fcli alum\u00ednium szivatty\u00faegys\u00e9g rozsdamentes ac\u00e9l tengellyel az olaj \u00e9s semleges k\u00f6zegek megb\u00edzhat\u00f3 szivatty\u00faz\u00e1s\u00e1hoz.<\/p>","protected":false},"featured_media":15706,"comment_status":"closed","ping_status":"closed","template":"","meta":{"_acf_changed":false},"product_brand":[],"product_cat":[3206,3224],"product_tag":[],"class_list":{"0":"post-15638","1":"product","2":"type-product","3":"status-publish","4":"has-post-thumbnail","6":"product_cat-pumpentechnik","7":"product_cat-fasspumpen","8":"product_shipping_class-karton-paketversand","9":"pa_laenge-1000mm","10":"pa_material-edelstahl","11":"pa_material-alu","13":"first","14":"instock","15":"taxable","16":"shipping-taxable","17":"purchasable","18":"product-type-simple"},"bundled_by":[],"bundle_stock_status":"instock","bundle_stock_quantity":null,"bundle_virtual":false,"bundle_layout":"","bundle_add_to_cart_form_location":"","bundle_editable_in_cart":false,"bundle_sold_individually_context":"","bundle_item_grouping":"","bundle_min_size":"","bundle_max_size":"","bundle_price":[],"bundled_items":[],"bundle_sell_ids":[],"exclude_global_add_ons":[],"addons":[],"acf":[],"_links":{"self":[{"href":"https:\/\/ptm-mechatronics.com\/hu\/wp-json\/wp\/v2\/product\/15638","targetHints":{"allow":["GET"]}}],"collection":[{"href":"https:\/\/ptm-mechatronics.com\/hu\/wp-json\/wp\/v2\/product"}],"about":[{"href":"https:\/\/ptm-mechatronics.com\/hu\/wp-json\/wp\/v2\/types\/product"}],"replies":[{"embeddable":true,"href":"https:\/\/ptm-mechatronics.com\/hu\/wp-json\/wp\/v2\/comments?post=15638"}],"wp:featuredmedia":[{"embeddable":true,"href":"https:\/\/ptm-mechatronics.com\/hu\/wp-json\/wp\/v2\/media\/15706"}],"wp:attachment":[{"href":"https:\/\/ptm-mechatronics.com\/hu\/wp-json\/wp\/v2\/media?parent=15638"}],"wp:term":[{"taxonomy":"product_brand","embeddable":true,"href":"https:\/\/ptm-mechatronics.com\/hu\/wp-json\/wp\/v2\/product_brand?post=15638"},{"taxonomy":"product_cat","embeddable":true,"href":"https:\/\/ptm-mechatronics.com\/hu\/wp-json\/wp\/v2\/product_cat?post=15638"},{"taxonomy":"product_tag","embeddable":true,"href":"https:\/\/ptm-mechatronics.com\/hu\/wp-json\/wp\/v2\/product_tag?post=15638"}],"curies":[{"name":"wp","href":"https:\/\/api.w.org\/{rel}","templated":true}]}}