{"id":15637,"date":"2025-11-21T09:16:10","date_gmt":"2025-11-21T08:16:10","guid":{"rendered":"https:\/\/ptm-mechatronics.com\/?post_type=product&#038;p=15637"},"modified":"2025-11-28T11:27:31","modified_gmt":"2025-11-28T10:27:31","slug":"pumpwerk-fuer-faesser-chemikalien","status":"publish","type":"product","link":"https:\/\/ptm-mechatronics.com\/hu\/product\/pumpwerk-fuer-faesser-chemikalien\/","title":{"rendered":"Szivatty\u00fa\u00e1llom\u00e1s hord\u00f3khoz, vegyszerekhez"},"content":{"rendered":"<h1 data-start=\"242\" data-end=\"330\"><span style=\"font-size: 75%;\"><strong data-start=\"242\" data-end=\"330\">Szivatty\u00fa\u00e1llom\u00e1s 1,000 mm dobokhoz<br \/>\n<\/strong><\/span><span style=\"font-size: 75%;\">- t\u00f6m\u00edt\u00e9s n\u00e9lk\u00fcli, axi\u00e1lis, Hastelloy tengely<\/span><\/h1>\n<p>A szivatty\u00fa\u00e1llom\u00e1st kifejezetten a biztons\u00e1gos \u00e9s alacsony karbantart\u00e1si ig\u00e9ny\u0171 vegyipari alkalmaz\u00e1sokhoz fejlesztett\u00e9k ki.<\/p>\n<p>A h\u00e1z rendk\u00edv\u00fcl ellen\u00e1ll\u00f3 PVDF-b\u0151l (polivinilid\u00e9n-fluorid) k\u00e9sz\u00fclt, \u00e9s ellen\u00e1ll a rendk\u00edv\u00fcl agressz\u00edv vegyszereknek is. Az axi\u00e1lisan szivatty\u00fazhat\u00f3 kialak\u00edt\u00e1s lehet\u0151v\u00e9 teszi a k\u00f6zeg egyenletes \u00e9s hat\u00e9kony szivatty\u00faz\u00e1s\u00e1t, a Hastelloy (HC) hajt\u00f3tengely pedig maxim\u00e1lis korr\u00f3zi\u00f3\u00e1ll\u00f3s\u00e1got biztos\u00edt. A t\u00f6m\u00edt\u00e9s n\u00e9lk\u00fcli kialak\u00edt\u00e1snak k\u00f6sz\u00f6nhet\u0151en a szivatty\u00faegys\u00e9g gyakorlatilag karbantart\u00e1smentes, \u00e9s ide\u00e1lis az ig\u00e9nyes laborat\u00f3riumi \u00e9s ipari k\u00f6rnyezethez.<\/p>\n<p>Sz\u00e1ll\u00edt\u00e1si terjedelem motor n\u00e9lk\u00fcl<\/p>","protected":false},"excerpt":{"rendered":"<p>T\u00f6m\u00edt\u00e9s n\u00e9lk\u00fcli PVDF szivatty\u00faegys\u00e9g Hastelloy tengellyel \u00e9s axi\u00e1lis sz\u00e1ll\u00edt\u00e1ssal - ide\u00e1lis a rendk\u00edv\u00fcl agressz\u00edv vegyszerekhez.<\/p>","protected":false},"featured_media":15689,"comment_status":"closed","ping_status":"closed","template":"","meta":{"_acf_changed":false},"product_brand":[],"product_cat":[3206,3224],"product_tag":[],"class_list":{"0":"post-15637","1":"product","2":"type-product","3":"status-publish","4":"has-post-thumbnail","6":"product_cat-pumpentechnik","7":"product_cat-fasspumpen","8":"product_shipping_class-karton-paketversand","9":"pa_laenge-1000mm","10":"pa_material-hastelloy-c","11":"pa_material-polyvinylidenfluorid-pvdf","13":"first","14":"instock","15":"taxable","16":"shipping-taxable","17":"purchasable","18":"product-type-simple"},"bundled_by":[],"bundle_stock_status":"instock","bundle_stock_quantity":null,"bundle_virtual":false,"bundle_layout":"","bundle_add_to_cart_form_location":"","bundle_editable_in_cart":false,"bundle_sold_individually_context":"","bundle_item_grouping":"","bundle_min_size":"","bundle_max_size":"","bundle_price":[],"bundled_items":[],"bundle_sell_ids":[],"exclude_global_add_ons":[],"addons":[],"acf":[],"_links":{"self":[{"href":"https:\/\/ptm-mechatronics.com\/hu\/wp-json\/wp\/v2\/product\/15637","targetHints":{"allow":["GET"]}}],"collection":[{"href":"https:\/\/ptm-mechatronics.com\/hu\/wp-json\/wp\/v2\/product"}],"about":[{"href":"https:\/\/ptm-mechatronics.com\/hu\/wp-json\/wp\/v2\/types\/product"}],"replies":[{"embeddable":true,"href":"https:\/\/ptm-mechatronics.com\/hu\/wp-json\/wp\/v2\/comments?post=15637"}],"wp:featuredmedia":[{"embeddable":true,"href":"https:\/\/ptm-mechatronics.com\/hu\/wp-json\/wp\/v2\/media\/15689"}],"wp:attachment":[{"href":"https:\/\/ptm-mechatronics.com\/hu\/wp-json\/wp\/v2\/media?parent=15637"}],"wp:term":[{"taxonomy":"product_brand","embeddable":true,"href":"https:\/\/ptm-mechatronics.com\/hu\/wp-json\/wp\/v2\/product_brand?post=15637"},{"taxonomy":"product_cat","embeddable":true,"href":"https:\/\/ptm-mechatronics.com\/hu\/wp-json\/wp\/v2\/product_cat?post=15637"},{"taxonomy":"product_tag","embeddable":true,"href":"https:\/\/ptm-mechatronics.com\/hu\/wp-json\/wp\/v2\/product_tag?post=15637"}],"curies":[{"name":"wp","href":"https:\/\/api.w.org\/{rel}","templated":true}]}}