{"id":15636,"date":"2025-11-21T09:08:42","date_gmt":"2025-11-21T08:08:42","guid":{"rendered":"https:\/\/ptm-mechatronics.com\/?post_type=product&#038;p=15636"},"modified":"2025-11-28T11:26:31","modified_gmt":"2025-11-28T10:26:31","slug":"pumpwerk-fuer-faesser-konzentrierte-saeuren-laugen","status":"publish","type":"product","link":"https:\/\/ptm-mechatronics.com\/hu\/product\/pumpwerk-fuer-faesser-konzentrierte-saeuren-laugen\/","title":{"rendered":"Szivatty\u00fa\u00e1llom\u00e1s hord\u00f3khoz, koncentr\u00e1lt savakhoz\/alk\u00e1li\u00e1khoz"},"content":{"rendered":"<h1 data-start=\"242\" data-end=\"330\"><span style=\"font-size: 75%;\"><strong data-start=\"242\" data-end=\"330\">Szivatty\u00fa\u00e1llom\u00e1s 1,000 mm dobokhoz<br \/>\n<\/strong><\/span><span style=\"font-size: 75%;\">- T\u00f6m\u00edt\u00e9s n\u00e9lk\u00fcli, radi\u00e1lis, Hastelloy tengely<\/span><\/h1>\n<p>A radi\u00e1lis sz\u00e1ll\u00edt\u00e1si jellemz\u0151kkel rendelkez\u0151 szivatty\u00fa\u00e1llom\u00e1s ide\u00e1lis megold\u00e1s a k\u00e9miailag agressz\u00edv, alacsony viszkozit\u00e1s\u00fa k\u00f6zegek biztons\u00e1gos \u00e9s alacsony karbantart\u00e1si ig\u00e9ny\u0171 kezel\u00e9s\u00e9re.<\/p>\n<p>A h\u00e1z vegyszer\u00e1ll\u00f3 polipropil\u00e9nb\u0151l (PP) k\u00e9sz\u00fclt, m\u00edg a nagy teljes\u00edtm\u00e9ny\u0171 Hastelloy (HC) \u00f6tv\u00f6zetb\u0151l k\u00e9sz\u00fclt robusztus hajt\u00f3tengely m\u00e9g sz\u00e9ls\u0151s\u00e9ges k\u00f6r\u00fclm\u00e9nyek k\u00f6z\u00f6tt is kiv\u00e1l\u00f3 korr\u00f3zi\u00f3v\u00e9delmet biztos\u00edt. A t\u00f6m\u00edt\u00e9s n\u00e9lk\u00fcli kialak\u00edt\u00e1s minimaliz\u00e1lja a karbantart\u00e1si ig\u00e9nyeket \u00e9s az \u00e1ll\u00e1sid\u0151t - ide\u00e1lis ig\u00e9nyes ipari alkalmaz\u00e1sokhoz.<\/p>\n<p>Sz\u00e1ll\u00edt\u00e1si terjedelem motor n\u00e9lk\u00fcl<\/p>","protected":false},"excerpt":{"rendered":"<p>T\u00f6m\u00edt\u00e9s n\u00e9lk\u00fcli PP szivatty\u00fa\u00e1llom\u00e1s Hastelloy tengellyel \u00e9s radi\u00e1lis sz\u00e1ll\u00edt\u00e1ssal agressz\u00edv vegyi anyagokhoz.<\/p>","protected":false},"featured_media":15696,"comment_status":"closed","ping_status":"closed","template":"","meta":{"_acf_changed":false},"product_brand":[],"product_cat":[3206,3224],"product_tag":[],"class_list":{"0":"post-15636","1":"product","2":"type-product","3":"status-publish","4":"has-post-thumbnail","6":"product_cat-pumpentechnik","7":"product_cat-fasspumpen","8":"product_shipping_class-karton-paketversand","9":"pa_laenge-1000mm","10":"pa_material-polypropylen-pp","11":"pa_material-hastelloy-c","13":"first","14":"instock","15":"taxable","16":"shipping-taxable","17":"purchasable","18":"product-type-simple"},"bundled_by":[],"bundle_stock_status":"instock","bundle_stock_quantity":null,"bundle_virtual":false,"bundle_layout":"","bundle_add_to_cart_form_location":"","bundle_editable_in_cart":false,"bundle_sold_individually_context":"","bundle_item_grouping":"","bundle_min_size":"","bundle_max_size":"","bundle_price":[],"bundled_items":[],"bundle_sell_ids":[],"exclude_global_add_ons":[],"addons":[],"acf":[],"_links":{"self":[{"href":"https:\/\/ptm-mechatronics.com\/hu\/wp-json\/wp\/v2\/product\/15636","targetHints":{"allow":["GET"]}}],"collection":[{"href":"https:\/\/ptm-mechatronics.com\/hu\/wp-json\/wp\/v2\/product"}],"about":[{"href":"https:\/\/ptm-mechatronics.com\/hu\/wp-json\/wp\/v2\/types\/product"}],"replies":[{"embeddable":true,"href":"https:\/\/ptm-mechatronics.com\/hu\/wp-json\/wp\/v2\/comments?post=15636"}],"wp:featuredmedia":[{"embeddable":true,"href":"https:\/\/ptm-mechatronics.com\/hu\/wp-json\/wp\/v2\/media\/15696"}],"wp:attachment":[{"href":"https:\/\/ptm-mechatronics.com\/hu\/wp-json\/wp\/v2\/media?parent=15636"}],"wp:term":[{"taxonomy":"product_brand","embeddable":true,"href":"https:\/\/ptm-mechatronics.com\/hu\/wp-json\/wp\/v2\/product_brand?post=15636"},{"taxonomy":"product_cat","embeddable":true,"href":"https:\/\/ptm-mechatronics.com\/hu\/wp-json\/wp\/v2\/product_cat?post=15636"},{"taxonomy":"product_tag","embeddable":true,"href":"https:\/\/ptm-mechatronics.com\/hu\/wp-json\/wp\/v2\/product_tag?post=15636"}],"curies":[{"name":"wp","href":"https:\/\/api.w.org\/{rel}","templated":true}]}}