{"id":15631,"date":"2025-11-20T15:10:25","date_gmt":"2025-11-20T14:10:25","guid":{"rendered":"https:\/\/ptm-mechatronics.com\/?post_type=product&#038;p=15631"},"modified":"2025-11-28T11:24:00","modified_gmt":"2025-11-28T10:24:00","slug":"universalmotor-fuer-fasspumpen-850-watt","status":"publish","type":"product","link":"https:\/\/ptm-mechatronics.com\/hu\/product\/universalmotor-fuer-fasspumpen-850-watt\/","title":{"rendered":"Univerz\u00e1lis motor hord\u00f3szivatty\u00fakhoz, 850 wattos"},"content":{"rendered":"<h1 data-start=\"196\" data-end=\"275\"><span style=\"font-size: 75%;\">Univerz\u00e1lis motor dobszivatty\u00fakhoz<br \/>\n<\/span><span style=\"font-size: 75%;\">- Kompakt, er\u0151s, sokoldal\u00fa<\/span><\/h1>\n<p data-start=\"277\" data-end=\"588\">Az univerz\u00e1lis motor a modul\u00e1ris dobszivatty\u00fa k\u00f6zponti meghajt\u00f3 eleme. A motor 850 W teljes\u00edtm\u00e9ny\u00e9vel, 230 V-os, 50 Hz-es fesz\u00fclts\u00e9g\u00e9vel \u00e9s IP24-es v\u00e9delmi oszt\u00e1ly\u00e1val megb\u00edzhat\u00f3 teljes\u00edtm\u00e9nyt ny\u00fajt a folyamatos m\u0171k\u00f6d\u00e9shez a termel\u00e9si k\u00f6rnyezetben.<\/p>\n<p data-start=\"590\" data-end=\"911\">A motor szersz\u00e1mok n\u00e9lk\u00fcl \u00f6sszeszerelhet\u0151 \u00e9s sz\u00e9tszerelhet\u0151, ami maxim\u00e1lis rugalmass\u00e1got biztos\u00edt a kezel\u00e9s \u00e9s a tiszt\u00edt\u00e1s sor\u00e1n. Kompatibilis a boltban kaphat\u00f3 \u00f6sszes PTM szivatty\u00faegys\u00e9ggel, \u00e9s a folyad\u00e9kok sz\u00e9les sk\u00e1l\u00e1j\u00e1nak biztons\u00e1gos, k\u00e9nyelmes \u00e9s higi\u00e9nikus szivatty\u00faz\u00e1s\u00e1val ny\u0171g\u00f6z le.<\/p>","protected":false},"excerpt":{"rendered":"<p>Univerz\u00e1lis motor 850 W-os teljes\u00edtm\u00e9nnyel, kompakt, szersz\u00e1m n\u00e9lk\u00fcl szerelhet\u0151 meghajt\u00f3egys\u00e9g a PTM mechatronics modul\u00e1ris hord\u00f3szivatty\u00faihoz.<\/p>","protected":false},"featured_media":15673,"comment_status":"closed","ping_status":"closed","template":"","meta":{"_acf_changed":false},"product_brand":[],"product_cat":[3206,3224],"product_tag":[],"class_list":{"0":"post-15631","1":"product","2":"type-product","3":"status-publish","4":"has-post-thumbnail","6":"product_cat-pumpentechnik","7":"product_cat-fasspumpen","8":"product_shipping_class-karton-paketversand","9":"pa_leistung-850-watt","10":"pa_schutzart-ip24","11":"pa_spannung-230v","13":"first","14":"instock","15":"taxable","16":"shipping-taxable","17":"purchasable","18":"product-type-simple"},"bundled_by":[],"bundle_stock_status":"instock","bundle_stock_quantity":null,"bundle_virtual":false,"bundle_layout":"","bundle_add_to_cart_form_location":"","bundle_editable_in_cart":false,"bundle_sold_individually_context":"","bundle_item_grouping":"","bundle_min_size":"","bundle_max_size":"","bundle_price":[],"bundled_items":[],"bundle_sell_ids":[],"exclude_global_add_ons":[],"addons":[],"acf":[],"_links":{"self":[{"href":"https:\/\/ptm-mechatronics.com\/hu\/wp-json\/wp\/v2\/product\/15631","targetHints":{"allow":["GET"]}}],"collection":[{"href":"https:\/\/ptm-mechatronics.com\/hu\/wp-json\/wp\/v2\/product"}],"about":[{"href":"https:\/\/ptm-mechatronics.com\/hu\/wp-json\/wp\/v2\/types\/product"}],"replies":[{"embeddable":true,"href":"https:\/\/ptm-mechatronics.com\/hu\/wp-json\/wp\/v2\/comments?post=15631"}],"wp:featuredmedia":[{"embeddable":true,"href":"https:\/\/ptm-mechatronics.com\/hu\/wp-json\/wp\/v2\/media\/15673"}],"wp:attachment":[{"href":"https:\/\/ptm-mechatronics.com\/hu\/wp-json\/wp\/v2\/media?parent=15631"}],"wp:term":[{"taxonomy":"product_brand","embeddable":true,"href":"https:\/\/ptm-mechatronics.com\/hu\/wp-json\/wp\/v2\/product_brand?post=15631"},{"taxonomy":"product_cat","embeddable":true,"href":"https:\/\/ptm-mechatronics.com\/hu\/wp-json\/wp\/v2\/product_cat?post=15631"},{"taxonomy":"product_tag","embeddable":true,"href":"https:\/\/ptm-mechatronics.com\/hu\/wp-json\/wp\/v2\/product_tag?post=15631"}],"curies":[{"name":"wp","href":"https:\/\/api.w.org\/{rel}","templated":true}]}}