{"id":15629,"date":"2025-11-19T12:30:48","date_gmt":"2025-11-19T11:30:48","guid":{"rendered":"https:\/\/ptm-mechatronics.com\/?post_type=product&#038;p=15629"},"modified":"2025-12-03T12:53:28","modified_gmt":"2025-12-03T11:53:28","slug":"fasspumpe-atex","status":"publish","type":"product","link":"https:\/\/ptm-mechatronics.com\/hu\/product\/fasspumpe-atex\/","title":{"rendered":"Dobszivatty\u00fa ATEX"},"content":{"rendered":"<h1 data-start=\"227\" data-end=\"303\"><span style=\"font-size: 75%;\">Dobszivatty\u00fa-k\u00e9szlet ATEX<\/span><\/h1>\n<p>Az ATEX tan\u00fas\u00edtv\u00e1nnyal rendelkez\u0151 hord\u00f3szivatty\u00fa-k\u00e9szlet ide\u00e1lis megold\u00e1s gy\u00fal\u00e9kony folyad\u00e9kok biztons\u00e1gos t\u00f6lt\u00e9s\u00e9re robban\u00e1svesz\u00e9lyes k\u00f6rnyezetben. A nagy teljes\u00edtm\u00e9ny\u0171 Ex-motorral (Ex II 2 G EEx de IIC T5, IP54) \u00e9s a robusztus szivatty\u00faegys\u00e9ggel (ATEX II 1\/2 G IIB T4) felszerelve ez a k\u00e9szlet megfelel a legmagasabb biztons\u00e1gi k\u00f6vetelm\u00e9nyeknek. A 2 m hossz\u00fa, vezet\u0151k\u00e9pes DN25 old\u00f3szert\u00f6ml\u0151 \u00e9s a tart\u00f3s s\u00e1rgar\u00e9z\/PTFE szivatty\u00faf\u00fav\u00f3ka biztons\u00e1gos \u00e9s ellen\u0151rz\u00f6tt adagol\u00e1st tesz lehet\u0151v\u00e9. A potenci\u00e1l kiegyenl\u00edt\u0151 k\u00e1bel biztos\u00edtja a sz\u00fcks\u00e9ges v\u00e9delmet az elektrosztatikus felt\u00f6lt\u0151d\u00e9s ellen is.<\/p>\n<p data-start=\"644\" data-end=\"1136\">A k\u00fcl\u00f6nlegess\u00e9g: A motor szersz\u00e1mok n\u00e9lk\u00fcl lev\u00e1laszthat\u00f3 a szivatty\u00fatelepr\u0151l, \u00e9s m\u00e1s szivatty\u00fatelepekhez csatlakoztathat\u00f3. Ez azt jelenti, hogy egy motor rugalmasan haszn\u00e1lhat\u00f3 t\u00f6bb szivatty\u00fa\u00e1llom\u00e1ssal. A tov\u00e1bbi alkatr\u00e9szek k\u00fcl\u00f6n-k\u00fcl\u00f6n is kaphat\u00f3k a boltban - a maxim\u00e1lis modularit\u00e1s \u00e9s alkalmazkod\u00f3k\u00e9pess\u00e9g \u00e9rdek\u00e9ben.<\/p>\n<p data-start=\"644\" data-end=\"1136\">K\u00e9szletelemek:<\/p>\n<ul>\n<li>Univerz\u00e1lis motor Ex II 2 G EEx de IIC T5, 230V o. USP, 50 Hz, 700W<\/li>\n<li>Szivatty\u00faegys\u00e9g ATEX II 1\/2 G IIB T4, rozsdamentes ac\u00e9l t\u00f6m\u00edt\u00e9s n\u00e9lk\u00fcli, axi\u00e1lis, rozsdamentes ac\u00e9l tengely (rozsdamentes ac\u00e9l)<\/li>\n<li>2 m old\u00f3szeres t\u00f6ml\u0151 DN25<\/li>\n<li>2x t\u00f6ml\u0151csatlakoz\u00f3 s\u00e1rgar\u00e9z 1 1\/4\u2033<\/li>\n<li>Adagol\u00f3 f\u00fav\u00f3ka s\u00e1rgar\u00e9z\/PTFE<\/li>\n<li>Potenci\u00e1lis kiegyenl\u00edt\u0151 k\u00e1bel<\/li>\n<\/ul>","protected":false},"excerpt":{"rendered":"<p>H\u00edg\u00edtott savak \u00e9s l\u00fagok biztons\u00e1gos felt\u00f6lt\u00e9s\u00e9re szolg\u00e1l\u00f3 hord\u00f3szivatty\u00fa-k\u00e9szlet - teljesen felszerelt \u00e9s azonnal haszn\u00e1latra k\u00e9sz.<\/p>","protected":false},"featured_media":15705,"comment_status":"closed","ping_status":"closed","template":"","meta":{"_acf_changed":false},"product_brand":[],"product_cat":[3206,3224],"product_tag":[3228,3229,3230,3231,3232,3233,3234,3235,3226,3227],"class_list":{"0":"post-15629","1":"product","2":"type-product","3":"status-publish","4":"has-post-thumbnail","6":"product_cat-pumpentechnik","7":"product_cat-fasspumpen","8":"product_tag-labor-fasspumpe","9":"product_tag-fasspumpenset-bs1","10":"product_tag-fasspumpe-verduennte-saeuren","11":"product_tag-fasspumpe-laugen","12":"product_tag-chemiepumpe-set","13":"product_tag-pp-fasspumpensystem","14":"product_tag-edelstahlwelle-fasspumpe","15":"product_tag-zapfpistole-fpm","16":"product_tag-fasspumpe-set","17":"product_tag-fasspumpen-komplettset","18":"product_shipping_class-karton-paketversand","19":"pa_atex-motor-ex-ii-2-g-eex-de-iic-t5","20":"pa_foerderleistung-max-100-l-min","21":"pa_leistung-700-watt","22":"pa_material-ptfe","23":"pa_material-messing","24":"pa_material-edelstahl","25":"pa_schutzart-ip54","27":"first","28":"instock","29":"taxable","30":"shipping-taxable","31":"purchasable","32":"product-type-simple"},"bundled_by":[],"bundle_stock_status":"instock","bundle_stock_quantity":null,"bundle_virtual":false,"bundle_layout":"","bundle_add_to_cart_form_location":"","bundle_editable_in_cart":false,"bundle_sold_individually_context":"","bundle_item_grouping":"","bundle_min_size":"","bundle_max_size":"","bundle_price":[],"bundled_items":[],"bundle_sell_ids":[],"exclude_global_add_ons":[],"addons":[],"acf":[],"_links":{"self":[{"href":"https:\/\/ptm-mechatronics.com\/hu\/wp-json\/wp\/v2\/product\/15629","targetHints":{"allow":["GET"]}}],"collection":[{"href":"https:\/\/ptm-mechatronics.com\/hu\/wp-json\/wp\/v2\/product"}],"about":[{"href":"https:\/\/ptm-mechatronics.com\/hu\/wp-json\/wp\/v2\/types\/product"}],"replies":[{"embeddable":true,"href":"https:\/\/ptm-mechatronics.com\/hu\/wp-json\/wp\/v2\/comments?post=15629"}],"wp:featuredmedia":[{"embeddable":true,"href":"https:\/\/ptm-mechatronics.com\/hu\/wp-json\/wp\/v2\/media\/15705"}],"wp:attachment":[{"href":"https:\/\/ptm-mechatronics.com\/hu\/wp-json\/wp\/v2\/media?parent=15629"}],"wp:term":[{"taxonomy":"product_brand","embeddable":true,"href":"https:\/\/ptm-mechatronics.com\/hu\/wp-json\/wp\/v2\/product_brand?post=15629"},{"taxonomy":"product_cat","embeddable":true,"href":"https:\/\/ptm-mechatronics.com\/hu\/wp-json\/wp\/v2\/product_cat?post=15629"},{"taxonomy":"product_tag","embeddable":true,"href":"https:\/\/ptm-mechatronics.com\/hu\/wp-json\/wp\/v2\/product_tag?post=15629"}],"curies":[{"name":"wp","href":"https:\/\/api.w.org\/{rel}","templated":true}]}}