{"id":15628,"date":"2025-11-18T15:03:55","date_gmt":"2025-11-18T14:03:55","guid":{"rendered":"https:\/\/ptm-mechatronics.com\/?post_type=product&#038;p=15628"},"modified":"2025-12-03T12:54:30","modified_gmt":"2025-12-03T11:54:30","slug":"fasspumpe-fuer-oel-neutrale-fluessigkeiten","status":"publish","type":"product","link":"https:\/\/ptm-mechatronics.com\/hu\/product\/fasspumpe-fuer-oel-neutrale-fluessigkeiten\/","title":{"rendered":"Dobszivatty\u00fa olajhoz \u00e9s semleges folyad\u00e9kokhoz"},"content":{"rendered":"<h1 data-start=\"227\" data-end=\"303\"><span style=\"font-size: 75%;\">Dobszivatty\u00fa-k\u00e9szlet olajhoz \u00e9s semleges folyad\u00e9kokhoz, azonnal haszn\u00e1latra k\u00e9szen<\/span><\/h1>\n<p data-start=\"716\" data-end=\"1056\">Az olajoshord\u00f3-szivatty\u00fa k\u00e9szlet az \u00d6n praktikus, teljes megold\u00e1sa az olaj \u00e9s semleges folyad\u00e9kok egyszer\u0171 \u00e9s biztons\u00e1gos felt\u00f6lt\u00e9s\u00e9re az ipari szektorban. Robusztus, elektromos motorj\u00e1val \u00e9s tart\u00f3s szivatty\u00faegys\u00e9g\u00e9vel a k\u00e9szlet ide\u00e1lis a mindennapi haszn\u00e1latra. A 2 m hossz\u00fa, sz\u00f6veter\u0151s\u00edt\u00e9s\u0171 PVC t\u00f6ml\u0151nek (DN25) \u00e9s a kiv\u00e1l\u00f3 min\u0151s\u00e9g\u0171 alum\u00ednium adagol\u00f3f\u00fav\u00f3k\u00e1nak k\u00f6sz\u00f6nhet\u0151en nagyobb mennyis\u00e9gek is gyorsan \u00e9s ellen\u0151rz\u00f6tt m\u00f3don t\u00f6lthet\u0151k. A mell\u00e9kelt hord\u00f3adapter \u00e9s a fali tart\u00f3 egyszer\u0171 \u00e9s helytakar\u00e9kos telep\u00edt\u00e9st biztos\u00edt.<\/p>\n<p data-start=\"716\" data-end=\"1056\">A k\u00fcl\u00f6nlegess\u00e9g: A motor szersz\u00e1mok n\u00e9lk\u00fcl lev\u00e1laszthat\u00f3 a szivatty\u00fatelepr\u0151l, \u00e9s m\u00e1s szivatty\u00fatelepekhez csatlakoztathat\u00f3. Ez azt jelenti, hogy egy motor rugalmasan haszn\u00e1lhat\u00f3 t\u00f6bb szivatty\u00fa\u00e1llom\u00e1ssal. A tov\u00e1bbi alkatr\u00e9szek k\u00fcl\u00f6n-k\u00fcl\u00f6n is kaphat\u00f3k a boltban - a maxim\u00e1lis modularit\u00e1s \u00e9s alkalmazkod\u00f3k\u00e9pess\u00e9g \u00e9rdek\u00e9ben.<\/p>\n<p data-start=\"644\" data-end=\"1136\">K\u00e9szletelemek:<\/p>\n<ul>\n<li>Univerz\u00e1lis motor 230V, 50Hz, 4,5 A, 850W, IP24<\/li>\n<li>Szivatty\u00faegys\u00e9g alum\u00ednium t\u00f6m\u00edt\u00e9s n\u00e9lk\u00fcli, axi\u00e1lis, tengely rozsdamentes ac\u00e9l (Niro)<\/li>\n<li>2 m PVC sz\u00f6vet t\u00f6ml\u0151 DN25<\/li>\n<li>T\u00f6ml\u0151csatlakoz\u00f3 alum\u00ednium DN25<\/li>\n<li>2x rozsdamentes ac\u00e9l t\u00f6ml\u0151bilincsek<\/li>\n<li>Adagol\u00f3 f\u00fav\u00f3ka alum\u00ednium DN25<\/li>\n<li>Cs\u0151adapter PP<\/li>\n<li>Fali konzol<\/li>\n<\/ul>","protected":false},"excerpt":{"rendered":"<p>Olajoshord\u00f3 szivatty\u00fa k\u00e9szlet olajok \u00e9s semleges folyad\u00e9kok biztons\u00e1gos, azonnali haszn\u00e1latra k\u00e9sz felt\u00f6lt\u00e9s\u00e9hez<\/p>","protected":false},"featured_media":15658,"comment_status":"closed","ping_status":"closed","template":"","meta":{"_acf_changed":false},"product_brand":[],"product_cat":[3206,3224],"product_tag":[],"class_list":{"0":"post-15628","1":"product","2":"type-product","3":"status-publish","4":"has-post-thumbnail","6":"product_cat-pumpentechnik","7":"product_cat-fasspumpen","8":"product_shipping_class-karton-paketversand","9":"pa_dichtung-fep","10":"pa_foerderleistung-50-80-l-min","11":"pa_leistung-850-watt","12":"pa_material-edelstahl","13":"pa_material-polypropylen-pp","14":"pa_material-alu","15":"pa_schutzart-ip24","16":"pa_spannung-230v","18":"first","19":"instock","20":"taxable","21":"shipping-taxable","22":"purchasable","23":"product-type-simple"},"bundled_by":[],"bundle_stock_status":"instock","bundle_stock_quantity":null,"bundle_virtual":false,"bundle_layout":"","bundle_add_to_cart_form_location":"","bundle_editable_in_cart":false,"bundle_sold_individually_context":"","bundle_item_grouping":"","bundle_min_size":"","bundle_max_size":"","bundle_price":[],"bundled_items":[],"bundle_sell_ids":[],"exclude_global_add_ons":[],"addons":[],"acf":[],"_links":{"self":[{"href":"https:\/\/ptm-mechatronics.com\/hu\/wp-json\/wp\/v2\/product\/15628","targetHints":{"allow":["GET"]}}],"collection":[{"href":"https:\/\/ptm-mechatronics.com\/hu\/wp-json\/wp\/v2\/product"}],"about":[{"href":"https:\/\/ptm-mechatronics.com\/hu\/wp-json\/wp\/v2\/types\/product"}],"replies":[{"embeddable":true,"href":"https:\/\/ptm-mechatronics.com\/hu\/wp-json\/wp\/v2\/comments?post=15628"}],"wp:featuredmedia":[{"embeddable":true,"href":"https:\/\/ptm-mechatronics.com\/hu\/wp-json\/wp\/v2\/media\/15658"}],"wp:attachment":[{"href":"https:\/\/ptm-mechatronics.com\/hu\/wp-json\/wp\/v2\/media?parent=15628"}],"wp:term":[{"taxonomy":"product_brand","embeddable":true,"href":"https:\/\/ptm-mechatronics.com\/hu\/wp-json\/wp\/v2\/product_brand?post=15628"},{"taxonomy":"product_cat","embeddable":true,"href":"https:\/\/ptm-mechatronics.com\/hu\/wp-json\/wp\/v2\/product_cat?post=15628"},{"taxonomy":"product_tag","embeddable":true,"href":"https:\/\/ptm-mechatronics.com\/hu\/wp-json\/wp\/v2\/product_tag?post=15628"}],"curies":[{"name":"wp","href":"https:\/\/api.w.org\/{rel}","templated":true}]}}