{"id":15627,"date":"2025-11-18T10:24:39","date_gmt":"2025-11-18T09:24:39","guid":{"rendered":"https:\/\/ptm-mechatronics.com\/?post_type=product&#038;p=15627"},"modified":"2025-12-03T12:55:20","modified_gmt":"2025-12-03T11:55:20","slug":"fasspumpe-fuer-chemikalien","status":"publish","type":"product","link":"https:\/\/ptm-mechatronics.com\/hu\/product\/fasspumpe-fuer-chemikalien\/","title":{"rendered":"Dobszivatty\u00fa vegyszerekhez"},"content":{"rendered":"<h1 data-start=\"227\" data-end=\"303\"><span style=\"font-size: 75%;\">Azonnali haszn\u00e1latra k\u00e9sz hord\u00f3szivatty\u00fa k\u00e9szlet vegyszerekhez<\/span><\/h1>\n<p data-start=\"272\" data-end=\"714\">Ez a hord\u00f3szivatty\u00fa-k\u00e9szlet az ide\u00e1lis teljes megold\u00e1s az agressz\u00edv vegyi anyagok biztons\u00e1gos kezel\u00e9s\u00e9hez. Egy nagy teljes\u00edtm\u00e9ny\u0171 villanymotort \u00e9s egy kiv\u00e1l\u00f3 min\u0151s\u00e9g\u0171 Hastelloy C tengellyel ell\u00e1tott, vegyszer\u00e1ll\u00f3 szivatty\u00faegys\u00e9get tartalmaz. Ez\u00e1ltal a k\u00e9szlet ide\u00e1lis az er\u0151sen korrod\u00e1l\u00f3 savak, l\u00fagok \u00e9s m\u00e1s agressz\u00edv k\u00f6zegek t\u00f6lt\u00e9s\u00e9re - mind a laborat\u00f3riumban, mind az iparban.<\/p>\n<p data-start=\"716\" data-end=\"1056\">A 2 m hossz\u00fa, univerz\u00e1lis vegyszert\u00f6ml\u0151 (DN25) k\u00e9t PVDF t\u00f6ml\u0151csatlakoz\u00f3val biztos\u00edtja a biztons\u00e1gos, sziv\u00e1rg\u00e1smentes csatlakoz\u00e1st. A be\u00e9p\u00edtett PVDF-b\u0151l k\u00e9sz\u00fclt, FEP-t\u00f6m\u00edt\u00e9ssel ell\u00e1tott adagol\u00f3f\u00fav\u00f3ka prec\u00edz adagol\u00e1st biztos\u00edt m\u00e9g \u00e9rz\u00e9keny k\u00f6zegek eset\u00e9n is. A hord\u00f3adapter \u00e9s a fali tart\u00f3nak k\u00f6sz\u00f6nhet\u0151en a k\u00e9szlet rugalmasan \u00e9s helytakar\u00e9kosan haszn\u00e1lhat\u00f3.<\/p>\n<p data-start=\"716\" data-end=\"1056\">A k\u00fcl\u00f6nlegess\u00e9g: A motor szersz\u00e1mok n\u00e9lk\u00fcl lev\u00e1laszthat\u00f3 a szivatty\u00fatelepr\u0151l, \u00e9s m\u00e1s szivatty\u00fatelepekhez csatlakoztathat\u00f3. Ez azt jelenti, hogy egy motor rugalmasan haszn\u00e1lhat\u00f3 t\u00f6bb szivatty\u00fa\u00e1llom\u00e1ssal. A tov\u00e1bbi alkatr\u00e9szek k\u00fcl\u00f6n-k\u00fcl\u00f6n is kaphat\u00f3k a boltban - a maxim\u00e1lis modularit\u00e1s \u00e9s alkalmazkod\u00f3k\u00e9pess\u00e9g \u00e9rdek\u00e9ben.<\/p>\n<p data-start=\"644\" data-end=\"1136\">K\u00e9szletelemek:<\/p>\n<ul>\n<li>Univerz\u00e1lis motor 230V, 50Hz, 4,5 A, 850W, IP24<\/li>\n<li>F\u00f3kamentes szivatty\u00fatelep, axi\u00e1lis, <span class=\"T286Pc\" data-sfc-cp=\"\" data-complete=\"true\">Polivinilid\u00e9n-fluorid (PVDF)<\/span>, Hastelloy tengely (HC)<\/li>\n<li>2 m univerz\u00e1lis vegyszeres t\u00f6ml\u0151 DN25<\/li>\n<li>2x t\u00f6ml\u0151csatlakoz\u00f3 PVDF DN25<\/li>\n<li>2x rozsdamentes ac\u00e9l t\u00f6ml\u0151bilincsek<\/li>\n<li>Adagol\u00f3 f\u00fav\u00f3ka PVDF\/FEP 1 \u00bc\u201c<\/li>\n<li>Cs\u0151adapter PP<\/li>\n<li>Fali konzol<\/li>\n<\/ul>","protected":false},"excerpt":{"rendered":"<p>Hord\u00f3szivatty\u00fa-k\u00e9szlet a vegyi anyagok biztons\u00e1gos felt\u00f6lt\u00e9s\u00e9hez - teljesen felszerelt \u00e9s azonnal haszn\u00e1latra k\u00e9sz.<\/p>","protected":false},"featured_media":15657,"comment_status":"closed","ping_status":"closed","template":"","meta":{"_acf_changed":false},"product_brand":[],"product_cat":[3206,3224],"product_tag":[3248,3249,3250,3251,3252,3253,3254,3255,3227],"class_list":{"0":"post-15627","1":"product","2":"type-product","3":"status-publish","4":"has-post-thumbnail","6":"product_cat-pumpentechnik","7":"product_cat-fasspumpen","8":"product_tag-chemie-fasspumpe","9":"product_tag-fasspumpen-set-chemikalien","10":"product_tag-pvdf-pumpe","11":"product_tag-hastelloy-c-pumpwerk","12":"product_tag-zapfpistole-pvdf-fep","13":"product_tag-schlauch-dn25-chemie","14":"product_tag-fasspumpe-aggressiv","15":"product_tag-pumpwerk-dl-pvdf-hc","16":"product_tag-fasspumpen-komplettset","17":"product_shipping_class-karton-paketversand","18":"pa_dichtung-fep","19":"pa_foerderleistung-50-80-l-min","20":"pa_leistung-850-watt","21":"pa_material-edelstahl","22":"pa_material-polypropylen-pp","23":"pa_material-hastelloy-c","24":"pa_material-polyvinylidenfluorid-pvdf","25":"pa_schutzart-ip24","26":"pa_spannung-230v","28":"first","29":"instock","30":"taxable","31":"shipping-taxable","32":"purchasable","33":"product-type-simple"},"bundled_by":[],"bundle_stock_status":"instock","bundle_stock_quantity":null,"bundle_virtual":false,"bundle_layout":"","bundle_add_to_cart_form_location":"","bundle_editable_in_cart":false,"bundle_sold_individually_context":"","bundle_item_grouping":"","bundle_min_size":"","bundle_max_size":"","bundle_price":[],"bundled_items":[],"bundle_sell_ids":[],"exclude_global_add_ons":[],"addons":[],"acf":[],"_links":{"self":[{"href":"https:\/\/ptm-mechatronics.com\/hu\/wp-json\/wp\/v2\/product\/15627","targetHints":{"allow":["GET"]}}],"collection":[{"href":"https:\/\/ptm-mechatronics.com\/hu\/wp-json\/wp\/v2\/product"}],"about":[{"href":"https:\/\/ptm-mechatronics.com\/hu\/wp-json\/wp\/v2\/types\/product"}],"replies":[{"embeddable":true,"href":"https:\/\/ptm-mechatronics.com\/hu\/wp-json\/wp\/v2\/comments?post=15627"}],"wp:featuredmedia":[{"embeddable":true,"href":"https:\/\/ptm-mechatronics.com\/hu\/wp-json\/wp\/v2\/media\/15657"}],"wp:attachment":[{"href":"https:\/\/ptm-mechatronics.com\/hu\/wp-json\/wp\/v2\/media?parent=15627"}],"wp:term":[{"taxonomy":"product_brand","embeddable":true,"href":"https:\/\/ptm-mechatronics.com\/hu\/wp-json\/wp\/v2\/product_brand?post=15627"},{"taxonomy":"product_cat","embeddable":true,"href":"https:\/\/ptm-mechatronics.com\/hu\/wp-json\/wp\/v2\/product_cat?post=15627"},{"taxonomy":"product_tag","embeddable":true,"href":"https:\/\/ptm-mechatronics.com\/hu\/wp-json\/wp\/v2\/product_tag?post=15627"}],"curies":[{"name":"wp","href":"https:\/\/api.w.org\/{rel}","templated":true}]}}