{"id":15626,"date":"2025-11-18T10:02:52","date_gmt":"2025-11-18T09:02:52","guid":{"rendered":"https:\/\/ptm-mechatronics.com\/?post_type=product&#038;p=15626"},"modified":"2026-01-12T10:10:59","modified_gmt":"2026-01-12T09:10:59","slug":"fasspumpe-fuer-konzentrierte-saeuren-laugen","status":"publish","type":"product","link":"https:\/\/ptm-mechatronics.com\/hu\/product\/fasspumpe-fuer-konzentrierte-saeuren-laugen\/","title":{"rendered":"Dobszivatty\u00fa koncentr\u00e1lt savak \u00e9s l\u00fagok sz\u00e1m\u00e1ra"},"content":{"rendered":"<h1 data-start=\"227\" data-end=\"303\"><span style=\"font-size: 75%;\">Azonnali haszn\u00e1latra k\u00e9sz hord\u00f3szivatty\u00fa-k\u00e9szlet koncentr\u00e1lt savakhoz \u00e9s l\u00fagokhoz<\/span><\/h1>\n<p data-start=\"269\" data-end=\"557\">A teljes hord\u00f3szivatty\u00fa-k\u00e9szletet kifejezetten a koncentr\u00e1lt savak \u00e9s l\u00fagok biztons\u00e1gos \u00e9s k\u00e9nyelmes szivatty\u00faz\u00e1s\u00e1ra tervezt\u00e9k. A nagy teljes\u00edtm\u00e9ny\u0171 villanymotorral, a szivatty\u00faegys\u00e9ggel \u00e9s a tartoz\u00e9kok sz\u00e9les v\u00e1laszt\u00e9k\u00e1val a k\u00e9szlet azonnal haszn\u00e1lhat\u00f3 - ide\u00e1lis laborat\u00f3riumokban, gy\u00e1rt\u00e1sban vagy m\u0171helyekben val\u00f3 haszn\u00e1latra.<\/p>\n<p data-start=\"559\" data-end=\"1126\">A polipropil\u00e9nb\u0151l (PP) k\u00e9sz\u00fclt, vegyszer\u00e1ll\u00f3 szivatty\u00faegys\u00e9g Hastelloy C tengellyel van felszerelve, \u00e9s ide\u00e1lis a k\u00f6zegek sz\u00e9les sk\u00e1l\u00e1j\u00e1hoz - az enyh\u00e9n agressz\u00edv vegyszerekt\u0151l az ig\u00e9nyesebb folyad\u00e9kokig. A 25 mm \u00e1tm\u00e9r\u0151j\u0171, meger\u0151s\u00edtett PVC t\u00f6ml\u0151 \u00e9s a PP t\u00f6ml\u0151csatlakoz\u00f3 megb\u00edzhat\u00f3 \u00e1raml\u00e1st biztos\u00edt. Az FPM t\u00f6m\u00edt\u00e9ssel \u00e9s Hastelloy C alkatr\u00e9szekkel ell\u00e1tott adagol\u00f3f\u00fav\u00f3ka ellen\u0151rz\u00f6tt \u00e9s biztons\u00e1gos t\u00f6lt\u00e9st biztos\u00edt. A hord\u00f3adapter \u00e9s a fali tart\u00f3nak k\u00f6sz\u00f6nhet\u0151en a szivatty\u00fa rugalmasan \u00e9s helytakar\u00e9kosan haszn\u00e1lhat\u00f3.<\/p>\n<p data-start=\"559\" data-end=\"1126\">A k\u00fcl\u00f6nlegess\u00e9g: A motor szersz\u00e1mok n\u00e9lk\u00fcl lev\u00e1laszthat\u00f3 a szivatty\u00fatelepr\u0151l, \u00e9s m\u00e1s szivatty\u00fatelepekhez csatlakoztathat\u00f3. Ez azt jelenti, hogy egy motor rugalmasan haszn\u00e1lhat\u00f3 t\u00f6bb szivatty\u00fa\u00e1llom\u00e1ssal. A tov\u00e1bbi alkatr\u00e9szek k\u00fcl\u00f6n-k\u00fcl\u00f6n is kaphat\u00f3k a boltban - a maxim\u00e1lis modularit\u00e1s \u00e9s alkalmazkod\u00f3k\u00e9pess\u00e9g \u00e9rdek\u00e9ben.<\/p>\n<p data-start=\"644\" data-end=\"1136\">K\u00e9szletelemek:<\/p>\n<ul>\n<li data-start=\"644\" data-end=\"1136\">Univerz\u00e1lis motor 230V, 50Hz, 4,5 A, 850W, IP24<\/li>\n<li>T\u00f6m\u00edt\u00e9s n\u00e9lk\u00fcli szivatty\u00faegys\u00e9g, radi\u00e1lis, polipropil\u00e9n, tengely Hastelloy (HC)<\/li>\n<li>Meger\u0151s\u00edtett PVC t\u00f6ml\u0151, 2 m, DN25<\/li>\n<li>T\u00f6ml\u0151csatlakoz\u00f3 PP, DN25<\/li>\n<li>2x rozsdamentes ac\u00e9l t\u00f6ml\u0151bilincsek<\/li>\n<li>Adagol\u00f3 f\u00fav\u00f3ka PP\/FPM\/Hastelloy-C, DN25<\/li>\n<li>Cs\u0151adapter PP<\/li>\n<li>Fali konzol<\/li>\n<\/ul>","protected":false},"excerpt":{"rendered":"<p>Hord\u00f3szivatty\u00fa-k\u00e9szlet koncentr\u00e1lt savak \u00e9s l\u00fagok biztons\u00e1gos t\u00f6lt\u00e9s\u00e9hez - teljesen felszerelt \u00e9s azonnal haszn\u00e1latra k\u00e9sz.<\/p>","protected":false},"featured_media":15656,"comment_status":"closed","ping_status":"closed","template":"","meta":{"_acf_changed":false},"product_brand":[],"product_cat":[3206,3224],"product_tag":[3239,3240,3241,3242,3243,3244,3236,3237,3238],"class_list":{"0":"post-15626","1":"product","2":"type-product","3":"status-publish","4":"has-post-thumbnail","6":"product_cat-pumpentechnik","7":"product_cat-fasspumpen","8":"product_tag-zapfpistole-fpm-hc","9":"product_tag-motor-p400-a-230","10":"product_tag-pumpwerk-dl-pp-r-hc","11":"product_tag-pvc-schlauch-dn25","12":"product_tag-fassadapter-pp","13":"product_tag-fasspumpe-chemikalienbestaendig","14":"product_tag-fasspumpen-set","15":"product_tag-chemiepumpe-komplettset","16":"product_tag-fasspumpe-mit-hastelloy","17":"product_shipping_class-karton-paketversand","18":"pa_dichtung-fpm","19":"pa_foerderleistung-50-80-l-min","20":"pa_leistung-850-watt","21":"pa_material-edelstahl","22":"pa_material-polypropylen-pp","23":"pa_material-pvc","24":"pa_material-hastelloy-c","25":"pa_schutzart-ip24","26":"pa_spannung-230v","28":"first","29":"instock","30":"taxable","31":"shipping-taxable","32":"purchasable","33":"product-type-simple"},"bundled_by":[],"bundle_stock_status":"instock","bundle_stock_quantity":null,"bundle_virtual":false,"bundle_layout":"","bundle_add_to_cart_form_location":"","bundle_editable_in_cart":false,"bundle_sold_individually_context":"","bundle_item_grouping":"","bundle_min_size":"","bundle_max_size":"","bundle_price":[],"bundled_items":[],"bundle_sell_ids":[],"exclude_global_add_ons":[],"addons":[],"acf":[],"_links":{"self":[{"href":"https:\/\/ptm-mechatronics.com\/hu\/wp-json\/wp\/v2\/product\/15626","targetHints":{"allow":["GET"]}}],"collection":[{"href":"https:\/\/ptm-mechatronics.com\/hu\/wp-json\/wp\/v2\/product"}],"about":[{"href":"https:\/\/ptm-mechatronics.com\/hu\/wp-json\/wp\/v2\/types\/product"}],"replies":[{"embeddable":true,"href":"https:\/\/ptm-mechatronics.com\/hu\/wp-json\/wp\/v2\/comments?post=15626"}],"wp:featuredmedia":[{"embeddable":true,"href":"https:\/\/ptm-mechatronics.com\/hu\/wp-json\/wp\/v2\/media\/15656"}],"wp:attachment":[{"href":"https:\/\/ptm-mechatronics.com\/hu\/wp-json\/wp\/v2\/media?parent=15626"}],"wp:term":[{"taxonomy":"product_brand","embeddable":true,"href":"https:\/\/ptm-mechatronics.com\/hu\/wp-json\/wp\/v2\/product_brand?post=15626"},{"taxonomy":"product_cat","embeddable":true,"href":"https:\/\/ptm-mechatronics.com\/hu\/wp-json\/wp\/v2\/product_cat?post=15626"},{"taxonomy":"product_tag","embeddable":true,"href":"https:\/\/ptm-mechatronics.com\/hu\/wp-json\/wp\/v2\/product_tag?post=15626"}],"curies":[{"name":"wp","href":"https:\/\/api.w.org\/{rel}","templated":true}]}}