{"id":15615,"date":"2025-11-14T13:40:02","date_gmt":"2025-11-14T12:40:02","guid":{"rendered":"https:\/\/ptm-mechatronics.com\/?post_type=product&#038;p=15615"},"modified":"2026-03-09T11:10:46","modified_gmt":"2026-03-09T10:10:46","slug":"zapfpistole","status":"publish","type":"product","link":"https:\/\/ptm-mechatronics.com\/hu\/product\/zapfpistole\/","title":{"rendered":"Adagol\u00f3 f\u00fav\u00f3ka"},"content":{"rendered":"<p data-start=\"265\" data-end=\"587\">A vegyszer\u00e1ll\u00f3 polipropil\u00e9nb\u0151l (PP) k\u00e9sz\u00fclt adagol\u00f3f\u00fav\u00f3ka ide\u00e1lis folyad\u00e9kok ellen\u0151rz\u00f6tt t\u00f6lt\u00e9s\u00e9re \u00e9s adagol\u00e1s\u00e1ra laborat\u00f3riumokban \u00e9s a gy\u00e1rt\u00e1sban. Rugalmas PVC t\u00f6ml\u0151vel (DN19, hossza 1,5 m) sz\u00e1ll\u00edtjuk a k\u00e9nyelmes kezel\u00e9s \u00e9rdek\u00e9ben.<\/p>\n<p data-start=\"589\" data-end=\"822\">Robusztus anyag\u00e1nak \u00e9s pontos illeszked\u00e9s\u00e9nek k\u00f6sz\u00f6nhet\u0151en az adagol\u00f3f\u00fav\u00f3ka ide\u00e1lis laborat\u00f3riumi szivatty\u00fakhoz \u00e9s kis tart\u00e1lyokhoz. Biztons\u00e1gos, cseppmentes adagol\u00e1st biztos\u00edt, \u00e9s gyorsan haszn\u00e1latra k\u00e9sz.<\/p>","protected":false},"excerpt":{"rendered":"<p>PP-b\u0151l k\u00e9sz\u00fclt robusztus adagol\u00f3fej 1,5 m-es PVC t\u00f6ml\u0151vel (DN19) a biztons\u00e1gos \u00e9s pontos felt\u00f6lt\u00e9shez PTM laborat\u00f3riumi szivatty\u00fakkal.<\/p>","protected":false},"featured_media":15887,"comment_status":"closed","ping_status":"closed","template":"","meta":{"_acf_changed":false},"product_brand":[],"product_cat":[3206,3215],"product_tag":[],"class_list":{"0":"post-15615","1":"product","2":"type-product","3":"status-publish","4":"has-post-thumbnail","6":"product_cat-pumpentechnik","7":"product_cat-laborpumpen","8":"product_shipping_class-karton-paketversand","9":"pa_material-polypropylen-pp","10":"pa_material-pvc","11":"pa_schlauchlaenge-15m","13":"first","14":"instock","15":"taxable","16":"shipping-taxable","17":"purchasable","18":"product-type-simple"},"bundled_by":[],"bundle_stock_status":"instock","bundle_stock_quantity":null,"bundle_virtual":false,"bundle_layout":"","bundle_add_to_cart_form_location":"","bundle_editable_in_cart":false,"bundle_sold_individually_context":"","bundle_item_grouping":"","bundle_min_size":"","bundle_max_size":"","bundle_price":[],"bundled_items":[],"bundle_sell_ids":[],"exclude_global_add_ons":[],"addons":[],"acf":[],"_links":{"self":[{"href":"https:\/\/ptm-mechatronics.com\/hu\/wp-json\/wp\/v2\/product\/15615","targetHints":{"allow":["GET"]}}],"collection":[{"href":"https:\/\/ptm-mechatronics.com\/hu\/wp-json\/wp\/v2\/product"}],"about":[{"href":"https:\/\/ptm-mechatronics.com\/hu\/wp-json\/wp\/v2\/types\/product"}],"replies":[{"embeddable":true,"href":"https:\/\/ptm-mechatronics.com\/hu\/wp-json\/wp\/v2\/comments?post=15615"}],"wp:featuredmedia":[{"embeddable":true,"href":"https:\/\/ptm-mechatronics.com\/hu\/wp-json\/wp\/v2\/media\/15887"}],"wp:attachment":[{"href":"https:\/\/ptm-mechatronics.com\/hu\/wp-json\/wp\/v2\/media?parent=15615"}],"wp:term":[{"taxonomy":"product_brand","embeddable":true,"href":"https:\/\/ptm-mechatronics.com\/hu\/wp-json\/wp\/v2\/product_brand?post=15615"},{"taxonomy":"product_cat","embeddable":true,"href":"https:\/\/ptm-mechatronics.com\/hu\/wp-json\/wp\/v2\/product_cat?post=15615"},{"taxonomy":"product_tag","embeddable":true,"href":"https:\/\/ptm-mechatronics.com\/hu\/wp-json\/wp\/v2\/product_tag?post=15615"}],"curies":[{"name":"wp","href":"https:\/\/api.w.org\/{rel}","templated":true}]}}