{"id":15608,"date":"2025-11-14T09:16:10","date_gmt":"2025-11-14T08:16:10","guid":{"rendered":"https:\/\/ptm-mechatronics.com\/?post_type=product&#038;p=15608"},"modified":"2025-12-15T12:41:09","modified_gmt":"2025-12-15T11:41:09","slug":"haltestopfen","status":"publish","type":"product","link":"https:\/\/ptm-mechatronics.com\/hu\/product\/haltestopfen\/","title":{"rendered":"Tart\u00f3 dug\u00f3"},"content":{"rendered":"<h1 data-start=\"172\" data-end=\"234\"><span style=\"font-size: 75%;\">PP r\u00f6gz\u00edt\u0151 dug\u00f3<br \/>\n- Stabil, k\u00fapos, rugalmasan haszn\u00e1lhat\u00f3<\/span><\/h1>\n<p data-start=\"236\" data-end=\"579\">A robusztus polipropil\u00e9nb\u0151l (PP) k\u00e9sz\u00fclt k\u00fapos dug\u00f3 a laborat\u00f3riumi szivatty\u00fa biztons\u00e1gos k\u00f6zpontos\u00edt\u00e1s\u00e1ra szolg\u00e1l kis tart\u00e1lyokban \u00e9s kann\u00e1kban. Rugalmas \u00e1tm\u00e9r\u0151j\u00e9nek k\u00f6sz\u00f6nhet\u0151en 40 \u00e9s 58 mm k\u00f6z\u00f6tti tart\u00e1lyny\u00edl\u00e1sokhoz alkalmas, \u00e9s k\u00fapos alakj\u00e1nak k\u00f6sz\u00f6nhet\u0151en megb\u00edzhat\u00f3an alkalmazkodik a k\u00fcl\u00f6nb\u00f6z\u0151 tart\u00e1lyny\u00edl\u00e1sokhoz.<\/p>\n<p data-start=\"581\" data-end=\"850\">A vegyszer\u00e1ll\u00f3 PP anyag hossz\u00fa \u00e9lettartamot \u00e9s nagyfok\u00fa ellen\u00e1ll\u00e1st biztos\u00edt az agressz\u00edv k\u00f6zegekkel szemben. A dug\u00f3 gyorsan felszerelhet\u0151 \u00e9s k\u00f6nnyen tiszt\u00edthat\u00f3 - ide\u00e1lis a gyakran v\u00e1ltoz\u00f3 alkalmaz\u00e1sokhoz laborat\u00f3riumokban \u00e9s termel\u00e9si k\u00f6rnyezetben.<\/p>","protected":false},"excerpt":{"rendered":"<p>K\u00fapos PP dug\u00f3 laborat\u00f3riumi szivatty\u00fakhoz, 40-58 mm-es ed\u00e9nyny\u00edl\u00e1sokkal, centrikus, stabil tart\u00e1shoz.<\/p>","protected":false},"featured_media":15885,"comment_status":"closed","ping_status":"closed","template":"","meta":{"_acf_changed":false},"product_brand":[],"product_cat":[3215,3206],"product_tag":[],"class_list":{"0":"post-15608","1":"product","2":"type-product","3":"status-publish","4":"has-post-thumbnail","6":"product_cat-laborpumpen","7":"product_cat-pumpentechnik","8":"product_shipping_class-karton-paketversand","9":"pa_material-polypropylen-pp","11":"first","12":"instock","13":"taxable","14":"shipping-taxable","15":"purchasable","16":"product-type-simple"},"bundled_by":[],"bundle_stock_status":"instock","bundle_stock_quantity":null,"bundle_virtual":false,"bundle_layout":"","bundle_add_to_cart_form_location":"","bundle_editable_in_cart":false,"bundle_sold_individually_context":"","bundle_item_grouping":"","bundle_min_size":"","bundle_max_size":"","bundle_price":[],"bundled_items":[],"bundle_sell_ids":[],"exclude_global_add_ons":[],"addons":[],"acf":[],"_links":{"self":[{"href":"https:\/\/ptm-mechatronics.com\/hu\/wp-json\/wp\/v2\/product\/15608","targetHints":{"allow":["GET"]}}],"collection":[{"href":"https:\/\/ptm-mechatronics.com\/hu\/wp-json\/wp\/v2\/product"}],"about":[{"href":"https:\/\/ptm-mechatronics.com\/hu\/wp-json\/wp\/v2\/types\/product"}],"replies":[{"embeddable":true,"href":"https:\/\/ptm-mechatronics.com\/hu\/wp-json\/wp\/v2\/comments?post=15608"}],"wp:featuredmedia":[{"embeddable":true,"href":"https:\/\/ptm-mechatronics.com\/hu\/wp-json\/wp\/v2\/media\/15885"}],"wp:attachment":[{"href":"https:\/\/ptm-mechatronics.com\/hu\/wp-json\/wp\/v2\/media?parent=15608"}],"wp:term":[{"taxonomy":"product_brand","embeddable":true,"href":"https:\/\/ptm-mechatronics.com\/hu\/wp-json\/wp\/v2\/product_brand?post=15608"},{"taxonomy":"product_cat","embeddable":true,"href":"https:\/\/ptm-mechatronics.com\/hu\/wp-json\/wp\/v2\/product_cat?post=15608"},{"taxonomy":"product_tag","embeddable":true,"href":"https:\/\/ptm-mechatronics.com\/hu\/wp-json\/wp\/v2\/product_tag?post=15608"}],"curies":[{"name":"wp","href":"https:\/\/api.w.org\/{rel}","templated":true}]}}