{"id":15607,"date":"2025-11-13T13:24:45","date_gmt":"2025-11-13T12:24:45","guid":{"rendered":"https:\/\/ptm-mechatronics.com\/?post_type=product&#038;p=15607"},"modified":"2025-12-15T12:40:27","modified_gmt":"2025-12-15T11:40:27","slug":"auslaufbogen-fuer-laborpumpen","status":"publish","type":"product","link":"https:\/\/ptm-mechatronics.com\/hu\/product\/auslaufbogen-fuer-laborpumpen\/","title":{"rendered":"Kimeneti k\u00f6ny\u00f6k laborat\u00f3riumi szivatty\u00fakhoz"},"content":{"rendered":"<h1><span style=\"font-size: 75%;\">Kimeneti kanyar 250mm PP-b\u0151l<br \/>\n- Robusztus, pontos illeszked\u00e9s, ellen\u00e1ll a vegyi anyagoknak<\/span><\/h1>\n<p data-start=\"253\" data-end=\"600\">A 25 cm hossz\u00fa, polipropil\u00e9nb\u0151l (PP) k\u00e9sz\u00fclt kivezet\u0151 k\u00f6ny\u00f6k ide\u00e1lis kieg\u00e9sz\u00edt\u0151je a modul\u00e1ris PTM laborat\u00f3riumi szivatty\u00faknak a kis tart\u00e1lyokhoz \u00e9s kaniszterekhez. A DN 19-es csatlakoz\u00e1si \u00e1tm\u00e9r\u0151j\u0171 \u00e9s 3\/4\u2033-es k\u00fcls\u0151 menettel rendelkez\u0151 kifoly\u00f3 k\u00f6ny\u00f6k ellen\u0151rz\u00f6tt \u00e9s tiszta folyad\u00e9kki\u00e1raml\u00e1st biztos\u00edt - csepeg\u00e9s \u00e9s fr\u00f6ccsen\u00e9s n\u00e9lk\u00fcl.<\/p>\n<p data-start=\"602\" data-end=\"912\">A vegyszer\u00e1ll\u00f3 PP (polipropil\u00e9n) anyag k\u00fcl\u00f6n\u00f6sen ellen\u00e1ll\u00f3 sz\u00e1mos agressz\u00edv k\u00f6zeggel szemben, ez\u00e9rt sz\u00e1mos laborat\u00f3riumi \u00e9s termel\u00e9si k\u00f6rnyezetben t\u00f6rt\u00e9n\u0151 alkalmaz\u00e1sra alkalmas. A kimeneti k\u00f6ny\u00f6k k\u00f6nnyen csatlakoztathat\u00f3 a szivatty\u00faegys\u00e9ghez, \u00e9s sz\u00fcks\u00e9g eset\u00e9n szersz\u00e1m n\u00e9lk\u00fcl cser\u00e9lhet\u0151.<\/p>","protected":false},"excerpt":{"rendered":"<p>25 cm hossz\u00fa, vegyszer\u00e1ll\u00f3 PP-b\u0151l k\u00e9sz\u00fclt, DN 19 \u00e9s 3\/4\u2033 menettel rendelkez\u0151, 25 cm hossz\u00fa kimeneti k\u00f6ny\u00f6k a PTM laborat\u00f3riumi szivatty\u00fakkal t\u00f6rt\u00e9n\u0151 tiszta \u00e9s biztons\u00e1gos felt\u00f6lt\u00e9shez.<\/p>","protected":false},"featured_media":15884,"comment_status":"closed","ping_status":"closed","template":"","meta":{"_acf_changed":false},"product_brand":[],"product_cat":[3206,3215],"product_tag":[],"class_list":{"0":"post-15607","1":"product","2":"type-product","3":"status-publish","4":"has-post-thumbnail","6":"product_cat-pumpentechnik","7":"product_cat-laborpumpen","8":"product_shipping_class-karton-paketversand","9":"pa_laenge-250mm","10":"pa_material-polypropylen-pp","12":"first","13":"instock","14":"taxable","15":"shipping-taxable","16":"purchasable","17":"product-type-simple"},"bundled_by":[],"bundle_stock_status":"instock","bundle_stock_quantity":1,"bundle_virtual":false,"bundle_layout":"","bundle_add_to_cart_form_location":"","bundle_editable_in_cart":false,"bundle_sold_individually_context":"","bundle_item_grouping":"","bundle_min_size":"","bundle_max_size":"","bundle_price":[],"bundled_items":[],"bundle_sell_ids":[],"exclude_global_add_ons":[],"addons":[],"acf":[],"_links":{"self":[{"href":"https:\/\/ptm-mechatronics.com\/hu\/wp-json\/wp\/v2\/product\/15607","targetHints":{"allow":["GET"]}}],"collection":[{"href":"https:\/\/ptm-mechatronics.com\/hu\/wp-json\/wp\/v2\/product"}],"about":[{"href":"https:\/\/ptm-mechatronics.com\/hu\/wp-json\/wp\/v2\/types\/product"}],"replies":[{"embeddable":true,"href":"https:\/\/ptm-mechatronics.com\/hu\/wp-json\/wp\/v2\/comments?post=15607"}],"wp:featuredmedia":[{"embeddable":true,"href":"https:\/\/ptm-mechatronics.com\/hu\/wp-json\/wp\/v2\/media\/15884"}],"wp:attachment":[{"href":"https:\/\/ptm-mechatronics.com\/hu\/wp-json\/wp\/v2\/media?parent=15607"}],"wp:term":[{"taxonomy":"product_brand","embeddable":true,"href":"https:\/\/ptm-mechatronics.com\/hu\/wp-json\/wp\/v2\/product_brand?post=15607"},{"taxonomy":"product_cat","embeddable":true,"href":"https:\/\/ptm-mechatronics.com\/hu\/wp-json\/wp\/v2\/product_cat?post=15607"},{"taxonomy":"product_tag","embeddable":true,"href":"https:\/\/ptm-mechatronics.com\/hu\/wp-json\/wp\/v2\/product_tag?post=15607"}],"curies":[{"name":"wp","href":"https:\/\/api.w.org\/{rel}","templated":true}]}}