{"id":15596,"date":"2025-11-13T13:01:24","date_gmt":"2025-11-13T12:01:24","guid":{"rendered":"https:\/\/ptm-mechatronics.com\/?post_type=product&#038;p=15596"},"modified":"2025-12-15T13:08:04","modified_gmt":"2025-12-15T12:08:04","slug":"universalmotor-fuer-laborpumpen","status":"publish","type":"product","link":"https:\/\/ptm-mechatronics.com\/hu\/product\/universalmotor-fuer-laborpumpen\/","title":{"rendered":"Univerz\u00e1lis motor laborat\u00f3riumi szivatty\u00fakhoz"},"content":{"rendered":"<h1 data-start=\"196\" data-end=\"275\"><span style=\"font-size: 75%;\"><strong data-start=\"196\" data-end=\"275\">Univerz\u00e1lis motor laborat\u00f3riumi szivatty\u00fakhoz<br \/>\n<\/strong><\/span><span style=\"font-size: 75%;\">- Kompakt, er\u0151s, sokoldal\u00fa<\/span><\/h1>\n<p data-start=\"277\" data-end=\"588\">Az univerz\u00e1lis motor az \u00d6n modul\u00e1ris laborat\u00f3riumi szivatty\u00faj\u00e1nak k\u00f6zponti meghajt\u00f3 eleme a kis tart\u00e1lyokhoz \u00e9s tart\u00e1lyokhoz. A motor 130 W-os teljes\u00edtm\u00e9ny\u00e9vel \u00e9s 130-230 V-os, 50 Hz-es fesz\u00fclts\u00e9gtartom\u00e1ny\u00e1val megb\u00edzhat\u00f3 teljes\u00edtm\u00e9nyt ny\u00fajt a laborat\u00f3riumi vagy termel\u00e9si k\u00f6rnyezetben t\u00f6rt\u00e9n\u0151 folyamatos m\u0171k\u00f6d\u00e9shez.<\/p>\n<p data-start=\"590\" data-end=\"911\">Kompakt kialak\u00edt\u00e1s\u00e1nak \u00e9s IP21 v\u00e9detts\u00e9gi oszt\u00e1ly\u00e1nak k\u00f6sz\u00f6nhet\u0151en a motor ide\u00e1lis a korl\u00e1tozott helyig\u00e9ny\u0171 alkalmaz\u00e1sokhoz - a PTM mechatronics megfelel\u0151 szivatty\u00faegys\u00e9geivel egy\u00fctt. A motor szersz\u00e1mok n\u00e9lk\u00fcl \u00f6sszeszerelhet\u0151 \u00e9s sz\u00e9tszerelhet\u0151, ami maxim\u00e1lis rugalmass\u00e1got biztos\u00edt a kezel\u00e9s \u00e9s a tiszt\u00edt\u00e1s sor\u00e1n.<\/p>\n<p data-start=\"913\" data-end=\"1078\">Kompatibilis a boltban kaphat\u00f3 \u00f6sszes PTM szivatty\u00fa\u00e1llom\u00e1ssal, \u00e9s a legk\u00fcl\u00f6nb\u00f6z\u0151bb folyad\u00e9kok biztons\u00e1gos, k\u00e9nyelmes \u00e9s higi\u00e9nikus szivatty\u00faz\u00e1s\u00e1val ny\u0171g\u00f6z le.<\/p>","protected":false},"excerpt":{"rendered":"<p>Univerz\u00e1lis motor 130 W-os teljes\u00edtm\u00e9nnyel, kompakt, szersz\u00e1m n\u00e9lk\u00fcl szerelhet\u0151 meghajt\u00f3egys\u00e9g a PTM mechatronics modul\u00e1ris laborat\u00f3riumi szivatty\u00faihoz.<\/p>","protected":false},"featured_media":15890,"comment_status":"closed","ping_status":"closed","template":"","meta":{"_acf_changed":false},"product_brand":[],"product_cat":[3206,3215],"product_tag":[],"class_list":{"0":"post-15596","1":"product","2":"type-product","3":"status-publish","4":"has-post-thumbnail","6":"product_cat-pumpentechnik","7":"product_cat-laborpumpen","8":"product_shipping_class-karton-paketversand","9":"pa_leistung-130-watt","10":"pa_schutzart-ip21","11":"pa_spannung-130-230v","13":"first","14":"instock","15":"taxable","16":"shipping-taxable","17":"purchasable","18":"product-type-simple"},"bundled_by":[],"bundle_stock_status":"instock","bundle_stock_quantity":null,"bundle_virtual":false,"bundle_layout":"","bundle_add_to_cart_form_location":"","bundle_editable_in_cart":false,"bundle_sold_individually_context":"","bundle_item_grouping":"","bundle_min_size":"","bundle_max_size":"","bundle_price":[],"bundled_items":[],"bundle_sell_ids":[],"exclude_global_add_ons":[],"addons":[],"acf":[],"_links":{"self":[{"href":"https:\/\/ptm-mechatronics.com\/hu\/wp-json\/wp\/v2\/product\/15596","targetHints":{"allow":["GET"]}}],"collection":[{"href":"https:\/\/ptm-mechatronics.com\/hu\/wp-json\/wp\/v2\/product"}],"about":[{"href":"https:\/\/ptm-mechatronics.com\/hu\/wp-json\/wp\/v2\/types\/product"}],"replies":[{"embeddable":true,"href":"https:\/\/ptm-mechatronics.com\/hu\/wp-json\/wp\/v2\/comments?post=15596"}],"wp:featuredmedia":[{"embeddable":true,"href":"https:\/\/ptm-mechatronics.com\/hu\/wp-json\/wp\/v2\/media\/15890"}],"wp:attachment":[{"href":"https:\/\/ptm-mechatronics.com\/hu\/wp-json\/wp\/v2\/media?parent=15596"}],"wp:term":[{"taxonomy":"product_brand","embeddable":true,"href":"https:\/\/ptm-mechatronics.com\/hu\/wp-json\/wp\/v2\/product_brand?post=15596"},{"taxonomy":"product_cat","embeddable":true,"href":"https:\/\/ptm-mechatronics.com\/hu\/wp-json\/wp\/v2\/product_cat?post=15596"},{"taxonomy":"product_tag","embeddable":true,"href":"https:\/\/ptm-mechatronics.com\/hu\/wp-json\/wp\/v2\/product_tag?post=15596"}],"curies":[{"name":"wp","href":"https:\/\/api.w.org\/{rel}","templated":true}]}}