{"id":15595,"date":"2025-11-12T13:02:05","date_gmt":"2025-11-12T12:02:05","guid":{"rendered":"https:\/\/ptm-mechatronics.com\/?post_type=product&#038;p=15595"},"modified":"2025-12-15T12:39:44","modified_gmt":"2025-12-15T11:39:44","slug":"pumpwerk-fuer-kleingebinde","status":"publish","type":"product","link":"https:\/\/ptm-mechatronics.com\/hu\/product\/pumpwerk-fuer-kleingebinde\/","title":{"rendered":"Szivatty\u00fa\u00e1llom\u00e1s kis kont\u00e9nerekhez"},"content":{"rendered":"<h1 data-start=\"242\" data-end=\"330\"><span style=\"font-size: 75%;\"><strong data-start=\"242\" data-end=\"330\">500 mm-es szivatty\u00faegys\u00e9g laborat\u00f3riumi szivatty\u00fakhoz<br \/>\n<\/strong><\/span><span style=\"font-size: 75%;\">- Modul\u00e1ris, vegyszer\u00e1ll\u00f3, rugalmasan haszn\u00e1lhat\u00f3<\/span><\/h1>\n<p data-start=\"332\" data-end=\"703\">Az 500 mm hossz\u00fa szivatty\u00faegys\u00e9g t\u00f6k\u00e9letes kieg\u00e9sz\u00edt\u0151je a modul\u00e1ris laborat\u00f3riumi szivatty\u00fanak a kis tart\u00e1lyokhoz \u00e9s kaniszterekhez. Ide\u00e1lis a folyad\u00e9kok sz\u00e9les sk\u00e1l\u00e1j\u00e1nak felt\u00f6lt\u00e9s\u00e9re laborat\u00f3riumi \u00e9s termel\u00e9si k\u00f6rnyezetben - legyen sz\u00f3 vegyszerekr\u0151l, v\u00edzr\u0151l vagy m\u00e1s k\u00f6zegekr\u0151l. Kiv\u00e1l\u00f3 min\u0151s\u00e9g\u0171 anyagainak k\u00f6sz\u00f6nhet\u0151en a szivatty\u00faegys\u00e9g k\u00fcl\u00f6n\u00f6sen robusztus \u00e9s tart\u00f3s.<\/p>\n<p data-start=\"705\" data-end=\"1074\">A modul\u00e1ris fel\u00e9p\u00edt\u00e9s lehet\u0151v\u00e9 teszi a megfelel\u0151, k\u00fcl\u00f6n kaphat\u00f3 elektromos motor egyszer\u0171, szersz\u00e1m n\u00e9lk\u00fcli beszerel\u00e9s\u00e9t. A sz\u00edv\u00f3cs\u0151 vegyszer\u00e1ll\u00f3 polipropil\u00e9nb\u0151l (PP), a hajt\u00f3tengely robusztus rozsdamentes ac\u00e9lb\u00f3l, a t\u00f6m\u00edt\u00e9s pedig FKM (Viton) t\u00f6m\u00edt\u00e9sb\u0151l k\u00e9sz\u00fcl. A mell\u00e9kelt PP ki\u00fcr\u00edt\u0151 k\u00f6ny\u00f6k biztos\u00edtja a tiszta ki\u00fcr\u00edt\u00e9st a c\u00e9ltart\u00e1lyba.<\/p>\n<p data-start=\"1076\" data-end=\"1237\">A szivatty\u00faegys\u00e9g kompatibilis a PTM mechatronika laborat\u00f3riumi szivatty\u00farendszer\u00e9vel, \u00e9s lehet\u0151v\u00e9 teszi a gyors \u00e1t\u00e1ll\u00e1st k\u00fcl\u00f6nb\u00f6z\u0151 alkalmaz\u00e1sokhoz vagy k\u00f6zegekhez.<\/p>","protected":false},"excerpt":{"rendered":"<p>500 mm hossz\u00fa szivatty\u00faegys\u00e9g a PTM laborat\u00f3riumi szivatty\u00fak modul\u00e1ris kieg\u00e9sz\u00edt\u00e9s\u00e9re, vegyszer\u00e1ll\u00f3 anyagok \u00e9s szersz\u00e1mmentes motorszerel\u00e9s.<\/p>","protected":false},"featured_media":15883,"comment_status":"closed","ping_status":"closed","template":"","meta":{"_acf_changed":false},"product_brand":[],"product_cat":[3206,3215],"product_tag":[],"class_list":{"0":"post-15595","1":"product","2":"type-product","3":"status-publish","4":"has-post-thumbnail","6":"product_cat-pumpentechnik","7":"product_cat-laborpumpen","8":"product_shipping_class-karton-paketversand","9":"pa_dichtung-fkm","10":"pa_laenge-500mm","11":"pa_material-edelstahl","12":"pa_material-polypropylen-pp","14":"first","15":"instock","16":"taxable","17":"shipping-taxable","18":"purchasable","19":"product-type-simple"},"bundled_by":[],"bundle_stock_status":"instock","bundle_stock_quantity":null,"bundle_virtual":false,"bundle_layout":"","bundle_add_to_cart_form_location":"","bundle_editable_in_cart":false,"bundle_sold_individually_context":"","bundle_item_grouping":"","bundle_min_size":"","bundle_max_size":"","bundle_price":[],"bundled_items":[],"bundle_sell_ids":[],"exclude_global_add_ons":[],"addons":[],"acf":[],"_links":{"self":[{"href":"https:\/\/ptm-mechatronics.com\/hu\/wp-json\/wp\/v2\/product\/15595","targetHints":{"allow":["GET"]}}],"collection":[{"href":"https:\/\/ptm-mechatronics.com\/hu\/wp-json\/wp\/v2\/product"}],"about":[{"href":"https:\/\/ptm-mechatronics.com\/hu\/wp-json\/wp\/v2\/types\/product"}],"replies":[{"embeddable":true,"href":"https:\/\/ptm-mechatronics.com\/hu\/wp-json\/wp\/v2\/comments?post=15595"}],"wp:featuredmedia":[{"embeddable":true,"href":"https:\/\/ptm-mechatronics.com\/hu\/wp-json\/wp\/v2\/media\/15883"}],"wp:attachment":[{"href":"https:\/\/ptm-mechatronics.com\/hu\/wp-json\/wp\/v2\/media?parent=15595"}],"wp:term":[{"taxonomy":"product_brand","embeddable":true,"href":"https:\/\/ptm-mechatronics.com\/hu\/wp-json\/wp\/v2\/product_brand?post=15595"},{"taxonomy":"product_cat","embeddable":true,"href":"https:\/\/ptm-mechatronics.com\/hu\/wp-json\/wp\/v2\/product_cat?post=15595"},{"taxonomy":"product_tag","embeddable":true,"href":"https:\/\/ptm-mechatronics.com\/hu\/wp-json\/wp\/v2\/product_tag?post=15595"}],"curies":[{"name":"wp","href":"https:\/\/api.w.org\/{rel}","templated":true}]}}