{"id":15591,"date":"2025-11-12T12:30:42","date_gmt":"2025-11-12T11:30:42","guid":{"rendered":"https:\/\/ptm-mechatronics.com\/?post_type=product&#038;p=15591"},"modified":"2026-03-09T11:11:45","modified_gmt":"2026-03-09T10:11:45","slug":"laborpumpe-fuer-kleingebinde","status":"publish","type":"product","link":"https:\/\/ptm-mechatronics.com\/hu\/product\/laborpumpe-fuer-kleingebinde\/","title":{"rendered":"Laborat\u00f3riumi szivatty\u00fa kis tart\u00e1lyokhoz"},"content":{"rendered":"<p data-start=\"344\" data-end=\"712\">Ez az elektromos laborat\u00f3riumi szivatty\u00fa kis tart\u00e1lyokhoz \u00e9s kann\u00e1khoz ide\u00e1lis megold\u00e1s a folyad\u00e9kok sz\u00e9les k\u00f6r\u00e9nek tiszta \u00e9s hat\u00e9kony felt\u00f6lt\u00e9s\u00e9hez a laborat\u00f3riumban vagy a gy\u00e1rt\u00e1sban. A klasszikus k\u00e9zi szivatty\u00fakkal ellent\u00e9tben ez a modell nagy teljes\u00edtm\u00e9ny\u0171, 130 wattos elektromotorral m\u0171k\u00f6dik, amely egyenletes sz\u00e1ll\u00edt\u00e1si sebess\u00e9get \u00e9s k\u00e9nyelmes kezelhet\u0151s\u00e9get garant\u00e1l.<\/p>\n<p data-start=\"714\" data-end=\"1003\">A k\u00fcl\u00f6nlegess\u00e9g: A motor szersz\u00e1mok n\u00e9lk\u00fcl lev\u00e1laszthat\u00f3 a szivatty\u00fatelepr\u0151l, \u00e9s m\u00e1s szivatty\u00fatelepekhez csatlakoztathat\u00f3. Ez azt jelenti, hogy egy motor rugalmasan haszn\u00e1lhat\u00f3 t\u00f6bb szivatty\u00fa\u00e1llom\u00e1ssal. A tov\u00e1bbi alkatr\u00e9szek k\u00fcl\u00f6n-k\u00fcl\u00f6n is kaphat\u00f3k a boltban - a maxim\u00e1lis modularit\u00e1s \u00e9s alkalmazkod\u00f3k\u00e9pess\u00e9g \u00e9rdek\u00e9ben.<\/p>\n<h4 data-start=\"1005\" data-end=\"1038\">A k\u00e9szlet \u00f6sszetev\u0151i:<\/h4>\n<ul>\n<li data-start=\"1041\" data-end=\"1064\">Szivatty\u00fatelep (500 mm)<\/li>\n<li data-start=\"1041\" data-end=\"1064\">Sz\u00edv\u00f3cs\u0151 PP-b\u0151l (polipropil\u00e9n)<\/li>\n<li data-start=\"1106\" data-end=\"1139\">Rozsdamentes ac\u00e9l hajt\u00f3tengely<\/li>\n<li data-start=\"1142\" data-end=\"1172\">FKM (Viton) t\u00f6m\u00edt\u00e9s<\/li>\n<li data-start=\"1175\" data-end=\"1212\">Elektromos motor 130 W-os teljes\u00edtm\u00e9nnyel<\/li>\n<li data-start=\"1215\" data-end=\"1233\">Kimeneti kanyar<\/li>\n<li data-start=\"1236\" data-end=\"1289\">PP dug\u00f3 40-58 mm-es ed\u00e9nyny\u00edl\u00e1sokhoz<\/li>\n<\/ul>\n<p data-start=\"1291\" data-end=\"1464\">A k\u00e9szlet ide\u00e1lis kis tart\u00e1lyokhoz, kaniszterekhez \u00e9s hasonl\u00f3 laborat\u00f3riumi ed\u00e9nyekhez, \u00e9s k\u00f6nny\u0171 tiszt\u00edthat\u00f3s\u00e1g\u00e1val, tart\u00f3ss\u00e1g\u00e1val \u00e9s vegyszer\u00e1ll\u00f3s\u00e1g\u00e1val ny\u0171g\u00f6z le.<\/p>\n<p data-start=\"1291\" data-end=\"1464\">Sz\u00e1ll\u00edt\u00e1si terjedelem kont\u00e9ner n\u00e9lk\u00fcl<\/p>","protected":false},"excerpt":{"rendered":"<p>Elektromos laborat\u00f3riumi szivatty\u00fa komplett k\u00e9szlet motorral, szivatty\u00faegys\u00e9ggel \u00e9s tartoz\u00e9kokkal kaniszterekhez \u00e9s kis tart\u00e1lyokhoz, szersz\u00e1m n\u00e9lk\u00fcl \u00e1talak\u00edthat\u00f3, modul\u00e1ris fel\u00e9p\u00edt\u00e9s\u0171.<\/p>","protected":false},"featured_media":15892,"comment_status":"closed","ping_status":"closed","template":"","meta":{"_acf_changed":false},"product_brand":[],"product_cat":[3206,3215],"product_tag":[],"class_list":{"0":"post-15591","1":"product","2":"type-product","3":"status-publish","4":"has-post-thumbnail","6":"product_cat-pumpentechnik","7":"product_cat-laborpumpen","8":"product_shipping_class-karton-paketversand","9":"pa_dichtung-fkm","10":"pa_foerderleistung-0-30-l-min","11":"pa_laenge-500mm","12":"pa_leistung-130-watt","13":"pa_material-edelstahl","14":"pa_material-polypropylen-pp","16":"first","17":"instock","18":"taxable","19":"shipping-taxable","20":"purchasable","21":"product-type-simple"},"bundled_by":[],"bundle_stock_status":"instock","bundle_stock_quantity":null,"bundle_virtual":false,"bundle_layout":"","bundle_add_to_cart_form_location":"","bundle_editable_in_cart":false,"bundle_sold_individually_context":"","bundle_item_grouping":"","bundle_min_size":"","bundle_max_size":"","bundle_price":[],"bundled_items":[],"bundle_sell_ids":[],"exclude_global_add_ons":[],"addons":[],"acf":[],"_links":{"self":[{"href":"https:\/\/ptm-mechatronics.com\/hu\/wp-json\/wp\/v2\/product\/15591","targetHints":{"allow":["GET"]}}],"collection":[{"href":"https:\/\/ptm-mechatronics.com\/hu\/wp-json\/wp\/v2\/product"}],"about":[{"href":"https:\/\/ptm-mechatronics.com\/hu\/wp-json\/wp\/v2\/types\/product"}],"replies":[{"embeddable":true,"href":"https:\/\/ptm-mechatronics.com\/hu\/wp-json\/wp\/v2\/comments?post=15591"}],"wp:featuredmedia":[{"embeddable":true,"href":"https:\/\/ptm-mechatronics.com\/hu\/wp-json\/wp\/v2\/media\/15892"}],"wp:attachment":[{"href":"https:\/\/ptm-mechatronics.com\/hu\/wp-json\/wp\/v2\/media?parent=15591"}],"wp:term":[{"taxonomy":"product_brand","embeddable":true,"href":"https:\/\/ptm-mechatronics.com\/hu\/wp-json\/wp\/v2\/product_brand?post=15591"},{"taxonomy":"product_cat","embeddable":true,"href":"https:\/\/ptm-mechatronics.com\/hu\/wp-json\/wp\/v2\/product_cat?post=15591"},{"taxonomy":"product_tag","embeddable":true,"href":"https:\/\/ptm-mechatronics.com\/hu\/wp-json\/wp\/v2\/product_tag?post=15591"}],"curies":[{"name":"wp","href":"https:\/\/api.w.org\/{rel}","templated":true}]}}