{"id":14973,"date":"2025-09-08T13:14:41","date_gmt":"2025-09-08T11:14:41","guid":{"rendered":"https:\/\/ptm-mechatronics.com\/?post_type=product&#038;p=14973"},"modified":"2026-03-05T17:47:42","modified_gmt":"2026-03-05T16:47:42","slug":"pneumatisches-ruehrwerk-mit-deckel-fuer-30-liter-fass","status":"publish","type":"product","link":"https:\/\/ptm-mechatronics.com\/hu\/product\/pneumatisches-ruehrwerk-mit-deckel-fuer-30-liter-fass\/","title":{"rendered":"Pneumatikus kever\u0151g\u00e9p fed\u00e9llel 30 literes hord\u00f3hoz"},"content":{"rendered":"<h1>Kever\u0151g\u00e9p 30 literes hord\u00f3khoz - nagy teljes\u00edtm\u00e9ny\u0171, biztons\u00e1gos \u00e9s folyamatorient\u00e1lt<\/h1>\n<p>Ezt a kever\u0151t nagy mennyis\u00e9g\u0171 term\u00e9k feldolgoz\u00e1s\u00e1ra tervezt\u00e9k 30 literes hord\u00f3kban. Az energiahat\u00e9kony pneumatikus meghajt\u00e1s a kever\u0151tengellyel \u00e9s a kever\u0151elemmel egy\u00fctt er\u0151teljes, m\u00e9gis k\u00edm\u00e9letes kever\u00e9st biztos\u00edt b\u00e1rmilyen viszkozit\u00e1si oszt\u00e1lyba tartoz\u00f3 k\u00f6zegek sz\u00e1m\u00e1ra.<\/p>\n<p>Minden, a k\u00f6zeggel \u00e9rintkez\u0151 alkatr\u00e9sz - kever\u0151tengely, kever\u0151elem \u00e9s fed\u00e9l - kiv\u00e1l\u00f3 min\u0151s\u00e9g\u0171 V4A rozsdamentes ac\u00e9lb\u00f3l (1.4404) k\u00e9sz\u00fcl, \u00edgy maxim\u00e1lis higi\u00e9ni\u00e1t, korr\u00f3zi\u00f3\u00e1ll\u00f3s\u00e1got \u00e9s tart\u00f3ss\u00e1got garant\u00e1l. A 300-400 mm-es befog\u00e1si tartom\u00e1ny\u00fa fed\u00e9l szabv\u00e1nyos 30 literes hord\u00f3khoz k\u00e9sz\u00fclt, \u00e9s k\u00e9t r\u00f6gz\u00edt\u0151szerkezettel, praktikus hozz\u00e1f\u00e9r\u00e9si csappanty\u00faval \u00e9s be\u00e9p\u00edtett biztons\u00e1gi r\u00e1ccsal rendelkezik, amely v\u00e9d a m\u0171k\u00f6d\u00e9s k\u00f6zbeni v\u00e9letlen beavatkoz\u00e1s ellen.<\/p>\n<p>Az \u00d6n lehet\u0151s\u00e9gei:<\/p>\n<p>A kever\u0151tengely gyorscser\u00e9l\u0151 rendszere:<br \/>\nAz eco-Quick gyorscser\u00e9l\u0151 rendszer\u00fcnk gyors \u00e9s tiszta kever\u0151tengely-cser\u00e9t biztos\u00edt m\u00e1sodpercek alatt, tov\u00e1bbi szersz\u00e1mok n\u00e9lk\u00fcl.<\/p>\n<p>Cs\u00e9szekever\u0151 eco-Cup vagy ferde peng\u00e9s kever\u0151g\u00e9p<br \/>\nLamin\u00e1ris kever\u00e9si viselked\u00e9s\u00e9nek k\u00f6sz\u00f6nhet\u0151en az eco-Cup cs\u00e9szekever\u0151 homog\u00e9n kever\u00e9st biztos\u00edt - m\u00e9g olyan ig\u00e9nyes, nagy viszkozit\u00e1s\u00fa k\u00f6zegek eset\u00e9ben is, mint a paszt\u00e1k, szuszpenzi\u00f3k vagy emulzi\u00f3k.<\/p>\n<p>A ferde lap\u00e1tos kever\u0151 leny\u0171g\u00f6z\u0151 axi\u00e1lis sz\u00e1ll\u00edt\u00e1si tulajdons\u00e1gokkal rendelkezik, enyh\u00e9n radi\u00e1lis komponenssel, \u00e9s turbulens \u00e1raml\u00e1st hoz l\u00e9tre, amely k\u00fcl\u00f6n\u00f6sen hat\u00e9kony kever\u00e9st tesz lehet\u0151v\u00e9. Robusztus kialak\u00edt\u00e1s\u00e1nak k\u00f6sz\u00f6nhet\u0151en ide\u00e1lis a nagy viszkozit\u00e1s\u00fa anyagokhoz.<\/p>\n<p>Pneumatikus k\u00e9szlet<br \/>\nA pneumatikus k\u00e9szlet tartalmaz egy elz\u00e1r\u00f3szeleppel, sz\u0171r\u0151szab\u00e1lyoz\u00f3val \u00e9s nyom\u00e1sm\u00e9r\u0151vel ell\u00e1tott leveg\u0151ell\u00e1t\u00f3 modult a rendszer \u00e9s a kever\u0151hajt\u00e1s k\u00f6z\u00f6tti biztons\u00e1gos \u00e9s tiszta s\u0171r\u00edtett leveg\u0151ell\u00e1t\u00e1s \u00e9rdek\u00e9ben - a hossz\u00fa t\u00e1v\u00fa \u00e9s megb\u00edzhat\u00f3 m\u0171k\u00f6d\u00e9s \u00e9rdek\u00e9ben. A be\u00e9p\u00edtett elsz\u00edv\u00f3leveg\u0151-sz\u0171r\u0151 mind\u00f6ssze 50 dB(A)-ra cs\u00f6kkenti az \u00fczemi zajt, \u00e9s biztos\u00edtja az elsz\u00edvott leveg\u0151 biztons\u00e1gos elvezet\u00e9s\u00e9t.<\/p>\n<p>El\u0151ny\u00f6k egy pillant\u00e1sra:<\/p>\n<ul>\n<li>Pneumatikus, energiatakar\u00e9kos \u00e9s nagy teljes\u00edtm\u00e9ny\u0171<\/li>\n<li>30 literes hord\u00f3khoz \u00d8 300-400 mm-es hord\u00f3khoz<\/li>\n<li>V4A rozsdamentes ac\u00e9lb\u00f3l k\u00e9sz\u00fclt kever\u0151tengely, kever\u0151elem \u00e9s fed\u00e9l<\/li>\n<li>K\u00e9t szor\u00edt\u00f3eszk\u00f6z a biztons\u00e1gos tart\u00e1s\u00e9rt<\/li>\n<li>Bel\u00e9p\u0151sz\u00e1rnnyal \u00e9s biztons\u00e1gi r\u00e1ccsal<\/li>\n<li>Alkalmas alacsony \u00e9s magas viszkozit\u00e1s\u00fa k\u00f6zegekhez<\/li>\n<li>Homog\u00e9n, k\u00edm\u00e9letes kever\u00e9si viselked\u00e9s<\/li>\n<li>Robusztus, higi\u00e9nikus, alacsony karbantart\u00e1si ig\u00e9ny\u0171<\/li>\n<\/ul>","protected":false},"excerpt":{"rendered":"<p><span class=\"_fadeIn_m1hgl_8\">Kever\u0151g\u00e9p <\/span><span class=\"_fadeIn_m1hgl_8\">30 \u00e9vig<\/span><span class=\"_fadeIn_m1hgl_8\">-<\/span><span class=\"_fadeIn_m1hgl_8\">Liter<\/span><span class=\"_fadeIn_m1hgl_8\">Hord\u00f3k <\/span><span class=\"_fadeIn_m1hgl_8\">a  c\u00edmen <\/span><span class=\"_fadeIn_m1hgl_8\">V4A-<\/span><span class=\"_fadeIn_m1hgl_8\">Alkatr\u00e9szek, <\/span><span class=\"_fadeIn_m1hgl_8\">Encore lap\u00e1t <\/span><span class=\"_fadeIn_m1hgl_8\">a  c\u00edmen <\/span><span class=\"_fadeIn_m1hgl_8\">Biztons\u00e1gi r\u00e1cs, kever\u0151g\u00e9p v\u00e1laszthat\u00f3, <\/span><span class=\"_fadeIn_m1hgl_8\">a  oldalon. <\/span><span class=\"_fadeIn_m1hgl_8\">egy <\/span><span class=\"_fadeIn_m1hgl_8\">biztons\u00e1gos, <\/span><span class=\"_fadeIn_m1hgl_8\">hat\u00e9kony <\/span><span class=\"_fadeIn_m1hgl_8\">\u00e9s <\/span><span class=\"_fadeIn_m1hgl_8\">higi\u00e9nikus <\/span><span class=\"_fadeIn_m1hgl_8\">Keverj\u00fck \u00f6ssze <\/span><span class=\"_fadeIn_m1hgl_8\">viszk\u00f3zusabb <\/span><span class=\"_fadeIn_m1hgl_8\">M\u00e9dia<\/span><span class=\"_fadeIn_m1hgl_8\">.<\/span><\/p>","protected":false},"featured_media":15551,"comment_status":"open","ping_status":"closed","template":"","meta":{"_acf_changed":false},"product_brand":[],"product_cat":[595,612],"product_tag":[2816,2940,2954,2956,2960,2961,2962,3152,2637,2735],"class_list":{"0":"post-14973","1":"product","2":"type-product","3":"status-publish","4":"has-post-thumbnail","6":"product_cat-ruehrwerkstechnik","7":"product_cat-kleingebinderuehrwerke","8":"product_tag-explosionsgeschuetztes-ruehrwerk","9":"product_tag-becherruehrorgan-eco-cup","10":"product_tag-zugabeklappe-ruehrwerk","11":"product_tag-pneumatischer-ruehrantrieb","12":"product_tag-fassruehrwerk-edelstahl","13":"product_tag-v4a-ruehrwerk-zone-1","14":"product_tag-sicherheitsgitter-ruehrsystem","15":"product_tag-v4a-ruehrwerk-zone-0-1","16":"product_tag-ruehrwerk-fuer-hochviskose-medien","17":"product_tag-schragblattmischer","18":"product_shipping_class-europalette-speditionsversand","19":"pa_antriebsart-pneumatisch","20":"pa_bedien-anschlusskonzept-ohne","21":"pa_bedien-anschlusskonzept-pneumatikset","22":"pa_behaeltervolumen-30-liter","23":"pa_dichtung-ptfe","24":"pa_drehmoment-16nm","25":"pa_drehzahl-0-300-1-min","26":"pa_durchmesser-ruehrwelle-16mm","27":"pa_geeignete-fassdurchmesser-300-400mm","28":"pa_geraeuschpegel-75db","29":"pa_labs-oel-und-silikonfrei","30":"pa_laenge-ruehrwelle-ca-360mm-ab-deckeloberkante","31":"pa_material-deckel-v4a-edelstahl-1-4404","32":"pa_material-gehaeuse-aluminium-eloxiert","33":"pa_mittlerer-luftverbrauch-25l-min","34":"pa_ruehrorgan-becherruehrorgan-eco-cup-320mm","35":"pa_ruehrorgan-schraegblattmischer-325mm","36":"pa_schnellwechselsystem-mit-gewindeverbindung","37":"pa_schnellwechselsystem-mit-schnellwechselsystem","38":"pa_schutzart-ip67","39":"pa_steckverschraubung-abluft-schlauch-o10mm","40":"pa_steckverschraubung-zuluft-schlauch-o6mm","41":"pa_typ-deckelruehrwerk","42":"pa_versorgung-5-6bar","44":"first","45":"instock","46":"taxable","47":"shipping-taxable","48":"purchasable","49":"product-type-variable"},"bundled_by":[],"bundle_stock_status":"instock","bundle_stock_quantity":null,"bundle_virtual":false,"bundle_layout":"","bundle_add_to_cart_form_location":"","bundle_editable_in_cart":false,"bundle_sold_individually_context":"","bundle_item_grouping":"","bundle_min_size":"","bundle_max_size":"","bundle_price":[],"bundled_items":[],"bundle_sell_ids":[],"exclude_global_add_ons":[],"addons":[],"acf":[],"_links":{"self":[{"href":"https:\/\/ptm-mechatronics.com\/hu\/wp-json\/wp\/v2\/product\/14973","targetHints":{"allow":["GET"]}}],"collection":[{"href":"https:\/\/ptm-mechatronics.com\/hu\/wp-json\/wp\/v2\/product"}],"about":[{"href":"https:\/\/ptm-mechatronics.com\/hu\/wp-json\/wp\/v2\/types\/product"}],"replies":[{"embeddable":true,"href":"https:\/\/ptm-mechatronics.com\/hu\/wp-json\/wp\/v2\/comments?post=14973"}],"wp:featuredmedia":[{"embeddable":true,"href":"https:\/\/ptm-mechatronics.com\/hu\/wp-json\/wp\/v2\/media\/15551"}],"wp:attachment":[{"href":"https:\/\/ptm-mechatronics.com\/hu\/wp-json\/wp\/v2\/media?parent=14973"}],"wp:term":[{"taxonomy":"product_brand","embeddable":true,"href":"https:\/\/ptm-mechatronics.com\/hu\/wp-json\/wp\/v2\/product_brand?post=14973"},{"taxonomy":"product_cat","embeddable":true,"href":"https:\/\/ptm-mechatronics.com\/hu\/wp-json\/wp\/v2\/product_cat?post=14973"},{"taxonomy":"product_tag","embeddable":true,"href":"https:\/\/ptm-mechatronics.com\/hu\/wp-json\/wp\/v2\/product_tag?post=14973"}],"curies":[{"name":"wp","href":"https:\/\/api.w.org\/{rel}","templated":true}]}}