{"id":14906,"date":"2025-09-08T12:33:49","date_gmt":"2025-09-08T10:33:49","guid":{"rendered":"https:\/\/ptm-mechatronics.com\/?post_type=product&#038;p=14906"},"modified":"2026-05-04T12:28:57","modified_gmt":"2026-05-04T10:28:57","slug":"elektrisches-stativruehrwerk-fuer-30-liter-fass","status":"publish","type":"product","link":"https:\/\/ptm-mechatronics.com\/hu\/product\/elektrisches-stativruehrwerk-fuer-30-liter-fass\/","title":{"rendered":"Elektromos kever\u0151g\u00e9p 30 literes dobhoz"},"content":{"rendered":"<h1><span style=\"font-size: 90%;\">Elektromos botmixer 30 literes hord\u00f3khoz - nagy teljes\u00edtm\u00e9ny\u0171, biztons\u00e1gos, ergonomikus<\/span><\/h1>\n<p>A 30 literes hord\u00f3khoz vagy hobbockokhoz val\u00f3 \u00e1llv\u00e1nykever\u0151t alacsony \u00e9s magas viszkozit\u00e1s\u00fa anyagok hat\u00e9kony \u00e9s biztons\u00e1gos feldolgoz\u00e1s\u00e1ra fejlesztett\u00e9k ki. Nagy teljes\u00edtm\u00e9ny\u0171 elektromos meghajt\u00e1sb\u00f3l, massz\u00edv rozsdamentes ac\u00e9lfed\u00e9lb\u0151l, kever\u0151tengelyb\u0151l kever\u0151elemmel, valamint automatikus emel\u0151szerkezettel \u00e9s vez\u00e9rl\u0151panellel ell\u00e1tott \u00e1llv\u00e1nyb\u00f3l \u00e1ll. Minden, a k\u00f6zeggel \u00e9rintkez\u0151 alkatr\u00e9sz - kever\u0151tengely \u00e9s kever\u0151elem - V4A rozsdamentes ac\u00e9lb\u00f3l (1.4404) k\u00e9sz\u00fclt, \u00e9s magas szint\u0171 higi\u00e9ni\u00e1t \u00e9s korr\u00f3zi\u00f3\u00e1ll\u00f3s\u00e1got biztos\u00edt.<\/p>\n<p>A kever\u0151 teljesen alkalmazkodik a szabv\u00e1nyos 30 literes hord\u00f3khoz, \u00e9s egyenletes, homog\u00e9n kever\u00e9si eredm\u00e9nyt biztos\u00edt, m\u00e9g a kem\u00e9ny, viszk\u00f3zus anyagok eset\u00e9ben is. Az automatikus emel\u0151szerkezet megk\u00f6nny\u00edti a kever\u0151 felemel\u00e9s\u00e9t \u00e9s leenged\u00e9s\u00e9t, biztons\u00e1gos tart\u00e1lycser\u00e9t biztos\u00edt, \u00e9s cs\u00f6kkenti a fizikai megterhel\u00e9st a mindennapi munka sor\u00e1n.<\/p>\n<p>A maxim\u00e1lis munkabiztons\u00e1g \u00e9rdek\u00e9ben a kever\u0151 a fed\u00e9l felemel\u00e9sekor automatikus kikapcsol\u00e1si funkci\u00f3val rendelkezik, hogy megakad\u00e1lyozza a mozg\u00f3 alkatr\u00e9szekbe val\u00f3 beavatkoz\u00e1st. A kever\u00e9si folyamat a fed\u00e9l leenged\u00e9sekor a tart\u00e1ly \u00e9rz\u00e9kel\u00e9s\u00e9vel automatikusan \u00fajraindul - hat\u00e9konyan \u00e9s biztons\u00e1gosan.<\/p>\n<p>Az \u00d6n lehet\u0151s\u00e9gei:<\/p>\n<p>A kever\u0151tengely gyorscser\u00e9l\u0151 rendszere:<br \/>\nAz eco-Quick gyorscser\u00e9l\u0151 rendszer\u00fcnk gyors \u00e9s tiszta kever\u0151tengely-cser\u00e9t biztos\u00edt m\u00e1sodpercek alatt, tov\u00e1bbi szersz\u00e1mok n\u00e9lk\u00fcl.<\/p>\n<p>Cs\u00e9sze kever\u0151 eco-Cup vagy ferde peng\u00e9s kever\u0151:<br \/>\nLamin\u00e1ris kever\u00e9si viselked\u00e9s\u00e9nek k\u00f6sz\u00f6nhet\u0151en az eco-Cup cs\u00e9szekever\u0151 homog\u00e9n kever\u00e9st biztos\u00edt - m\u00e9g olyan ig\u00e9nyes, nagy viszkozit\u00e1s\u00fa k\u00f6zegek eset\u00e9ben is, mint a paszt\u00e1k, szuszpenzi\u00f3k vagy emulzi\u00f3k.<\/p>\n<p>A ferde lap\u00e1tos kever\u0151 leny\u0171g\u00f6z\u0151 axi\u00e1lis sz\u00e1ll\u00edt\u00e1si tulajdons\u00e1gokkal rendelkezik, enyh\u00e9n radi\u00e1lis komponenssel, \u00e9s turbulens \u00e1raml\u00e1st hoz l\u00e9tre, amely k\u00fcl\u00f6n\u00f6sen hat\u00e9kony kever\u00e9st tesz lehet\u0151v\u00e9. Robusztus kialak\u00edt\u00e1s\u00e1nak k\u00f6sz\u00f6nhet\u0151en ide\u00e1lis a nagy viszkozit\u00e1s\u00fa anyagokhoz.<\/p>\n<p>R\u00f6gz\u00edt\u00e9s:<br \/>\nAz \u00e1llv\u00e1nykever\u0151 falra \u00e9s padl\u00f3ra szerelhet\u0151.<\/p>\n<p>El\u0151ny\u00f6k egy pillant\u00e1sra:<\/p>\n<ul>\n<li>Elektromos meghajt\u00e1s az er\u0151teljes kever\u00e9shez<\/li>\n<li>30 literes hord\u00f3kra optimaliz\u00e1lva<\/li>\n<li>V4A rozsdamentes ac\u00e9lb\u00f3l k\u00e9sz\u00fclt kever\u0151tengely \u00e9s -elem<\/li>\n<li>Automatikus emel\u0151berendez\u00e9s az ergonomikus munkav\u00e9gz\u00e9shez<\/li>\n<li>Vez\u00e9rl\u0151panel az egyszer\u0171 vez\u00e9rl\u00e9shez<\/li>\n<li>Biztons\u00e1gi z\u00e1r a fed\u00e9l felemel\u00e9s\u00e9hez<\/li>\n<li>Automatikus \u00fajraind\u00edt\u00e1s a kont\u00e9ner-\u00e9rz\u00e9kel\u00e9s r\u00e9v\u00e9n<\/li>\n<li>Alacsony \u00e9s magas viszkozit\u00e1s\u00fa k\u00f6zegekhez<\/li>\n<li>Higi\u00e9nikus, biztons\u00e1gos, ipari felhaszn\u00e1l\u00e1sra alkalmas<\/li>\n<\/ul>\n<p>Megjegyz\u00e9s: sz\u00e1ll\u00edt\u00e1s hord\u00f3 n\u00e9lk\u00fcl.<\/p>","protected":false},"excerpt":{"rendered":"<p><span class=\"_fadeIn_m1hgl_8\">\u00c1ll\u00f3 kever\u0151 <\/span><span class=\"_fadeIn_m1hgl_8\">a  oldalon. <\/span><span class=\"_fadeIn_m1hgl_8\">30-<\/span><span class=\"_fadeIn_m1hgl_8\">Liter<\/span><span class=\"_fadeIn_m1hgl_8\">Hord\u00f3k <\/span><span class=\"_fadeIn_m1hgl_8\">elektromos<\/span><span class=\"_fadeIn_m1hgl_8\">\u00a0<\/span><span class=\"_fadeIn_m1hgl_8\">Hajt\u00e1s, <\/span><span class=\"_fadeIn_m1hgl_8\">V4A-<\/span><span class=\"_fadeIn_m1hgl_8\">Alkatr\u00e9szek, <\/span><span class=\"_fadeIn_m1hgl_8\">automatikusabb <\/span><span class=\"_fadeIn_m1hgl_8\">Emel\u0151berendez\u00e9s, <\/span><span class=\"_fadeIn_m1hgl_8\">Biztons\u00e1gi le\u00e1ll\u00e1s <\/span><span class=\"_fadeIn_m1hgl_8\">\u00e9s <\/span><span class=\"_fadeIn_m1hgl_8\">V\u00e1laszt\u00e1si agit\u00e1ci\u00f3s test\u00fclet<\/span><span class=\"_fadeIn_m1hgl_8\">\u00a0<\/span><span class=\"_fadeIn_m1hgl_8\">a  oldalon. <\/span><span class=\"_fadeIn_m1hgl_8\">hat\u00e9kony, <\/span><span class=\"_fadeIn_m1hgl_8\">biztons\u00e1gos <\/span><span class=\"_fadeIn_m1hgl_8\">Keverj\u00fck \u00f6ssze <\/span><span class=\"_fadeIn_m1hgl_8\">a  c\u00edmen <\/span><span class=\"_fadeIn_m1hgl_8\">minden <\/span><span class=\"_fadeIn_m1hgl_8\">viszkozit\u00e1sok, falra vagy padl\u00f3ra szerelhet\u0151.<\/span><\/p>","protected":false},"featured_media":15565,"comment_status":"open","ping_status":"closed","template":"","meta":{"_acf_changed":false},"product_brand":[],"product_cat":[595,612],"product_tag":[3173,3174,2637,2893,2965,2966,2967,2968,3199,2969,3200,2971,2977],"class_list":{"0":"post-14906","1":"product","2":"type-product","3":"status-publish","4":"has-post-thumbnail","6":"product_cat-ruehrwerkstechnik","7":"product_cat-kleingebinderuehrwerke","8":"product_tag-ruehrwerk-elektrisch","9":"product_tag-ruehrstation-elektrisch","10":"product_tag-ruehrwerk-fuer-hochviskose-medien","11":"product_tag-ruehrwerk-mit-hebevorrichtung","12":"product_tag-pneumatisches-ruehrwerk-edelstahl","13":"product_tag-v4a-ruehrwelle-eco-cup","14":"product_tag-fassruehrwerk-mit-sicherheit","15":"product_tag-ergonomisches-ruehrwerk-industrie","16":"product_tag-edelstahl-ruehrwerk-30l","17":"product_tag-automatisches-ruehrsystem","18":"product_tag-ruehrwerk-30-liter","19":"product_tag-bedienpult-ruehrtechnik","20":"product_tag-stativruehrwerk-30-liter","21":"product_shipping_class-europalette-speditionsversand","22":"pa_antriebsart-elektrisch","23":"pa_befestigung-mit-bodenbefestigung","24":"pa_befestigung-mit-wandbefestigung","25":"pa_behaeltervolumen-30-liter","26":"pa_deckeldurchmesser-380mm","27":"pa_dichtung-ptfe","28":"pa_durchmesser-ruehrwelle-16mm","29":"pa_geeignete-fassdurchmesser-30-liter","30":"pa_gesamtbreite-440mm","31":"pa_gesamthoehe-1335mm","32":"pa_gesamttiefe-600mm","33":"pa_labs-oel-und-silikonfrei","34":"pa_laenge-ruehrwelle-ca-360mm-ab-deckeloberkante","35":"pa_material-deckel-v4a-edelstahl-1-4404","36":"pa_model-eco-station-30","37":"pa_ruehrorgan-schraegblattmischer-175mm","38":"pa_ruehrorgan-becherruehrorgan-eco-cup-170mm","39":"pa_schnellwechselsystem-mit-gewindeverbindung","40":"pa_schnellwechselsystem-mit-schnellwechselsystem","41":"pa_stativverfahrweg-500mm","42":"pa_typ-stativruehrwerk","44":"first","45":"instock","46":"taxable","47":"shipping-taxable","48":"purchasable","49":"product-type-variable"},"bundled_by":[],"bundle_stock_status":"instock","bundle_stock_quantity":null,"bundle_virtual":false,"bundle_layout":"","bundle_add_to_cart_form_location":"","bundle_editable_in_cart":false,"bundle_sold_individually_context":"","bundle_item_grouping":"","bundle_min_size":"","bundle_max_size":"","bundle_price":[],"bundled_items":[],"bundle_sell_ids":[],"exclude_global_add_ons":[],"addons":[],"acf":[],"_links":{"self":[{"href":"https:\/\/ptm-mechatronics.com\/hu\/wp-json\/wp\/v2\/product\/14906","targetHints":{"allow":["GET"]}}],"collection":[{"href":"https:\/\/ptm-mechatronics.com\/hu\/wp-json\/wp\/v2\/product"}],"about":[{"href":"https:\/\/ptm-mechatronics.com\/hu\/wp-json\/wp\/v2\/types\/product"}],"replies":[{"embeddable":true,"href":"https:\/\/ptm-mechatronics.com\/hu\/wp-json\/wp\/v2\/comments?post=14906"}],"wp:featuredmedia":[{"embeddable":true,"href":"https:\/\/ptm-mechatronics.com\/hu\/wp-json\/wp\/v2\/media\/15565"}],"wp:attachment":[{"href":"https:\/\/ptm-mechatronics.com\/hu\/wp-json\/wp\/v2\/media?parent=14906"}],"wp:term":[{"taxonomy":"product_brand","embeddable":true,"href":"https:\/\/ptm-mechatronics.com\/hu\/wp-json\/wp\/v2\/product_brand?post=14906"},{"taxonomy":"product_cat","embeddable":true,"href":"https:\/\/ptm-mechatronics.com\/hu\/wp-json\/wp\/v2\/product_cat?post=14906"},{"taxonomy":"product_tag","embeddable":true,"href":"https:\/\/ptm-mechatronics.com\/hu\/wp-json\/wp\/v2\/product_tag?post=14906"}],"curies":[{"name":"wp","href":"https:\/\/api.w.org\/{rel}","templated":true}]}}