{"id":14671,"date":"2025-09-02T11:03:34","date_gmt":"2025-09-02T09:03:34","guid":{"rendered":"https:\/\/ptm-mechatronics.com\/?post_type=product&#038;p=14671"},"modified":"2026-05-04T12:32:47","modified_gmt":"2026-05-04T10:32:47","slug":"elektrisches-stativruehrwerk-fuer-200-liter-fass","status":"publish","type":"product","link":"https:\/\/ptm-mechatronics.com\/hu\/product\/elektrisches-stativruehrwerk-fuer-200-liter-fass\/","title":{"rendered":"Elektromos kever\u0151g\u00e9p 200 literes dobhoz"},"content":{"rendered":"<h1 data-start=\"298\" data-end=\"370\"><span style=\"font-size: 90%;\"><span class=\"_fadeIn_m1hgl_8\">Elektromos kever\u0151g\u00e9p <\/span><span class=\"_fadeIn_m1hgl_8\">a  oldalon. <\/span><span class=\"_fadeIn_m1hgl_8\">200-<\/span><span class=\"_fadeIn_m1hgl_8\">Liter<\/span><span class=\"_fadeIn_m1hgl_8\">Hord\u00f3k - <\/span><span class=\"_fadeIn_m1hgl_8\">er\u0151s, <\/span><span class=\"_fadeIn_m1hgl_8\">biztons\u00e1gos, <\/span><span class=\"_fadeIn_m1hgl_8\">Ergonomikus<\/span><\/span><\/h1>\n<p data-start=\"372\" data-end=\"913\"><span class=\"_fadeIn_m1hgl_8\">A <\/span><span class=\"_fadeIn_m1hgl_8\">\u00c1ll\u00f3 kever\u0151 <\/span><span class=\"_fadeIn_m1hgl_8\">a  oldalon. <\/span><span class=\"_fadeIn_m1hgl_8\">200-<\/span><span class=\"_fadeIn_m1hgl_8\">Liter<\/span><span class=\"_fadeIn_m1hgl_8\">Hord\u00f3k<\/span> <span class=\"_fadeIn_m1hgl_8\">volt <\/span><span class=\"_fadeIn_m1hgl_8\">a  oldalon. <\/span><span class=\"_fadeIn_m1hgl_8\">a <\/span><span class=\"_fadeIn_m1hgl_8\">hat\u00e9kony <\/span><span class=\"_fadeIn_m1hgl_8\">\u00e9s <\/span><span class=\"_fadeIn_m1hgl_8\">biztons\u00e1gos <\/span><span class=\"_fadeIn_m1hgl_8\">Feldolgoz\u00e1s <\/span><span class=\"_fadeIn_m1hgl_8\">alacsony <\/span><span class=\"_fadeIn_m1hgl_8\">am\u00edg <\/span><span class=\"_fadeIn_m1hgl_8\">nagy viszkozit\u00e1s\u00fa <\/span><span class=\"_fadeIn_m1hgl_8\">M\u00e9dia en<\/span><span class=\"_fadeIn_m1hgl_8\">kifejlesztett. <\/span><span class=\"_fadeIn_m1hgl_8\">Ez <\/span><span class=\"_fadeIn_m1hgl_8\">l\u00e9tezik <\/span><span class=\"_fadeIn_m1hgl_8\">a  c\u00edmr\u0151l <\/span><span class=\"_fadeIn_m1hgl_8\">egy <\/span><span class=\"_fadeIn_m1hgl_8\">er\u0151s, <\/span><span class=\"_fadeIn_m1hgl_8\">pneumatikus <\/span><span class=\"_fadeIn_m1hgl_8\">Hajt\u00f3m\u0171<\/span><span class=\"_fadeIn_m1hgl_8\">, <\/span><span class=\"_fadeIn_m1hgl_8\">egy <\/span><span class=\"_fadeIn_m1hgl_8\">massz\u00edv <\/span><span class=\"_fadeIn_m1hgl_8\">Rozsdamentes ac\u00e9l<\/span><span class=\"_fadeIn_m1hgl_8\">Fed\u00e9l<\/span><span class=\"_fadeIn_m1hgl_8\">, <\/span><span class=\"_fadeIn_m1hgl_8\">egy <\/span><span class=\"_fadeIn_m1hgl_8\">Kever\u0151tengely <\/span><span class=\"_fadeIn_m1hgl_8\">a  c\u00edmen <\/span><span class=\"_fadeIn_m1hgl_8\">Kever\u0151g\u00e9p<\/span>\u00a0<span class=\"_fadeIn_m1hgl_8\">\u00e9s <\/span><span class=\"_fadeIn_m1hgl_8\">egy <\/span><span class=\"_fadeIn_m1hgl_8\">\u00c1llv\u00e1ny <\/span><span class=\"_fadeIn_m1hgl_8\">a  c\u00edmen <\/span><span class=\"_fadeIn_m1hgl_8\">automatikusabb <\/span><span class=\"_fadeIn_m1hgl_8\">Emel\u0151berendez\u00e9s <\/span><span class=\"_fadeIn_m1hgl_8\">\u00e9s <\/span><span class=\"_fadeIn_m1hgl_8\">Vez\u00e9rl\u0151panel<\/span><span class=\"_fadeIn_m1hgl_8\">. <\/span><span class=\"_fadeIn_m1hgl_8\">Minden <\/span><span class=\"_fadeIn_m1hgl_8\">m\u00e9dia\u00e9rint\u00e9s <\/span><span class=\"_fadeIn_m1hgl_8\">Alkatr\u00e9szek - <\/span><span class=\"_fadeIn_m1hgl_8\">Kever\u0151tengely <\/span><span class=\"_fadeIn_m1hgl_8\">\u00e9s <\/span><span class=\"_fadeIn_m1hgl_8\">Kever\u0151g\u00e9p<\/span><span class=\"_fadeIn_m1hgl_8\"> \u2013 <\/span><span class=\"_fadeIn_m1hgl_8\">a <\/span><span class=\"_fadeIn_m1hgl_8\">a  c\u00edmr\u0151l <\/span><span class=\"_fadeIn_m1hgl_8\">V4A <\/span><span class=\"_fadeIn_m1hgl_8\">Rozsdamentes ac\u00e9l (<\/span><span class=\"_fadeIn_m1hgl_8\">1.4404)<\/span> <span class=\"_fadeIn_m1hgl_8\">gy\u00e1rtott <\/span><span class=\"_fadeIn_m1hgl_8\">\u00e9s <\/span><span class=\"_fadeIn_m1hgl_8\">magas sz\u00ednvonal\u00fa <\/span><span class=\"_fadeIn_m1hgl_8\">Higi\u00e9nia <\/span><span class=\"_fadeIn_m1hgl_8\">\u00e9s <\/span><span class=\"_fadeIn_m1hgl_8\">Korr\u00f3zi\u00f3\u00e1ll\u00f3s\u00e1g.<\/span><\/p>\n<p data-start=\"915\" data-end=\"1293\"><span class=\"_fadeIn_m1hgl_8\">A <\/span><span class=\"_fadeIn_m1hgl_8\">Kever\u0151g\u00e9p <\/span><span class=\"_fadeIn_m1hgl_8\">a <\/span><span class=\"_fadeIn_m1hgl_8\">teljes <\/span><span class=\"_fadeIn_m1hgl_8\">a  oldalon <\/span><span class=\"_fadeIn_m1hgl_8\">a <\/span><span class=\"_fadeIn_m1hgl_8\">Haszn\u00e1lja a  c\u00edmet. <\/span><span class=\"_fadeIn_m1hgl_8\">a  oldalon. <\/span><span class=\"_fadeIn_m1hgl_8\">szabv\u00e1nyos\u00edtott <\/span><span class=\"_fadeIn_m1hgl_8\">200-<\/span><span class=\"_fadeIn_m1hgl_8\">Liter<\/span><span class=\"_fadeIn_m1hgl_8\">Hord\u00f3k<\/span> <span class=\"_fadeIn_m1hgl_8\">harmoniz\u00e1lt <\/span><span class=\"_fadeIn_m1hgl_8\">\u00e9s <\/span><span class=\"_fadeIn_m1hgl_8\">aj\u00e1nlatok <\/span><span class=\"_fadeIn_m1hgl_8\">egy <\/span><span class=\"_fadeIn_m1hgl_8\">m\u00e9g, <\/span><span class=\"_fadeIn_m1hgl_8\">homog\u00e9n <\/span><span class=\"_fadeIn_m1hgl_8\">Kavar\u00f3 eredm\u00e9ny<\/span><span class=\"_fadeIn_m1hgl_8\">, <\/span><span class=\"_fadeIn_m1hgl_8\">maga <\/span><span class=\"_fadeIn_m1hgl_8\">a  c\u00edmen <\/span><span class=\"_fadeIn_m1hgl_8\">kem\u00e9ny, <\/span><span class=\"_fadeIn_m1hgl_8\">viszk\u00f3zus <\/span><span class=\"_fadeIn_m1hgl_8\">Anyagok. <\/span><span class=\"_fadeIn_m1hgl_8\">A <\/span><span class=\"_fadeIn_m1hgl_8\">automatikus <\/span><span class=\"_fadeIn_m1hgl_8\">Emel\u0151berendez\u00e9s<\/span> <span class=\"_fadeIn_m1hgl_8\">megk\u00f6nny\u00edti a <\/span><span class=\"_fadeIn_m1hgl_8\">a <\/span><span class=\"_fadeIn_m1hgl_8\">Emel\u00e9s <\/span><span class=\"_fadeIn_m1hgl_8\">\u00e9s <\/span><span class=\"_fadeIn_m1hgl_8\">A  c\u00edmre t\u00f6rt\u00e9n\u0151 leenged\u00e9s <\/span><span class=\"_fadeIn_m1hgl_8\">a <\/span><span class=\"_fadeIn_m1hgl_8\">kever\u0151, <\/span><span class=\"_fadeIn_m1hgl_8\">biztos\u00edtja a <\/span><span class=\"_fadeIn_m1hgl_8\">a  oldalon. <\/span><span class=\"_fadeIn_m1hgl_8\">egy <\/span><span class=\"_fadeIn_m1hgl_8\">biztons\u00e1gos <\/span><span class=\"_fadeIn_m1hgl_8\">Kont\u00e9nercsere <\/span><span class=\"_fadeIn_m1hgl_8\">\u00e9s <\/span><span class=\"_fadeIn_m1hgl_8\">cs\u00f6kkentett <\/span><span class=\"_fadeIn_m1hgl_8\">fizikai <\/span><span class=\"_fadeIn_m1hgl_8\">Terhel\u00e9s <\/span><span class=\"_fadeIn_m1hgl_8\">a <\/span><span class=\"_fadeIn_m1hgl_8\">Mindennapi munka.<\/span><\/p>\n<p data-start=\"1295\" data-end=\"1572\"><span class=\"_fadeIn_m1hgl_8\">A  oldalon. <\/span><span class=\"_fadeIn_m1hgl_8\">maximum <\/span><span class=\"_fadeIn_m1hgl_8\">Munkahelyi biztons\u00e1g <\/span><span class=\"_fadeIn_m1hgl_8\">van <\/span><span class=\"_fadeIn_m1hgl_8\">a <\/span><span class=\"_fadeIn_m1hgl_8\">Kever\u0151g\u00e9p <\/span><span class=\"_fadeIn_m1hgl_8\">a  honlapr\u00f3l <\/span><span class=\"_fadeIn_m1hgl_8\">egy <\/span><span class=\"_fadeIn_m1hgl_8\">automatikus <\/span><span class=\"_fadeIn_m1hgl_8\">Kikapcsol\u00e1s <\/span><span class=\"_fadeIn_m1hgl_8\">a <\/span><span class=\"_fadeIn_m1hgl_8\">Emel\u00e9s <\/span><span class=\"_fadeIn_m1hgl_8\">a <\/span><span class=\"_fadeIn_m1hgl_8\">Fedelek<\/span><span class=\"_fadeIn_m1hgl_8\">, <\/span><span class=\"_fadeIn_m1hgl_8\">a  c\u00edmen. <\/span><span class=\"_fadeIn_m1hgl_8\">Beavatkoz\u00e1sok <\/span><span class=\"_fadeIn_m1hgl_8\">a  oldalon. <\/span><span class=\"_fadeIn_m1hgl_8\">mozgathat\u00f3 <\/span><span class=\"_fadeIn_m1hgl_8\">Alkatr\u00e9szek <\/span><span class=\"_fadeIn_m1hgl_8\">a  c\u00edmre. <\/span><span class=\"_fadeIn_m1hgl_8\">megel\u0151zni. <\/span><span class=\"_fadeIn_m1hgl_8\">A <\/span><span class=\"_fadeIn_m1hgl_8\">Kever\u00e9si folyamat <\/span><span class=\"_fadeIn_m1hgl_8\">elindul <\/span><span class=\"_fadeIn_m1hgl_8\">ism\u00e9t <\/span><span class=\"_fadeIn_m1hgl_8\">automatikusan <\/span><span class=\"_fadeIn_m1hgl_8\">a  honlapr\u00f3l <\/span><span class=\"_fadeIn_m1hgl_8\">egy <\/span><span class=\"_fadeIn_m1hgl_8\">Kont\u00e9ner \u00e9szlel\u00e9s<\/span> <span class=\"_fadeIn_m1hgl_8\">a <\/span><span class=\"_fadeIn_m1hgl_8\">Leenged\u00e9s - <\/span><span class=\"_fadeIn_m1hgl_8\">hat\u00e9kony <\/span><span class=\"_fadeIn_m1hgl_8\">\u00e9s <\/span><span class=\"_fadeIn_m1hgl_8\">biztons\u00e1gos.<\/span><\/p>\n<h3 data-start=\"1337\" data-end=\"1549\"><span class=\"_fadeIn_m1hgl_8\">Az \u00d6n lehet\u0151s\u00e9gei:<\/span><\/h3>\n<p>H\u00e1rom teljes\u00edtm\u00e9nyszint az \u00d6n ig\u00e9nyeihez:<\/p>\n<ul>\n<li>Legfeljebb 2000 mPas viszkozit\u00e1s\u00fa folyad\u00e9kokhoz.<\/li>\n<li>Legfeljebb 10 000 mPas viszkozit\u00e1s\u00fa folyad\u00e9kokhoz.<\/li>\n<li>Legfeljebb 50 000 mPas viszkozit\u00e1s\u00fa folyad\u00e9kokhoz.<\/li>\n<\/ul>\n<p>A kever\u0151tengely gyorscser\u00e9l\u0151 rendszere:<br \/>\nA <a href=\"https:\/\/youtu.be\/TjagGW4DoyA?feature=shared\" target=\"_blank\" rel=\"noopener\">eco-Quick gyorscser\u00e9l\u0151 rendszer<\/a> gyors \u00e9s tiszta kever\u0151tengely-cser\u00e9t k\u00edn\u00e1l m\u00e1sodpercek alatt, tov\u00e1bbi szersz\u00e1mok n\u00e9lk\u00fcl.<\/p>\n<p>Cs\u00e9sze kever\u0151 eco-Cup vagy ferde peng\u00e9s kever\u0151:<br \/>\n<span class=\"_fadeIn_m1hgl_8\">A <\/span><span class=\"_fadeIn_m1hgl_8\">eco-<\/span><span class=\"_fadeIn_m1hgl_8\">Cs\u00e9sze <\/span><span class=\"_fadeIn_m1hgl_8\">Kever\u0151 cs\u00e9sze<\/span> <span class=\"_fadeIn_m1hgl_8\">aj\u00e1nlatok <\/span><span class=\"_fadeIn_m1hgl_8\">a  oldalon kereszt\u00fcl <\/span><span class=\"_fadeIn_m1hgl_8\">legyen <\/span><span class=\"_fadeIn_m1hgl_8\">lamin\u00e1ris <\/span><span class=\"_fadeIn_m1hgl_8\">Kavar\u00f3 viselked\u00e9s<\/span> <span class=\"_fadeIn_m1hgl_8\">egy <\/span><span class=\"_fadeIn_m1hgl_8\">homog\u00e9n <\/span><span class=\"_fadeIn_m1hgl_8\">Kever\u00e9s<\/span><span class=\"_fadeIn_m1hgl_8\"> \u2013 <\/span><span class=\"_fadeIn_m1hgl_8\">maga <\/span><span class=\"_fadeIn_m1hgl_8\">a  c\u00edmen <\/span><span class=\"_fadeIn_m1hgl_8\">ig\u00e9nyes, <\/span><span class=\"_fadeIn_m1hgl_8\">nagy viszkozit\u00e1s\u00fa <\/span><span class=\"_fadeIn_m1hgl_8\">M\u00e9dia <\/span><span class=\"_fadeIn_m1hgl_8\">mint a <\/span><span class=\"_fadeIn_m1hgl_8\">Paszt\u00e1k, <\/span><span class=\"_fadeIn_m1hgl_8\">Felf\u00fcggeszt\u00e9sek <\/span><span class=\"_fadeIn_m1hgl_8\">vagy <\/span><span class=\"_fadeIn_m1hgl_8\">Emulzi\u00f3k.<\/span><\/p>\n<p data-start=\"1337\" data-end=\"1549\">A ferde lap\u00e1tos kever\u0151 leny\u0171g\u00f6z\u0151 axi\u00e1lis sz\u00e1ll\u00edt\u00e1si tulajdons\u00e1gokkal rendelkezik, enyh\u00e9n radi\u00e1lis komponenssel, \u00e9s turbulens \u00e1raml\u00e1st hoz l\u00e9tre, amely k\u00fcl\u00f6n\u00f6sen hat\u00e9kony kever\u00e9st tesz lehet\u0151v\u00e9. Robusztus kialak\u00edt\u00e1s\u00e1nak k\u00f6sz\u00f6nhet\u0151en ide\u00e1lis a nagy viszkozit\u00e1s\u00fa anyagokhoz.<\/p>\n<p data-start=\"1337\" data-end=\"1549\">R\u00f6gz\u00edt\u00e9s:<br \/>\nAz \u00e1llv\u00e1nykever\u0151 falra \u00e9s padl\u00f3ra szerelhet\u0151.<\/p>\n<p data-start=\"1574\" data-end=\"1615\"><span class=\"_fadeIn_m1hgl_8\">Megjegyz\u00e9s: <\/span><span class=\"_fadeIn_m1hgl_8\">sz\u00e1ll\u00edt\u00e1s <\/span><span class=\"_fadeIn_m1hgl_8\">megt\u00f6rt\u00e9nik <\/span><span class=\"_fadeIn_m1hgl_8\">n\u00e9lk\u00fcl <\/span><span class=\"_fadeIn_m1hgl_8\">Hord\u00f3.<\/span><\/p>\n<p data-start=\"1617\" data-end=\"1648\"><span class=\"_fadeIn_m1hgl_8\">El\u0151ny\u00f6k <\/span><span class=\"_fadeIn_m1hgl_8\">a  oldalon <\/span><span class=\"_fadeIn_m1hgl_8\">egy <\/span><span class=\"_fadeIn_m1hgl_8\">N\u00e9zet:<\/span><\/p>\n<ul>\n<li data-start=\"1651\" data-end=\"1697\"><span class=\"_fadeIn_m1hgl_8\">Elektromos <\/span><span class=\"_fadeIn_m1hgl_8\">Hajt\u00f3m\u0171 <\/span><span class=\"_fadeIn_m1hgl_8\">a  oldalon. <\/span><span class=\"_fadeIn_m1hgl_8\">er\u0151s <\/span><span class=\"_fadeIn_m1hgl_8\">Keverj\u00fck \u00f6ssze<\/span><\/li>\n<li data-start=\"1651\" data-end=\"1697\"><span class=\"_fadeIn_m1hgl_8\">A  oldalon. <\/span><span class=\"_fadeIn_m1hgl_8\">200-<\/span><span class=\"_fadeIn_m1hgl_8\">Liter<\/span><span class=\"_fadeIn_m1hgl_8\">Hord\u00f3k <\/span><span class=\"_fadeIn_m1hgl_8\">optimaliz\u00e1lt<\/span><\/li>\n<li data-start=\"1651\" data-end=\"1697\"><span class=\"_fadeIn_m1hgl_8\">Kever\u0151tengely &amp; <\/span><span class=\"_fadeIn_m1hgl_8\">-org\u00e1num <\/span><span class=\"_fadeIn_m1hgl_8\">a  c\u00edmr\u0151l <\/span><span class=\"_fadeIn_m1hgl_8\">V4A <\/span><span class=\"_fadeIn_m1hgl_8\">Rozsdamentes ac\u00e9l<\/span><\/li>\n<li data-start=\"1651\" data-end=\"1697\"><span class=\"_fadeIn_m1hgl_8\">Automatikus <\/span><span class=\"_fadeIn_m1hgl_8\">Emel\u0151berendez\u00e9s <\/span><span class=\"_fadeIn_m1hgl_8\">a  oldalon. <\/span><span class=\"_fadeIn_m1hgl_8\">ergonomikus <\/span><span class=\"_fadeIn_m1hgl_8\">Munkav\u00e9gz\u00e9s<\/span><\/li>\n<li data-start=\"1651\" data-end=\"1697\"><span class=\"_fadeIn_m1hgl_8\">Vez\u00e9rl\u0151panel <\/span><span class=\"_fadeIn_m1hgl_8\">a <\/span><span class=\"_fadeIn_m1hgl_8\">egyszer\u0171 <\/span><span class=\"_fadeIn_m1hgl_8\">Vez\u00e9rl\u0151rendszer<\/span><\/li>\n<li data-start=\"1651\" data-end=\"1697\"><span class=\"_fadeIn_m1hgl_8\">Biztons\u00e1gi le\u00e1ll\u00e1s <\/span><span class=\"_fadeIn_m1hgl_8\">a  c\u00edmen <\/span><span class=\"_fadeIn_m1hgl_8\">Fed\u00e9l felemel\u00e9se<\/span><\/li>\n<li data-start=\"1651\" data-end=\"1697\"><span class=\"_fadeIn_m1hgl_8\">Automatikus <\/span><span class=\"_fadeIn_m1hgl_8\">\u00dajraind\u00edt\u00e1s <\/span><span class=\"_fadeIn_m1hgl_8\">a  oldalon kereszt\u00fcl <\/span><span class=\"_fadeIn_m1hgl_8\">Kont\u00e9ner \u00e9szlel\u00e9s<\/span><\/li>\n<li data-start=\"1651\" data-end=\"1697\"><span class=\"_fadeIn_m1hgl_8\">A  oldalon. <\/span><span class=\"_fadeIn_m1hgl_8\">alacsony <\/span><span class=\"_fadeIn_m1hgl_8\">am\u00edg <\/span><span class=\"_fadeIn_m1hgl_8\">magas viszkozit\u00e1s <\/span><span class=\"_fadeIn_m1hgl_8\">M\u00e9dia<\/span><\/li>\n<li data-start=\"1651\" data-end=\"1697\"><span class=\"_fadeIn_m1hgl_8\">Higi\u00e9nikus, <\/span><span class=\"_fadeIn_m1hgl_8\">biztons\u00e1gos, <\/span><span class=\"_fadeIn_m1hgl_8\">ipari felhaszn\u00e1l\u00e1sra alkalmas<\/span><\/li>\n<\/ul>","protected":false},"excerpt":{"rendered":"<p><span class=\"_fadeIn_m1hgl_8\">\u00c1ll\u00f3 kever\u0151 <\/span><span class=\"_fadeIn_m1hgl_8\">a  oldalon. <\/span><span class=\"_fadeIn_m1hgl_8\">200-<\/span><span class=\"_fadeIn_m1hgl_8\">Liter<\/span><span class=\"_fadeIn_m1hgl_8\">Hord\u00f3k <\/span><span class=\"_fadeIn_m1hgl_8\">elektromos<\/span><span class=\"_fadeIn_m1hgl_8\">\u00a0<\/span><span class=\"_fadeIn_m1hgl_8\">Hajt\u00e1s, <\/span><span class=\"_fadeIn_m1hgl_8\">V4A-<\/span><span class=\"_fadeIn_m1hgl_8\">Alkatr\u00e9szek, <\/span><span class=\"_fadeIn_m1hgl_8\">automatikusabb <\/span><span class=\"_fadeIn_m1hgl_8\">Emel\u0151berendez\u00e9s, <\/span><span class=\"_fadeIn_m1hgl_8\">Biztons\u00e1gi le\u00e1ll\u00e1s <\/span><span class=\"_fadeIn_m1hgl_8\">\u00e9s <\/span><span class=\"_fadeIn_m1hgl_8\">V\u00e1laszt\u00e1si agit\u00e1ci\u00f3s test\u00fclet<\/span><span class=\"_fadeIn_m1hgl_8\">\u00a0<\/span><span class=\"_fadeIn_m1hgl_8\">a  oldalon. <\/span><span class=\"_fadeIn_m1hgl_8\">hat\u00e9kony, <\/span><span class=\"_fadeIn_m1hgl_8\">biztons\u00e1gos <\/span><span class=\"_fadeIn_m1hgl_8\">Keverj\u00fck \u00f6ssze <\/span><span class=\"_fadeIn_m1hgl_8\">a  c\u00edmen <\/span><span class=\"_fadeIn_m1hgl_8\">minden <\/span><span class=\"_fadeIn_m1hgl_8\">viszkozit\u00e1sok, falra vagy padl\u00f3ra szerelhet\u0151.<\/span><\/p>","protected":false},"featured_media":15565,"comment_status":"open","ping_status":"closed","template":"","meta":{"_acf_changed":false},"product_brand":[],"product_cat":[595,603],"product_tag":[2967,2968,2969,2970,2971,3171,2637,3173,2893,3174,2964,2965,2966],"class_list":{"0":"post-14671","1":"product","2":"type-product","3":"status-publish","4":"has-post-thumbnail","6":"product_cat-ruehrwerkstechnik","7":"product_cat-fassruehrwerke","8":"product_tag-fassruehrwerk-mit-sicherheit","9":"product_tag-ergonomisches-ruehrwerk-industrie","10":"product_tag-automatisches-ruehrsystem","11":"product_tag-edelstahl-ruehrwerk-200-liter","12":"product_tag-bedienpult-ruehrtechnik","13":"product_tag-ruehrwerk-200-liter","14":"product_tag-ruehrwerk-fuer-hochviskose-medien","15":"product_tag-ruehrwerk-elektrisch","16":"product_tag-ruehrwerk-mit-hebevorrichtung","17":"product_tag-ruehrstation-elektrisch","18":"product_tag-stativruehrwerk-200-liter","19":"product_tag-pneumatisches-ruehrwerk-edelstahl","20":"product_tag-v4a-ruehrwelle-eco-cup","21":"product_shipping_class-europalette-speditionsversand","22":"pa_antriebsart-elektrisch","23":"pa_befestigung-mit-wandbefestigung","24":"pa_befestigung-mit-bodenbefestigung","25":"pa_behaeltervolumen-200-liter","26":"pa_deckeldurchmesser-630mm","27":"pa_dichtung-ptfe","28":"pa_durchmesser-ruehrwelle-20mm","29":"pa_geeignete-fassdurchmesser-200-liter","30":"pa_gesamtbreite-700mm","31":"pa_gesamthoehe-2345mm","32":"pa_gesamttiefe-800mm","33":"pa_labs-oel-und-silikonfrei","34":"pa_laenge-ruehrwelle-ca-780mm-ab-deckeloberkante","35":"pa_material-deckel-v4a-edelstahl-1-4404","36":"pa_model-eco-station-200","37":"pa_motorgroessen-0-562-1-min-11kw-19nm-bis-2-000mpas","38":"pa_motorgroessen-0-411-1-min-15kw-32nm-bis-10-000mpas","39":"pa_motorgroessen-0-245-1-min-15kw-58nm-bis-50-000mpas","40":"pa_ruehrorgan-schraegblattmischer-325mm","41":"pa_ruehrorgan-becherruehrorgan-eco-cup-320mm","42":"pa_schnellwechselsystem-mit-gewindeverbindung","43":"pa_schnellwechselsystem-mit-schnellwechselsystem","44":"pa_stativverfahrweg-1-000mm","45":"pa_typ-stativruehrwerk","47":"first","48":"instock","49":"taxable","50":"shipping-taxable","51":"purchasable","52":"product-type-variable"},"bundled_by":[],"bundle_stock_status":"instock","bundle_stock_quantity":null,"bundle_virtual":false,"bundle_layout":"","bundle_add_to_cart_form_location":"","bundle_editable_in_cart":false,"bundle_sold_individually_context":"","bundle_item_grouping":"","bundle_min_size":"","bundle_max_size":"","bundle_price":[],"bundled_items":[],"bundle_sell_ids":[],"exclude_global_add_ons":[],"addons":[],"acf":[],"_links":{"self":[{"href":"https:\/\/ptm-mechatronics.com\/hu\/wp-json\/wp\/v2\/product\/14671","targetHints":{"allow":["GET"]}}],"collection":[{"href":"https:\/\/ptm-mechatronics.com\/hu\/wp-json\/wp\/v2\/product"}],"about":[{"href":"https:\/\/ptm-mechatronics.com\/hu\/wp-json\/wp\/v2\/types\/product"}],"replies":[{"embeddable":true,"href":"https:\/\/ptm-mechatronics.com\/hu\/wp-json\/wp\/v2\/comments?post=14671"}],"wp:featuredmedia":[{"embeddable":true,"href":"https:\/\/ptm-mechatronics.com\/hu\/wp-json\/wp\/v2\/media\/15565"}],"wp:attachment":[{"href":"https:\/\/ptm-mechatronics.com\/hu\/wp-json\/wp\/v2\/media?parent=14671"}],"wp:term":[{"taxonomy":"product_brand","embeddable":true,"href":"https:\/\/ptm-mechatronics.com\/hu\/wp-json\/wp\/v2\/product_brand?post=14671"},{"taxonomy":"product_cat","embeddable":true,"href":"https:\/\/ptm-mechatronics.com\/hu\/wp-json\/wp\/v2\/product_cat?post=14671"},{"taxonomy":"product_tag","embeddable":true,"href":"https:\/\/ptm-mechatronics.com\/hu\/wp-json\/wp\/v2\/product_tag?post=14671"}],"curies":[{"name":"wp","href":"https:\/\/api.w.org\/{rel}","templated":true}]}}