{"id":14535,"date":"2025-08-25T09:52:45","date_gmt":"2025-08-25T07:52:45","guid":{"rendered":"https:\/\/ptm-mechatronics.com\/?post_type=product&#038;p=14535"},"modified":"2026-05-04T11:53:05","modified_gmt":"2026-05-04T09:53:05","slug":"elektrisches-ruehrwerk-mit-deckel-fuer-200-liter-fass-atex","status":"publish","type":"product","link":"https:\/\/ptm-mechatronics.com\/hu\/product\/elektrisches-ruehrwerk-mit-deckel-fuer-200-liter-fass-atex\/","title":{"rendered":"Elektromos kever\u0151g\u00e9p fed\u00e9llel 200 literes hord\u00f3hoz - ATEX"},"content":{"rendered":"<h1 data-start=\"306\" data-end=\"391\"><span style=\"font-size: 75%;\"><span class=\"_fadeIn_m1hgl_8\">ATEX-<\/span><span class=\"_fadeIn_m1hgl_8\">Kever\u0151g\u00e9p <\/span><span class=\"_fadeIn_m1hgl_8\">a  oldalon. <\/span><span class=\"_fadeIn_m1hgl_8\">200-<\/span><span class=\"_fadeIn_m1hgl_8\">Liter<\/span><span class=\"_fadeIn_m1hgl_8\">Hord\u00f3k - <\/span><span class=\"_fadeIn_m1hgl_8\">er\u0151s, <\/span><span class=\"_fadeIn_m1hgl_8\">biztons\u00e1gos <\/span><span class=\"_fadeIn_m1hgl_8\">\u00e9s <\/span><span class=\"_fadeIn_m1hgl_8\">folyamatorient\u00e1lt<\/span><\/span><\/h1>\n<p data-start=\"393\" data-end=\"819\"><span class=\"_fadeIn_m1hgl_8\">Ez a <\/span><span class=\"_fadeIn_m1hgl_8\">ATEX-<\/span><span class=\"_fadeIn_m1hgl_8\">hiteles\u00edtett <\/span><span class=\"_fadeIn_m1hgl_8\">Kever\u0151g\u00e9p<\/span> <span class=\"_fadeIn_m1hgl_8\">ATEX eset\u00e9ben <\/span><span class=\"_fadeIn_m1hgl_8\">Z\u00f3na <\/span><span class=\"_fadeIn_m1hgl_8\">0\/1 <\/span><span class=\"_fadeIn_m1hgl_8\">a <\/span><span class=\"_fadeIn_m1hgl_8\">k\u00fcl\u00f6n\u00f6sen a <\/span><span class=\"_fadeIn_m1hgl_8\">a  oldalon. <\/span><span class=\"_fadeIn_m1hgl_8\">a <\/span><span class=\"_fadeIn_m1hgl_8\">Haszn\u00e1lja a  c\u00edmet. <\/span><span class=\"_fadeIn_m1hgl_8\">a  oldalon. <\/span><span class=\"_fadeIn_m1hgl_8\">robban\u00e1svesz\u00e9lyes l\u00e9gk\u00f6r\u00f6k <\/span><span class=\"_fadeIn_m1hgl_8\">Ter\u00fcletek<\/span> <span class=\"_fadeIn_m1hgl_8\">\u00e9s <\/span><span class=\"_fadeIn_m1hgl_8\">a  oldalon. <\/span><span class=\"_fadeIn_m1hgl_8\">a <\/span><span class=\"_fadeIn_m1hgl_8\">Feldolgoz\u00e1s <\/span><span class=\"_fadeIn_m1hgl_8\">nagy <\/span><span class=\"_fadeIn_m1hgl_8\">Term\u00e9kmennyis\u00e9gek<\/span> <span class=\"_fadeIn_m1hgl_8\">a  oldalon. <\/span><span class=\"_fadeIn_m1hgl_8\">200-<\/span><span class=\"_fadeIn_m1hgl_8\">Liter<\/span><span class=\"_fadeIn_m1hgl_8\">Hord\u00f3k<\/span> <span class=\"_fadeIn_m1hgl_8\">tervezt\u00e9k. <\/span><span class=\"_fadeIn_m1hgl_8\">A <\/span><span class=\"_fadeIn_m1hgl_8\">energiahat\u00e9kony, <\/span><span class=\"_fadeIn_m1hgl_8\">elektromos <\/span><span class=\"_fadeIn_m1hgl_8\">Hajt\u00f3m\u0171<\/span> <span class=\"_fadeIn_m1hgl_8\">biztos\u00edtja a <\/span><span class=\"_fadeIn_m1hgl_8\">a  oldalon. <\/span><span class=\"_fadeIn_m1hgl_8\">Kombin\u00e1ci\u00f3 <\/span><span class=\"_fadeIn_m1hgl_8\">a  c\u00edmen <\/span><span class=\"_fadeIn_m1hgl_8\">Kever\u0151tengely \u00e9s szerv<\/span>\u00a0<span class=\"_fadeIn_m1hgl_8\">a  oldalon. <\/span><span class=\"_fadeIn_m1hgl_8\">egy <\/span><span class=\"_fadeIn_m1hgl_8\">er\u0151s, <\/span><span class=\"_fadeIn_m1hgl_8\">de <\/span><span class=\"_fadeIn_m1hgl_8\">egyidej\u0171leg <\/span><span class=\"_fadeIn_m1hgl_8\">gyeng\u00e9d <\/span><span class=\"_fadeIn_m1hgl_8\">Kever\u00e9s<\/span> <span class=\"_fadeIn_m1hgl_8\">a  c\u00edmr\u0151l <\/span><span class=\"_fadeIn_m1hgl_8\">M\u00e9dia <\/span><span class=\"_fadeIn_m1hgl_8\">minden egyes <\/span><span class=\"_fadeIn_m1hgl_8\">Viszkozit\u00e1si oszt\u00e1ly.<\/span><\/p>\n<p data-start=\"821\" data-end=\"1335\"><span class=\"_fadeIn_m1hgl_8\">Minden <\/span><span class=\"_fadeIn_m1hgl_8\">m\u00e9dia\u00e9rint\u00e9s <\/span><span class=\"_fadeIn_m1hgl_8\">Alkatr\u00e9szek - <\/span><span class=\"_fadeIn_m1hgl_8\">Kever\u0151tengely, <\/span><span class=\"_fadeIn_m1hgl_8\">Kever\u0151g\u00e9p <\/span><span class=\"_fadeIn_m1hgl_8\">\u00e9s <\/span><span class=\"_fadeIn_m1hgl_8\">Fed\u00e9l<\/span><span class=\"_fadeIn_m1hgl_8\"> \u2013 <\/span><span class=\"_fadeIn_m1hgl_8\">l\u00e9teznek <\/span><span class=\"_fadeIn_m1hgl_8\">a  c\u00edmr\u0151l <\/span><span class=\"_fadeIn_m1hgl_8\">magas min\u0151s\u00e9g <\/span><span class=\"_fadeIn_m1hgl_8\">V4A <\/span><span class=\"_fadeIn_m1hgl_8\">Rozsdamentes ac\u00e9l (<\/span><span class=\"_fadeIn_m1hgl_8\">1.4404)<\/span> <span class=\"_fadeIn_m1hgl_8\">\u00e9s <\/span><span class=\"_fadeIn_m1hgl_8\">garancia <\/span><span class=\"_fadeIn_m1hgl_8\">hogy <\/span><span class=\"_fadeIn_m1hgl_8\">legmagasabb <\/span><span class=\"_fadeIn_m1hgl_8\">Higi\u00e9nia, <\/span><span class=\"_fadeIn_m1hgl_8\">Korr\u00f3zi\u00f3\u00e1ll\u00f3s\u00e1g<\/span> <span class=\"_fadeIn_m1hgl_8\">\u00e9s <\/span><span class=\"_fadeIn_m1hgl_8\">Hossz\u00fa \u00e9lettartam. <\/span><span class=\"_fadeIn_m1hgl_8\">A <\/span><span class=\"_fadeIn_m1hgl_8\">Fed\u00e9l <\/span><span class=\"_fadeIn_m1hgl_8\">a  c\u00edmen <\/span><span class=\"_fadeIn_m1hgl_8\">egy <\/span><span class=\"_fadeIn_m1hgl_8\">Befog\u00e1si tartom\u00e1ny <\/span><span class=\"_fadeIn_m1hgl_8\">a  c\u00edmr\u0151l <\/span><span class=\"_fadeIn_m1hgl_8\">500 <\/span><span class=\"_fadeIn_m1hgl_8\">am\u00edg <\/span><span class=\"_fadeIn_m1hgl_8\">600 <\/span><span class=\"_fadeIn_m1hgl_8\">mm<\/span> <span class=\"_fadeIn_m1hgl_8\">a <\/span><span class=\"_fadeIn_m1hgl_8\">a  oldalon <\/span><span class=\"_fadeIn_m1hgl_8\">szabv\u00e1nyos\u00edtott <\/span><span class=\"_fadeIn_m1hgl_8\">200-<\/span><span class=\"_fadeIn_m1hgl_8\">Liter<\/span><span class=\"_fadeIn_m1hgl_8\">Hord\u00f3k <\/span><span class=\"_fadeIn_m1hgl_8\">harmoniz\u00e1lt <\/span><span class=\"_fadeIn_m1hgl_8\">\u00e9s <\/span><span class=\"_fadeIn_m1hgl_8\">van <\/span><span class=\"_fadeIn_m1hgl_8\">a  honlapr\u00f3l <\/span><span class=\"_fadeIn_m1hgl_8\">k\u00e9t <\/span><span class=\"_fadeIn_m1hgl_8\">Szor\u00edt\u00f3eszk\u00f6z\u00f6k<\/span><span class=\"_fadeIn_m1hgl_8\">, <\/span><span class=\"_fadeIn_m1hgl_8\">egy <\/span><span class=\"_fadeIn_m1hgl_8\">gyakorlati <\/span><span class=\"_fadeIn_m1hgl_8\">Encore lap\u00e1t<\/span> <span class=\"_fadeIn_m1hgl_8\">\u00e9s <\/span><span class=\"_fadeIn_m1hgl_8\">egy <\/span><span class=\"_fadeIn_m1hgl_8\">integr\u00e1lt <\/span><span class=\"_fadeIn_m1hgl_8\">Biztons\u00e1gi r\u00e1cs<\/span><span class=\"_fadeIn_m1hgl_8\">, <\/span><span class=\"_fadeIn_m1hgl_8\">a <\/span><span class=\"_fadeIn_m1hgl_8\">a  c\u00edmen <\/span><span class=\"_fadeIn_m1hgl_8\">fut\u00f3 <\/span><span class=\"_fadeIn_m1hgl_8\">M\u0171velet <\/span><span class=\"_fadeIn_m1hgl_8\">a  el\u0151tt <\/span><span class=\"_fadeIn_m1hgl_8\">nem sz\u00e1nd\u00e9kos <\/span><span class=\"_fadeIn_m1hgl_8\">K\u00f6zbel\u00e9pni <\/span><span class=\"_fadeIn_m1hgl_8\">v\u00e9di.<\/span><\/p>\n<h3 data-start=\"1337\" data-end=\"1549\"><span class=\"_fadeIn_m1hgl_8\" style=\"font-size: 90%;\">Az \u00d6n lehet\u0151s\u00e9gei:<\/span><\/h3>\n<p>H\u00e1rom teljes\u00edtm\u00e9nyszint az \u00d6n ig\u00e9nyeihez:<\/p>\n<ul>\n<li>Legfeljebb 2000 mPas viszkozit\u00e1s\u00fa folyad\u00e9kokhoz.<\/li>\n<li>Legfeljebb 10 000 mPas viszkozit\u00e1s\u00fa folyad\u00e9kokhoz.<\/li>\n<li>Legfeljebb 50 000 mPas viszkozit\u00e1s\u00fa folyad\u00e9kokhoz.<\/li>\n<\/ul>\n<p>A kever\u0151tengely gyorscser\u00e9l\u0151 rendszere:<br \/>\nA <a href=\"https:\/\/youtu.be\/TjagGW4DoyA?feature=shared\" target=\"_blank\" rel=\"noopener\">eco-Quick gyorscser\u00e9l\u0151 rendszer<\/a> gyors \u00e9s tiszta kever\u0151tengely-cser\u00e9t k\u00edn\u00e1l m\u00e1sodpercek alatt, tov\u00e1bbi szersz\u00e1mok n\u00e9lk\u00fcl.<\/p>\n<p>Cs\u00e9szekever\u0151 eco-Cup vagy ferde peng\u00e9s kever\u0151g\u00e9p<br \/>\n<span class=\"_fadeIn_m1hgl_8\">A <\/span><span class=\"_fadeIn_m1hgl_8\">eco-<\/span><span class=\"_fadeIn_m1hgl_8\">Cs\u00e9sze <\/span><span class=\"_fadeIn_m1hgl_8\">Kever\u0151 cs\u00e9sze<\/span> <span class=\"_fadeIn_m1hgl_8\">aj\u00e1nlatok <\/span><span class=\"_fadeIn_m1hgl_8\">a  oldalon kereszt\u00fcl <\/span><span class=\"_fadeIn_m1hgl_8\">legyen <\/span><span class=\"_fadeIn_m1hgl_8\">lamin\u00e1ris <\/span><span class=\"_fadeIn_m1hgl_8\">Kavar\u00f3 viselked\u00e9s<\/span> <span class=\"_fadeIn_m1hgl_8\">egy <\/span><span class=\"_fadeIn_m1hgl_8\">homog\u00e9n <\/span><span class=\"_fadeIn_m1hgl_8\">Kever\u00e9s<\/span><span class=\"_fadeIn_m1hgl_8\"> \u2013 <\/span><span class=\"_fadeIn_m1hgl_8\">maga <\/span><span class=\"_fadeIn_m1hgl_8\">a  c\u00edmen <\/span><span class=\"_fadeIn_m1hgl_8\">ig\u00e9nyes, <\/span><span class=\"_fadeIn_m1hgl_8\">nagy viszkozit\u00e1s\u00fa <\/span><span class=\"_fadeIn_m1hgl_8\">M\u00e9dia <\/span><span class=\"_fadeIn_m1hgl_8\">mint a <\/span><span class=\"_fadeIn_m1hgl_8\">Paszt\u00e1k, <\/span><span class=\"_fadeIn_m1hgl_8\">Felf\u00fcggeszt\u00e9sek <\/span><span class=\"_fadeIn_m1hgl_8\">vagy <\/span><span class=\"_fadeIn_m1hgl_8\">Emulzi\u00f3k.<\/span><\/p>\n<p data-start=\"1337\" data-end=\"1549\">A ferde lap\u00e1tos kever\u0151 leny\u0171g\u00f6z\u0151 axi\u00e1lis sz\u00e1ll\u00edt\u00e1si tulajdons\u00e1gokkal rendelkezik, enyh\u00e9n radi\u00e1lis komponenssel, \u00e9s turbulens \u00e1raml\u00e1st hoz l\u00e9tre, amely k\u00fcl\u00f6n\u00f6sen hat\u00e9kony kever\u00e9st tesz lehet\u0151v\u00e9. Robusztus kialak\u00edt\u00e1s\u00e1nak k\u00f6sz\u00f6nhet\u0151en ide\u00e1lis a nagy viszkozit\u00e1s\u00fa anyagokhoz.<\/p>\n<p data-start=\"1337\" data-end=\"1549\">Frekvenciav\u00e1lt\u00f3:<br \/>\nV\u00e1lasszon egy opcion\u00e1lis frekvenciav\u00e1lt\u00f3t a falra szerel\u00e9shez.<\/p>\n<p data-start=\"1551\" data-end=\"1582\"><span class=\"_fadeIn_m1hgl_8\">El\u0151ny\u00f6k <\/span><span class=\"_fadeIn_m1hgl_8\">a  oldalon <\/span><span class=\"_fadeIn_m1hgl_8\">egy <\/span><span class=\"_fadeIn_m1hgl_8\">N\u00e9zet:<\/span><\/p>\n<ul>\n<li data-start=\"1585\" data-end=\"1625\"><span class=\"_fadeIn_m1hgl_8\">ATEX-<\/span><span class=\"_fadeIn_m1hgl_8\">hiteles\u00edtett <\/span><span class=\"_fadeIn_m1hgl_8\">Hajt\u00f3m\u0171<\/span><\/li>\n<li data-start=\"1585\" data-end=\"1625\"><span class=\"_fadeIn_m1hgl_8\">Elektromos, <\/span><span class=\"_fadeIn_m1hgl_8\">energiahat\u00e9kony <\/span><span class=\"_fadeIn_m1hgl_8\">\u00e9s <\/span><span class=\"_fadeIn_m1hgl_8\">Er\u0151teljes<\/span><\/li>\n<li data-start=\"1585\" data-end=\"1625\"><span class=\"_fadeIn_m1hgl_8\">A  oldalon. <\/span><span class=\"_fadeIn_m1hgl_8\">200-<\/span><span class=\"_fadeIn_m1hgl_8\">Liter<\/span><span class=\"_fadeIn_m1hgl_8\">Hord\u00f3k <\/span><span class=\"_fadeIn_m1hgl_8\">a  c\u00edmen <\/span><span class=\"_fadeIn_m1hgl_8\">\u00d8 <\/span><span class=\"_fadeIn_m1hgl_8\">500-<\/span><span class=\"_fadeIn_m1hgl_8\">600 <\/span><span class=\"_fadeIn_m1hgl_8\">mm<\/span><\/li>\n<li data-start=\"1585\" data-end=\"1625\"><span class=\"_fadeIn_m1hgl_8\">Kever\u0151tengely, <\/span><span class=\"_fadeIn_m1hgl_8\">Kever\u0151g\u00e9p <\/span><span class=\"_fadeIn_m1hgl_8\">\u00e9s <\/span><span class=\"_fadeIn_m1hgl_8\">Fed\u00e9l <\/span><span class=\"_fadeIn_m1hgl_8\">a  c\u00edmr\u0151l <\/span><span class=\"_fadeIn_m1hgl_8\">V4A <\/span><span class=\"_fadeIn_m1hgl_8\">Rozsdamentes ac\u00e9l<\/span><\/li>\n<li data-start=\"1585\" data-end=\"1625\"><span class=\"_fadeIn_m1hgl_8\">K\u00e9t <\/span><span class=\"_fadeIn_m1hgl_8\">Szor\u00edt\u00f3eszk\u00f6z\u00f6k <\/span><span class=\"_fadeIn_m1hgl_8\">a  oldalon. <\/span><span class=\"_fadeIn_m1hgl_8\">biztons\u00e1gos <\/span><span class=\"_fadeIn_m1hgl_8\">Stop<\/span><\/li>\n<li data-start=\"1585\" data-end=\"1625\"><span class=\"_fadeIn_m1hgl_8\">A  c\u00edmen <\/span><span class=\"_fadeIn_m1hgl_8\">Encore lap\u00e1t <\/span><span class=\"_fadeIn_m1hgl_8\">\u00e9s <\/span><span class=\"_fadeIn_m1hgl_8\">Biztons\u00e1gi r\u00e1cs<\/span><\/li>\n<li data-start=\"1585\" data-end=\"1625\"><span class=\"_fadeIn_m1hgl_8\">Megfelel\u0151 <\/span><span class=\"_fadeIn_m1hgl_8\">a  oldalon. <\/span><span class=\"_fadeIn_m1hgl_8\">alacsony <\/span><span class=\"_fadeIn_m1hgl_8\">\u00e9s <\/span><span class=\"_fadeIn_m1hgl_8\">magas viszkozit\u00e1s <\/span><span class=\"_fadeIn_m1hgl_8\">M\u00e9dia<\/span><\/li>\n<li data-start=\"1585\" data-end=\"1625\"><span class=\"_fadeIn_m1hgl_8\">Homog\u00e9n, <\/span><span class=\"_fadeIn_m1hgl_8\">gyeng\u00e9d <\/span><span class=\"_fadeIn_m1hgl_8\">Kavar\u00f3 viselked\u00e9s<\/span><\/li>\n<li data-start=\"1585\" data-end=\"1625\"><span class=\"_fadeIn_m1hgl_8\">Robusztus, <\/span><span class=\"_fadeIn_m1hgl_8\">higi\u00e9nikus, <\/span><span class=\"_fadeIn_m1hgl_8\">Alacsony karbantart\u00e1si ig\u00e9ny<\/span><\/li>\n<\/ul>","protected":false},"excerpt":{"rendered":"<p><span class=\"_fadeIn_m1hgl_8\">ATEX-<\/span><span class=\"_fadeIn_m1hgl_8\">Kever\u0151g\u00e9p <\/span><span class=\"_fadeIn_m1hgl_8\">a  oldalon. <\/span><span class=\"_fadeIn_m1hgl_8\">200-<\/span><span class=\"_fadeIn_m1hgl_8\">Liter<\/span><span class=\"_fadeIn_m1hgl_8\">Hord\u00f3k <\/span><span class=\"_fadeIn_m1hgl_8\">a  c\u00edmen <\/span><span class=\"_fadeIn_m1hgl_8\">V4A-<\/span><span class=\"_fadeIn_m1hgl_8\">Alkatr\u00e9szek, <\/span><span class=\"_fadeIn_m1hgl_8\">Encore lap\u00e1t <\/span><span class=\"_fadeIn_m1hgl_8\">a  c\u00edmen <\/span><span class=\"_fadeIn_m1hgl_8\">Biztons\u00e1gi r\u00e1cs, kever\u0151g\u00e9p v\u00e1laszthat\u00f3, <\/span><span class=\"_fadeIn_m1hgl_8\">a  oldalon. <\/span><span class=\"_fadeIn_m1hgl_8\">egy <\/span><span class=\"_fadeIn_m1hgl_8\">biztons\u00e1gos, <\/span><span class=\"_fadeIn_m1hgl_8\">hat\u00e9kony <\/span><span class=\"_fadeIn_m1hgl_8\">\u00e9s <\/span><span class=\"_fadeIn_m1hgl_8\">higi\u00e9nikus <\/span><span class=\"_fadeIn_m1hgl_8\">Keverj\u00fck \u00f6ssze <\/span><span class=\"_fadeIn_m1hgl_8\">viszk\u00f3zusabb <\/span><span class=\"_fadeIn_m1hgl_8\">M\u00e9dia, tov\u00e1bb\u00e1 <\/span><span class=\"_fadeIn_m1hgl_8\">a  oldalon. <\/span><span class=\"_fadeIn_m1hgl_8\">robban\u00e1svesz\u00e9lyes <\/span><span class=\"_fadeIn_m1hgl_8\">K\u00f6rny\u00e9k.<\/span><\/p>","protected":false},"featured_media":15562,"comment_status":"open","ping_status":"closed","template":"","meta":{"_acf_changed":false},"product_brand":[],"product_cat":[595,603],"product_tag":[2637,2735,2816,2940,2954,2959,2960,2962,2963,3164],"class_list":{"0":"post-14535","1":"product","2":"type-product","3":"status-publish","4":"has-post-thumbnail","6":"product_cat-ruehrwerkstechnik","7":"product_cat-fassruehrwerke","8":"product_tag-ruehrwerk-fuer-hochviskose-medien","9":"product_tag-schragblattmischer","10":"product_tag-explosionsgeschuetztes-ruehrwerk","11":"product_tag-becherruehrorgan-eco-cup","12":"product_tag-zugabeklappe-ruehrwerk","13":"product_tag-atex-ruehrwerk-200-liter","14":"product_tag-fassruehrwerk-edelstahl","15":"product_tag-sicherheitsgitter-ruehrsystem","16":"product_tag-edelstahl-ruehrwerk-500-600-mm","17":"product_tag-elektrischer-ruehrantrieb-atex","18":"product_shipping_class-europalette-speditionsversand","19":"pa_antriebsart-elektrisch","20":"pa_atex-motor-ex-db-eb-iic-t4-gb","21":"pa_atex-zonentrennung-ex-ii-1-2-g-ex-h-iic-t5-ga-gb","22":"pa_behaeltervolumen-200-liter","23":"pa_dichtung-ptfe","24":"pa_durchmesser-ruehrwelle-20mm","25":"pa_frequenzumrichter-ohne","26":"pa_frequenzumrichter-zur-wandmontage","27":"pa_geeignete-fassdurchmesser-500-600mm","28":"pa_labs-oel-und-silikonfrei","29":"pa_laenge-ruehrwelle-ca-780mm-ab-deckeloberkante","30":"pa_material-deckel-v4a-edelstahl-1-4404","31":"pa_motorgroessen-0-562-1-min-11kw-19nm-bis-2-000mpas","32":"pa_motorgroessen-0-411-1-min-15kw-32nm-bis-10-000mpas","33":"pa_motorgroessen-0-245-1-min-15kw-58nm-bis-50-000mpas","34":"pa_ruehrorgan-becherruehrorgan-eco-cup-320mm","35":"pa_ruehrorgan-schraegblattmischer-325mm","36":"pa_schnellwechselsystem-mit-gewindeverbindung","37":"pa_schnellwechselsystem-mit-schnellwechselsystem","38":"pa_typ-deckelruehrwerk","40":"first","41":"instock","42":"taxable","43":"shipping-taxable","44":"purchasable","45":"product-type-variable"},"bundled_by":[],"bundle_stock_status":"instock","bundle_stock_quantity":null,"bundle_virtual":false,"bundle_layout":"","bundle_add_to_cart_form_location":"","bundle_editable_in_cart":false,"bundle_sold_individually_context":"","bundle_item_grouping":"","bundle_min_size":"","bundle_max_size":"","bundle_price":[],"bundled_items":[],"bundle_sell_ids":[],"exclude_global_add_ons":[],"addons":[],"acf":[],"_links":{"self":[{"href":"https:\/\/ptm-mechatronics.com\/hu\/wp-json\/wp\/v2\/product\/14535","targetHints":{"allow":["GET"]}}],"collection":[{"href":"https:\/\/ptm-mechatronics.com\/hu\/wp-json\/wp\/v2\/product"}],"about":[{"href":"https:\/\/ptm-mechatronics.com\/hu\/wp-json\/wp\/v2\/types\/product"}],"replies":[{"embeddable":true,"href":"https:\/\/ptm-mechatronics.com\/hu\/wp-json\/wp\/v2\/comments?post=14535"}],"wp:featuredmedia":[{"embeddable":true,"href":"https:\/\/ptm-mechatronics.com\/hu\/wp-json\/wp\/v2\/media\/15562"}],"wp:attachment":[{"href":"https:\/\/ptm-mechatronics.com\/hu\/wp-json\/wp\/v2\/media?parent=14535"}],"wp:term":[{"taxonomy":"product_brand","embeddable":true,"href":"https:\/\/ptm-mechatronics.com\/hu\/wp-json\/wp\/v2\/product_brand?post=14535"},{"taxonomy":"product_cat","embeddable":true,"href":"https:\/\/ptm-mechatronics.com\/hu\/wp-json\/wp\/v2\/product_cat?post=14535"},{"taxonomy":"product_tag","embeddable":true,"href":"https:\/\/ptm-mechatronics.com\/hu\/wp-json\/wp\/v2\/product_tag?post=14535"}],"curies":[{"name":"wp","href":"https:\/\/api.w.org\/{rel}","templated":true}]}}