{"id":14473,"date":"2025-08-25T08:34:18","date_gmt":"2025-08-25T06:34:18","guid":{"rendered":"https:\/\/ptm-mechatronics.com\/?post_type=product&#038;p=14473"},"modified":"2026-05-04T12:35:47","modified_gmt":"2026-05-04T10:35:47","slug":"elektro-pneumatisches-stativruehrwerk-fuer-ibc-container","status":"publish","type":"product","link":"https:\/\/ptm-mechatronics.com\/hu\/product\/elektro-pneumatisches-stativruehrwerk-fuer-ibc-container\/","title":{"rendered":"Elektropneumatikus \u00e1ll\u00f3 kever\u0151 IBC-khez \u00e9s kont\u00e9nerekhez"},"content":{"rendered":"<h1 data-start=\"188\" data-end=\"272\"><span style=\"font-size: 90%;\"><span class=\"_fadeIn_m1hgl_8\">\u00c1ll\u00f3 kever\u0151 <\/span><span class=\"_fadeIn_m1hgl_8\">a  oldalon. <\/span><span class=\"_fadeIn_m1hgl_8\">IBC-k <\/span><span class=\"_fadeIn_m1hgl_8\">\u00e9s <\/span><span class=\"_fadeIn_m1hgl_8\">Kont\u00e9ner - <\/span><span class=\"_fadeIn_m1hgl_8\">er\u0151s, <\/span><span class=\"_fadeIn_m1hgl_8\">biztons\u00e1gos <\/span><span class=\"_fadeIn_m1hgl_8\">\u00e9s <\/span><span class=\"_fadeIn_m1hgl_8\">Ergonomikus <\/span><span class=\"_fadeIn_m1hgl_8\">keverj\u00fck<\/span><\/span><\/h1>\n<p data-start=\"274\" data-end=\"737\"><span class=\"_fadeIn_m1hgl_8\">A <\/span><span class=\"_fadeIn_m1hgl_8\">\u00c1ll\u00f3 kever\u0151 <\/span><span class=\"_fadeIn_m1hgl_8\">a  oldalon. <\/span><span class=\"_fadeIn_m1hgl_8\">IBC-k <\/span><span class=\"_fadeIn_m1hgl_8\">\u00e9s <\/span><span class=\"_fadeIn_m1hgl_8\">Kont\u00e9ner<\/span> <span class=\"_fadeIn_m1hgl_8\">volt <\/span><span class=\"_fadeIn_m1hgl_8\">k\u00fcl\u00f6n\u00f6sen a <\/span><span class=\"_fadeIn_m1hgl_8\">a  oldalon. <\/span><span class=\"_fadeIn_m1hgl_8\">a <\/span><span class=\"_fadeIn_m1hgl_8\">er\u0151s <\/span><span class=\"_fadeIn_m1hgl_8\">\u00e9s <\/span><span class=\"_fadeIn_m1hgl_8\">megb\u00edzhat\u00f3 folyamat <\/span><span class=\"_fadeIn_m1hgl_8\">Keverj\u00fck \u00f6ssze <\/span><span class=\"_fadeIn_m1hgl_8\">a  c\u00edmr\u0151l <\/span><span class=\"_fadeIn_m1hgl_8\">alacsony <\/span><span class=\"_fadeIn_m1hgl_8\">am\u00edg <\/span><span class=\"_fadeIn_m1hgl_8\">nagy viszkozit\u00e1s\u00fa <\/span><span class=\"_fadeIn_m1hgl_8\">M\u00e9dia<\/span> <span class=\"_fadeIn_m1hgl_8\">kifejlesztett. <\/span><span class=\"_fadeIn_m1hgl_8\">Felszerelt <\/span><span class=\"_fadeIn_m1hgl_8\">a  c\u00edmen <\/span><span class=\"_fadeIn_m1hgl_8\">egy <\/span><span class=\"_fadeIn_m1hgl_8\">er\u0151s, <\/span><span class=\"_fadeIn_m1hgl_8\">elektromos <\/span><span class=\"_fadeIn_m1hgl_8\">Hajt\u00f3m\u0171<\/span><span class=\"_fadeIn_m1hgl_8\">, <\/span><span class=\"_fadeIn_m1hgl_8\">egy <\/span><span class=\"_fadeIn_m1hgl_8\">robusztus <\/span><span class=\"_fadeIn_m1hgl_8\">Fed\u00e9lrendszer<\/span> <span class=\"_fadeIn_m1hgl_8\">\u00e9s <\/span><span class=\"_fadeIn_m1hgl_8\">egy <\/span><span class=\"_fadeIn_m1hgl_8\">stabil <\/span><span class=\"_fadeIn_m1hgl_8\">\u00c1llv\u00e1ny <\/span><span class=\"_fadeIn_m1hgl_8\">a  c\u00edmen <\/span><span class=\"_fadeIn_m1hgl_8\">Automatikus pneumatikus <\/span><span class=\"_fadeIn_m1hgl_8\">Emel\u0151berendez\u00e9s<\/span><span class=\"_fadeIn_m1hgl_8\">, <\/span><span class=\"_fadeIn_m1hgl_8\">a <\/span><span class=\"_fadeIn_m1hgl_8\">ez <\/span><span class=\"_fadeIn_m1hgl_8\">Kever\u0151g\u00e9p <\/span><span class=\"_fadeIn_m1hgl_8\">ide\u00e1lis <\/span><span class=\"_fadeIn_m1hgl_8\">a  oldalon. <\/span><span class=\"_fadeIn_m1hgl_8\">a <\/span><span class=\"_fadeIn_m1hgl_8\">ipari <\/span><span class=\"_fadeIn_m1hgl_8\">Folyamatos m\u0171k\u00f6d\u00e9s <\/span><span class=\"_fadeIn_m1hgl_8\">a  oldalon. <\/span><span class=\"_fadeIn_m1hgl_8\">a <\/span><span class=\"_fadeIn_m1hgl_8\">K\u00e9mia, <\/span><span class=\"_fadeIn_m1hgl_8\">\u00c9tel.., <\/span><span class=\"_fadeIn_m1hgl_8\">Gy\u00f3gyszeripari <\/span><span class=\"_fadeIn_m1hgl_8\">\u00e9s <\/span><span class=\"_fadeIn_m1hgl_8\">Kozmetikai ipar<\/span> <span class=\"_fadeIn_m1hgl_8\">alkalmas.<\/span><\/p>\n<p data-start=\"739\" data-end=\"1149\"><span class=\"_fadeIn_m1hgl_8\">A <\/span><span class=\"_fadeIn_m1hgl_8\">integr\u00e1lt <\/span><span class=\"_fadeIn_m1hgl_8\">Kever\u0151tengely<\/span> <span class=\"_fadeIn_m1hgl_8\">\u00e9s <\/span><span class=\"_fadeIn_m1hgl_8\">a <\/span><span class=\"_fadeIn_m1hgl_8\">bizony\u00edtott <\/span><span class=\"_fadeIn_m1hgl_8\">\u00d6sszecsukhat\u00f3<\/span><span class=\"_fadeIn_m1hgl_8\">Kever\u0151 cs\u00e9sze <\/span><span class=\"_fadeIn_m1hgl_8\">eco-<\/span><span class=\"_fadeIn_m1hgl_8\">Cs\u00e9sze<\/span><span class=\"_fadeIn_m1hgl_8\"> \u2013 <\/span><span class=\"_fadeIn_m1hgl_8\">mindkett\u0151 <\/span><span class=\"_fadeIn_m1hgl_8\">gy\u00e1rtott <\/span><span class=\"_fadeIn_m1hgl_8\">a  c\u00edmr\u0151l <\/span><span class=\"_fadeIn_m1hgl_8\">magas min\u0151s\u00e9g <\/span><span class=\"_fadeIn_m1hgl_8\">V4A <\/span><span class=\"_fadeIn_m1hgl_8\">Rozsdamentes ac\u00e9l (<\/span><span class=\"_fadeIn_m1hgl_8\">1.4404)<\/span><span class=\"_fadeIn_m1hgl_8\"> \u2013 <\/span><span class=\"_fadeIn_m1hgl_8\">garancia <\/span><span class=\"_fadeIn_m1hgl_8\">egy <\/span><span class=\"_fadeIn_m1hgl_8\">hat\u00e9kony <\/span><span class=\"_fadeIn_m1hgl_8\">Kever\u00e9s<\/span> <span class=\"_fadeIn_m1hgl_8\">a  c\u00edmr\u0151l <\/span><span class=\"_fadeIn_m1hgl_8\">Folyad\u00e9kok <\/span><span class=\"_fadeIn_m1hgl_8\">\u00e9s <\/span><span class=\"_fadeIn_m1hgl_8\">viszk\u00f3zus <\/span><span class=\"_fadeIn_m1hgl_8\">Anyagok <\/span><span class=\"_fadeIn_m1hgl_8\">k\u00f6zvetlen <\/span><span class=\"_fadeIn_m1hgl_8\">a <\/span><span class=\"_fadeIn_m1hgl_8\">IBC <\/span><span class=\"_fadeIn_m1hgl_8\">vagy <\/span><span class=\"_fadeIn_m1hgl_8\">Kont\u00e9ner. <\/span><span class=\"_fadeIn_m1hgl_8\">A <\/span><span class=\"_fadeIn_m1hgl_8\">Alkatr\u00e9szek <\/span><span class=\"_fadeIn_m1hgl_8\">a <\/span><span class=\"_fadeIn_m1hgl_8\">optim\u00e1lis <\/span><span class=\"_fadeIn_m1hgl_8\">egym\u00e1son <\/span><span class=\"_fadeIn_m1hgl_8\">harmoniz\u00e1lt <\/span><span class=\"_fadeIn_m1hgl_8\">\u00e9s <\/span><span class=\"_fadeIn_m1hgl_8\">a  c\u00edmen. <\/span><span class=\"_fadeIn_m1hgl_8\">a  oldalon. <\/span><span class=\"_fadeIn_m1hgl_8\">egy <\/span><span class=\"_fadeIn_m1hgl_8\">m\u00e9g, <\/span><span class=\"_fadeIn_m1hgl_8\">homog\u00e9n <\/span><span class=\"_fadeIn_m1hgl_8\">Kavar\u00f3 eredm\u00e9ny - <\/span><span class=\"_fadeIn_m1hgl_8\">is <\/span><span class=\"_fadeIn_m1hgl_8\">a  c\u00edmen <\/span><span class=\"_fadeIn_m1hgl_8\">ig\u00e9nyes <\/span><span class=\"_fadeIn_m1hgl_8\">M\u00e9dia.<\/span><\/p>\n<p data-start=\"1151\" data-end=\"1431\"><span class=\"_fadeIn_m1hgl_8\">A <\/span><span class=\"_fadeIn_m1hgl_8\">automatikus <\/span><span class=\"_fadeIn_m1hgl_8\">Emel\u0151berendez\u00e9s<\/span> <span class=\"_fadeIn_m1hgl_8\">lehet\u0151v\u00e9 teszi a <\/span><span class=\"_fadeIn_m1hgl_8\">egy <\/span><span class=\"_fadeIn_m1hgl_8\">k\u00e9nyelmesebb <\/span><span class=\"_fadeIn_m1hgl_8\">\u00e9s <\/span><span class=\"_fadeIn_m1hgl_8\">ergonomikus <\/span><span class=\"_fadeIn_m1hgl_8\">Kont\u00e9nercsere<\/span><span class=\"_fadeIn_m1hgl_8\">, <\/span><span class=\"_fadeIn_m1hgl_8\">cs\u00f6kkentett <\/span><span class=\"_fadeIn_m1hgl_8\">fizikai <\/span><span class=\"_fadeIn_m1hgl_8\">Terhel\u00e9s <\/span><span class=\"_fadeIn_m1hgl_8\">\u00e9s <\/span><span class=\"_fadeIn_m1hgl_8\">megn\u00f6vekedett <\/span><span class=\"_fadeIn_m1hgl_8\">a <\/span><span class=\"_fadeIn_m1hgl_8\">Munkav\u00e9delem. <\/span><span class=\"_fadeIn_m1hgl_8\">A  oldalr\u00f3l <\/span><span class=\"_fadeIn_m1hgl_8\">egy <\/span><span class=\"_fadeIn_m1hgl_8\">intuit\u00edv <\/span><span class=\"_fadeIn_m1hgl_8\">m\u0171k\u00f6dtethet\u0151 <\/span><span class=\"_fadeIn_m1hgl_8\">Vez\u00e9rl\u0151panel <\/span><span class=\"_fadeIn_m1hgl_8\">a  oldalon <\/span><span class=\"_fadeIn_m1hgl_8\">\u00c1llv\u00e1ny<\/span> <span class=\"_fadeIn_m1hgl_8\">levelek <\/span><span class=\"_fadeIn_m1hgl_8\">maga <\/span><span class=\"_fadeIn_m1hgl_8\">a <\/span><span class=\"_fadeIn_m1hgl_8\">teljes <\/span><span class=\"_fadeIn_m1hgl_8\">Kever\u00e9si folyamat <\/span><span class=\"_fadeIn_m1hgl_8\">hat\u00e9kony <\/span><span class=\"_fadeIn_m1hgl_8\">ellen\u0151rz\u00e9s.<\/span><\/p>\n<p data-start=\"1433\" data-end=\"1758\"><span class=\"_fadeIn_m1hgl_8\">A  oldalon. <\/span><span class=\"_fadeIn_m1hgl_8\">tov\u00e1bbi <\/span><span class=\"_fadeIn_m1hgl_8\">Biztons\u00e1g <\/span><span class=\"_fadeIn_m1hgl_8\">biztos\u00edtja a <\/span><span class=\"_fadeIn_m1hgl_8\">a <\/span><span class=\"_fadeIn_m1hgl_8\">integr\u00e1lt <\/span><span class=\"_fadeIn_m1hgl_8\">automatikus <\/span><span class=\"_fadeIn_m1hgl_8\">Kever\u0151g\u00e9p kikapcsol\u00e1sa <\/span><span class=\"_fadeIn_m1hgl_8\">a <\/span><span class=\"_fadeIn_m1hgl_8\">Emel\u00e9s <\/span><span class=\"_fadeIn_m1hgl_8\">a <\/span><span class=\"_fadeIn_m1hgl_8\">Fedelek<\/span><span class=\"_fadeIn_m1hgl_8\">, <\/span><span class=\"_fadeIn_m1hgl_8\">a  c\u00edmen. <\/span><span class=\"_fadeIn_m1hgl_8\">a <\/span><span class=\"_fadeIn_m1hgl_8\">Reach in <\/span><span class=\"_fadeIn_m1hgl_8\">a  oldalon. <\/span><span class=\"_fadeIn_m1hgl_8\">mozgathat\u00f3 <\/span><span class=\"_fadeIn_m1hgl_8\">Alkatr\u00e9szek <\/span><span class=\"_fadeIn_m1hgl_8\">a  c\u00edmre. <\/span><span class=\"_fadeIn_m1hgl_8\">megel\u0151zni. <\/span><span class=\"_fadeIn_m1hgl_8\">A <\/span><span class=\"_fadeIn_m1hgl_8\">A  c\u00edmre t\u00f6rt\u00e9n\u0151 leenged\u00e9s <\/span><span class=\"_fadeIn_m1hgl_8\">felismeri a  c\u00edmet. <\/span><span class=\"_fadeIn_m1hgl_8\">a <\/span><span class=\"_fadeIn_m1hgl_8\">Rendszer <\/span><span class=\"_fadeIn_m1hgl_8\">a <\/span><span class=\"_fadeIn_m1hgl_8\">Kont\u00e9ner <\/span><span class=\"_fadeIn_m1hgl_8\">automatikusan <\/span><span class=\"_fadeIn_m1hgl_8\">\u00e9s <\/span><span class=\"_fadeIn_m1hgl_8\">elindul <\/span><span class=\"_fadeIn_m1hgl_8\">a <\/span><span class=\"_fadeIn_m1hgl_8\">Kever\u00e9si folyamat <\/span><span class=\"_fadeIn_m1hgl_8\">f\u00fcggetlen - <\/span><span class=\"_fadeIn_m1hgl_8\">a  oldalon. <\/span><span class=\"_fadeIn_m1hgl_8\">egy <\/span><span class=\"_fadeIn_m1hgl_8\">s\u00farl\u00f3d\u00e1smentes, <\/span><span class=\"_fadeIn_m1hgl_8\">ellen\u0151rz\u00f6tt <\/span><span class=\"_fadeIn_m1hgl_8\">Folyamat.<\/span><\/p>\n<h3 data-start=\"1337\" data-end=\"1549\"><span class=\"_fadeIn_m1hgl_8\">Az \u00d6n lehet\u0151s\u00e9gei:<\/span><\/h3>\n<p>H\u00e1rom teljes\u00edtm\u00e9nyszint az \u00d6n ig\u00e9nyeihez:<\/p>\n<ul>\n<li>Legfeljebb 2000 mPas viszkozit\u00e1s\u00fa folyad\u00e9kokhoz.<\/li>\n<li>Legfeljebb 10 000 mPas viszkozit\u00e1s\u00fa folyad\u00e9kokhoz.<\/li>\n<li>Legfeljebb 50 000 mPas viszkozit\u00e1s\u00fa folyad\u00e9kokhoz.<\/li>\n<\/ul>\n<p>A kever\u0151tengely gyorscser\u00e9l\u0151 rendszere:<br \/>\nA <a href=\"https:\/\/youtu.be\/TjagGW4DoyA?feature=shared\" target=\"_blank\" rel=\"noopener\">eco-Quick gyorscser\u00e9l\u0151 rendszer<\/a> gyors \u00e9s tiszta kever\u0151tengely-cser\u00e9t k\u00edn\u00e1l m\u00e1sodpercek alatt, tov\u00e1bbi szersz\u00e1mok n\u00e9lk\u00fcl.<\/p>\n<p data-start=\"1760\" data-end=\"1791\"><span class=\"_fadeIn_m1hgl_8\">El\u0151ny\u00f6k <\/span><span class=\"_fadeIn_m1hgl_8\">a  oldalon <\/span><span class=\"_fadeIn_m1hgl_8\">egy <\/span><span class=\"_fadeIn_m1hgl_8\">N\u00e9zet:<\/span><\/p>\n<ul>\n<li data-start=\"1794\" data-end=\"1835\"><span class=\"_fadeIn_m1hgl_8\">Er\u0151sebb, <\/span><span class=\"_fadeIn_m1hgl_8\">elektromos <\/span><span class=\"_fadeIn_m1hgl_8\">Hajt\u00f3m\u0171<\/span><\/li>\n<li data-start=\"1794\" data-end=\"1835\"><span class=\"_fadeIn_m1hgl_8\">Robusztusabb <\/span><span class=\"_fadeIn_m1hgl_8\">Rozsdamentes ac\u00e9l (<\/span><span class=\"_fadeIn_m1hgl_8\">V4A \/ <\/span><span class=\"_fadeIn_m1hgl_8\">1.4404) <\/span><span class=\"_fadeIn_m1hgl_8\">a  oldalon. <\/span><span class=\"_fadeIn_m1hgl_8\">Kever\u0151tengely <\/span><span class=\"_fadeIn_m1hgl_8\">\u00e9s <\/span><span class=\"_fadeIn_m1hgl_8\">Kever\u0151g\u00e9p<\/span><\/li>\n<li data-start=\"1794\" data-end=\"1835\"><span class=\"_fadeIn_m1hgl_8\">\u00d6sszecsukhat\u00f3<\/span><span class=\"_fadeIn_m1hgl_8\">Kever\u0151 cs\u00e9sze <\/span><span class=\"_fadeIn_m1hgl_8\">eco-<\/span><span class=\"_fadeIn_m1hgl_8\">Cs\u00e9sze <\/span><span class=\"_fadeIn_m1hgl_8\">a  oldalon. <\/span><span class=\"_fadeIn_m1hgl_8\">hat\u00e9kony <\/span><span class=\"_fadeIn_m1hgl_8\">Kever\u00e9k<\/span><\/li>\n<li data-start=\"1794\" data-end=\"1835\"><span class=\"_fadeIn_m1hgl_8\">Megfelel\u0151 <\/span><span class=\"_fadeIn_m1hgl_8\">a  oldalon. <\/span><span class=\"_fadeIn_m1hgl_8\">alacsony <\/span><span class=\"_fadeIn_m1hgl_8\">am\u00edg <\/span><span class=\"_fadeIn_m1hgl_8\">magas viszkozit\u00e1s <\/span><span class=\"_fadeIn_m1hgl_8\">M\u00e9dia<\/span><\/li>\n<li data-start=\"1794\" data-end=\"1835\"><span class=\"_fadeIn_m1hgl_8\">Automatikus <\/span><span class=\"_fadeIn_m1hgl_8\">Emel\u0151berendez\u00e9s <\/span><span class=\"_fadeIn_m1hgl_8\">a  oldalon. <\/span><span class=\"_fadeIn_m1hgl_8\">ergonomikus <\/span><span class=\"_fadeIn_m1hgl_8\">Munkav\u00e9gz\u00e9s<\/span><\/li>\n<li data-start=\"1794\" data-end=\"1835\"><span class=\"_fadeIn_m1hgl_8\">Integr\u00e1lt <\/span><span class=\"_fadeIn_m1hgl_8\">Biztons\u00e1gi le\u00e1ll\u00e1s <\/span><span class=\"_fadeIn_m1hgl_8\">a <\/span><span class=\"_fadeIn_m1hgl_8\">Fed\u00e9l felemel\u00e9se<\/span><\/li>\n<li data-start=\"1794\" data-end=\"1835\"><span class=\"_fadeIn_m1hgl_8\">Automatikus <\/span><span class=\"_fadeIn_m1hgl_8\">Ind\u00edtsa el a  oldalt. <\/span><span class=\"_fadeIn_m1hgl_8\">a  oldalon kereszt\u00fcl <\/span><span class=\"_fadeIn_m1hgl_8\">Kont\u00e9ner \u00e9szlel\u00e9s<\/span><\/li>\n<li data-start=\"1794\" data-end=\"1835\"><span class=\"_fadeIn_m1hgl_8\">Gyakorlati <\/span><span class=\"_fadeIn_m1hgl_8\">Vez\u00e9rl\u0151panel <\/span><span class=\"_fadeIn_m1hgl_8\">a  oldalon. <\/span><span class=\"_fadeIn_m1hgl_8\">egyszer\u0171 <\/span><span class=\"_fadeIn_m1hgl_8\">Vez\u00e9rl\u0151rendszer<\/span><\/li>\n<li data-start=\"1794\" data-end=\"1835\"><span class=\"_fadeIn_m1hgl_8\">Ide\u00e1lis <\/span><span class=\"_fadeIn_m1hgl_8\">a  oldalon. <\/span><span class=\"_fadeIn_m1hgl_8\">IBC-k <\/span><span class=\"_fadeIn_m1hgl_8\">\u00e9s <\/span><span class=\"_fadeIn_m1hgl_8\">Kont\u00e9ner<\/span><\/li>\n<\/ul>\n<p data-start=\"1794\" data-end=\"1835\">Sz\u00e1ll\u00edt\u00e1si terjedelem kont\u00e9ner n\u00e9lk\u00fcl, raklapos kocsi n\u00e9lk\u00fcl<\/p>","protected":false},"excerpt":{"rendered":"<p><span class=\"_fadeIn_m1hgl_8\">\u00c1ll\u00f3 kever\u0151 <\/span><span class=\"_fadeIn_m1hgl_8\">a  oldalon. <\/span><span class=\"_fadeIn_m1hgl_8\">IBC-k <\/span><span class=\"_fadeIn_m1hgl_8\">\u00e9s <\/span><span class=\"_fadeIn_m1hgl_8\">Kont\u00e9ner <\/span><span class=\"_fadeIn_m1hgl_8\">a  c\u00edmen <\/span><span class=\"_fadeIn_m1hgl_8\">pneumatikus <\/span><span class=\"_fadeIn_m1hgl_8\">Hajt\u00e1s, <\/span><span class=\"_fadeIn_m1hgl_8\">automatikusabb <\/span><span class=\"_fadeIn_m1hgl_8\">Emel\u0151berendez\u00e9s, <\/span><span class=\"_fadeIn_m1hgl_8\">Biztons\u00e1gi le\u00e1ll\u00e1s <\/span><span class=\"_fadeIn_m1hgl_8\">\u00e9s <\/span><span class=\"_fadeIn_m1hgl_8\">V4A-<\/span><span class=\"_fadeIn_m1hgl_8\">Rozsdamentes ac\u00e9l<\/span><span class=\"_fadeIn_m1hgl_8\">Alkatr\u00e9szek, <\/span><span class=\"_fadeIn_m1hgl_8\">optim\u00e1lis <\/span><span class=\"_fadeIn_m1hgl_8\">a  oldalon <\/span><span class=\"_fadeIn_m1hgl_8\">a <\/span><span class=\"_fadeIn_m1hgl_8\">hat\u00e9kony <\/span><span class=\"_fadeIn_m1hgl_8\">\u00e9s <\/span><span class=\"_fadeIn_m1hgl_8\">biztons\u00e1gos <\/span><span class=\"_fadeIn_m1hgl_8\">Keverj\u00fck \u00f6ssze <\/span><span class=\"_fadeIn_m1hgl_8\">a  c\u00edmr\u0151l <\/span><span class=\"_fadeIn_m1hgl_8\">alacsony <\/span><span class=\"_fadeIn_m1hgl_8\">am\u00edg <\/span><span class=\"_fadeIn_m1hgl_8\">nagy viszkozit\u00e1s\u00fa <\/span><span class=\"_fadeIn_m1hgl_8\">M\u00e9dia <\/span><span class=\"_fadeIn_m1hgl_8\">koordin\u00e1lt.<\/span><\/p>","protected":false},"featured_media":15559,"comment_status":"open","ping_status":"closed","template":"","meta":{"_acf_changed":false},"product_brand":[],"product_cat":[595,614],"product_tag":[3165,2637,2890,2891,2893,2894,2895,2897,2898,3155],"class_list":{"0":"post-14473","1":"product","2":"type-product","3":"status-publish","4":"has-post-thumbnail","6":"product_cat-ruehrwerkstechnik","7":"product_cat-containerruehrwerke","8":"product_tag-elektro-pneumatisches-ruehrwerk","9":"product_tag-ruehrwerk-fuer-hochviskose-medien","10":"product_tag-stativruehrwerk-ibc","11":"product_tag-container-ruehrwerk","12":"product_tag-ruehrwerk-mit-hebevorrichtung","13":"product_tag-edelstahl-ruehrwerk-v4a","14":"product_tag-ruehrwerk-mit-sicherheitsabschaltung","15":"product_tag-automatisches-stativruehrwerk","16":"product_tag-ruehrwerk-mit-bedienpult","17":"product_tag-ibc-ruehrwerk","18":"product_shipping_class-sonderpalette-speditionsversand","19":"pa_antriebsart-elektrisch","20":"pa_behaeltervolumen-ibc","21":"pa_deckeldurchmesser-fuer-ibc-oeffnungen-dn150-und-dn225-geeignet","22":"pa_dichtung-ptfe","23":"pa_durchmesser-ruehrwelle-25mm","24":"pa_geeignete-container-600-1200-liter-ibc","25":"pa_gesamtbreite-1290mm","26":"pa_gesamthoehe-2825mm","27":"pa_labs-oel-und-silikonfrei","28":"pa_laenge-ruehrwelle-ca-739mm-ab-deckeloberkante","29":"pa_material-deckel-v4a-edelstahl-1-4404","30":"pa_model-eco-station-ibc","31":"pa_motorgroessen-0-411-1-min-15kw-32nm-bis-2-000mpas","32":"pa_motorgroessen-0-245-1-min-15kw-58nm-bis-10-000mpas","33":"pa_motorgroessen-0-337-1-min-3kw-85nm-bis-50-000mpas","34":"pa_ruehrorgan-becherruehrorgan-eco-cup-500mm","35":"pa_schnellwechselsystem-mit-gewindeverbindung","36":"pa_schnellwechselsystem-mit-schnellwechselsystem","37":"pa_stativverfahrweg-1200mm","38":"pa_typ-stativruehrwerk","40":"first","41":"instock","42":"taxable","43":"shipping-taxable","44":"purchasable","45":"product-type-variable"},"bundled_by":[],"bundle_stock_status":"instock","bundle_stock_quantity":null,"bundle_virtual":false,"bundle_layout":"","bundle_add_to_cart_form_location":"","bundle_editable_in_cart":false,"bundle_sold_individually_context":"","bundle_item_grouping":"","bundle_min_size":"","bundle_max_size":"","bundle_price":[],"bundled_items":[],"bundle_sell_ids":[],"exclude_global_add_ons":[],"addons":[],"acf":[],"_links":{"self":[{"href":"https:\/\/ptm-mechatronics.com\/hu\/wp-json\/wp\/v2\/product\/14473","targetHints":{"allow":["GET"]}}],"collection":[{"href":"https:\/\/ptm-mechatronics.com\/hu\/wp-json\/wp\/v2\/product"}],"about":[{"href":"https:\/\/ptm-mechatronics.com\/hu\/wp-json\/wp\/v2\/types\/product"}],"replies":[{"embeddable":true,"href":"https:\/\/ptm-mechatronics.com\/hu\/wp-json\/wp\/v2\/comments?post=14473"}],"wp:featuredmedia":[{"embeddable":true,"href":"https:\/\/ptm-mechatronics.com\/hu\/wp-json\/wp\/v2\/media\/15559"}],"wp:attachment":[{"href":"https:\/\/ptm-mechatronics.com\/hu\/wp-json\/wp\/v2\/media?parent=14473"}],"wp:term":[{"taxonomy":"product_brand","embeddable":true,"href":"https:\/\/ptm-mechatronics.com\/hu\/wp-json\/wp\/v2\/product_brand?post=14473"},{"taxonomy":"product_cat","embeddable":true,"href":"https:\/\/ptm-mechatronics.com\/hu\/wp-json\/wp\/v2\/product_cat?post=14473"},{"taxonomy":"product_tag","embeddable":true,"href":"https:\/\/ptm-mechatronics.com\/hu\/wp-json\/wp\/v2\/product_tag?post=14473"}],"curies":[{"name":"wp","href":"https:\/\/api.w.org\/{rel}","templated":true}]}}