{"id":14428,"date":"2025-07-25T09:35:54","date_gmt":"2025-07-25T07:35:54","guid":{"rendered":"https:\/\/ptm-mechatronics.com\/?post_type=product&#038;p=14428"},"modified":"2026-05-04T12:37:23","modified_gmt":"2026-05-04T10:37:23","slug":"ruehrwerk-mit-traverse-fuer-ibc-container","status":"publish","type":"product","link":"https:\/\/ptm-mechatronics.com\/hu\/product\/ruehrwerk-mit-traverse-fuer-ibc-container\/","title":{"rendered":"Pneumatikus kever\u0151g\u00e9p traverzzel IBC-khez \u00e9s kont\u00e9nerekhez"},"content":{"rendered":"<h1 data-start=\"186\" data-end=\"280\"><span style=\"font-size: 90%;\">Pneumatikus IBC kever\u0151 rozsdamentes ac\u00e9l keresztgerend\u00e1val - rugalmas, nagy teljes\u00edtm\u00e9ny\u0171, k\u00f6nnyen telep\u00edthet\u0151<\/span><\/h1>\n<p data-start=\"282\" data-end=\"621\">Nagy teljes\u00edtm\u00e9ny\u0171 pneumatikus kever\u0151ink IBC-khez \u00e9s tart\u00e1lyokhoz ide\u00e1lis megold\u00e1st jelentenek a megb\u00edzhat\u00f3 kever\u00e9si folyamatokhoz az iparban \u00e9s a gy\u00e1rt\u00e1sban. Az 1.4404 V4A rozsdamentes ac\u00e9lb\u00f3l k\u00e9sz\u00fclt robusztus keresztr\u00fad gyorsan \u00e9s biztons\u00e1gosan felszerelhet\u0151 a tart\u00e1lyra - k\u00e9t gyorskiold\u00f3 bilincs seg\u00edts\u00e9g\u00e9vel n\u00e9h\u00e1ny m\u00e1sodperc alatt r\u00f6gz\u00edthet\u0151.<\/p>\n<p data-start=\"623\" data-end=\"975\">A v\u00e1ltoztathat\u00f3 be\u00e1ll\u00edt\u00e1si tartom\u00e1nynak k\u00f6sz\u00f6nhet\u0151en a kever\u0151 600 \u00e9s 1200 liter k\u00f6z\u00f6tti IBC-kont\u00e9nerekhez alkalmas. A sz\u00e1ll\u00edt\u00e1si terjedelemhez tartozik egy hozz\u00e1ill\u0151 kever\u0151tengely \u00e9s a speci\u00e1lisan tervezett eco-Cup csukl\u00f3s cs\u00e9sz\u00e9s kever\u0151 - szint\u00e9n V4A rozsdamentes ac\u00e9lb\u00f3l - az alacsony \u00e9s magas viszkozit\u00e1s\u00fa k\u00f6zegek hat\u00e9kony, k\u00edm\u00e9letes kever\u00e9s\u00e9hez.<\/p>\n<h3 data-start=\"1337\" data-end=\"1549\"><span class=\"_fadeIn_m1hgl_8\">Az \u00d6n lehet\u0151s\u00e9gei:<\/span><\/h3>\n<p>A kever\u0151tengely gyorscser\u00e9l\u0151 rendszere:<br \/>\nAz eco-Quick gyorscser\u00e9l\u0151 rendszer\u00fcnk gyors \u00e9s tiszta kever\u0151tengely-cser\u00e9t biztos\u00edt m\u00e1sodpercek alatt, tov\u00e1bbi szersz\u00e1mok n\u00e9lk\u00fcl.<\/p>\n<p data-start=\"1337\" data-end=\"1549\">M\u0171k\u00f6d\u00e9si koncepci\u00f3:<br \/>\nAz \u00e1ll\u00f3kever\u0151 opcion\u00e1lisan pneumatikus szettel (elz\u00e1r\u00f3szelep, sz\u0171r\u0151szab\u00e1lyoz\u00f3 \u00e9s nyom\u00e1sm\u00e9r\u0151) vagy DGUV vez\u00e9rl\u0151panellel is rendelhet\u0151. A DGUV vez\u00e9rl\u0151panel az UVV szerinti munkav\u00e9delmet k\u00edn\u00e1l v\u00e9szle\u00e1ll\u00edt\u00e1ssal, vez\u00e9relt \u00fajraind\u00edt\u00e1ssal, kett\u0151s tart\u00e1lyfel\u00fcgyelettel, valamint a kezel\u0151elemek \u00e1ttekinthet\u0151 \u00e9s biztons\u00e1gos elrendez\u00e9s\u00e9vel.<\/p>\n<p data-start=\"623\" data-end=\"975\">Megjegyz\u00e9s: Mivel az IBC-k nem szabv\u00e1nyos\u00edtottak, javasoljuk, hogy el\u0151zetesen ellen\u0151rizze a m\u00e9reteket. PTM csapatunk sz\u00edvesen seg\u00edt \u00d6nnek a kiv\u00e1laszt\u00e1sban.<\/p>\n<p data-start=\"1118\" data-end=\"1150\">Sz\u00e1ll\u00edt\u00e1si terjedelem kont\u00e9ner n\u00e9lk\u00fcl.<\/p>","protected":false},"excerpt":{"rendered":"<p>Pneumatikus IBC kever\u0151 rozsdamentes ac\u00e9l keresztgerend\u00e1val, azonnal haszn\u00e1latra k\u00e9sz \u00e9s rugalmasan felszerelhet\u0151 600-1200 literes tart\u00e1lyokra - kever\u0151tengellyel \u00e9s eco-Cup kever\u0151vel egy\u00fctt.<\/p>","protected":false},"featured_media":15558,"comment_status":"open","ping_status":"closed","template":"","meta":{"_acf_changed":false},"product_brand":[],"product_cat":[595,614],"product_tag":[2892,3155,3159,3160,3161,3162,2517,2743,2891],"class_list":{"0":"post-14428","1":"product","2":"type-product","3":"status-publish","4":"has-post-thumbnail","6":"product_cat-ruehrwerkstechnik","7":"product_cat-containerruehrwerke","8":"product_tag-pneumatisches-ruehrwerk","9":"product_tag-ibc-ruehrwerk","10":"product_tag-eco-cup-ruehrorgan","11":"product_tag-ruehrwelle-ibc","12":"product_tag-ibc-ruehrtechnik","13":"product_tag-schnellspanner-ruehrwerk","14":"product_tag-edelstahl-ruehrwerk","15":"product_tag-ruehrwerk-v4a","16":"product_tag-container-ruehrwerk","17":"product_shipping_class-karton-paketversand","18":"pa_antriebsart-pneumatisch","19":"pa_atex-zone-122122","20":"pa_bedien-anschlusskonzept-dguv-schalttafel","21":"pa_bedien-anschlusskonzept-ohne","22":"pa_bedien-anschlusskonzept-pneumatikset","23":"pa_behaeltervolumen-ibc","24":"pa_dichtung-ptfe","25":"pa_drehmoment-32nm","26":"pa_drehzahl-0-300-1-min","27":"pa_durchmesser-ruehrwelle-25mm","28":"pa_ex-gas-ex-ii-2-g-ex-h-iic-t5-gb-x","29":"pa_ex-staub-ex-ii-2-d-ex-h-iiic-t100c-db-x","30":"pa_geeignete-ibc-groessen-600-1200-liter","31":"pa_geraeuschpegel-75db","32":"pa_labs-oel-und-silikonfrei","33":"pa_laenge-ruehrwelle-ca-795mm-ab-deckeloberkante","34":"pa_material-gehaeuse-aluminium-eloxiert","35":"pa_material-traverse-v4a-edelstahl-1-4404","36":"pa_mittlerer-luftverbrauch-200l-min","37":"pa_ruehrorgan-becherruehrorgan-eco-cup-500mm","38":"pa_schnellwechselsystem-mit-gewindeverbindung","39":"pa_schnellwechselsystem-mit-schnellwechselsystem","40":"pa_schutzart-ip67","41":"pa_steckverschraubung-abluft-schlauch-o12mm","42":"pa_steckverschraubung-zuluft-schlauch-o8mm","43":"pa_typ-traversenruehrwerk","44":"pa_versorgung-5-6bar","46":"first","47":"instock","48":"taxable","49":"shipping-taxable","50":"purchasable","51":"product-type-variable"},"bundled_by":[],"bundle_stock_status":"instock","bundle_stock_quantity":null,"bundle_virtual":false,"bundle_layout":"","bundle_add_to_cart_form_location":"","bundle_editable_in_cart":false,"bundle_sold_individually_context":"","bundle_item_grouping":"","bundle_min_size":"","bundle_max_size":"","bundle_price":[],"bundled_items":[],"bundle_sell_ids":[],"exclude_global_add_ons":[],"addons":[],"acf":[],"_links":{"self":[{"href":"https:\/\/ptm-mechatronics.com\/hu\/wp-json\/wp\/v2\/product\/14428","targetHints":{"allow":["GET"]}}],"collection":[{"href":"https:\/\/ptm-mechatronics.com\/hu\/wp-json\/wp\/v2\/product"}],"about":[{"href":"https:\/\/ptm-mechatronics.com\/hu\/wp-json\/wp\/v2\/types\/product"}],"replies":[{"embeddable":true,"href":"https:\/\/ptm-mechatronics.com\/hu\/wp-json\/wp\/v2\/comments?post=14428"}],"wp:featuredmedia":[{"embeddable":true,"href":"https:\/\/ptm-mechatronics.com\/hu\/wp-json\/wp\/v2\/media\/15558"}],"wp:attachment":[{"href":"https:\/\/ptm-mechatronics.com\/hu\/wp-json\/wp\/v2\/media?parent=14428"}],"wp:term":[{"taxonomy":"product_brand","embeddable":true,"href":"https:\/\/ptm-mechatronics.com\/hu\/wp-json\/wp\/v2\/product_brand?post=14428"},{"taxonomy":"product_cat","embeddable":true,"href":"https:\/\/ptm-mechatronics.com\/hu\/wp-json\/wp\/v2\/product_cat?post=14428"},{"taxonomy":"product_tag","embeddable":true,"href":"https:\/\/ptm-mechatronics.com\/hu\/wp-json\/wp\/v2\/product_tag?post=14428"}],"curies":[{"name":"wp","href":"https:\/\/api.w.org\/{rel}","templated":true}]}}