{"id":14421,"date":"2025-07-25T09:20:21","date_gmt":"2025-07-25T07:20:21","guid":{"rendered":"https:\/\/ptm-mechatronics.com\/?post_type=product&#038;p=14421"},"modified":"2025-11-07T15:56:02","modified_gmt":"2025-11-07T14:56:02","slug":"ruehrwerk-mit-traverse-fuer-ibc-container-atex","status":"publish","type":"product","link":"https:\/\/ptm-mechatronics.com\/hu\/product\/ruehrwerk-mit-traverse-fuer-ibc-container-atex\/","title":{"rendered":"Pneumatikus kever\u0151berendez\u00e9s IBC-khez \u00e9s kont\u00e9nerekhez - ATEX"},"content":{"rendered":"<h1 data-start=\"194\" data-end=\"290\"><span style=\"font-size: 75%;\">Pneumatikus IBC kever\u0151 rozsdamentes ac\u00e9l keresztgerend\u00e1val - ATEX-biztons\u00e1gos, rugalmas, k\u00f6nnyen telep\u00edthet\u0151<\/span><\/h1>\n<p data-start=\"292\" data-end=\"535\">Nagy teljes\u00edtm\u00e9ny\u0171 pneumatikus kever\u0151inket IBC-khez \u00e9s kont\u00e9nerekhez kifejezetten folyamatos ipari haszn\u00e1latra tervezt\u00fck, \u00e9s maxim\u00e1lis biztons\u00e1got \u00e9s hat\u00e9konys\u00e1got ny\u00fajtanak - m\u00e9g az ATEX 1. z\u00f3na szerinti vesz\u00e9lyes ter\u00fcleteken is.<\/p>\n<p data-start=\"537\" data-end=\"871\">A kiv\u00e1l\u00f3 min\u0151s\u00e9g\u0171 V4A rozsdamentes ac\u00e9lb\u00f3l (1.4404) k\u00e9sz\u00fclt robusztus keresztr\u00fad gyorsan \u00e9s egyszer\u0171en r\u00f6gz\u00edthet\u0151 a tart\u00e1lyhoz. A kever\u0151 k\u00e9t praktikus gyorsr\u00f6gz\u00edt\u0151vel pillanatok alatt biztons\u00e1gosan r\u00f6gz\u00edthet\u0151. A v\u00e1ltoztathat\u00f3 \u00e1ll\u00edt\u00e1si tartom\u00e1nynak k\u00f6sz\u00f6nhet\u0151en a rendszer 600 \u00e9s 1200 liter k\u00f6z\u00f6tti IBC-kont\u00e9nerekhez alkalmas.<\/p>\n<p data-start=\"873\" data-end=\"1102\">A kever\u0151m\u0171vet haszn\u00e1latra k\u00e9szen, testre szabott kever\u0151tengellyel \u00e9s a bev\u00e1lt eco-Cup csukl\u00f3s cs\u00e9sz\u00e9s kever\u0151m\u0171vel - mindkett\u0151 V4A rozsdamentes ac\u00e9lb\u00f3l k\u00e9sz\u00fclt - sz\u00e1ll\u00edtjuk, \u00edgy alacsony \u00e9s magas viszkozit\u00e1s\u00fa k\u00f6zegek eset\u00e9n is homog\u00e9n eredm\u00e9nyeket \u00e9rhet\u00fcnk el.<\/p>\n<h3 data-start=\"1337\" data-end=\"1549\"><span class=\"_fadeIn_m1hgl_8\">Az \u00d6n lehet\u0151s\u00e9gei:<\/span><\/h3>\n<p>A kever\u0151tengely gyorscser\u00e9l\u0151 rendszere:<br \/>\nA <a href=\"https:\/\/youtu.be\/TjagGW4DoyA?feature=shared\" target=\"_blank\" rel=\"noopener\">eco-Quick gyorscser\u00e9l\u0151 rendszer<\/a> gyors \u00e9s tiszta kever\u0151tengely-cser\u00e9t k\u00edn\u00e1l m\u00e1sodpercek alatt, tov\u00e1bbi szersz\u00e1mok n\u00e9lk\u00fcl.<\/p>\n<p data-start=\"1337\" data-end=\"1549\">M\u0171k\u00f6d\u00e9si koncepci\u00f3:<br \/>\nA kever\u0151 opcion\u00e1lisan pneumatikus szettel (elz\u00e1r\u00f3szelep, sz\u0171r\u0151szab\u00e1lyoz\u00f3 \u00e9s nyom\u00e1sm\u00e9r\u0151) vagy DGUV vez\u00e9rl\u0151panellel is rendelhet\u0151. A <a href=\"https:\/\/ptm-mechatronics.com\/hu\/product\/dguv-schalttafel\/\" target=\"_blank\" rel=\"noopener\">DGUV vez\u00e9rl\u0151panel<\/a> az UVV szerinti munkav\u00e9delmet k\u00edn\u00e1l <a href=\"https:\/\/ptm-mechatronics.com\/hu\/grundlagen-guide\/not-aus\/\" target=\"_blank\" rel=\"noopener\">V\u00e9szle\u00e1ll\u00e1s<\/a> ellen\u0151rz\u00f6tt \u00fajraind\u00edt\u00e1ssal, kett\u0151s tart\u00e1lyfel\u00fcgyelettel \u00e9s a kezel\u0151elemek \u00e1ttekinthet\u0151 \u00e9s biztons\u00e1gos elrendez\u00e9s\u00e9vel.<\/p>\n<p data-start=\"873\" data-end=\"1102\">Megjegyz\u00e9s: Az IBC-kont\u00e9nerek nem szabv\u00e1nyos\u00edtottak. K\u00e9rj\u00fck, el\u0151zetesen ellen\u0151rizze a kont\u00e9ner m\u00e9reteit. Sz\u00edvesen adunk \u00d6nnek szem\u00e9lyes tan\u00e1csot.<\/p>\n<p data-start=\"1237\" data-end=\"1269\">Sz\u00e1ll\u00edt\u00e1si terjedelem kont\u00e9ner n\u00e9lk\u00fcl.<\/p>","protected":false},"excerpt":{"rendered":"<p>Pneumatikus IBC kever\u0151 rozsdamentes ac\u00e9l keresztgerend\u00e1val az ATEX 1. z\u00f3n\u00e1hoz, rugalmasan felszerelhet\u0151 600-1200 literes tart\u00e1lyokra, \u00e9s azonnal haszn\u00e1latra k\u00e9sz kever\u0151tengellyel \u00e9s eco-Cup kever\u0151vel.<\/p>","protected":false},"featured_media":15557,"comment_status":"open","ping_status":"closed","template":"","meta":{"_acf_changed":false},"product_brand":[],"product_cat":[595,614],"product_tag":[2517,2707,2814,2892,2896,3155,3156,3157,3158,3159],"class_list":{"0":"post-14421","1":"product","2":"type-product","3":"status-publish","4":"has-post-thumbnail","6":"product_cat-ruehrwerkstechnik","7":"product_cat-containerruehrwerke","8":"product_tag-edelstahl-ruehrwerk","9":"product_tag-ruehrtechnik-industrie","10":"product_tag-atex-ruehrwerk","11":"product_tag-pneumatisches-ruehrwerk","12":"product_tag-ibc-ruehrwerk-atex","13":"product_tag-ibc-ruehrwerk","14":"product_tag-ruehrwerk-container","15":"product_tag-zone-1-ruehrwerk","16":"product_tag-v4a-traverse","17":"product_tag-eco-cup-ruehrorgan","18":"product_shipping_class-karton-paketversand","19":"pa_antriebsart-pneumatisch","20":"pa_atex-zone-122122","21":"pa_bedien-anschlusskonzept-ohne","22":"pa_bedien-anschlusskonzept-pneumatikset","23":"pa_bedien-anschlusskonzept-dguv-schalttafel","24":"pa_behaeltervolumen-ibc","25":"pa_dichtung-ptfe","26":"pa_drehmoment-32nm","27":"pa_drehzahl-0-300-1-min","28":"pa_durchmesser-ruehrwelle-25mm","29":"pa_ex-gas-ex-ii-2-g-ex-h-iic-t5-gb-x","30":"pa_ex-staub-ex-ii-2-d-ex-h-iiic-t100c-db-x","31":"pa_geeignete-ibc-groessen-600-1200-liter","32":"pa_geraeuschpegel-75db","33":"pa_labs-oel-und-silikonfrei","34":"pa_laenge-ruehrwelle-ca-795mm-ab-deckeloberkante","35":"pa_material-gehaeuse-aluminium-eloxiert","36":"pa_material-traverse-v4a-edelstahl-1-4404","37":"pa_mittlerer-luftverbrauch-200l-min","38":"pa_ruehrorgan-becherruehrorgan-eco-cup-500mm","39":"pa_schnellwechselsystem-mit-schnellwechselsystem","40":"pa_schnellwechselsystem-mit-gewindeverbindung","41":"pa_schutzart-ip67","42":"pa_steckverschraubung-abluft-schlauch-o12mm","43":"pa_steckverschraubung-zuluft-schlauch-o8mm","44":"pa_typ-traversenruehrwerk","45":"pa_versorgung-5-6bar","47":"first","48":"instock","49":"taxable","50":"shipping-taxable","51":"purchasable","52":"product-type-variable"},"bundled_by":[],"bundle_stock_status":"instock","bundle_stock_quantity":null,"bundle_virtual":false,"bundle_layout":"","bundle_add_to_cart_form_location":"","bundle_editable_in_cart":false,"bundle_sold_individually_context":"","bundle_item_grouping":"","bundle_min_size":"","bundle_max_size":"","bundle_price":[],"bundled_items":[],"bundle_sell_ids":[],"exclude_global_add_ons":[],"addons":[],"acf":[],"_links":{"self":[{"href":"https:\/\/ptm-mechatronics.com\/hu\/wp-json\/wp\/v2\/product\/14421","targetHints":{"allow":["GET"]}}],"collection":[{"href":"https:\/\/ptm-mechatronics.com\/hu\/wp-json\/wp\/v2\/product"}],"about":[{"href":"https:\/\/ptm-mechatronics.com\/hu\/wp-json\/wp\/v2\/types\/product"}],"replies":[{"embeddable":true,"href":"https:\/\/ptm-mechatronics.com\/hu\/wp-json\/wp\/v2\/comments?post=14421"}],"wp:featuredmedia":[{"embeddable":true,"href":"https:\/\/ptm-mechatronics.com\/hu\/wp-json\/wp\/v2\/media\/15557"}],"wp:attachment":[{"href":"https:\/\/ptm-mechatronics.com\/hu\/wp-json\/wp\/v2\/media?parent=14421"}],"wp:term":[{"taxonomy":"product_brand","embeddable":true,"href":"https:\/\/ptm-mechatronics.com\/hu\/wp-json\/wp\/v2\/product_brand?post=14421"},{"taxonomy":"product_cat","embeddable":true,"href":"https:\/\/ptm-mechatronics.com\/hu\/wp-json\/wp\/v2\/product_cat?post=14421"},{"taxonomy":"product_tag","embeddable":true,"href":"https:\/\/ptm-mechatronics.com\/hu\/wp-json\/wp\/v2\/product_tag?post=14421"}],"curies":[{"name":"wp","href":"https:\/\/api.w.org\/{rel}","templated":true}]}}