{"id":14142,"date":"2025-07-24T14:11:25","date_gmt":"2025-07-24T12:11:25","guid":{"rendered":"https:\/\/ptm-mechatronics.com\/?post_type=product&#038;p=14142"},"modified":"2025-11-07T15:55:28","modified_gmt":"2025-11-07T14:55:28","slug":"ruehrwerk-mit-deckel-fuer-200-liter-fass","status":"publish","type":"product","link":"https:\/\/ptm-mechatronics.com\/hu\/product\/ruehrwerk-mit-deckel-fuer-200-liter-fass\/","title":{"rendered":"Pneumatikus kever\u0151g\u00e9p fed\u00e9llel 200 literes hord\u00f3hoz"},"content":{"rendered":"<h1 data-start=\"306\" data-end=\"391\"><span style=\"font-size: 75%;\"><span class=\"_fadeIn_m1hgl_8\">Kever\u0151g\u00e9p <\/span><span class=\"_fadeIn_m1hgl_8\">a  oldalon. <\/span><span class=\"_fadeIn_m1hgl_8\">200-<\/span><span class=\"_fadeIn_m1hgl_8\">Liter<\/span><span class=\"_fadeIn_m1hgl_8\">Hord\u00f3k - <\/span><span class=\"_fadeIn_m1hgl_8\">er\u0151s, <\/span><span class=\"_fadeIn_m1hgl_8\">biztons\u00e1gos <\/span><span class=\"_fadeIn_m1hgl_8\">\u00e9s <\/span><span class=\"_fadeIn_m1hgl_8\">folyamatorient\u00e1lt<\/span><\/span><\/h1>\n<p data-start=\"393\" data-end=\"819\"><span class=\"_fadeIn_m1hgl_8\">Ez a <\/span><span class=\"_fadeIn_m1hgl_8\">Kever\u0151g\u00e9p<\/span><span class=\"_fadeIn_m1hgl_8\">\u00a0<\/span><span class=\"_fadeIn_m1hgl_8\">a <\/span><span class=\"_fadeIn_m1hgl_8\">a  oldalon. <\/span><span class=\"_fadeIn_m1hgl_8\">a <\/span><span class=\"_fadeIn_m1hgl_8\">Feldolgoz\u00e1s <\/span><span class=\"_fadeIn_m1hgl_8\">nagy <\/span><span class=\"_fadeIn_m1hgl_8\">Term\u00e9kmennyis\u00e9gek<\/span> <span class=\"_fadeIn_m1hgl_8\">a  oldalon. <\/span><span class=\"_fadeIn_m1hgl_8\">200-<\/span><span class=\"_fadeIn_m1hgl_8\">Liter<\/span><span class=\"_fadeIn_m1hgl_8\">Hord\u00f3k<\/span> <span class=\"_fadeIn_m1hgl_8\">tervezt\u00e9k. <\/span><span class=\"_fadeIn_m1hgl_8\">A <\/span><span class=\"_fadeIn_m1hgl_8\">energiahat\u00e9kony, <\/span><span class=\"_fadeIn_m1hgl_8\">pneumatikus <\/span><span class=\"_fadeIn_m1hgl_8\">Hajt\u00f3m\u0171<\/span> <span class=\"_fadeIn_m1hgl_8\">biztos\u00edtja a <\/span><span class=\"_fadeIn_m1hgl_8\">a  oldalon. <\/span><span class=\"_fadeIn_m1hgl_8\">Kombin\u00e1ci\u00f3 <\/span><span class=\"_fadeIn_m1hgl_8\">a  c\u00edmen <\/span><span class=\"_fadeIn_m1hgl_8\">Kever\u0151tengely \u00e9s szerv<\/span>\u00a0<span class=\"_fadeIn_m1hgl_8\">a  oldalon. <\/span><span class=\"_fadeIn_m1hgl_8\">egy <\/span><span class=\"_fadeIn_m1hgl_8\">er\u0151s, <\/span><span class=\"_fadeIn_m1hgl_8\">de <\/span><span class=\"_fadeIn_m1hgl_8\">egyidej\u0171leg <\/span><span class=\"_fadeIn_m1hgl_8\">gyeng\u00e9d <\/span><span class=\"_fadeIn_m1hgl_8\">Kever\u00e9s<\/span> <span class=\"_fadeIn_m1hgl_8\">a  c\u00edmr\u0151l <\/span><span class=\"_fadeIn_m1hgl_8\">M\u00e9dia <\/span><span class=\"_fadeIn_m1hgl_8\">minden egyes <\/span><span class=\"_fadeIn_m1hgl_8\">Viszkozit\u00e1si oszt\u00e1ly.<\/span><\/p>\n<p data-start=\"821\" data-end=\"1335\"><span class=\"_fadeIn_m1hgl_8\">Minden <\/span><span class=\"_fadeIn_m1hgl_8\">m\u00e9dia\u00e9rint\u00e9s <\/span><span class=\"_fadeIn_m1hgl_8\">Alkatr\u00e9szek - <\/span><span class=\"_fadeIn_m1hgl_8\">Kever\u0151tengely, <\/span><span class=\"_fadeIn_m1hgl_8\">Kever\u0151g\u00e9p <\/span><span class=\"_fadeIn_m1hgl_8\">\u00e9s <\/span><span class=\"_fadeIn_m1hgl_8\">Fed\u00e9l<\/span><span class=\"_fadeIn_m1hgl_8\"> \u2013 <\/span><span class=\"_fadeIn_m1hgl_8\">l\u00e9teznek <\/span><span class=\"_fadeIn_m1hgl_8\">a  c\u00edmr\u0151l <\/span><span class=\"_fadeIn_m1hgl_8\">magas min\u0151s\u00e9g <\/span><span class=\"_fadeIn_m1hgl_8\">V4A <\/span><span class=\"_fadeIn_m1hgl_8\">Rozsdamentes ac\u00e9l (<\/span><span class=\"_fadeIn_m1hgl_8\">1.4404)<\/span> <span class=\"_fadeIn_m1hgl_8\">\u00e9s <\/span><span class=\"_fadeIn_m1hgl_8\">garancia <\/span><span class=\"_fadeIn_m1hgl_8\">hogy <\/span><span class=\"_fadeIn_m1hgl_8\">legmagasabb <\/span><span class=\"_fadeIn_m1hgl_8\">Higi\u00e9nia, <\/span><span class=\"_fadeIn_m1hgl_8\">Korr\u00f3zi\u00f3\u00e1ll\u00f3s\u00e1g<\/span> <span class=\"_fadeIn_m1hgl_8\">\u00e9s <\/span><span class=\"_fadeIn_m1hgl_8\">Hossz\u00fa \u00e9lettartam. <\/span><span class=\"_fadeIn_m1hgl_8\">A <\/span><span class=\"_fadeIn_m1hgl_8\">Fed\u00e9l <\/span><span class=\"_fadeIn_m1hgl_8\">a  c\u00edmen <\/span><span class=\"_fadeIn_m1hgl_8\">egy <\/span><span class=\"_fadeIn_m1hgl_8\">Befog\u00e1si tartom\u00e1ny <\/span><span class=\"_fadeIn_m1hgl_8\">a  c\u00edmr\u0151l <\/span><span class=\"_fadeIn_m1hgl_8\">500 <\/span><span class=\"_fadeIn_m1hgl_8\">am\u00edg <\/span><span class=\"_fadeIn_m1hgl_8\">600 <\/span><span class=\"_fadeIn_m1hgl_8\">mm<\/span> <span class=\"_fadeIn_m1hgl_8\">a <\/span><span class=\"_fadeIn_m1hgl_8\">a  oldalon <\/span><span class=\"_fadeIn_m1hgl_8\">szabv\u00e1nyos\u00edtott <\/span><span class=\"_fadeIn_m1hgl_8\">200-<\/span><span class=\"_fadeIn_m1hgl_8\">Liter<\/span><span class=\"_fadeIn_m1hgl_8\">Hord\u00f3k <\/span><span class=\"_fadeIn_m1hgl_8\">harmoniz\u00e1lt <\/span><span class=\"_fadeIn_m1hgl_8\">\u00e9s <\/span><span class=\"_fadeIn_m1hgl_8\">van <\/span><span class=\"_fadeIn_m1hgl_8\">a  honlapr\u00f3l <\/span><span class=\"_fadeIn_m1hgl_8\">k\u00e9t <\/span><span class=\"_fadeIn_m1hgl_8\">Szor\u00edt\u00f3eszk\u00f6z\u00f6k<\/span><span class=\"_fadeIn_m1hgl_8\">, <\/span><span class=\"_fadeIn_m1hgl_8\">egy <\/span><span class=\"_fadeIn_m1hgl_8\">gyakorlati <\/span><span class=\"_fadeIn_m1hgl_8\">Encore lap\u00e1t<\/span> <span class=\"_fadeIn_m1hgl_8\">\u00e9s <\/span><span class=\"_fadeIn_m1hgl_8\">egy <\/span><span class=\"_fadeIn_m1hgl_8\">integr\u00e1lt <\/span><span class=\"_fadeIn_m1hgl_8\">Biztons\u00e1gi r\u00e1cs<\/span><span class=\"_fadeIn_m1hgl_8\">, <\/span><span class=\"_fadeIn_m1hgl_8\">a <\/span><span class=\"_fadeIn_m1hgl_8\">a  c\u00edmen <\/span><span class=\"_fadeIn_m1hgl_8\">fut\u00f3 <\/span><span class=\"_fadeIn_m1hgl_8\">M\u0171velet <\/span><span class=\"_fadeIn_m1hgl_8\">a  el\u0151tt <\/span><span class=\"_fadeIn_m1hgl_8\">nem sz\u00e1nd\u00e9kos <\/span><span class=\"_fadeIn_m1hgl_8\">K\u00f6zbel\u00e9pni <\/span><span class=\"_fadeIn_m1hgl_8\">v\u00e9di.<\/span><\/p>\n<h3 data-start=\"1337\" data-end=\"1549\"><span class=\"_fadeIn_m1hgl_8\" style=\"font-size: 90%;\">Az \u00d6n lehet\u0151s\u00e9gei:<\/span><\/h3>\n<p>A kever\u0151tengely gyorscser\u00e9l\u0151 rendszere:<br \/>\nA <a href=\"https:\/\/youtu.be\/TjagGW4DoyA?feature=shared\" target=\"_blank\" rel=\"noopener\">eco-Quick gyorscser\u00e9l\u0151 rendszer<\/a> gyors \u00e9s tiszta kever\u0151tengely-cser\u00e9t k\u00edn\u00e1l m\u00e1sodpercek alatt, tov\u00e1bbi szersz\u00e1mok n\u00e9lk\u00fcl.<\/p>\n<p>Cs\u00e9szekever\u0151 eco-Cup vagy ferde peng\u00e9s kever\u0151g\u00e9p<br \/>\n<span class=\"_fadeIn_m1hgl_8\">A <\/span><span class=\"_fadeIn_m1hgl_8\">eco-<\/span><span class=\"_fadeIn_m1hgl_8\">Cs\u00e9sze <\/span><span class=\"_fadeIn_m1hgl_8\">Kever\u0151 cs\u00e9sze<\/span> <span class=\"_fadeIn_m1hgl_8\">aj\u00e1nlatok <\/span><span class=\"_fadeIn_m1hgl_8\">a  oldalon kereszt\u00fcl <\/span><span class=\"_fadeIn_m1hgl_8\">legyen <\/span><span class=\"_fadeIn_m1hgl_8\">lamin\u00e1ris <\/span><span class=\"_fadeIn_m1hgl_8\">Kavar\u00f3 viselked\u00e9s<\/span> <span class=\"_fadeIn_m1hgl_8\">egy <\/span><span class=\"_fadeIn_m1hgl_8\">homog\u00e9n <\/span><span class=\"_fadeIn_m1hgl_8\">Kever\u00e9s<\/span><span class=\"_fadeIn_m1hgl_8\"> \u2013 <\/span><span class=\"_fadeIn_m1hgl_8\">maga <\/span><span class=\"_fadeIn_m1hgl_8\">a  c\u00edmen <\/span><span class=\"_fadeIn_m1hgl_8\">ig\u00e9nyes, <\/span><span class=\"_fadeIn_m1hgl_8\">nagy viszkozit\u00e1s\u00fa <\/span><span class=\"_fadeIn_m1hgl_8\">M\u00e9dia <\/span><span class=\"_fadeIn_m1hgl_8\">mint a <\/span><span class=\"_fadeIn_m1hgl_8\">Paszt\u00e1k, <\/span><span class=\"_fadeIn_m1hgl_8\">Felf\u00fcggeszt\u00e9sek <\/span><span class=\"_fadeIn_m1hgl_8\">vagy <\/span><span class=\"_fadeIn_m1hgl_8\">Emulzi\u00f3k.<\/span><\/p>\n<p data-start=\"1337\" data-end=\"1549\">A ferde lap\u00e1tos kever\u0151 leny\u0171g\u00f6z\u0151 axi\u00e1lis sz\u00e1ll\u00edt\u00e1si tulajdons\u00e1gokkal rendelkezik, enyh\u00e9n radi\u00e1lis komponenssel, \u00e9s turbulens \u00e1raml\u00e1st hoz l\u00e9tre, amely k\u00fcl\u00f6n\u00f6sen hat\u00e9kony kever\u00e9st tesz lehet\u0151v\u00e9. Robusztus kialak\u00edt\u00e1s\u00e1nak k\u00f6sz\u00f6nhet\u0151en ide\u00e1lis a nagy viszkozit\u00e1s\u00fa anyagokhoz.<\/p>\n<p data-start=\"1337\" data-end=\"1549\"><strong>Pneumatikus k\u00e9szlet<br \/>\n<\/strong>A pneumatikus k\u00e9szlet tartalmaz egy <a href=\"https:\/\/ptm-mechatronics.com\/hu\/product\/luftversorgungsmodul-mit-absperrventil-filterregler-und-manometer-fuer-ptm-ruehrwerksantriebe\/\" target=\"_blank\" rel=\"noopener\">Leveg\u0151ell\u00e1t\u00f3 modul<\/a> elz\u00e1r\u00f3szeleppel, sz\u0171r\u0151szab\u00e1lyoz\u00f3val \u00e9s nyom\u00e1sm\u00e9r\u0151vel a rendszer \u00e9s a kever\u0151hajt\u00e1s k\u00f6z\u00f6tti biztons\u00e1gos \u00e9s tiszta s\u0171r\u00edtett leveg\u0151ell\u00e1t\u00e1s \u00e9rdek\u00e9ben - a hossz\u00fa t\u00e1v\u00fa \u00e9s megb\u00edzhat\u00f3 m\u0171k\u00f6d\u00e9s \u00e9rdek\u00e9ben. A be\u00e9p\u00edtett <a href=\"https:\/\/ptm-mechatronics.com\/hu\/product\/abluftfilter-paket\/\" target=\"_blank\" rel=\"noopener\">Kipufog\u00f3 l\u00e9gsz\u0171r\u0151<\/a> a m\u0171k\u00f6d\u00e9si zajt mind\u00f6ssze 50 dB(A)-ra cs\u00f6kkenti, \u00e9s biztos\u00edtja a kipufog\u00f3g\u00e1z biztons\u00e1gos elvezet\u00e9s\u00e9t.<\/p>\n<p data-start=\"1551\" data-end=\"1582\"><span class=\"_fadeIn_m1hgl_8\">El\u0151ny\u00f6k <\/span><span class=\"_fadeIn_m1hgl_8\">a  oldalon <\/span><span class=\"_fadeIn_m1hgl_8\">egy <\/span><span class=\"_fadeIn_m1hgl_8\">N\u00e9zet:<\/span><\/p>\n<ul>\n<li data-start=\"1585\" data-end=\"1625\"><span class=\"_fadeIn_m1hgl_8\">Pneumatikus, <\/span><span class=\"_fadeIn_m1hgl_8\">energiahat\u00e9kony <\/span><span class=\"_fadeIn_m1hgl_8\">\u00e9s <\/span><span class=\"_fadeIn_m1hgl_8\">Er\u0151teljes<\/span><\/li>\n<li data-start=\"1585\" data-end=\"1625\"><span class=\"_fadeIn_m1hgl_8\">A  oldalon. <\/span><span class=\"_fadeIn_m1hgl_8\">200-<\/span><span class=\"_fadeIn_m1hgl_8\">Liter<\/span><span class=\"_fadeIn_m1hgl_8\">Hord\u00f3k <\/span><span class=\"_fadeIn_m1hgl_8\">a  c\u00edmen <\/span><span class=\"_fadeIn_m1hgl_8\">\u00d8 <\/span><span class=\"_fadeIn_m1hgl_8\">500-<\/span><span class=\"_fadeIn_m1hgl_8\">600 <\/span><span class=\"_fadeIn_m1hgl_8\">mm<\/span><\/li>\n<li data-start=\"1585\" data-end=\"1625\"><span class=\"_fadeIn_m1hgl_8\">Kever\u0151tengely, <\/span><span class=\"_fadeIn_m1hgl_8\">Kever\u0151g\u00e9p <\/span><span class=\"_fadeIn_m1hgl_8\">\u00e9s <\/span><span class=\"_fadeIn_m1hgl_8\">Fed\u00e9l <\/span><span class=\"_fadeIn_m1hgl_8\">a  c\u00edmr\u0151l <\/span><span class=\"_fadeIn_m1hgl_8\">V4A <\/span><span class=\"_fadeIn_m1hgl_8\">Rozsdamentes ac\u00e9l<\/span><\/li>\n<li data-start=\"1585\" data-end=\"1625\"><span class=\"_fadeIn_m1hgl_8\">K\u00e9t <\/span><span class=\"_fadeIn_m1hgl_8\">Szor\u00edt\u00f3eszk\u00f6z\u00f6k <\/span><span class=\"_fadeIn_m1hgl_8\">a  oldalon. <\/span><span class=\"_fadeIn_m1hgl_8\">biztons\u00e1gos <\/span><span class=\"_fadeIn_m1hgl_8\">Stop<\/span><\/li>\n<li data-start=\"1585\" data-end=\"1625\"><span class=\"_fadeIn_m1hgl_8\">A  c\u00edmen <\/span><span class=\"_fadeIn_m1hgl_8\">Encore lap\u00e1t <\/span><span class=\"_fadeIn_m1hgl_8\">\u00e9s <\/span><span class=\"_fadeIn_m1hgl_8\">Biztons\u00e1gi r\u00e1cs<\/span><\/li>\n<li data-start=\"1585\" data-end=\"1625\"><span class=\"_fadeIn_m1hgl_8\">Megfelel\u0151 <\/span><span class=\"_fadeIn_m1hgl_8\">a  oldalon. <\/span><span class=\"_fadeIn_m1hgl_8\">alacsony <\/span><span class=\"_fadeIn_m1hgl_8\">\u00e9s <\/span><span class=\"_fadeIn_m1hgl_8\">magas viszkozit\u00e1s <\/span><span class=\"_fadeIn_m1hgl_8\">M\u00e9dia<\/span><\/li>\n<li data-start=\"1585\" data-end=\"1625\"><span class=\"_fadeIn_m1hgl_8\">Homog\u00e9n, <\/span><span class=\"_fadeIn_m1hgl_8\">gyeng\u00e9d <\/span><span class=\"_fadeIn_m1hgl_8\">Kavar\u00f3 viselked\u00e9s<\/span><\/li>\n<li data-start=\"1585\" data-end=\"1625\"><span class=\"_fadeIn_m1hgl_8\">Robusztus, <\/span><span class=\"_fadeIn_m1hgl_8\">higi\u00e9nikus, <\/span><span class=\"_fadeIn_m1hgl_8\">Alacsony karbantart\u00e1si ig\u00e9ny<\/span><\/li>\n<\/ul>","protected":false},"excerpt":{"rendered":"<p><span class=\"_fadeIn_m1hgl_8\">Kever\u0151g\u00e9p <\/span><span class=\"_fadeIn_m1hgl_8\">a  oldalon. <\/span><span class=\"_fadeIn_m1hgl_8\">200-<\/span><span class=\"_fadeIn_m1hgl_8\">Liter<\/span><span class=\"_fadeIn_m1hgl_8\">Hord\u00f3k <\/span><span class=\"_fadeIn_m1hgl_8\">a  c\u00edmen <\/span><span class=\"_fadeIn_m1hgl_8\">V4A-<\/span><span class=\"_fadeIn_m1hgl_8\">Alkatr\u00e9szek, <\/span><span class=\"_fadeIn_m1hgl_8\">Encore lap\u00e1t <\/span><span class=\"_fadeIn_m1hgl_8\">a  c\u00edmen <\/span><span class=\"_fadeIn_m1hgl_8\">Biztons\u00e1gi r\u00e1cs, kever\u0151g\u00e9p v\u00e1laszthat\u00f3 <\/span><span class=\"_fadeIn_m1hgl_8\">a  oldalon. <\/span><span class=\"_fadeIn_m1hgl_8\">egy <\/span><span class=\"_fadeIn_m1hgl_8\">biztons\u00e1gos, <\/span><span class=\"_fadeIn_m1hgl_8\">hat\u00e9kony <\/span><span class=\"_fadeIn_m1hgl_8\">\u00e9s <\/span><span class=\"_fadeIn_m1hgl_8\">higi\u00e9nikus <\/span><span class=\"_fadeIn_m1hgl_8\">Keverj\u00fck \u00f6ssze <\/span><span class=\"_fadeIn_m1hgl_8\">viszk\u00f3zusabb <\/span><span class=\"_fadeIn_m1hgl_8\">M\u00e9dia.<\/span><\/p>","protected":false},"featured_media":15551,"comment_status":"open","ping_status":"closed","template":"","meta":{"_acf_changed":false},"product_brand":[],"product_cat":[595,603],"product_tag":[3153,3154,2637,2735,2940,2954,2960,2961,2962,2963,3152],"class_list":{"0":"post-14142","1":"product","2":"type-product","3":"status-publish","4":"has-post-thumbnail","6":"product_cat-ruehrwerkstechnik","7":"product_cat-fassruehrwerke","8":"product_tag-ruehrwerk-200l","9":"product_tag-pneumatischer-ruehrwerksantrieb","10":"product_tag-ruehrwerk-fuer-hochviskose-medien","11":"product_tag-schragblattmischer","12":"product_tag-becherruehrorgan-eco-cup","13":"product_tag-zugabeklappe-ruehrwerk","14":"product_tag-fassruehrwerk-edelstahl","15":"product_tag-v4a-ruehrwerk-zone-1","16":"product_tag-sicherheitsgitter-ruehrsystem","17":"product_tag-edelstahl-ruehrwerk-500-600-mm","18":"product_tag-v4a-ruehrwerk-zone-0-1","19":"product_shipping_class-europalette-speditionsversand","20":"pa_antriebsart-pneumatisch","21":"pa_bedien-anschlusskonzept-ohne","22":"pa_bedien-anschlusskonzept-pneumatikset","23":"pa_behaeltervolumen-200-liter","24":"pa_dichtung-ptfe","25":"pa_drehmoment-16nm","26":"pa_drehzahl-0-300-1-min","27":"pa_durchmesser-ruehrwelle-20mm","28":"pa_geeignete-fassdurchmesser-500-600mm","29":"pa_geraeuschpegel-75db","30":"pa_labs-oel-und-silikonfrei","31":"pa_laenge-ruehrwelle-ca-780mm-ab-deckeloberkante","32":"pa_material-deckel-v4a-edelstahl-1-4404","33":"pa_material-gehaeuse-aluminium-eloxiert","34":"pa_mittlerer-luftverbrauch-100l-min","35":"pa_ruehrorgan-schraegblattmischer-325mm","36":"pa_ruehrorgan-becherruehrorgan-eco-cup-320mm","37":"pa_schnellwechselsystem-mit-gewindeverbindung","38":"pa_schnellwechselsystem-mit-schnellwechselsystem","39":"pa_schutzart-ip67","40":"pa_steckverschraubung-abluft-schlauch-o12mm","41":"pa_steckverschraubung-zuluft-schlauch-o8mm","42":"pa_typ-deckelruehrwerk","43":"pa_versorgung-5-6bar","45":"first","46":"instock","47":"taxable","48":"shipping-taxable","49":"purchasable","50":"product-type-variable"},"bundled_by":[],"bundle_stock_status":"instock","bundle_stock_quantity":null,"bundle_virtual":false,"bundle_layout":"","bundle_add_to_cart_form_location":"","bundle_editable_in_cart":false,"bundle_sold_individually_context":"","bundle_item_grouping":"","bundle_min_size":"","bundle_max_size":"","bundle_price":[],"bundled_items":[],"bundle_sell_ids":[],"exclude_global_add_ons":[],"addons":[],"acf":[],"_links":{"self":[{"href":"https:\/\/ptm-mechatronics.com\/hu\/wp-json\/wp\/v2\/product\/14142","targetHints":{"allow":["GET"]}}],"collection":[{"href":"https:\/\/ptm-mechatronics.com\/hu\/wp-json\/wp\/v2\/product"}],"about":[{"href":"https:\/\/ptm-mechatronics.com\/hu\/wp-json\/wp\/v2\/types\/product"}],"replies":[{"embeddable":true,"href":"https:\/\/ptm-mechatronics.com\/hu\/wp-json\/wp\/v2\/comments?post=14142"}],"wp:featuredmedia":[{"embeddable":true,"href":"https:\/\/ptm-mechatronics.com\/hu\/wp-json\/wp\/v2\/media\/15551"}],"wp:attachment":[{"href":"https:\/\/ptm-mechatronics.com\/hu\/wp-json\/wp\/v2\/media?parent=14142"}],"wp:term":[{"taxonomy":"product_brand","embeddable":true,"href":"https:\/\/ptm-mechatronics.com\/hu\/wp-json\/wp\/v2\/product_brand?post=14142"},{"taxonomy":"product_cat","embeddable":true,"href":"https:\/\/ptm-mechatronics.com\/hu\/wp-json\/wp\/v2\/product_cat?post=14142"},{"taxonomy":"product_tag","embeddable":true,"href":"https:\/\/ptm-mechatronics.com\/hu\/wp-json\/wp\/v2\/product_tag?post=14142"}],"curies":[{"name":"wp","href":"https:\/\/api.w.org\/{rel}","templated":true}]}}