{"id":14066,"date":"2025-07-17T09:42:05","date_gmt":"2025-07-17T07:42:05","guid":{"rendered":"https:\/\/ptm-mechatronics.com\/?post_type=product&#038;p=14066"},"modified":"2025-11-07T15:55:17","modified_gmt":"2025-11-07T14:55:17","slug":"ruehrwellen-fuer-ibc-fuer-schnellmischer-mit-schnellwechselsystem","status":"publish","type":"product","link":"https:\/\/ptm-mechatronics.com\/hu\/product\/ruehrwellen-fuer-ibc-fuer-schnellmischer-mit-schnellwechselsystem\/","title":{"rendered":"Kever\u0151tengelyek IBC-khez nagysebess\u00e9g\u0171 kever\u0151kh\u00f6z gyorscser\u00e9l\u0151 rendszerrel"},"content":{"rendered":"<h1 data-start=\"178\" data-end=\"265\"><span style=\"font-size: 75%;\">V4A rozsdamentes ac\u00e9lb\u00f3l k\u00e9sz\u00fclt kever\u0151tengelyek gyorscser\u00e9l\u0151 rendszerrel - robusztus, prec\u00edz, nagy sebess\u00e9gre alkalmas<\/span><\/h1>\n<p data-start=\"267\" data-end=\"562\">A kiv\u00e1l\u00f3 min\u0151s\u00e9g\u0171 V4A 1.4404 rozsdamentes ac\u00e9lb\u00f3l k\u00e9sz\u00fclt kever\u0151tengelyeink magas korr\u00f3zi\u00f3\u00e1ll\u00f3s\u00e1gukkal, stabilit\u00e1sukkal \u00e9s hossz\u00fa \u00e9lettartamukkal ny\u0171g\u00f6znek le - ide\u00e1lisak a higi\u00e9niai szempontb\u00f3l ig\u00e9nyes alkalmaz\u00e1sokhoz. Az eco-Quick gyorscsere-rendszernek k\u00f6sz\u00f6nhet\u0151en egyetlen mozdulattal \u00e9s tov\u00e1bbi szersz\u00e1mok n\u00e9lk\u00fcl, biztons\u00e1gosan \u00e9s pontosan felszerelhet\u0151k a PTM-hajt\u00e1sokra.<\/p>\n<p data-start=\"564\" data-end=\"750\">Ezt a kever\u0151tengelyt kifejezetten a 600 fordulat\/perc feletti fordulatsz\u00e1m\u00fa nagysebess\u00e9g\u0171 kever\u0151kh\u00f6z fejlesztett\u00e9k ki, \u00e9s nagy terhel\u00e9s mellett is maxim\u00e1lis fut\u00e1si simas\u00e1got \u00e9s folyamatbiztons\u00e1got biztos\u00edt.<\/p>\n<p data-start=\"752\" data-end=\"914\">K\u00e9rj\u00fck, a kiv\u00e1laszt\u00e1skor vegye figyelembe a meghajt\u00f3j\u00e1nak megfelel\u0151 tengely\u00e1tm\u00e9r\u0151t. Ha b\u00e1rmilyen k\u00e9rd\u00e9se van, PTM \u00fcgyf\u00e9lszolg\u00e1latunk sz\u00edvesen ad tan\u00e1csot.<\/p>","protected":false},"excerpt":{"rendered":"<p>V4A rozsdamentes ac\u00e9lb\u00f3l 1.4404 gy\u00e1rtott kever\u0151tengely gyorscser\u00e9l\u0151 rendszerrel a nagysebess\u00e9g\u0171 kever\u0151kh\u00f6z 600 fordulat\/perc feletti fordulatsz\u00e1mmal - robusztus, pontos \u00e9s tart\u00f3s.<\/p>","protected":false},"featured_media":15365,"comment_status":"closed","ping_status":"closed","template":"","meta":{"_acf_changed":false},"product_brand":[],"product_cat":[651,595],"product_tag":[3128,3132,3133,3134,3135,3116,3117,3119,3123,3125],"class_list":{"0":"post-14066","1":"product","2":"type-product","3":"status-publish","4":"has-post-thumbnail","6":"product_cat-ruehrwellen","7":"product_cat-ruehrwerkstechnik","8":"product_tag-edelstahlruehrwelle-1-4404","9":"product_tag-ruehrwelle-schnellmischer","10":"product_tag-hochdrehzahl-ruehrwelle","11":"product_tag-ruehrwelle-600-u-min","12":"product_tag-ptm-ruehrwelle","13":"product_tag-ruehrwelle-edelstahl","14":"product_tag-v4a-ruehrwelle","15":"product_tag-gewindenabe-ptm","16":"product_tag-hygienische-ruehrwelle","17":"product_tag-ruehrwelle-industrie","18":"product_shipping_class-karton-paketversand","19":"pa_gewinde-m16","20":"pa_material-v4a-edelstahl-1-4404","21":"pa_patentnummer-20-2020-107-558","23":"first","24":"instock","25":"taxable","26":"shipping-taxable","27":"purchasable","28":"product-type-variable"},"bundled_by":[],"bundle_stock_status":"instock","bundle_stock_quantity":null,"bundle_virtual":false,"bundle_layout":"","bundle_add_to_cart_form_location":"","bundle_editable_in_cart":false,"bundle_sold_individually_context":"","bundle_item_grouping":"","bundle_min_size":"","bundle_max_size":"","bundle_price":[],"bundled_items":[],"bundle_sell_ids":[],"exclude_global_add_ons":[],"addons":[],"acf":[],"_links":{"self":[{"href":"https:\/\/ptm-mechatronics.com\/hu\/wp-json\/wp\/v2\/product\/14066","targetHints":{"allow":["GET"]}}],"collection":[{"href":"https:\/\/ptm-mechatronics.com\/hu\/wp-json\/wp\/v2\/product"}],"about":[{"href":"https:\/\/ptm-mechatronics.com\/hu\/wp-json\/wp\/v2\/types\/product"}],"replies":[{"embeddable":true,"href":"https:\/\/ptm-mechatronics.com\/hu\/wp-json\/wp\/v2\/comments?post=14066"}],"wp:featuredmedia":[{"embeddable":true,"href":"https:\/\/ptm-mechatronics.com\/hu\/wp-json\/wp\/v2\/media\/15365"}],"wp:attachment":[{"href":"https:\/\/ptm-mechatronics.com\/hu\/wp-json\/wp\/v2\/media?parent=14066"}],"wp:term":[{"taxonomy":"product_brand","embeddable":true,"href":"https:\/\/ptm-mechatronics.com\/hu\/wp-json\/wp\/v2\/product_brand?post=14066"},{"taxonomy":"product_cat","embeddable":true,"href":"https:\/\/ptm-mechatronics.com\/hu\/wp-json\/wp\/v2\/product_cat?post=14066"},{"taxonomy":"product_tag","embeddable":true,"href":"https:\/\/ptm-mechatronics.com\/hu\/wp-json\/wp\/v2\/product_tag?post=14066"}],"curies":[{"name":"wp","href":"https:\/\/api.w.org\/{rel}","templated":true}]}}