{"id":14041,"date":"2025-07-18T10:01:00","date_gmt":"2025-07-18T08:01:00","guid":{"rendered":"https:\/\/ptm-mechatronics.com\/?post_type=product&#038;p=14041"},"modified":"2025-11-07T15:55:17","modified_gmt":"2025-11-07T14:55:17","slug":"filterkatuschen","status":"publish","type":"product","link":"https:\/\/ptm-mechatronics.com\/hu\/product\/filterkatuschen\/","title":{"rendered":"Sz\u0171r\u0151bet\u00e9tek"},"content":{"rendered":"<h1 data-start=\"198\" data-end=\"281\"><span style=\"font-size: 75%;\">Cseresz\u0171r\u0151bet\u00e9t az elsz\u00edv\u00f3leveg\u0151 sz\u0171r\u0151csomaghoz - tiszta, biztons\u00e1gos, tiszta helyis\u00e9gekben haszn\u00e1lhat\u00f3<\/span><\/h1>\n<p data-start=\"283\" data-end=\"724\">Ezt a csere sz\u0171r\u0151bet\u00e9tet kifejezetten a PTM-meghajt\u00e1sok elsz\u00edv\u00f3leveg\u0151-sz\u0171r\u0151csomagj\u00e1hoz tervezt\u00e9k, \u00e9s megb\u00edzhat\u00f3an biztos\u00edtja a r\u00e9szecsk\u00e9k hat\u00e9kony lev\u00e1laszt\u00e1s\u00e1t az \u00e9rz\u00e9keny gy\u00e1rt\u00e1si ter\u00fcleteken. Kiv\u00e1l\u00f3 min\u0151s\u00e9g\u0171 sz\u0171r\u0151szerkezet\u00e9nek k\u00f6sz\u00f6nhet\u0151en cs\u00f6kkenti a leveg\u0151 szennyez\u0151d\u00e9seit \u00e9s t\u00e1mogatja az \u00e1lland\u00f3 leveg\u0151min\u0151s\u00e9get - k\u00fcl\u00f6n\u00f6sen tiszta helyis\u00e9gekben vagy higi\u00e9niailag \u00e9rz\u00e9keny k\u00f6rnyezetekben, p\u00e9ld\u00e1ul gy\u00f3gyszeripari, \u00e9lelmiszeripari vagy laborat\u00f3riumi technol\u00f3gi\u00e1kban.<\/p>\n<p data-start=\"726\" data-end=\"1025\">A sz\u0171r\u0151 gyorsan \u00e9s egyszer\u0171en cser\u00e9lhet\u0151, \u00e9s vissza\u00e1ll\u00edtja a kipufog\u00f3leveg\u0151-rendszer teljes teljes\u00edtm\u00e9ny\u00e9t. A sz\u0171r\u0151bet\u00e9t ide\u00e1lisan illeszkedik a PTM l\u00e9gell\u00e1t\u00f3 modulhoz, \u00e9s hozz\u00e1j\u00e1rul az eg\u00e9sz rendszer biztons\u00e1g\u00e1hoz, hossz\u00fa \u00e9lettartam\u00e1hoz \u00e9s energiahat\u00e9konys\u00e1g\u00e1hoz.<\/p>","protected":false},"excerpt":{"rendered":"<p>Cseresz\u0171r\u0151bet\u00e9tek a PTM Cleanroom elsz\u00edv\u00f3leveg\u0151-sz\u0171r\u0151csomaghoz a tiszta elsz\u00edvott leveg\u0151h\u00f6z \u00e9s a megb\u00edzhat\u00f3 r\u00e9szecskeelk\u00fcl\u00f6n\u00edt\u00e9shez - ide\u00e1lis tisztatermekhez \u00e9s higi\u00e9niai alkalmaz\u00e1sokhoz.<\/p>","protected":false},"featured_media":15549,"comment_status":"closed","ping_status":"closed","template":"","meta":{"_acf_changed":false},"product_brand":[],"product_cat":[2745],"product_tag":[3148,3149,3150,3151,3143,3144,3145,3146,3147],"class_list":{"0":"post-14041","1":"product","2":"type-product","3":"status-publish","4":"has-post-thumbnail","6":"product_cat-ersatzteile","7":"product_tag-abluft-filterkupplung","8":"product_tag-druckluftfilter-ersatz","9":"product_tag-abluftfilter-industrie","10":"product_tag-reinraum-ersatzfilter","11":"product_tag-ersatzfilter-abluftpaket","12":"product_tag-abluftfilter-reinraum","13":"product_tag-filterkartusche-ptm-antrieb","14":"product_tag-abluftfilter-ersatzteil","15":"product_tag-hygienischer-abluftfilter","16":"product_shipping_class-karton-paketversand","18":"first","19":"instock","20":"taxable","21":"shipping-taxable","22":"purchasable","23":"product-type-variable"},"bundled_by":[],"bundle_stock_status":"instock","bundle_stock_quantity":null,"bundle_virtual":false,"bundle_layout":"","bundle_add_to_cart_form_location":"","bundle_editable_in_cart":false,"bundle_sold_individually_context":"","bundle_item_grouping":"","bundle_min_size":"","bundle_max_size":"","bundle_price":[],"bundled_items":[],"bundle_sell_ids":[],"exclude_global_add_ons":[],"addons":[],"acf":[],"_links":{"self":[{"href":"https:\/\/ptm-mechatronics.com\/hu\/wp-json\/wp\/v2\/product\/14041","targetHints":{"allow":["GET"]}}],"collection":[{"href":"https:\/\/ptm-mechatronics.com\/hu\/wp-json\/wp\/v2\/product"}],"about":[{"href":"https:\/\/ptm-mechatronics.com\/hu\/wp-json\/wp\/v2\/types\/product"}],"replies":[{"embeddable":true,"href":"https:\/\/ptm-mechatronics.com\/hu\/wp-json\/wp\/v2\/comments?post=14041"}],"wp:featuredmedia":[{"embeddable":true,"href":"https:\/\/ptm-mechatronics.com\/hu\/wp-json\/wp\/v2\/media\/15549"}],"wp:attachment":[{"href":"https:\/\/ptm-mechatronics.com\/hu\/wp-json\/wp\/v2\/media?parent=14041"}],"wp:term":[{"taxonomy":"product_brand","embeddable":true,"href":"https:\/\/ptm-mechatronics.com\/hu\/wp-json\/wp\/v2\/product_brand?post=14041"},{"taxonomy":"product_cat","embeddable":true,"href":"https:\/\/ptm-mechatronics.com\/hu\/wp-json\/wp\/v2\/product_cat?post=14041"},{"taxonomy":"product_tag","embeddable":true,"href":"https:\/\/ptm-mechatronics.com\/hu\/wp-json\/wp\/v2\/product_tag?post=14041"}],"curies":[{"name":"wp","href":"https:\/\/api.w.org\/{rel}","templated":true}]}}