{"id":13925,"date":"2025-07-08T09:48:12","date_gmt":"2025-07-08T07:48:12","guid":{"rendered":"https:\/\/ptm-mechatronics.com\/?post_type=product&#038;p=13925"},"modified":"2025-11-07T15:55:17","modified_gmt":"2025-11-07T14:55:17","slug":"ruehrwellen-mit-schnellwechselsystem","status":"publish","type":"product","link":"https:\/\/ptm-mechatronics.com\/hu\/product\/ruehrwellen-mit-schnellwechselsystem\/","title":{"rendered":"Gyorscser\u00e9l\u0151 rendszer\u0171 kever\u0151tengelyek"},"content":{"rendered":"<h1 data-start=\"209\" data-end=\"318\"><span style=\"font-size: 75%;\">V4A rozsdamentes ac\u00e9lb\u00f3l k\u00e9sz\u00fclt kever\u0151tengely 1.4404 eco-Quick gyorscser\u00e9l\u0151 rendszerrel - higi\u00e9nikus, kompatibilis, hat\u00e9kony.<\/span><\/h1>\n<p data-start=\"320\" data-end=\"573\">A kiv\u00e1l\u00f3 min\u0151s\u00e9g\u0171 V4A rozsdamentes ac\u00e9lb\u00f3l (1.4404) k\u00e9sz\u00fclt kever\u0151tengelyeink k\u00fcl\u00f6n\u00f6sen korr\u00f3zi\u00f3\u00e1ll\u00f3ak, tart\u00f3sak \u00e9s megfelelnek a legmagasabb higi\u00e9niai k\u00f6vetelm\u00e9nyeknek - ide\u00e1lisak az olyan \u00e9rz\u00e9keny ter\u00fcleteken, mint az \u00e9lelmiszer-, kozmetikai \u00e9s gy\u00f3gyszeripar.<\/p>\n<p data-start=\"575\" data-end=\"815\">A szabadalmaztatott eco-Quick gyorscser\u00e9l\u0151 rendszernek k\u00f6sz\u00f6nhet\u0151en a tengelyek szersz\u00e1m n\u00e9lk\u00fcl, m\u00e1sodpercek alatt csatlakoztathat\u00f3k az \u00f6sszes megfelel\u0151 PTM-hajt\u00e1shoz. Ez id\u0151t takar\u00edt meg a kever\u0151k cser\u00e9j\u00e9n\u00e9l, \u00e9s n\u00f6veli a folyamat hat\u00e9konys\u00e1g\u00e1t.<\/p>\n<p data-start=\"817\" data-end=\"1023\">Minden PTM m\u0171k\u00f6dtet\u0151h\u00f6z k\u00edn\u00e1ljuk a megfelel\u0151 tengely\u00e1tm\u00e9r\u0151t - k\u00e9rj\u00fck, a v\u00e1laszt\u00e1skor ellen\u0151rizze a kompatibilit\u00e1st. Ha b\u00e1rmilyen k\u00e9rd\u00e9se van, k\u00e9rj\u00fck, forduljon bizalommal PTM \u00fcgyf\u00e9lszolg\u00e1latunkhoz: <a href=\"tel:+498134257970\">+49 8134 25 797 0<\/a>.<\/p>\n<p data-start=\"817\" data-end=\"1023\">Szabadalmi sz\u00e1mok:<br \/>\n10 literes hord\u00f3 eset\u00e9n: 20 2020 107 551<br \/>\n30 literes hord\u00f3 eset\u00e9n: 20 2020 107 552<br \/>\n60 literes hord\u00f3 eset\u00e9n: 20 2020 107 553<br \/>\n100 literes hord\u00f3 eset\u00e9n: 20 2020 107 554<br \/>\n200 literes hord\u00f3 eset\u00e9n: 20 2020 107 555<br \/>\n600 literes IBC eset\u00e9ben: 20 2020 107 556<br \/>\n1000 literes IBC eset\u00e9ben: 20 2020 107 557<\/p>","protected":false},"excerpt":{"rendered":"<p>V4A rozsdamentes 1.4404 ac\u00e9lb\u00f3l k\u00e9sz\u00fclt kever\u0151tengely eco-Quick gyorscser\u00e9l\u0151 rendszerrel a PTM kever\u0151hajt\u00e1sokhoz val\u00f3 szersz\u00e1mmentes, higi\u00e9nikus \u00e9s pontos csatlakoztat\u00e1shoz.<\/p>","protected":false},"featured_media":15365,"comment_status":"closed","ping_status":"closed","template":"","meta":{"_acf_changed":false},"product_brand":[],"product_cat":[651],"product_tag":[3130,3131,3116,3117,3121,3123,3126,3127,3128,3129],"class_list":{"0":"post-13925","1":"product","2":"type-product","3":"status-publish","4":"has-post-thumbnail","6":"product_cat-ruehrwellen","7":"product_tag-ruehrwelle-pharma","8":"product_tag-schnellwechsel-ruehrwelle","9":"product_tag-ruehrwelle-edelstahl","10":"product_tag-v4a-ruehrwelle","11":"product_tag-ptm-ruehrwellen","12":"product_tag-hygienische-ruehrwelle","13":"product_tag-eco-quick-ruehrwelle","14":"product_tag-schnellwechselsystem-ptm","15":"product_tag-edelstahlruehrwelle-1-4404","16":"product_tag-ruehrwelle-lebensmittelindustrie","17":"product_shipping_class-karton-paketversand","18":"pa_material-v4a-edelstahl-1-4404","20":"first","21":"instock","22":"taxable","23":"shipping-taxable","24":"purchasable","25":"product-type-variable"},"bundled_by":[],"bundle_stock_status":"instock","bundle_stock_quantity":null,"bundle_virtual":false,"bundle_layout":"","bundle_add_to_cart_form_location":"","bundle_editable_in_cart":false,"bundle_sold_individually_context":"","bundle_item_grouping":"","bundle_min_size":"","bundle_max_size":"","bundle_price":[],"bundled_items":[],"bundle_sell_ids":[],"exclude_global_add_ons":[],"addons":[],"acf":[],"_links":{"self":[{"href":"https:\/\/ptm-mechatronics.com\/hu\/wp-json\/wp\/v2\/product\/13925","targetHints":{"allow":["GET"]}}],"collection":[{"href":"https:\/\/ptm-mechatronics.com\/hu\/wp-json\/wp\/v2\/product"}],"about":[{"href":"https:\/\/ptm-mechatronics.com\/hu\/wp-json\/wp\/v2\/types\/product"}],"replies":[{"embeddable":true,"href":"https:\/\/ptm-mechatronics.com\/hu\/wp-json\/wp\/v2\/comments?post=13925"}],"wp:featuredmedia":[{"embeddable":true,"href":"https:\/\/ptm-mechatronics.com\/hu\/wp-json\/wp\/v2\/media\/15365"}],"wp:attachment":[{"href":"https:\/\/ptm-mechatronics.com\/hu\/wp-json\/wp\/v2\/media?parent=13925"}],"wp:term":[{"taxonomy":"product_brand","embeddable":true,"href":"https:\/\/ptm-mechatronics.com\/hu\/wp-json\/wp\/v2\/product_brand?post=13925"},{"taxonomy":"product_cat","embeddable":true,"href":"https:\/\/ptm-mechatronics.com\/hu\/wp-json\/wp\/v2\/product_cat?post=13925"},{"taxonomy":"product_tag","embeddable":true,"href":"https:\/\/ptm-mechatronics.com\/hu\/wp-json\/wp\/v2\/product_tag?post=13925"}],"curies":[{"name":"wp","href":"https:\/\/api.w.org\/{rel}","templated":true}]}}