{"id":13916,"date":"2025-07-08T09:21:15","date_gmt":"2025-07-08T07:21:15","guid":{"rendered":"https:\/\/ptm-mechatronics.com\/?post_type=product&#038;p=13916"},"modified":"2025-11-07T15:55:17","modified_gmt":"2025-11-07T14:55:17","slug":"ruehrwellen-mit-gewindenabe","status":"publish","type":"product","link":"https:\/\/ptm-mechatronics.com\/hu\/product\/ruehrwellen-mit-gewindenabe\/","title":{"rendered":"Kever\u0151tengelyek menetes tengelyekkel"},"content":{"rendered":"<h1 data-start=\"221\" data-end=\"305\"><span style=\"font-size: 75%;\">V4A rozsdamentes ac\u00e9lb\u00f3l 1.4404 rozsdamentes ac\u00e9lb\u00f3l k\u00e9sz\u00fclt kever\u0151tengely menetes tengely - prec\u00edz, robusztus, kompatibilis.<\/span><\/h1>\n<p data-start=\"307\" data-end=\"568\">A kiv\u00e1l\u00f3 min\u0151s\u00e9g\u0171 V4A 1.4404 rozsdamentes ac\u00e9lb\u00f3l k\u00e9sz\u00fclt kever\u0151tengelyeinket kiv\u00e1l\u00f3 korr\u00f3zi\u00f3\u00e1ll\u00f3s\u00e1g, tart\u00f3ss\u00e1g \u00e9s higi\u00e9nikus fel\u00fclet jellemzi - ide\u00e1lisak az \u00e9lelmiszer-, gy\u00f3gyszer- \u00e9s vegyipar ig\u00e9nyes alkalmaz\u00e1saihoz.<\/p>\n<p data-start=\"570\" data-end=\"837\">A tengelyek gyorsan \u00e9s biztons\u00e1gosan csatlakoztathat\u00f3k minden PTM kever\u0151hajt\u00f3m\u0171h\u00f6z a szabadalmaztatott menetes hub seg\u00edts\u00e9g\u00e9vel. Minden meghajt\u00f3hoz rendelkez\u00fcnk a megfelel\u0151 tengely\u00e1tm\u00e9r\u0151vel - k\u00e9rj\u00fck, v\u00e1lassza ki az \u00e1tm\u00e9r\u0151t a meghajt\u00f3 kialak\u00edt\u00e1s\u00e1nak megfelel\u0151en.<\/p>\n<p data-start=\"839\" data-end=\"1001\">A prec\u00edzen gy\u00e1rtott rozsdamentes ac\u00e9l tengelyek stabil, alacsony rezg\u00e9ssz\u00e1m\u00fa m\u0171k\u00f6d\u00e9st biztos\u00edtanak, \u00e9s ide\u00e1lisan alkalmasak mind az alacsony, mind a magas viszkozit\u00e1s\u00fa k\u00f6zegekhez.<\/p>\n<p data-start=\"1003\" data-end=\"1103\">Ha b\u00e1rmilyen k\u00e9rd\u00e9se van a megfelel\u0151 kever\u0151tengely kiv\u00e1laszt\u00e1s\u00e1val kapcsolatban, a PTM \u00fcgyf\u00e9lszolg\u00e1latunk sz\u00edvesen seg\u00edt: <a href=\"tel:+498134257970\">+49 8134 25 797 0<\/a>.<\/p>\n<p data-start=\"1003\" data-end=\"1103\">Szabadalmi sz\u00e1mok:<br \/>\n10 literes hord\u00f3 eset\u00e9n: 20 2020 107 551<br \/>\n30 literes hord\u00f3 eset\u00e9n: 20 2020 107 552<br \/>\n60 literes hord\u00f3 eset\u00e9n: 20 2020 107 553<br \/>\n100 literes hord\u00f3 eset\u00e9n: 20 2020 107 554<br \/>\n200 literes hord\u00f3 eset\u00e9n: 20 2020 107 555<br \/>\n600 literes IBC eset\u00e9ben: 20 2020 107 556<br \/>\n1000 literes IBC eset\u00e9ben: 20 2020 107 557<\/p>","protected":false},"excerpt":{"rendered":"<p>V4A rozsdamentes ac\u00e9lb\u00f3l 1.4404 gy\u00e1rtott kever\u0151tengely, menetes tengely a biztons\u00e1gos, pontosan illeszked\u0151 csatlakoz\u00e1shoz a PTM-hajt\u00e1sokhoz - korr\u00f3zi\u00f3\u00e1ll\u00f3, higi\u00e9nikus \u00e9s prec\u00edz.<\/p>","protected":false},"featured_media":15364,"comment_status":"closed","ping_status":"closed","template":"","meta":{"_acf_changed":false},"product_brand":[],"product_cat":[651],"product_tag":[3120,3121,3122,3123,3124,3125,3116,3117,3118,3119],"class_list":{"0":"post-13916","1":"product","2":"type-product","3":"status-publish","4":"has-post-thumbnail","6":"product_cat-ruehrwellen","7":"product_tag-ruehrwelle-1-4404","8":"product_tag-ptm-ruehrwellen","9":"product_tag-edelstahlruehrwelle-gewinde","10":"product_tag-hygienische-ruehrwelle","11":"product_tag-ruehrwelle-fuer-antrieb","12":"product_tag-ruehrwelle-industrie","13":"product_tag-ruehrwelle-edelstahl","14":"product_tag-v4a-ruehrwelle","15":"product_tag-edelstahlwelle-ruehrwerk","16":"product_tag-gewindenabe-ptm","17":"product_shipping_class-karton-paketversand","18":"pa_material-v4a-edelstahl-1-4404","20":"first","21":"instock","22":"taxable","23":"shipping-taxable","24":"purchasable","25":"product-type-variable"},"bundled_by":[],"bundle_stock_status":"instock","bundle_stock_quantity":null,"bundle_virtual":false,"bundle_layout":"","bundle_add_to_cart_form_location":"","bundle_editable_in_cart":false,"bundle_sold_individually_context":"","bundle_item_grouping":"","bundle_min_size":"","bundle_max_size":"","bundle_price":[],"bundled_items":[],"bundle_sell_ids":[],"exclude_global_add_ons":[],"addons":[],"acf":[],"_links":{"self":[{"href":"https:\/\/ptm-mechatronics.com\/hu\/wp-json\/wp\/v2\/product\/13916","targetHints":{"allow":["GET"]}}],"collection":[{"href":"https:\/\/ptm-mechatronics.com\/hu\/wp-json\/wp\/v2\/product"}],"about":[{"href":"https:\/\/ptm-mechatronics.com\/hu\/wp-json\/wp\/v2\/types\/product"}],"replies":[{"embeddable":true,"href":"https:\/\/ptm-mechatronics.com\/hu\/wp-json\/wp\/v2\/comments?post=13916"}],"wp:featuredmedia":[{"embeddable":true,"href":"https:\/\/ptm-mechatronics.com\/hu\/wp-json\/wp\/v2\/media\/15364"}],"wp:attachment":[{"href":"https:\/\/ptm-mechatronics.com\/hu\/wp-json\/wp\/v2\/media?parent=13916"}],"wp:term":[{"taxonomy":"product_brand","embeddable":true,"href":"https:\/\/ptm-mechatronics.com\/hu\/wp-json\/wp\/v2\/product_brand?post=13916"},{"taxonomy":"product_cat","embeddable":true,"href":"https:\/\/ptm-mechatronics.com\/hu\/wp-json\/wp\/v2\/product_cat?post=13916"},{"taxonomy":"product_tag","embeddable":true,"href":"https:\/\/ptm-mechatronics.com\/hu\/wp-json\/wp\/v2\/product_tag?post=13916"}],"curies":[{"name":"wp","href":"https:\/\/api.w.org\/{rel}","templated":true}]}}