{"id":13880,"date":"2025-06-30T09:29:36","date_gmt":"2025-06-30T07:29:36","guid":{"rendered":"https:\/\/ptm-mechatronics.com\/?post_type=product&#038;p=13880"},"modified":"2025-11-07T15:55:05","modified_gmt":"2025-11-07T14:55:05","slug":"drosselventil-standard","status":"publish","type":"product","link":"https:\/\/ptm-mechatronics.com\/hu\/product\/drosselventil-standard\/","title":{"rendered":"G\u00e1zszelep szabv\u00e1nyos"},"content":{"rendered":"<div id=\"tab-description\" class=\"woocommerce-Tabs-panel woocommerce-Tabs-panel--description panel entry-content active\" role=\"tabpanel\" aria-labelledby=\"tab-title-description\">\n<h2 data-start=\"232\" data-end=\"304\">Dug\u00f3szelep pneumatikus hajt\u00e1sokhoz - kompakt, prec\u00edz, \u00e1ll\u00edthat\u00f3<\/h2>\n<p data-start=\"306\" data-end=\"732\">A fojt\u00f3szelep (fojt\u00f3 visszacsap\u00f3szelep, t\u0171szelep) lehet\u0151v\u00e9 teszi a leveg\u0151 mennyis\u00e9g\u00e9nek finom szab\u00e1lyoz\u00e1s\u00e1t a pneumatikus PTM motorok \u00e9s a kever\u0151hajt\u00e1sok sz\u00e1m\u00e1ra. K\u00f6zvetlen\u00fcl a csatlakoz\u00f3blokkra van szerelve (<span data-teams=\"true\">R1\/8\" meneten kereszt\u00fcl)<\/span> \u00e9s lehet\u0151v\u00e9 teszi a sebess\u00e9g pontos be\u00e1ll\u00edt\u00e1s\u00e1t a szab\u00e1lyozott l\u00e9g\u00e1raml\u00e1s r\u00e9v\u00e9n. Ez lehet\u0151v\u00e9 teszi a hajt\u00e1sok optimaliz\u00e1l\u00e1s\u00e1t az adott folyamat k\u00f6vetelm\u00e9nyeihez - legyen sz\u00f3 \u00e9rz\u00e9keny kever\u00e9si folyamatokr\u00f3l vagy energiaig\u00e9nyes alkalmaz\u00e1sokr\u00f3l.<\/p>\n<p data-start=\"734\" data-end=\"987\">A szelep kompakt, robusztus \u00e9s k\u00f6nnyen telep\u00edthet\u0151, ide\u00e1lis ipari k\u00f6rnyezetbe, ahol a megb\u00edzhat\u00f3s\u00e1g \u00e9s a vez\u00e9rl\u00e9si viselked\u00e9s magas k\u00f6vetelm\u00e9nyeket t\u00e1maszt. Alkalmas automatiz\u00e1lt kever\u00e9si \u00e9s meghajt\u00e1si folyamatokban val\u00f3 \u00e1lland\u00f3 haszn\u00e1latra.<\/p>\n<\/div>","protected":false},"excerpt":{"rendered":"<p>Dug\u00f3szelep a pneumatikus motorok \u00e9s kever\u0151hajt\u00e1sok prec\u00edz l\u00e9gmennyis\u00e9g-szab\u00e1lyoz\u00e1s\u00e1hoz - ide\u00e1lis az ipari \u00fczemben a fordulatsz\u00e1m be\u00e1ll\u00edt\u00e1s\u00e1hoz.<\/p>","protected":false},"featured_media":15545,"comment_status":"closed","ping_status":"closed","template":"","meta":{"_acf_changed":false},"product_brand":[],"product_cat":[2745],"product_tag":[3081,3082,3083,3084,3075,3076,3077,3078,3079,3080],"class_list":{"0":"post-13880","1":"product","2":"type-product","3":"status-publish","4":"has-post-thumbnail","6":"product_cat-ersatzteile","7":"product_tag-druckluftregelventil-ptm","8":"product_tag-pneumatikventil-feinregelbar","9":"product_tag-luftmengenventil-industrie","10":"product_tag-drosselventil-mischtechnik","11":"product_tag-drosselventil-druckluftmotor","12":"product_tag-luftmengenregler-ptm","13":"product_tag-regelventil-pneumatischer-antrieb","14":"product_tag-luftsteuerung-ruehrwerk","15":"product_tag-drehzahlregelung-pneumatik","16":"product_tag-drosselventil-ruehrwerksantrieb","17":"product_shipping_class-karton-paketversand","18":"pa_anschluss-einbau-auf-anschlussblock","20":"first","21":"instock","22":"taxable","23":"shipping-taxable","24":"purchasable","25":"product-type-variable"},"bundled_by":["6642"],"bundle_stock_status":"instock","bundle_stock_quantity":null,"bundle_virtual":false,"bundle_layout":"","bundle_add_to_cart_form_location":"","bundle_editable_in_cart":false,"bundle_sold_individually_context":"","bundle_item_grouping":"","bundle_min_size":"","bundle_max_size":"","bundle_price":[],"bundled_items":[],"bundle_sell_ids":[],"exclude_global_add_ons":[],"addons":[],"acf":[],"_links":{"self":[{"href":"https:\/\/ptm-mechatronics.com\/hu\/wp-json\/wp\/v2\/product\/13880","targetHints":{"allow":["GET"]}}],"collection":[{"href":"https:\/\/ptm-mechatronics.com\/hu\/wp-json\/wp\/v2\/product"}],"about":[{"href":"https:\/\/ptm-mechatronics.com\/hu\/wp-json\/wp\/v2\/types\/product"}],"replies":[{"embeddable":true,"href":"https:\/\/ptm-mechatronics.com\/hu\/wp-json\/wp\/v2\/comments?post=13880"}],"wp:featuredmedia":[{"embeddable":true,"href":"https:\/\/ptm-mechatronics.com\/hu\/wp-json\/wp\/v2\/media\/15545"}],"wp:attachment":[{"href":"https:\/\/ptm-mechatronics.com\/hu\/wp-json\/wp\/v2\/media?parent=13880"}],"wp:term":[{"taxonomy":"product_brand","embeddable":true,"href":"https:\/\/ptm-mechatronics.com\/hu\/wp-json\/wp\/v2\/product_brand?post=13880"},{"taxonomy":"product_cat","embeddable":true,"href":"https:\/\/ptm-mechatronics.com\/hu\/wp-json\/wp\/v2\/product_cat?post=13880"},{"taxonomy":"product_tag","embeddable":true,"href":"https:\/\/ptm-mechatronics.com\/hu\/wp-json\/wp\/v2\/product_tag?post=13880"}],"curies":[{"name":"wp","href":"https:\/\/api.w.org\/{rel}","templated":true}]}}