{"id":13854,"date":"2025-06-23T12:01:04","date_gmt":"2025-06-23T10:01:04","guid":{"rendered":"https:\/\/ptm-mechatronics.com\/?post_type=product&#038;p=13854"},"modified":"2025-11-07T15:55:05","modified_gmt":"2025-11-07T14:55:05","slug":"frequenzumrichter-und-motorschutzschalter-montiert-auf-motorwinkel","status":"publish","type":"product","link":"https:\/\/ptm-mechatronics.com\/hu\/product\/frequenzumrichter-und-motorschutzschalter-montiert-auf-motorwinkel\/","title":{"rendered":"Frekvenciav\u00e1lt\u00f3 \u00e9s motorv\u00e9d\u0151 kapcsol\u00f3 a motortart\u00f3ra szerelve"},"content":{"rendered":"<div id=\"tab-description\" class=\"woocommerce-Tabs-panel woocommerce-Tabs-panel--description panel entry-content active\" role=\"tabpanel\" aria-labelledby=\"tab-title-description\">\n<h2 data-start=\"240\" data-end=\"337\">Frekvenciav\u00e1lt\u00f3 integr\u00e1lt motorv\u00e9d\u0151 kapcsol\u00f3val - el\u0151re \u00f6sszeszerelve, biztons\u00e1gosan, csatlakoztat\u00e1sra k\u00e9szen<\/h2>\n<p data-start=\"339\" data-end=\"671\">A PTM elektromos kever\u0151hajt\u00e1sai biztons\u00e1gosan vez\u00e9relhet\u0151k \u00e9s szab\u00e1lyozhat\u00f3k a be\u00e9p\u00edtett motorv\u00e9d\u0151 kapcsol\u00f3val ell\u00e1tott frekvenciav\u00e1lt\u00f3val. A be\u00e9p\u00edtett kijelz\u0151n az \u00fczemi adatok, p\u00e9ld\u00e1ul a fordulatsz\u00e1m, a frekvencia, a motor\u00e1ram \u00e9s egy\u00e9b param\u00e9terek l\u00e1that\u00f3k. A hajt\u00e1s k\u00f6zvetlen\u00fcl a men\u00fcben kereszt\u00fcl param\u00e9terezhet\u0151.<\/p>\n<p data-start=\"673\" data-end=\"1006\">A maxim\u00e1lis biztons\u00e1got a be\u00e9p\u00edtett v\u00e9szle\u00e1ll\u00edt\u00f3 biztos\u00edtja, amely a rendszer kikapcsol\u00e1s\u00e1t a rendszer el\u0151\u00edr\u00e1sainak megfelel\u0151en biztos\u00edtja. <a href=\"https:\/\/de.wikipedia.org\/wiki\/Unfallverh%C3%BCtungsvorschriften\" target=\"_blank\" rel=\"noopener\">UVV<\/a> biztos\u00edtva. A frekvenciav\u00e1lt\u00f3 el\u0151re \u00f6ssze van szerelve egy szerel\u0151konzollal az egyszer\u0171 telep\u00edt\u00e9s \u00e9rdek\u00e9ben. A sz\u00e1ll\u00edt\u00e1si terjedelem tartalmaz egy 3 m\u00e9teres k\u00e1belt is a frekvenciav\u00e1lt\u00f3 \u00e9s a motor \u00f6sszekapcsol\u00e1s\u00e1hoz.<\/p>\n<\/div>","protected":false},"excerpt":{"rendered":"<p>Frekvenciav\u00e1lt\u00f3 be\u00e9p\u00edtett motorv\u00e9d\u0151 kapcsol\u00f3val, kijelz\u0151vel, v\u00e9szle\u00e1ll\u00edt\u00f3val \u00e9s 3 m-es k\u00e1bellel - el\u0151re \u00f6sszeszerelve, r\u00f6gz\u00edt\u0151 konzollal a villamos hajt\u00e1sok biztons\u00e1gos vez\u00e9rl\u00e9s\u00e9hez.<\/p>","protected":false},"featured_media":15542,"comment_status":"open","ping_status":"closed","template":"","meta":{"_acf_changed":false},"product_brand":[],"product_cat":[595,1421],"product_tag":[3066,3067,3068,3069,3070,3071,3072,3073,3074,2854],"class_list":{"0":"post-13854","1":"product","2":"type-product","3":"status-publish","4":"has-post-thumbnail","6":"product_cat-ruehrwerkstechnik","7":"product_cat-zubehoer-ruehrwerkstechnik","8":"product_tag-motorschutzschalter-integriert","9":"product_tag-ptm-frequenzumrichter","10":"product_tag-antriebsregelung-elektrisch","11":"product_tag-not-aus-frequenzumrichter","12":"product_tag-frequenzumrichter-display","13":"product_tag-ruehrwerksantrieb-steuern","14":"product_tag-frequenzumrichter-3m-kabel","15":"product_tag-uvv-konform","16":"product_tag-frequenzumrichter-vormontiert","17":"product_tag-frequenzumrichter-ruehrwerk","18":"product_shipping_class-karton-paketversand","19":"pa_montage-motorwinkel","21":"first","22":"instock","23":"taxable","24":"shipping-taxable","25":"purchasable","26":"product-type-variable"},"bundled_by":[],"bundle_stock_status":"instock","bundle_stock_quantity":null,"bundle_virtual":false,"bundle_layout":"","bundle_add_to_cart_form_location":"","bundle_editable_in_cart":false,"bundle_sold_individually_context":"","bundle_item_grouping":"","bundle_min_size":"","bundle_max_size":"","bundle_price":[],"bundled_items":[],"bundle_sell_ids":[],"exclude_global_add_ons":[],"addons":[],"acf":[],"_links":{"self":[{"href":"https:\/\/ptm-mechatronics.com\/hu\/wp-json\/wp\/v2\/product\/13854","targetHints":{"allow":["GET"]}}],"collection":[{"href":"https:\/\/ptm-mechatronics.com\/hu\/wp-json\/wp\/v2\/product"}],"about":[{"href":"https:\/\/ptm-mechatronics.com\/hu\/wp-json\/wp\/v2\/types\/product"}],"replies":[{"embeddable":true,"href":"https:\/\/ptm-mechatronics.com\/hu\/wp-json\/wp\/v2\/comments?post=13854"}],"wp:featuredmedia":[{"embeddable":true,"href":"https:\/\/ptm-mechatronics.com\/hu\/wp-json\/wp\/v2\/media\/15542"}],"wp:attachment":[{"href":"https:\/\/ptm-mechatronics.com\/hu\/wp-json\/wp\/v2\/media?parent=13854"}],"wp:term":[{"taxonomy":"product_brand","embeddable":true,"href":"https:\/\/ptm-mechatronics.com\/hu\/wp-json\/wp\/v2\/product_brand?post=13854"},{"taxonomy":"product_cat","embeddable":true,"href":"https:\/\/ptm-mechatronics.com\/hu\/wp-json\/wp\/v2\/product_cat?post=13854"},{"taxonomy":"product_tag","embeddable":true,"href":"https:\/\/ptm-mechatronics.com\/hu\/wp-json\/wp\/v2\/product_tag?post=13854"}],"curies":[{"name":"wp","href":"https:\/\/api.w.org\/{rel}","templated":true}]}}