{"id":13516,"date":"2025-05-08T09:42:50","date_gmt":"2025-05-08T07:42:50","guid":{"rendered":"https:\/\/ptm-mechatronics.com\/?post_type=product&#038;p=13516"},"modified":"2025-11-07T15:54:51","modified_gmt":"2025-11-07T14:54:51","slug":"elektr-ruehrwerksantrieb-atex-mit-gewindenabe-m16","status":"publish","type":"product","link":"https:\/\/ptm-mechatronics.com\/hu\/product\/elektr-ruehrwerksantrieb-atex-mit-gewindenabe-m16\/","title":{"rendered":"Elektromos kever\u0151hajt\u00e1s ATEX M16-os menetes tengelycsonkkal"},"content":{"rendered":"<p data-start=\"124\" data-end=\"216\"><span class=\"_fadeIn_pfttw_8\">Elektromos <\/span><span class=\"_fadeIn_pfttw_8\">Kever\u0151 meghajt\u00e1sok - <\/span><span class=\"_fadeIn_pfttw_8\">ATEX-<\/span><span class=\"_fadeIn_pfttw_8\">hiteles\u00edtett, <\/span><span class=\"_fadeIn_pfttw_8\">Er\u0151teljes <\/span><span class=\"_fadeIn_pfttw_8\">\u00e9s <\/span><span class=\"_fadeIn_pfttw_8\">Rugalmas <\/span><span class=\"_fadeIn_pfttw_8\">szab\u00e1lyozhat\u00f3<\/span><\/p>\n<p data-start=\"218\" data-end=\"588\"><span class=\"_fadeIn_pfttw_8\">A <\/span><span class=\"_fadeIn_pfttw_8\">elektromos <\/span><span class=\"_fadeIn_pfttw_8\">Kever\u0151 meghajt\u00e1sok<\/span> <span class=\"_fadeIn_pfttw_8\">a <\/span><span class=\"_fadeIn_pfttw_8\">a <\/span><span class=\"_fadeIn_pfttw_8\">ide\u00e1lis <\/span><span class=\"_fadeIn_pfttw_8\">Megold\u00e1s <\/span><span class=\"_fadeIn_pfttw_8\">a  oldalon. <\/span><span class=\"_fadeIn_pfttw_8\">ig\u00e9nyes <\/span><span class=\"_fadeIn_pfttw_8\">ipari <\/span><span class=\"_fadeIn_pfttw_8\">Kever\u00e9si folyamatok<\/span><span class=\"_fadeIn_pfttw_8\">, <\/span><span class=\"_fadeIn_pfttw_8\">a  c\u00edmen <\/span><span class=\"_fadeIn_pfttw_8\">azok <\/span><span class=\"_fadeIn_pfttw_8\">mindkett\u0151 <\/span><span class=\"_fadeIn_pfttw_8\">Nagy teljes\u00edtm\u00e9ny<\/span> <span class=\"_fadeIn_pfttw_8\">mint <\/span><span class=\"_fadeIn_pfttw_8\">is <\/span><span class=\"_fadeIn_pfttw_8\">megb\u00edzhat\u00f3s\u00e1g <\/span><span class=\"_fadeIn_pfttw_8\">\u00e9s <\/span><span class=\"_fadeIn_pfttw_8\">Biztons\u00e1g<\/span> <span class=\"_fadeIn_pfttw_8\">k\u00e9rdezte <\/span><span class=\"_fadeIn_pfttw_8\">vannak. <\/span><span class=\"_fadeIn_pfttw_8\">Gy\u00e1rtott <\/span><span class=\"_fadeIn_pfttw_8\">a  oldalon. <\/span><span class=\"_fadeIn_pfttw_8\">a <\/span><span class=\"_fadeIn_pfttw_8\">Folyamatos m\u0171k\u00f6d\u00e9s<\/span> <span class=\"_fadeIn_pfttw_8\">a  c\u00edmen <\/span><span class=\"_fadeIn_pfttw_8\">kem\u00e9ny <\/span><span class=\"_fadeIn_pfttw_8\">Felt\u00e9telek, <\/span><span class=\"_fadeIn_pfttw_8\">rajzoljon <\/span><span class=\"_fadeIn_pfttw_8\">\u0151ket <\/span><span class=\"_fadeIn_pfttw_8\">maga <\/span><span class=\"_fadeIn_pfttw_8\">a  oldalon kereszt\u00fcl <\/span><span class=\"_fadeIn_pfttw_8\">a <\/span><span class=\"_fadeIn_pfttw_8\">Robusztuss\u00e1g<\/span><span class=\"_fadeIn_pfttw_8\">, <\/span><span class=\"_fadeIn_pfttw_8\">Hossz\u00fa \u00e9lettartam<\/span> <span class=\"_fadeIn_pfttw_8\">\u00e9s <\/span><span class=\"_fadeIn_pfttw_8\">rugalmas <\/span><span class=\"_fadeIn_pfttw_8\">Alkalmazhat\u00f3s\u00e1g<\/span> <span class=\"_fadeIn_pfttw_8\">a.<\/span><\/p>\n<p data-start=\"590\" data-end=\"1011\"><span class=\"_fadeIn_pfttw_8\">K\u00fcl\u00f6n\u00f6sen a <\/span><span class=\"_fadeIn_pfttw_8\">hangs\u00falyozni kell: <\/span><span class=\"_fadeIn_pfttw_8\">Ezek a <\/span><span class=\"_fadeIn_pfttw_8\">Hajt\u00e1sok <\/span><span class=\"_fadeIn_pfttw_8\">a <\/span><span class=\"_fadeIn_pfttw_8\">ATEX-<\/span><span class=\"_fadeIn_pfttw_8\">hiteles\u00edtett <\/span><span class=\"_fadeIn_pfttw_8\">a  oldalon. <\/span><span class=\"_fadeIn_pfttw_8\">Z\u00f3na <\/span><span class=\"_fadeIn_pfttw_8\">0\/<\/span><span class=\"_fadeIn_pfttw_8\">1<\/span> <span class=\"_fadeIn_pfttw_8\">\u00e9s <\/span><span class=\"_fadeIn_pfttw_8\">hogy <\/span><span class=\"_fadeIn_pfttw_8\">is <\/span><span class=\"_fadeIn_pfttw_8\">a  oldalon. <\/span><span class=\"_fadeIn_pfttw_8\">a <\/span><span class=\"_fadeIn_pfttw_8\">Haszn\u00e1lja a  c\u00edmet. <\/span><span class=\"_fadeIn_pfttw_8\">a  oldalon. <\/span><span class=\"_fadeIn_pfttw_8\">robban\u00e1svesz\u00e9lyes l\u00e9gk\u00f6r\u00f6k <\/span><span class=\"_fadeIn_pfttw_8\">Ter\u00fcletek<\/span> <span class=\"_fadeIn_pfttw_8\">alkalmas - <\/span><span class=\"_fadeIn_pfttw_8\">a  honlapr\u00f3l <\/span><span class=\"_fadeIn_pfttw_8\">a  oldalon. <\/span><span class=\"_fadeIn_pfttw_8\">a <\/span><span class=\"_fadeIn_pfttw_8\">K\u00e9mia, <\/span><span class=\"_fadeIn_pfttw_8\">Gy\u00f3gyszeripari <\/span><span class=\"_fadeIn_pfttw_8\">vagy <\/span><span class=\"_fadeIn_pfttw_8\">\u00c9lelmiszeripar<\/span><span class=\"_fadeIn_pfttw_8\">. <\/span><span class=\"_fadeIn_pfttw_8\">A  oldalon. <\/span><span class=\"_fadeIn_pfttw_8\">Kombin\u00e1ci\u00f3 <\/span><span class=\"_fadeIn_pfttw_8\">a  c\u00edmen <\/span><span class=\"_fadeIn_pfttw_8\">egy <\/span><span class=\"_fadeIn_pfttw_8\">k\u00fcl\u00f6n <\/span><span class=\"_fadeIn_pfttw_8\">el\u00e9rhet\u0151 <\/span><span class=\"_fadeIn_pfttw_8\">Frekvenciav\u00e1lt\u00f3<\/span> <span class=\"_fadeIn_pfttw_8\">hagyja <\/span><span class=\"_fadeIn_pfttw_8\">maga <\/span><span class=\"_fadeIn_pfttw_8\">a <\/span><span class=\"_fadeIn_pfttw_8\">Hajt\u00e1sok <\/span><span class=\"_fadeIn_pfttw_8\">prec\u00edz <\/span><span class=\"_fadeIn_pfttw_8\">szab\u00e1lyozni, <\/span><span class=\"_fadeIn_pfttw_8\">limit <\/span><span class=\"_fadeIn_pfttw_8\">\u00e9s <\/span><span class=\"_fadeIn_pfttw_8\">Olvassa ki<\/span><span class=\"_fadeIn_pfttw_8\">, <\/span><span class=\"_fadeIn_pfttw_8\">n\u00e9lk\u00fcl <\/span><span class=\"_fadeIn_pfttw_8\">hogy <\/span><span class=\"_fadeIn_pfttw_8\">a <\/span><span class=\"_fadeIn_pfttw_8\">Frekvenciav\u00e1lt\u00f3 <\/span><span class=\"_fadeIn_pfttw_8\">a <\/span><span class=\"_fadeIn_pfttw_8\">Motor <\/span><span class=\"_fadeIn_pfttw_8\">integr\u00e1lt <\/span><span class=\"_fadeIn_pfttw_8\">legyen <\/span><span class=\"_fadeIn_pfttw_8\">kell.<\/span><\/p>\n<p data-start=\"1013\" data-end=\"1044\"><span class=\"_fadeIn_pfttw_8\">El\u0151ny\u00f6k <\/span><span class=\"_fadeIn_pfttw_8\">a  oldalon <\/span><span class=\"_fadeIn_pfttw_8\">egy <\/span><span class=\"_fadeIn_pfttw_8\">N\u00e9zet:<\/span><\/p>\n<ul>\n<li data-start=\"1047\" data-end=\"1079\"><span class=\"_fadeIn_pfttw_8\">ATEX-<\/span><span class=\"_fadeIn_pfttw_8\">hiteles\u00edtett <\/span><span class=\"_fadeIn_pfttw_8\">a  oldalon. <\/span><span class=\"_fadeIn_pfttw_8\">Z\u00f3na <\/span><span class=\"_fadeIn_pfttw_8\">0\/<\/span><span class=\"_fadeIn_pfttw_8\">1<\/span><\/li>\n<li data-start=\"1047\" data-end=\"1079\"><span class=\"_fadeIn_pfttw_8\">Er\u0151sebb, <\/span><span class=\"_fadeIn_pfttw_8\">elektromos <\/span><span class=\"_fadeIn_pfttw_8\">Kever\u0151 meghajt\u00e1s<\/span><\/li>\n<li data-start=\"1047\" data-end=\"1079\"><span class=\"_fadeIn_pfttw_8\">K\u00fcl\u00f6n\u00f6sen a <\/span><span class=\"_fadeIn_pfttw_8\">Tart\u00f3s <\/span><span class=\"_fadeIn_pfttw_8\">\u00e9s <\/span><span class=\"_fadeIn_pfttw_8\">Alacsony karbantart\u00e1si ig\u00e9ny<\/span><\/li>\n<li data-start=\"1047\" data-end=\"1079\"><span class=\"_fadeIn_pfttw_8\">K<\/span><span class=\"_fadeIn_pfttw_8\">ompatibilis <\/span><span class=\"_fadeIn_pfttw_8\">a  c\u00edmen <\/span><span class=\"_fadeIn_pfttw_8\">k\u00fcls\u0151 <\/span><span class=\"_fadeIn_pfttw_8\">Frekvenciav\u00e1lt\u00f3<\/span><\/li>\n<li data-start=\"1047\" data-end=\"1079\"><span class=\"_fadeIn_pfttw_8\">Egyszer\u0171 <\/span><span class=\"_fadeIn_pfttw_8\">Szab\u00e1lyoz\u00e1s <\/span><span class=\"_fadeIn_pfttw_8\">\u00e9s <\/span><span class=\"_fadeIn_pfttw_8\">Vez\u00e9rl\u0151rendszer <\/span><span class=\"_fadeIn_pfttw_8\">lehets\u00e9ges<\/span><\/li>\n<li data-start=\"1047\" data-end=\"1079\"><span class=\"_fadeIn_pfttw_8\">Robusztus <\/span><span class=\"_fadeIn_pfttw_8\">V\u00e9grehajt\u00e1s <\/span><span class=\"_fadeIn_pfttw_8\">a  oldalon. <\/span><span class=\"_fadeIn_pfttw_8\">Folyamatos m\u0171k\u00f6d\u00e9s<\/span><\/li>\n<li data-start=\"1047\" data-end=\"1079\"><span class=\"_fadeIn_pfttw_8\">Rugalmas <\/span><span class=\"_fadeIn_pfttw_8\">alkalmazand\u00f3 <\/span><span class=\"_fadeIn_pfttw_8\">a  oldalon. <\/span><span class=\"_fadeIn_pfttw_8\">robban\u00e1svesz\u00e9lyes l\u00e9gk\u00f6r\u00f6k <\/span><span class=\"_fadeIn_pfttw_8\">K\u00f6rny\u00e9k<\/span><\/li>\n<\/ul>","protected":false},"excerpt":{"rendered":"<p><span class=\"_fadeIn_pfttw_8\">L<\/span><span class=\"_fadeIn_pfttw_8\">anglebige, <\/span><span class=\"_fadeIn_pfttw_8\">elektromos <\/span><span class=\"_fadeIn_pfttw_8\">Kever\u0151 meghajt\u00e1sok <\/span><span class=\"_fadeIn_pfttw_8\">magas <\/span><span class=\"_fadeIn_pfttw_8\">Teljes\u00edt\u0151k\u00e9pess\u00e9g <\/span><span class=\"_fadeIn_pfttw_8\">\u00e9s <\/span><span class=\"_fadeIn_pfttw_8\">Robusztuss\u00e1g, ATEX 0\/1 z\u00f3n\u00e1ra tan\u00fas\u00edtva, <\/span><span class=\"_fadeIn_pfttw_8\">k\u00fcls\u0151 <\/span><span class=\"_fadeIn_pfttw_8\">Frekvenciav\u00e1lt\u00f3 <\/span><span class=\"_fadeIn_pfttw_8\">egyszer\u0171 <\/span><span class=\"_fadeIn_pfttw_8\">szab\u00e1ly-, <\/span><span class=\"_fadeIn_pfttw_8\">ad\u00f3 <\/span><span class=\"_fadeIn_pfttw_8\">\u00e9s <\/span><span class=\"_fadeIn_pfttw_8\">olvashat\u00f3 - <\/span><span class=\"_fadeIn_pfttw_8\">ide\u00e1lis <\/span><span class=\"_fadeIn_pfttw_8\">a  oldalon. <\/span><span class=\"_fadeIn_pfttw_8\">a <\/span><span class=\"_fadeIn_pfttw_8\">ipari <\/span><span class=\"_fadeIn_pfttw_8\">Folyamatos m\u0171k\u00f6d\u00e9s.<\/span><\/p>","protected":false},"featured_media":15536,"comment_status":"open","ping_status":"closed","template":"","meta":{"_acf_changed":false},"product_brand":[],"product_cat":[595,632],"product_tag":[2864,2865,2866,2867,2868,2869,2578,2861,2862,2863],"class_list":{"0":"post-13516","1":"product","2":"type-product","3":"status-publish","4":"has-post-thumbnail","6":"product_cat-ruehrwerkstechnik","7":"product_cat-ruehrwerksantriebe","8":"product_tag-ruehrantrieb-elektrisch-industrie","9":"product_tag-robuster-atex-motor","10":"product_tag-zone-1-ruehrantrieb","11":"product_tag-atex-ruehrwerk-elektrisch","12":"product_tag-ex-geschuetzter-antrieb-ruehrtechnik","13":"product_tag-atex-ruehrwerksantrieb-zone-0-1","14":"product_tag-explosionsgeschuetzter-ruehrantrieb","15":"product_tag-elektrischer-ruehrmotor-atex","16":"product_tag-ruehrwerksantrieb-mit-atex-zulassung","17":"product_tag-frequenzumrichter-optional","18":"product_shipping_class-karton-paketversand","19":"pa_antriebsart-elektrisch","20":"pa_atex-zone-0-1","21":"pa_atex-motor-ex-ii-2d-ex-h-iiic-t120c","22":"pa_atex-zonentrennung-ex-ii-1-2-g-ex-h-iic-t5-ga-gb","23":"pa_model-e-drive","24":"pa_motor-spannung-230-400v","25":"pa_nabe-gewinde-m16","26":"pa_schaltart-dreieck-stern","28":"first","29":"instock","30":"taxable","31":"shipping-taxable","32":"purchasable","33":"product-type-variable"},"bundled_by":[],"bundle_stock_status":"instock","bundle_stock_quantity":null,"bundle_virtual":false,"bundle_layout":"","bundle_add_to_cart_form_location":"","bundle_editable_in_cart":false,"bundle_sold_individually_context":"","bundle_item_grouping":"","bundle_min_size":"","bundle_max_size":"","bundle_price":[],"bundled_items":[],"bundle_sell_ids":[],"exclude_global_add_ons":[],"addons":[],"acf":[],"_links":{"self":[{"href":"https:\/\/ptm-mechatronics.com\/hu\/wp-json\/wp\/v2\/product\/13516","targetHints":{"allow":["GET"]}}],"collection":[{"href":"https:\/\/ptm-mechatronics.com\/hu\/wp-json\/wp\/v2\/product"}],"about":[{"href":"https:\/\/ptm-mechatronics.com\/hu\/wp-json\/wp\/v2\/types\/product"}],"replies":[{"embeddable":true,"href":"https:\/\/ptm-mechatronics.com\/hu\/wp-json\/wp\/v2\/comments?post=13516"}],"wp:featuredmedia":[{"embeddable":true,"href":"https:\/\/ptm-mechatronics.com\/hu\/wp-json\/wp\/v2\/media\/15536"}],"wp:attachment":[{"href":"https:\/\/ptm-mechatronics.com\/hu\/wp-json\/wp\/v2\/media?parent=13516"}],"wp:term":[{"taxonomy":"product_brand","embeddable":true,"href":"https:\/\/ptm-mechatronics.com\/hu\/wp-json\/wp\/v2\/product_brand?post=13516"},{"taxonomy":"product_cat","embeddable":true,"href":"https:\/\/ptm-mechatronics.com\/hu\/wp-json\/wp\/v2\/product_cat?post=13516"},{"taxonomy":"product_tag","embeddable":true,"href":"https:\/\/ptm-mechatronics.com\/hu\/wp-json\/wp\/v2\/product_tag?post=13516"}],"curies":[{"name":"wp","href":"https:\/\/api.w.org\/{rel}","templated":true}]}}