{"id":13500,"date":"2025-05-06T12:17:56","date_gmt":"2025-05-06T10:17:56","guid":{"rendered":"https:\/\/ptm-mechatronics.com\/?post_type=product&#038;p=13500"},"modified":"2025-11-07T15:54:50","modified_gmt":"2025-11-07T14:54:50","slug":"elektr-ruehrwerksantrieb-mit-schnellwechselsystem","status":"publish","type":"product","link":"https:\/\/ptm-mechatronics.com\/hu\/product\/elektr-ruehrwerksantrieb-mit-schnellwechselsystem\/","title":{"rendered":"Elektromos kever\u0151hajt\u00e1s gyorsv\u00e1lt\u00f3 rendszerrel"},"content":{"rendered":"<p data-start=\"207\" data-end=\"291\"><span class=\"_fadeIn_pfttw_8\">Elektromos <\/span><span class=\"_fadeIn_pfttw_8\">Kever\u0151 meghajt\u00e1sok - <\/span><span class=\"_fadeIn_pfttw_8\">er\u0151s, <\/span><span class=\"_fadeIn_pfttw_8\">Tart\u00f3s <\/span><span class=\"_fadeIn_pfttw_8\">\u00e9s <\/span><span class=\"_fadeIn_pfttw_8\">Rugalmas <\/span><span class=\"_fadeIn_pfttw_8\">szab\u00e1lyozhat\u00f3<\/span><\/p>\n<p data-start=\"293\" data-end=\"625\"><span class=\"_fadeIn_pfttw_8\">A <\/span><span class=\"_fadeIn_pfttw_8\">elektromos <\/span><span class=\"_fadeIn_pfttw_8\">Kever\u0151 meghajt\u00e1sok<\/span> <span class=\"_fadeIn_pfttw_8\">meggy\u0151zni <\/span><span class=\"_fadeIn_pfttw_8\">a  oldalon kereszt\u00fcl <\/span><span class=\"_fadeIn_pfttw_8\">magas <\/span><span class=\"_fadeIn_pfttw_8\">Teljes\u00edtm\u00e9ny<\/span><span class=\"_fadeIn_pfttw_8\">, <\/span><span class=\"_fadeIn_pfttw_8\">Robusztuss\u00e1g<\/span> <span class=\"_fadeIn_pfttw_8\">\u00e9s <\/span><span class=\"_fadeIn_pfttw_8\">egy <\/span><span class=\"_fadeIn_pfttw_8\">hossz\u00fa <\/span><span class=\"_fadeIn_pfttw_8\">\u00c9lettartam<\/span><span class=\"_fadeIn_pfttw_8\">, <\/span><span class=\"_fadeIn_pfttw_8\">mi <\/span><span class=\"_fadeIn_pfttw_8\">\u0151ket <\/span><span class=\"_fadeIn_pfttw_8\">ide\u00e1lis <\/span><span class=\"_fadeIn_pfttw_8\">a  oldalon. <\/span><span class=\"_fadeIn_pfttw_8\">a <\/span><span class=\"_fadeIn_pfttw_8\">ipari <\/span><span class=\"_fadeIn_pfttw_8\">Folyamatos m\u0171k\u00f6d\u00e9s<\/span> <span class=\"_fadeIn_pfttw_8\">teszi - <\/span><span class=\"_fadeIn_pfttw_8\">is <\/span><span class=\"_fadeIn_pfttw_8\">a  c\u00edmen <\/span><span class=\"_fadeIn_pfttw_8\">ig\u00e9nyes <\/span><span class=\"_fadeIn_pfttw_8\">Felt\u00e9telek. <\/span><span class=\"_fadeIn_pfttw_8\">Te <\/span><span class=\"_fadeIn_pfttw_8\">a <\/span><span class=\"_fadeIn_pfttw_8\">Sokoldal\u00fa <\/span><span class=\"_fadeIn_pfttw_8\">alkalmazand\u00f3 <\/span><span class=\"_fadeIn_pfttw_8\">a  oldalon. <\/span><span class=\"_fadeIn_pfttw_8\">Ter\u00fcletek <\/span><span class=\"_fadeIn_pfttw_8\">mint a <\/span><span class=\"_fadeIn_pfttw_8\">K\u00e9mia, <\/span><span class=\"_fadeIn_pfttw_8\">Gy\u00f3gyszerek, <\/span><span class=\"_fadeIn_pfttw_8\">\u00c9lelmiszer <\/span><span class=\"_fadeIn_pfttw_8\">\u00e9s <\/span><span class=\"_fadeIn_pfttw_8\">Folyamattechnika<\/span><span class=\"_fadeIn_pfttw_8\">.<\/span><\/p>\n<p data-start=\"627\" data-end=\"909\"><span class=\"_fadeIn_pfttw_8\">A  oldalon. <\/span><span class=\"_fadeIn_pfttw_8\">Kombin\u00e1ci\u00f3 <\/span><span class=\"_fadeIn_pfttw_8\">a  c\u00edmen <\/span><span class=\"_fadeIn_pfttw_8\">egy <\/span><span class=\"_fadeIn_pfttw_8\">k\u00fcl\u00f6n <\/span><span class=\"_fadeIn_pfttw_8\">el\u00e9rhet\u0151 <\/span><span class=\"_fadeIn_pfttw_8\">Frekvenciav\u00e1lt\u00f3<\/span> <span class=\"_fadeIn_pfttw_8\">hagyja <\/span><span class=\"_fadeIn_pfttw_8\">maga <\/span><span class=\"_fadeIn_pfttw_8\">a <\/span><span class=\"_fadeIn_pfttw_8\">Hajt\u00e1sok <\/span><span class=\"_fadeIn_pfttw_8\">prec\u00edz <\/span><span class=\"_fadeIn_pfttw_8\">szab\u00e1lyozni, <\/span><span class=\"_fadeIn_pfttw_8\">limit <\/span><span class=\"_fadeIn_pfttw_8\">\u00e9s <\/span><span class=\"_fadeIn_pfttw_8\">Olvassa ki<\/span><span class=\"_fadeIn_pfttw_8\">. <\/span><span class=\"_fadeIn_pfttw_8\">Teh\u00e1t <\/span><span class=\"_fadeIn_pfttw_8\">lehet <\/span><span class=\"_fadeIn_pfttw_8\">Sebess\u00e9g <\/span><span class=\"_fadeIn_pfttw_8\">\u00e9s <\/span><span class=\"_fadeIn_pfttw_8\">Teljes\u00edtm\u00e9ny <\/span><span class=\"_fadeIn_pfttw_8\">egy\u00e9ni <\/span><span class=\"_fadeIn_pfttw_8\">a  oldalon <\/span><span class=\"_fadeIn_pfttw_8\">a <\/span><span class=\"_fadeIn_pfttw_8\">megfelel\u0151 <\/span><span class=\"_fadeIn_pfttw_8\">Folyamat <\/span><span class=\"_fadeIn_pfttw_8\">szem\u00e9lyre szabott <\/span><span class=\"_fadeIn_pfttw_8\">lesz - <\/span><span class=\"_fadeIn_pfttw_8\">eg\u00e9sz <\/span><span class=\"_fadeIn_pfttw_8\">n\u00e9lk\u00fcl <\/span><span class=\"_fadeIn_pfttw_8\">kidolgozott <\/span><span class=\"_fadeIn_pfttw_8\">Technol\u00f3giai integr\u00e1ci\u00f3 <\/span><span class=\"_fadeIn_pfttw_8\">a <\/span><span class=\"_fadeIn_pfttw_8\">Motor <\/span><span class=\"_fadeIn_pfttw_8\">maga.<\/span><\/p>\n<p data-start=\"627\" data-end=\"909\">Az integr\u00e1lt <a href=\"https:\/\/youtu.be\/TjagGW4DoyA?si=lXRZJ308ABPXrtLk\" target=\"_blank\" rel=\"noopener\">eco-Quick gyorscser\u00e9l\u0151 rendszer<\/a> a kever\u0151tengelyeket m\u00e1sodpercek alatt, tov\u00e1bbi szersz\u00e1mok n\u00e9lk\u00fcl kicser\u00e9lheti.<\/p>\n<p data-start=\"911\" data-end=\"942\"><span class=\"_fadeIn_pfttw_8\">El\u0151ny\u00f6k <\/span><span class=\"_fadeIn_pfttw_8\">a  oldalon <\/span><span class=\"_fadeIn_pfttw_8\">egy <\/span><span class=\"_fadeIn_pfttw_8\">N\u00e9zet:<\/span><\/p>\n<ul>\n<li data-start=\"945\" data-end=\"994\"><span class=\"_fadeIn_pfttw_8\">Er\u0151sebb, <\/span><span class=\"_fadeIn_pfttw_8\">elektromos <\/span><span class=\"_fadeIn_pfttw_8\">Kever\u0151 meghajt\u00e1s<\/span><\/li>\n<li data-start=\"945\" data-end=\"994\"><span class=\"_fadeIn_pfttw_8\">K\u00fcl\u00f6n\u00f6sen a <\/span><span class=\"_fadeIn_pfttw_8\">Tart\u00f3s <\/span><span class=\"_fadeIn_pfttw_8\">\u00e9s <\/span><span class=\"_fadeIn_pfttw_8\">robusztus<\/span><\/li>\n<li data-start=\"945\" data-end=\"994\"><span class=\"_fadeIn_pfttw_8\">Ide\u00e1lis <\/span><span class=\"_fadeIn_pfttw_8\">a  oldalon. <\/span><span class=\"_fadeIn_pfttw_8\">a <\/span><span class=\"_fadeIn_pfttw_8\">Folyamatos m\u0171k\u00f6d\u00e9s<\/span><\/li>\n<li data-start=\"945\" data-end=\"994\"><span class=\"_fadeIn_pfttw_8\">Kompatibilis <\/span><span class=\"_fadeIn_pfttw_8\">a  c\u00edmen <\/span><span class=\"_fadeIn_pfttw_8\">k\u00fcls\u0151 <\/span><span class=\"_fadeIn_pfttw_8\">Frekvenciav\u00e1lt\u00f3k<\/span><\/li>\n<li data-start=\"945\" data-end=\"994\"><span class=\"_fadeIn_pfttw_8\">Egyszer\u0171 <\/span><span class=\"_fadeIn_pfttw_8\">Szab\u00e1lyoz\u00e1s <\/span><span class=\"_fadeIn_pfttw_8\">\u00e9s <\/span><span class=\"_fadeIn_pfttw_8\">Vez\u00e9rl\u00e9s (<\/span><span class=\"_fadeIn_pfttw_8\">opcion\u00e1lis)<\/span><\/li>\n<li data-start=\"945\" data-end=\"994\"><span class=\"_fadeIn_pfttw_8\">Rugalmas <\/span><span class=\"_fadeIn_pfttw_8\">alkalmazand\u00f3 <\/span><span class=\"_fadeIn_pfttw_8\">a  oldalon. <\/span><span class=\"_fadeIn_pfttw_8\">Ipari k\u00f6rnyezetek<\/span><\/li>\n<li data-start=\"945\" data-end=\"994\">Gyorscser\u00e9l\u0151 rendszer az eco-Quick kever\u0151tengelyekhez<\/li>\n<\/ul>","protected":false},"excerpt":{"rendered":"<p><span class=\"_fadeIn_pfttw_8\">L<\/span><span class=\"_fadeIn_pfttw_8\">anglebige, <\/span><span class=\"_fadeIn_pfttw_8\">elektromos <\/span><span class=\"_fadeIn_pfttw_8\">Kever\u0151 meghajt\u00e1sok <\/span><span class=\"_fadeIn_pfttw_8\">magas <\/span><span class=\"_fadeIn_pfttw_8\">Teljes\u00edt\u0151k\u00e9pess\u00e9g <\/span><span class=\"_fadeIn_pfttw_8\">\u00e9s <\/span><span class=\"_fadeIn_pfttw_8\">Robusztuss\u00e1g, <\/span><span class=\"_fadeIn_pfttw_8\">k\u00fcls\u0151 <\/span><span class=\"_fadeIn_pfttw_8\">Frekvenciav\u00e1lt\u00f3 <\/span><span class=\"_fadeIn_pfttw_8\">egyszer\u0171 <\/span><span class=\"_fadeIn_pfttw_8\">szab\u00e1ly-, <\/span><span class=\"_fadeIn_pfttw_8\">ad\u00f3 <\/span><span class=\"_fadeIn_pfttw_8\">\u00e9s <\/span><span class=\"_fadeIn_pfttw_8\">olvashat\u00f3 - <\/span><span class=\"_fadeIn_pfttw_8\">ide\u00e1lis <\/span><span class=\"_fadeIn_pfttw_8\">a  oldalon. <\/span><span class=\"_fadeIn_pfttw_8\">a <\/span><span class=\"_fadeIn_pfttw_8\">ipari <\/span><span class=\"_fadeIn_pfttw_8\">Folyamatos m\u0171k\u00f6d\u00e9s.<\/span><\/p>","protected":false},"featured_media":15419,"comment_status":"open","ping_status":"closed","template":"","meta":{"_acf_changed":false},"product_brand":[],"product_cat":[595,632],"product_tag":[2856,2857,2858,2859,2860,2624,2852,2853,2854,2855],"class_list":{"0":"post-13500","1":"product","2":"type-product","3":"status-publish","4":"has-post-thumbnail","6":"product_cat-ruehrwerkstechnik","7":"product_cat-ruehrwerksantriebe","8":"product_tag-robuster-ruehrmotor","9":"product_tag-langlebiger-ruehrmotor","10":"product_tag-antriebstechnik-ruehrwerk","11":"product_tag-ruehrantrieb-steuern","12":"product_tag-elektrischer-antrieb-industrie","13":"product_tag-industrieller-ruehrwerksantrieb","14":"product_tag-elektrischer-ruehrwerksantrieb","15":"product_tag-ruehrwerksmotor-elektrisch","16":"product_tag-frequenzumrichter-ruehrwerk","17":"product_tag-regelbarer-ruehrantrieb","18":"product_shipping_class-karton-paketversand","19":"pa_antriebsart-elektrisch","20":"pa_model-e-drive","21":"pa_motor-spannung-230-400v","22":"pa_nabe-schnellwechselsystem","23":"pa_schaltart-dreieck-stern","25":"first","26":"instock","27":"taxable","28":"shipping-taxable","29":"purchasable","30":"product-type-variable"},"bundled_by":[],"bundle_stock_status":"instock","bundle_stock_quantity":null,"bundle_virtual":false,"bundle_layout":"","bundle_add_to_cart_form_location":"","bundle_editable_in_cart":false,"bundle_sold_individually_context":"","bundle_item_grouping":"","bundle_min_size":"","bundle_max_size":"","bundle_price":[],"bundled_items":[],"bundle_sell_ids":[],"exclude_global_add_ons":[],"addons":[],"acf":[],"_links":{"self":[{"href":"https:\/\/ptm-mechatronics.com\/hu\/wp-json\/wp\/v2\/product\/13500","targetHints":{"allow":["GET"]}}],"collection":[{"href":"https:\/\/ptm-mechatronics.com\/hu\/wp-json\/wp\/v2\/product"}],"about":[{"href":"https:\/\/ptm-mechatronics.com\/hu\/wp-json\/wp\/v2\/types\/product"}],"replies":[{"embeddable":true,"href":"https:\/\/ptm-mechatronics.com\/hu\/wp-json\/wp\/v2\/comments?post=13500"}],"wp:featuredmedia":[{"embeddable":true,"href":"https:\/\/ptm-mechatronics.com\/hu\/wp-json\/wp\/v2\/media\/15419"}],"wp:attachment":[{"href":"https:\/\/ptm-mechatronics.com\/hu\/wp-json\/wp\/v2\/media?parent=13500"}],"wp:term":[{"taxonomy":"product_brand","embeddable":true,"href":"https:\/\/ptm-mechatronics.com\/hu\/wp-json\/wp\/v2\/product_brand?post=13500"},{"taxonomy":"product_cat","embeddable":true,"href":"https:\/\/ptm-mechatronics.com\/hu\/wp-json\/wp\/v2\/product_cat?post=13500"},{"taxonomy":"product_tag","embeddable":true,"href":"https:\/\/ptm-mechatronics.com\/hu\/wp-json\/wp\/v2\/product_tag?post=13500"}],"curies":[{"name":"wp","href":"https:\/\/api.w.org\/{rel}","templated":true}]}}