{"id":13432,"date":"2025-04-07T09:42:20","date_gmt":"2025-04-07T07:42:20","guid":{"rendered":"https:\/\/ptm-mechatronics.com\/?post_type=product&#038;p=13432"},"modified":"2025-11-07T15:54:40","modified_gmt":"2025-11-07T14:54:40","slug":"wellendichtring-ptfe-schwarz","status":"publish","type":"product","link":"https:\/\/ptm-mechatronics.com\/hu\/product\/wellendichtring-ptfe-schwarz\/","title":{"rendered":"tengelyt\u00f6m\u00edt\u00e9s PTFE fekete"},"content":{"rendered":"<p class=\"\" data-start=\"184\" data-end=\"311\">PTFE\/EPDM olajt\u00f6m\u00edt\u00e9s fekete sz\u00ednben PTM l\u00e9gmotorokhoz - sokoldal\u00fa, nagy teljes\u00edtm\u00e9ny\u0171 t\u00f6m\u00edt\u00e9s ipari alkalmaz\u00e1sokhoz<\/p>\n<p class=\"\" data-start=\"313\" data-end=\"784\">A fekete PTFE\/EPDM olajt\u00f6m\u00edt\u00e9s a vegyi ellen\u00e1ll\u00e1s, a h\u0151\u00e1ll\u00f3s\u00e1g \u00e9s a mechanikai rugalmass\u00e1g kiv\u00e1l\u00f3 kombin\u00e1ci\u00f3j\u00e1t k\u00edn\u00e1lja. A PTFE (politetrafluoretil\u00e9n) \u00e9s az EPDM (etil\u00e9n-propil\u00e9n-di\u00e9n gumi) kombin\u00e1ci\u00f3ja alacsony s\u00farl\u00f3d\u00e1s\u00fa, hossz\u00fa \u00e9lettartam\u00fa t\u00f6m\u00edt\u00e9st biztos\u00edt m\u00e9g ig\u00e9nyes \u00fczemi k\u00f6r\u00fclm\u00e9nyek k\u00f6z\u00f6tt is.<\/p>\n<p class=\"\" data-start=\"786\" data-end=\"1104\">Az olajokkal, vegyi anyagokkal, g\u0151z\u00f6kkel \u00e9s tiszt\u00edt\u00f3szerekkel szembeni nagyfok\u00fa ellen\u00e1ll\u00f3k\u00e9pess\u00e9g\u00e9nek k\u00f6sz\u00f6nhet\u0151en ez a tengelyt\u00f6m\u00edt\u00e9s ide\u00e1lis az \u00e9lelmiszer-, vegyipari, gy\u00f3gyszeripari \u00e9s feldolgoz\u00f3ipari felhaszn\u00e1l\u00e1sra. T\u00f6k\u00e9letes a megel\u0151z\u0151 karbantart\u00e1shoz vagy p\u00f3talkatr\u00e9szk\u00e9nt a probl\u00e9mamentes m\u0171k\u00f6d\u00e9s biztos\u00edt\u00e1s\u00e1hoz.<\/p>\n<p class=\"\" data-start=\"1106\" data-end=\"1137\">El\u0151ny\u00f6k egy pillant\u00e1sra:<\/p>\n<ul>\n<li data-start=\"1140\" data-end=\"1187\">Alkalmas PTM l\u00e9gmotorokhoz \u00e9s hajt\u00e1sokhoz<\/li>\n<li data-start=\"1140\" data-end=\"1187\">Kiv\u00e1l\u00f3 min\u0151s\u00e9g\u0171 PTFE\/EPDM kombin\u00e1ci\u00f3<\/li>\n<li data-start=\"1140\" data-end=\"1187\">Ellen\u00e1ll a vegyi anyagoknak, v\u00edznek \u00e9s g\u0151znek<\/li>\n<li data-start=\"1140\" data-end=\"1187\">Magas h\u0151m\u00e9rs\u00e9klett\u0171r\u00e9s<\/li>\n<li data-start=\"1140\" data-end=\"1187\">Alacsony s\u00farl\u00f3d\u00e1s \u00e9s kop\u00e1s\u00e1ll\u00f3<\/li>\n<li data-start=\"1140\" data-end=\"1187\">Higi\u00e9niai szempontb\u00f3l ig\u00e9nyes folyamatokhoz<\/li>\n<li data-start=\"1140\" data-end=\"1187\">K\u00f6nnyen karbantarthat\u00f3 \u00e9s tart\u00f3s<\/li>\n<\/ul>","protected":false},"excerpt":{"rendered":"<p>Tart\u00f3s, alacsony s\u00farl\u00f3d\u00e1s\u00fa t\u00f6m\u00edt\u00e9s, nagy ellen\u00e1ll\u00e1ssal a vegyi anyagokkal, g\u0151zzel \u00e9s h\u0151m\u00e9rs\u00e9klettel szemben - ide\u00e1lis ipari karbantart\u00e1si \u00e9s higi\u00e9niai alkalmaz\u00e1sokhoz.<\/p>","protected":false},"featured_media":15373,"comment_status":"open","ping_status":"closed","template":"","meta":{"_acf_changed":false},"product_brand":[],"product_cat":[2745],"product_tag":[2789,2797,2798,2799,2800,2801,2802,2803,2804,2780],"class_list":{"0":"post-13432","1":"product","2":"type-product","3":"status-publish","4":"has-post-thumbnail","6":"product_cat-ersatzteile","7":"product_tag-ruehrwerksantrieb-dichtung","8":"product_tag-ptfe-epdm-wellendichtring","9":"product_tag-wellendichtung-schwarz-ptm","10":"product_tag-dichtung-druckluftmotor-ptm","11":"product_tag-industrie-wellendichtring-ptfe","12":"product_tag-epdm-dichtung-ruehrwerk","13":"product_tag-hygienedichtung-antriebstechnik","14":"product_tag-langlebige-wellendichtung","15":"product_tag-chemikalienbestaendige-dichtung","16":"product_tag-ptm-ersatzteil-kaufen","17":"product_shipping_class-karton-paketversand","19":"first","20":"instock","21":"taxable","22":"shipping-taxable","23":"purchasable","24":"product-type-variable"},"bundled_by":[],"bundle_stock_status":"instock","bundle_stock_quantity":null,"bundle_virtual":false,"bundle_layout":"","bundle_add_to_cart_form_location":"","bundle_editable_in_cart":false,"bundle_sold_individually_context":"","bundle_item_grouping":"","bundle_min_size":"","bundle_max_size":"","bundle_price":[],"bundled_items":[],"bundle_sell_ids":[],"exclude_global_add_ons":[],"addons":[],"acf":[],"_links":{"self":[{"href":"https:\/\/ptm-mechatronics.com\/hu\/wp-json\/wp\/v2\/product\/13432","targetHints":{"allow":["GET"]}}],"collection":[{"href":"https:\/\/ptm-mechatronics.com\/hu\/wp-json\/wp\/v2\/product"}],"about":[{"href":"https:\/\/ptm-mechatronics.com\/hu\/wp-json\/wp\/v2\/types\/product"}],"replies":[{"embeddable":true,"href":"https:\/\/ptm-mechatronics.com\/hu\/wp-json\/wp\/v2\/comments?post=13432"}],"wp:featuredmedia":[{"embeddable":true,"href":"https:\/\/ptm-mechatronics.com\/hu\/wp-json\/wp\/v2\/media\/15373"}],"wp:attachment":[{"href":"https:\/\/ptm-mechatronics.com\/hu\/wp-json\/wp\/v2\/media?parent=13432"}],"wp:term":[{"taxonomy":"product_brand","embeddable":true,"href":"https:\/\/ptm-mechatronics.com\/hu\/wp-json\/wp\/v2\/product_brand?post=13432"},{"taxonomy":"product_cat","embeddable":true,"href":"https:\/\/ptm-mechatronics.com\/hu\/wp-json\/wp\/v2\/product_cat?post=13432"},{"taxonomy":"product_tag","embeddable":true,"href":"https:\/\/ptm-mechatronics.com\/hu\/wp-json\/wp\/v2\/product_tag?post=13432"}],"curies":[{"name":"wp","href":"https:\/\/api.w.org\/{rel}","templated":true}]}}