{"id":13424,"date":"2025-04-04T09:51:39","date_gmt":"2025-04-04T07:51:39","guid":{"rendered":"https:\/\/ptm-mechatronics.com\/?post_type=product&#038;p=13424"},"modified":"2025-11-07T15:54:39","modified_gmt":"2025-11-07T14:54:39","slug":"wellendichtring-nbr","status":"publish","type":"product","link":"https:\/\/ptm-mechatronics.com\/hu\/product\/wellendichtring-nbr\/","title":{"rendered":"tengelyt\u00f6m\u00edt\u00e9s NBR"},"content":{"rendered":"<p class=\"\" data-start=\"208\" data-end=\"309\">NBR tengelyt\u00f6m\u00edt\u00e9s a PTM l\u00e9gmotorokhoz \u00e9s hajt\u00e1sokhoz - bev\u00e1lt t\u00f6m\u00edt\u00e9si megold\u00e1s a karbantart\u00e1shoz<\/p>\n<p class=\"\" data-start=\"311\" data-end=\"641\">Az NBR tengelyt\u00f6m\u00edt\u00e9st kifejezetten a PTM l\u00e9gmotorok \u00e9s kever\u0151hajt\u00e1sok karbantart\u00e1s\u00e1hoz \u00e9s szervizel\u00e9s\u00e9hez tervezt\u00e9k. Robusztus nitrilgumib\u00f3l (NBR) k\u00e9sz\u00fclt, megb\u00edzhat\u00f3 t\u00f6m\u00edt\u00e9st biztos\u00edt olajokkal, zs\u00edrokkal \u00e9s m\u00e1s nem agressz\u00edv k\u00f6zegekkel szemben - ide\u00e1lis a folyamatos ipari haszn\u00e1latra.<\/p>\n<p class=\"\" data-start=\"643\" data-end=\"964\">J\u00f3 kop\u00e1s\u00e1ll\u00f3s\u00e1g\u00e1nak \u00e9s kb. +100 \u00b0C-ig tart\u00f3 h\u0151m\u00e9rs\u00e9klet\u00e1ll\u00f3s\u00e1g\u00e1nak k\u00f6sz\u00f6nhet\u0151en az NBR tengelyt\u00f6m\u00edt\u00e9s ide\u00e1lis a g\u00e9p- \u00e9s berendez\u00e9sgy\u00e1rt\u00e1s szabv\u00e1nyos alkalmaz\u00e1saihoz. Seg\u00edt megel\u0151zni a sziv\u00e1rg\u00e1sokat, cs\u00f6kkenti a kop\u00e1st \u00e9s fenntarthat\u00f3an n\u00f6veli a PTM motorok \u00e9s hajt\u00e1sok \u00e9lettartam\u00e1t.<\/p>\n<p class=\"\" data-start=\"966\" data-end=\"997\">El\u0151ny\u00f6k egy pillant\u00e1sra:<\/p>\n<ul>\n<li data-start=\"1000\" data-end=\"1034\">PTM motorokhoz\/hajt\u00e1sokhoz<\/li>\n<li data-start=\"1000\" data-end=\"1034\">Robusztus NBR anyag<\/li>\n<li data-start=\"1000\" data-end=\"1034\">Olaj- \u00e9s zs\u00edr\u00e1ll\u00f3<\/li>\n<li data-start=\"1000\" data-end=\"1034\">Ide\u00e1lis szabv\u00e1nyos alkalmaz\u00e1sokhoz<\/li>\n<li data-start=\"1000\" data-end=\"1034\">Karbantart\u00e1shoz \u00e9s cser\u00e9hez<\/li>\n<li data-start=\"1000\" data-end=\"1034\">J\u00f3 kop\u00e1sv\u00e9delem<\/li>\n<\/ul>","protected":false},"excerpt":{"rendered":"<p>Megb\u00edzhat\u00f3 t\u00f6m\u00edt\u00e9s olajokkal \u00e9s zs\u00edrokkal szemben, ide\u00e1lis a szabv\u00e1nyos ipari alkalmaz\u00e1sokhoz.<\/p>","protected":false},"featured_media":15371,"comment_status":"open","ping_status":"closed","template":"","meta":{"_acf_changed":false},"product_brand":[],"product_cat":[2745],"product_tag":[2792,2793,2794,2795,2796,2787,2788,2789,2790,2791],"class_list":{"0":"post-13424","1":"product","2":"type-product","3":"status-publish","4":"has-post-thumbnail","6":"product_cat-ersatzteile","7":"product_tag-ptm-wartungsdichtung","8":"product_tag-nitrilkautschuk-dichtungsring","9":"product_tag-ptm-motor-dichtung","10":"product_tag-ruehrwerk-wellendichtring","11":"product_tag-industrie-dichtung-nbr","12":"product_tag-nbr-wellendichtring-ptm","13":"product_tag-dichtung-druckluftmotor","14":"product_tag-ruehrwerksantrieb-dichtung","15":"product_tag-ptm-ersatzteile-kaufen","16":"product_tag-wellendichtung-nbr","17":"product_shipping_class-karton-paketversand","19":"first","20":"instock","21":"taxable","22":"shipping-taxable","23":"purchasable","24":"product-type-variable"},"bundled_by":[],"bundle_stock_status":"instock","bundle_stock_quantity":null,"bundle_virtual":false,"bundle_layout":"","bundle_add_to_cart_form_location":"","bundle_editable_in_cart":false,"bundle_sold_individually_context":"","bundle_item_grouping":"","bundle_min_size":"","bundle_max_size":"","bundle_price":[],"bundled_items":[],"bundle_sell_ids":[],"exclude_global_add_ons":[],"addons":[],"acf":[],"_links":{"self":[{"href":"https:\/\/ptm-mechatronics.com\/hu\/wp-json\/wp\/v2\/product\/13424","targetHints":{"allow":["GET"]}}],"collection":[{"href":"https:\/\/ptm-mechatronics.com\/hu\/wp-json\/wp\/v2\/product"}],"about":[{"href":"https:\/\/ptm-mechatronics.com\/hu\/wp-json\/wp\/v2\/types\/product"}],"replies":[{"embeddable":true,"href":"https:\/\/ptm-mechatronics.com\/hu\/wp-json\/wp\/v2\/comments?post=13424"}],"wp:featuredmedia":[{"embeddable":true,"href":"https:\/\/ptm-mechatronics.com\/hu\/wp-json\/wp\/v2\/media\/15371"}],"wp:attachment":[{"href":"https:\/\/ptm-mechatronics.com\/hu\/wp-json\/wp\/v2\/media?parent=13424"}],"wp:term":[{"taxonomy":"product_brand","embeddable":true,"href":"https:\/\/ptm-mechatronics.com\/hu\/wp-json\/wp\/v2\/product_brand?post=13424"},{"taxonomy":"product_cat","embeddable":true,"href":"https:\/\/ptm-mechatronics.com\/hu\/wp-json\/wp\/v2\/product_cat?post=13424"},{"taxonomy":"product_tag","embeddable":true,"href":"https:\/\/ptm-mechatronics.com\/hu\/wp-json\/wp\/v2\/product_tag?post=13424"}],"curies":[{"name":"wp","href":"https:\/\/api.w.org\/{rel}","templated":true}]}}