{"id":13393,"date":"2025-04-03T09:53:46","date_gmt":"2025-04-03T07:53:46","guid":{"rendered":"https:\/\/ptm-mechatronics.com\/?post_type=product&#038;p=13393"},"modified":"2025-11-07T15:54:39","modified_gmt":"2025-11-07T14:54:39","slug":"kugellager-serviceset-fuer-ptm-druckluftmotoren-und-antriebe","status":"publish","type":"product","link":"https:\/\/ptm-mechatronics.com\/hu\/product\/kugellager-serviceset-fuer-ptm-druckluftmotoren-und-antriebe\/","title":{"rendered":"Goly\u00f3scsap\u00e1gy szervizk\u00e9szlet PTM l\u00e9gmotorokhoz \u00e9s hajt\u00e1sokhoz"},"content":{"rendered":"<p class=\"\" data-start=\"159\" data-end=\"235\">Goly\u00f3scsap\u00e1gyak a PTM l\u00e9gmotorokhoz - prec\u00edz, tart\u00f3s, nagy teljes\u00edtm\u00e9ny\u0171<\/p>\n<p class=\"\" data-start=\"237\" data-end=\"605\">A PTM l\u00e9gmotorok \u00e9s hajt\u00e1sok goly\u00f3scsap\u00e1gyai ipari k\u00f6r\u00fclm\u00e9nyek k\u00f6z\u00f6tt is zavartalan m\u0171k\u00f6d\u00e9st, hossz\u00fa \u00e9lettartamot \u00e9s maxim\u00e1lis terhelhet\u0151s\u00e9get biztos\u00edtanak. Kifejezetten a PTM kever\u0151- \u00e9s hajt\u00e1stechnika k\u00f6vetelm\u00e9nyeihez igazodnak, \u00e9s biztos\u00edtj\u00e1k a pontos forg\u00e1st \u00e9s a s\u0171r\u00edtett leveg\u0151s hajt\u00e1sok hossz\u00fa t\u00e1v\u00fa, probl\u00e9mamentes m\u0171k\u00f6d\u00e9s\u00e9t.<\/p>\n<p class=\"\" data-start=\"607\" data-end=\"881\">A kiv\u00e1l\u00f3 min\u0151s\u00e9g\u0171 anyagokb\u00f3l gy\u00e1rtott \u00e9s ig\u00e9nyes k\u00f6rnyezetben val\u00f3 haszn\u00e1latra optimaliz\u00e1lt goly\u00f3scsap\u00e1gyak d\u00f6nt\u0151en hozz\u00e1j\u00e1rulnak a meghajt\u00e1s teljes\u00edtm\u00e9ny\u00e9hez \u00e9s hat\u00e9konys\u00e1g\u00e1hoz.<\/p>\n<p class=\"\" data-start=\"883\" data-end=\"914\">El\u0151ny\u00f6k egy pillant\u00e1sra:<\/p>\n<ul>\n<li data-start=\"917\" data-end=\"945\">T\u00f6k\u00e9letesen illeszkedik a PTM meghajt\u00f3khoz<\/li>\n<li data-start=\"917\" data-end=\"945\">Nagy fut\u00e1si pontoss\u00e1g<\/li>\n<li data-start=\"917\" data-end=\"945\">Robusztus ipari min\u0151s\u00e9g<\/li>\n<li data-start=\"917\" data-end=\"945\">Hossz\u00fa \u00e9lettartam<\/li>\n<li data-start=\"917\" data-end=\"945\">Alacsony s\u00farl\u00f3d\u00e1s\u00fa m\u0171k\u00f6d\u00e9s<\/li>\n<li data-start=\"917\" data-end=\"945\">Alacsony karbantart\u00e1si ig\u00e9ny<\/li>\n<li data-start=\"917\" data-end=\"945\">Ide\u00e1lis csere vagy szervizel\u00e9s eset\u00e9n<\/li>\n<\/ul>\n<p>K\u00e9rj\u00fck, tekintse meg a Let\u00f6lt\u00e9sek men\u00fcpont alatt tal\u00e1lhat\u00f3 \u00e1ttekint\u00e9st, hogy megtal\u00e1lja az \u00d6n modellj\u00e9hez megfelel\u0151 k\u00e9szletet.<\/p>","protected":false},"excerpt":{"rendered":"<p>Pontos, kis s\u00farl\u00f3d\u00e1s\u00fa fut\u00e1s \u00e9s maxim\u00e1lis \u00e9lettartam folyamatos ipari haszn\u00e1latban - ide\u00e1lis kiv\u00e1l\u00f3 min\u0151s\u00e9g\u0171 p\u00f3talkatr\u00e9sz a megb\u00edzhat\u00f3 teljes\u00edtm\u00e9nyhez.<\/p>","protected":false},"featured_media":15534,"comment_status":"closed","ping_status":"closed","template":"","meta":{"_acf_changed":false},"product_brand":[],"product_cat":[2745],"product_tag":[2775,2776,2767,2768,2769,2770,2771,2772,2773,2774],"class_list":{"0":"post-13393","1":"product","2":"type-product","3":"status-publish","4":"has-post-thumbnail","6":"product_cat-ersatzteile","7":"product_tag-ersatzteil-ptm-antrieb","8":"product_tag-rillenkugellager-druckluftantrieb","9":"product_tag-kugellager-ptm","10":"product_tag-ptm-antrieb-ersatzteile","11":"product_tag-kugellager-druckluftmotor","12":"product_tag-industrie-kugellager","13":"product_tag-lager-fuer-druckluftmotor","14":"product_tag-ptm-motorlager","15":"product_tag-kugellager-kaufen","16":"product_tag-praezisionslager-ptm","17":"product_shipping_class-karton-paketversand","19":"first","20":"instock","21":"taxable","22":"shipping-taxable","23":"purchasable","24":"product-type-variable"},"bundled_by":[],"bundle_stock_status":"instock","bundle_stock_quantity":null,"bundle_virtual":false,"bundle_layout":"","bundle_add_to_cart_form_location":"","bundle_editable_in_cart":false,"bundle_sold_individually_context":"","bundle_item_grouping":"","bundle_min_size":"","bundle_max_size":"","bundle_price":[],"bundled_items":[],"bundle_sell_ids":[],"exclude_global_add_ons":[],"addons":[],"acf":[],"_links":{"self":[{"href":"https:\/\/ptm-mechatronics.com\/hu\/wp-json\/wp\/v2\/product\/13393","targetHints":{"allow":["GET"]}}],"collection":[{"href":"https:\/\/ptm-mechatronics.com\/hu\/wp-json\/wp\/v2\/product"}],"about":[{"href":"https:\/\/ptm-mechatronics.com\/hu\/wp-json\/wp\/v2\/types\/product"}],"replies":[{"embeddable":true,"href":"https:\/\/ptm-mechatronics.com\/hu\/wp-json\/wp\/v2\/comments?post=13393"}],"wp:featuredmedia":[{"embeddable":true,"href":"https:\/\/ptm-mechatronics.com\/hu\/wp-json\/wp\/v2\/media\/15534"}],"wp:attachment":[{"href":"https:\/\/ptm-mechatronics.com\/hu\/wp-json\/wp\/v2\/media?parent=13393"}],"wp:term":[{"taxonomy":"product_brand","embeddable":true,"href":"https:\/\/ptm-mechatronics.com\/hu\/wp-json\/wp\/v2\/product_brand?post=13393"},{"taxonomy":"product_cat","embeddable":true,"href":"https:\/\/ptm-mechatronics.com\/hu\/wp-json\/wp\/v2\/product_cat?post=13393"},{"taxonomy":"product_tag","embeddable":true,"href":"https:\/\/ptm-mechatronics.com\/hu\/wp-json\/wp\/v2\/product_tag?post=13393"}],"curies":[{"name":"wp","href":"https:\/\/api.w.org\/{rel}","templated":true}]}}