{"id":13335,"date":"2025-03-31T11:08:31","date_gmt":"2025-03-31T09:08:31","guid":{"rendered":"https:\/\/ptm-mechatronics.com\/?post_type=product&#038;p=13335"},"modified":"2026-02-23T13:00:12","modified_gmt":"2026-02-23T12:00:12","slug":"schraegblattmischer-klappbar","status":"publish","type":"product","link":"https:\/\/ptm-mechatronics.com\/hu\/product\/schraegblattmischer-klappbar\/","title":{"rendered":"Ferde lap\u00e1tos kever\u0151, csukl\u00f3s"},"content":{"rendered":"<p class=\"\" data-start=\"136\" data-end=\"226\">Ferde lap\u00e1tos kever\u0151 - er\u0151teljes kever\u00e9s viszk\u00f3zus k\u00f6zegekhez \u00e9s ig\u00e9nyes folyamatokhoz<\/p>\n<p class=\"\" data-start=\"228\" data-end=\"580\">A ferde lap\u00e1tos kever\u0151 leny\u0171g\u00f6z\u0151 axi\u00e1lis sz\u00e1ll\u00edt\u00e1si tulajdons\u00e1gokkal rendelkezik, enyh\u00e9n radi\u00e1lis komponenssel, \u00e9s turbulens \u00e1raml\u00e1st hoz l\u00e9tre, amely k\u00fcl\u00f6n\u00f6sen hat\u00e9kony kever\u00e9st tesz lehet\u0151v\u00e9. Robusztus kialak\u00edt\u00e1s\u00e1nak k\u00f6sz\u00f6nhet\u0151en ide\u00e1lis a nagy viszkozit\u00e1s\u00fa anyagok \u00e9s az ipari alkalmaz\u00e1sok sz\u00e9les sk\u00e1l\u00e1j\u00e1hoz.<\/p>\n<p class=\"\" data-start=\"582\" data-end=\"773\">A tipikus alkalmaz\u00e1sok k\u00f6z\u00e9 tartozik a homogeniz\u00e1l\u00e1s, diszperg\u00e1l\u00e1s \u00e9s szuszpend\u00e1l\u00e1s a k\u00f6zegek sz\u00e9les sk\u00e1l\u00e1j\u00e1n - a k\u00e9miai folyamatokt\u00f3l az \u00e9lelmiszer- \u00e9s kozmetikai term\u00e9kek el\u0151\u00e1ll\u00edt\u00e1s\u00e1ig.<\/p>\n<p data-start=\"582\" data-end=\"773\">Forgat\u00e1s k\u00f6zben a hajtogat\u00f3 kever\u0151 a centrifug\u00e1lis er\u0151 hat\u00e1s\u00e1ra automatikusan kibontakozik \u00d850 mm-r\u0151l \u00d8150 vagy 200 mm-re behajtva, \u00edgy sz\u0171k tart\u00e1lyny\u00edl\u00e1sok eset\u00e9n is er\u0151teljes kever\u00e9st tesz lehet\u0151v\u00e9.<\/p>\n<p class=\"\" data-start=\"775\" data-end=\"806\">El\u0151ny\u00f6k egy pillant\u00e1sra:<\/p>\n<ul>\n<li data-start=\"809\" data-end=\"846\">Axi\u00e1lis vagy enyh\u00e9n radi\u00e1lis sz\u00e1ll\u00edt\u00e1s<\/li>\n<li data-start=\"809\" data-end=\"846\">Turbulens \u00e1raml\u00e1s az intenz\u00edv kever\u00e9shez<\/li>\n<li data-start=\"809\" data-end=\"846\">Alkalmas viszk\u00f3zus k\u00f6zegekhez<\/li>\n<li data-start=\"809\" data-end=\"846\">Ide\u00e1lis homogeniz\u00e1l\u00e1shoz, diszperg\u00e1l\u00e1shoz \u00e9s szuszpend\u00e1l\u00e1shoz.<\/li>\n<li data-start=\"809\" data-end=\"846\">Sokoldal\u00fa haszn\u00e1lat<\/li>\n<li data-start=\"809\" data-end=\"846\">Nagyfok\u00fa folyamatbiztons\u00e1g<\/li>\n<\/ul>","protected":false},"excerpt":{"rendered":"<p>Axi\u00e1lis (enyh\u00e9n radi\u00e1lis) kever\u0151 turbulens \u00e1raml\u00e1ssal, ide\u00e1lis homogeniz\u00e1l\u00e1shoz, diszperg\u00e1l\u00e1shoz \u00e9s szuszpend\u00e1l\u00e1shoz, m\u00e9g a nagy viszkozit\u00e1s\u00fa anyagok eset\u00e9ben is.<\/p>","protected":false},"featured_media":15348,"comment_status":"closed","ping_status":"closed","template":"","meta":{"_acf_changed":false},"product_brand":[],"product_cat":[595,631],"product_tag":[2733,2706,2715,2735,2726,2727,2728,2729,2730,2731,2732],"class_list":{"0":"post-13335","1":"product","2":"type-product","3":"status-publish","4":"has-post-thumbnail","6":"product_cat-ruehrwerkstechnik","7":"product_cat-ruehrorgane","8":"product_tag-mischtechnik-industrie","9":"product_tag-ruehrorgan-kaufen","10":"product_tag-ruehrorgan-axial","11":"product_tag-schragblattmischer","12":"product_tag-schraegblattruehrer","13":"product_tag-ruehrwerk-viskose-medien","14":"product_tag-ruehrtechnik-homogenisieren","15":"product_tag-dispergieren-ruehrwerk","16":"product_tag-suspendieren-mischtechnik","17":"product_tag-industrielles-ruehrwerkzeug","18":"product_tag-turbulente-stroemung","19":"product_shipping_class-karton-paketversand","20":"pa_blatt-4-blaettrig-28x2","21":"pa_blattanstellung-1060","22":"pa_gewicht-03kg","23":"pa_material-v4a-edelstahl-1-4571","24":"pa_oberflaeche-glasperlengestrahlt","25":"pa_schiebenabe-20mm","27":"first","28":"instock","29":"taxable","30":"shipping-taxable","31":"purchasable","32":"product-type-variable"},"bundled_by":[],"bundle_stock_status":"instock","bundle_stock_quantity":null,"bundle_virtual":false,"bundle_layout":"","bundle_add_to_cart_form_location":"","bundle_editable_in_cart":false,"bundle_sold_individually_context":"","bundle_item_grouping":"","bundle_min_size":"","bundle_max_size":"","bundle_price":[],"bundled_items":[],"bundle_sell_ids":[],"exclude_global_add_ons":[],"addons":[],"acf":[],"_links":{"self":[{"href":"https:\/\/ptm-mechatronics.com\/hu\/wp-json\/wp\/v2\/product\/13335","targetHints":{"allow":["GET"]}}],"collection":[{"href":"https:\/\/ptm-mechatronics.com\/hu\/wp-json\/wp\/v2\/product"}],"about":[{"href":"https:\/\/ptm-mechatronics.com\/hu\/wp-json\/wp\/v2\/types\/product"}],"replies":[{"embeddable":true,"href":"https:\/\/ptm-mechatronics.com\/hu\/wp-json\/wp\/v2\/comments?post=13335"}],"wp:featuredmedia":[{"embeddable":true,"href":"https:\/\/ptm-mechatronics.com\/hu\/wp-json\/wp\/v2\/media\/15348"}],"wp:attachment":[{"href":"https:\/\/ptm-mechatronics.com\/hu\/wp-json\/wp\/v2\/media?parent=13335"}],"wp:term":[{"taxonomy":"product_brand","embeddable":true,"href":"https:\/\/ptm-mechatronics.com\/hu\/wp-json\/wp\/v2\/product_brand?post=13335"},{"taxonomy":"product_cat","embeddable":true,"href":"https:\/\/ptm-mechatronics.com\/hu\/wp-json\/wp\/v2\/product_cat?post=13335"},{"taxonomy":"product_tag","embeddable":true,"href":"https:\/\/ptm-mechatronics.com\/hu\/wp-json\/wp\/v2\/product_tag?post=13335"}],"curies":[{"name":"wp","href":"https:\/\/api.w.org\/{rel}","templated":true}]}}